{"id":32370,"date":"2024-11-15T10:39:18","date_gmt":"2024-11-15T09:39:18","guid":{"rendered":"https:\/\/semmelweis.hu\/aok\/?page_id=32370"},"modified":"2024-11-15T13:30:33","modified_gmt":"2024-11-15T12:30:33","slug":"2024-november-11-i-hatarozat","status":"publish","type":"page","link":"https:\/\/semmelweis.hu\/aok\/a-karrol\/kari-tanacs\/a-kari-tanacs-hatarozatai\/2024-november-11-i-hatarozat\/","title":{"rendered":"2024. november 11-i hat\u00e1rozat"},"content":{"rendered":"<p style=\"text-align: justify\"><a href=\"https:\/\/semmelweis.hu\/aok\/files\/2024\/11\/8_hatarozat_igazgatoi_tanszekvezetoi.pdf\" target=\"_blank\" rel=\"noopener\">8\/2024 (2024. november 11-i) sz\u00e1m\u00fa hat\u00e1rozat<\/a> az \u00c1ltal\u00e1nos Orvostudom\u00e1nyi Karon meghirdetett igazgat\u00f3i \u00e9s tansz\u00e9kvezet\u0151i \u00e1ll\u00e1sokra p\u00e1ly\u00e1z\u00f3kr\u00f3l<\/p>\n<p style=\"text-align: justify\"><a href=\"https:\/\/semmelweis.hu\/aok\/files\/2024\/11\/Decision_no_8_director_and_head_of_department.pdf\" target=\"_blank\" rel=\"noopener\">Decision No 8\/2024 (11 November 2024)<\/a> on the candidates for the position of director and head of department\u00a0announced by the Faculty<\/p>\n","protected":false},"excerpt":{"rendered":"<p><a href=\"https:\/\/semmelweis.hu\/aok\/files\/2024\/11\/8_hatarozat_igazgatoi_tanszekvezetoi.pdf\" target=\"_blank\" rel=\"noopener\">8\/2024 (2024. november 11-i) sz\u00e1m\u00fa hat\u00e1rozat<\/a> az \u00c1ltal\u00e1nos Orvostudom\u00e1nyi Karon meghirdetett igazgat\u00f3i \u00e9s tansz\u00e9kvezet\u0151i \u00e1ll\u00e1sokra p\u00e1ly\u00e1z\u00f3kr\u00f3l<br \/>\n<a href=\"https:\/\/semmelweis.hu\/aok\/files\/2024\/11\/Decision_no_8_director_and_head_of_department.pdf\" target=\"_blank\" rel=\"noopener\">Decision No 8\/2024 (11 November 2024)<\/a> on the candidates for the position of director and head of department\u00a0announced by the Faculty<\/p>\n","protected":false},"author":102032,"featured_media":0,"parent":1141,"menu_order":0,"comment_status":"closed","ping_status":"closed","template":"","meta":{"_acf_changed":false,"footnotes":""},"categories":[],"tags":[],"class_list":["post-32370","page","type-page","status-publish","hentry"],"acf":[],"publishpress_future_action":{"enabled":false,"date":"1970-01-01 01:00:00","action":"","terms":[],"taxonomy":"","browser_timezone_offset":0},"_links":{"self":[{"href":"https:\/\/semmelweis.hu\/aok\/wp-json\/wp\/v2\/pages\/32370","targetHints":{"allow":["GET"]}}],"collection":[{"href":"https:\/\/semmelweis.hu\/aok\/wp-json\/wp\/v2\/pages"}],"about":[{"href":"https:\/\/semmelweis.hu\/aok\/wp-json\/wp\/v2\/types\/page"}],"author":[{"embeddable":true,"href":"https:\/\/semmelweis.hu\/aok\/wp-json\/wp\/v2\/users\/102032"}],"replies":[{"embeddable":true,"href":"https:\/\/semmelweis.hu\/aok\/wp-json\/wp\/v2\/comments?post=32370"}],"version-history":[{"count":5,"href":"https:\/\/semmelweis.hu\/aok\/wp-json\/wp\/v2\/pages\/32370\/revisions"}],"predecessor-version":[{"id":32446,"href":"https:\/\/semmelweis.hu\/aok\/wp-json\/wp\/v2\/pages\/32370\/revisions\/32446"}],"up":[{"embeddable":true,"href":"https:\/\/semmelweis.hu\/aok\/wp-json\/wp\/v2\/pages\/1141"}],"wp:attachment":[{"href":"https:\/\/semmelweis.hu\/aok\/wp-json\/wp\/v2\/media?parent=32370"}],"wp:term":[{"taxonomy":"category","embeddable":true,"href":"https:\/\/semmelweis.hu\/aok\/wp-json\/wp\/v2\/categories?post=32370"},{"taxonomy":"post_tag","embeddable":true,"href":"https:\/\/semmelweis.hu\/aok\/wp-json\/wp\/v2\/tags?post=32370"}],"curies":[{"name":"wp","href":"https:\/\/api.w.org\/{rel}","templated":true}]}}