{"id":31899,"date":"2024-10-17T12:17:22","date_gmt":"2024-10-17T10:17:22","guid":{"rendered":"https:\/\/semmelweis.hu\/aok\/?page_id=31899"},"modified":"2026-04-09T11:00:21","modified_gmt":"2026-04-09T09:00:21","slug":"2026-2027-evi-budapest-osztondijprogram","status":"publish","type":"page","link":"https:\/\/semmelweis.hu\/aok\/osztondij-palyazat\/2026-2027-evi-budapest-osztondijprogram\/","title":{"rendered":"2026\/2027. \u00e9vi Budapest \u00d6szt\u00f6nd\u00edjprogram"},"content":{"rendered":"<p>Budapest F\u0151v\u00e1ros \u00d6nkorm\u00e1nyzata id\u00e9n is meghirdeti a <strong>Budapest \u00d6szt\u00f6nd\u00edjprogramot <\/strong>(a tov\u00e1bbiakban: Program), melynek c\u00e9lja, hogy<\/p>\n<ul>\n<li>a p\u00e1ly\u00e1zatot elnyer\u0151, fels\u0151oktat\u00e1si k\u00e9pz\u00e9sben r\u00e9szt vev\u0151 \u00f6szt\u00f6nd\u00edjas betekint\u00e9st nyerjen a F\u0151v\u00e1rosi \u00d6nkorm\u00e1nyzat, az annak ir\u00e1ny\u00edt\u00e1sa al\u00e1 tartoz\u00f3 k\u00f6lts\u00e9gvet\u00e9si szervek, illetve a F\u0151v\u00e1rosi \u00d6nkorm\u00e1nyzat k\u00f6zfeladatot ell\u00e1t\u00f3, k\u00f6zszolg\u00e1ltat\u00e1st v\u00e9gz\u0151 gazdas\u00e1gi t\u00e1rsas\u00e1gai (a tov\u00e1bbiakban: fogad\u00f3 szervezetek) tev\u00e9kenys\u00e9g\u00e9be, megismerhesse a helyi k\u00f6zigazgat\u00e1s \u00e9s a k\u00f6zszolg\u00e1ltat\u00e1sok rendszer\u00e9t;<\/li>\n<li>hozz\u00e1j\u00e1ruljon a fels\u0151oktat\u00e1sban megszerzett elm\u00e9leti tud\u00e1s gyakorlatban t\u00f6rt\u00e9n\u0151 alkalmaz\u00e1s\u00e1hoz \u00e9s<\/li>\n<li>hozz\u00e1j\u00e1ruljon a fogad\u00f3 szervezetek szakember-ut\u00e1np\u00f3tl\u00e1s\u00e1nak biztos\u00edt\u00e1s\u00e1hoz.<\/li>\n<\/ul>\n<p><strong>A Program id\u0151tartama: <\/strong>v\u00e1rhat\u00f3an 2026. szeptember 1. \u00e9s 2027. m\u00e1rcius 31. k\u00f6zt \u00f6sszesen 5 h\u00f3nap.<\/p>\n<p>A Program sor\u00e1n az \u00f6szt\u00f6nd\u00edjasokat mentorok seg\u00edtik.<\/p>\n<p>A Budapest \u00d6szt\u00f6nd\u00edjprogram keret\u00e9ben <strong>p\u00e1ly\u00e1zat beny\u00fajt\u00e1s\u00e1ra <\/strong>az a nappali tagozatos, alap-, mester- vagy osztatlan k\u00e9pz\u00e9sben r\u00e9szt vev\u0151 hallgat\u00f3 <strong>jogosult<\/strong>, aki megfelel az al\u00e1bbi felt\u00e9teleknek:<\/p>\n<ul>\n<li>valamely f\u0151v\u00e1rosi sz\u00e9khelyen vagy telephelyen m\u0171k\u00f6d\u0151 fels\u0151oktat\u00e1si int\u00e9zm\u00e9nnyel az \u00f6szt\u00f6nd\u00edjas id\u0151szak alatt akt\u00edv hallgat\u00f3i jogviszonyban \u00e1ll, \u00e9s tanulm\u00e1nyait a fels\u0151oktat\u00e1si int\u00e9zm\u00e9ny f\u0151v\u00e1rosi sz\u00e9khely\u00e9n vagy f\u0151v\u00e1rosi telephely\u00e9n folytatja,<\/li>\n<li>b\u00fcntetlen el\u0151\u00e9let\u0171, cselekv\u0151k\u00e9pes szem\u00e9ly,<\/li>\n<li>a jelentkez\u00e9s\u00e9t megel\u0151z\u0151 k\u00e9t lez\u00e1rt, ennek hi\u00e1ny\u00e1ban egy lez\u00e1rt tanulm\u00e1nyi f\u00e9l\u00e9vben tanulm\u00e1nyi eredm\u00e9ny\u00e9nek \u00e1tlaga f\u00e9l\u00e9venk\u00e9nt el\u00e9ri vagy meghaladja a 4,00 s\u00falyozott tanulm\u00e1nyi \u00e1tlagot,<\/li>\n<li>angol, n\u00e9met vagy francia nyelvb\u0151l legal\u00e1bb k\u00f6z\u00e9pfok\u00fa, sz\u00f3beli \u00e9s \u00edr\u00e1sbeli t\u00edpus\u00fa vagy komplex nyelvtud\u00e1st igazol\u00f3, \u00e1llamilag elismert nyelvvizsg\u00e1val rendelkezik,<\/li>\n<li>v\u00e1llalja, hogy a fogad\u00f3 szervezetek valamelyik\u00e9n\u00e9l az \u00f6szt\u00f6nd\u00edjas id\u0151szak alatt a mentorral egyeztetett \u00fctemterv alapj\u00e1n a kutat\u00e1si feladatait havonta legal\u00e1bb 80 \u00f3r\u00e1ban, ebb\u0151l havonta legal\u00e1bb 40 \u00f3r\u00e1t a fogad\u00f3 szervezetn\u00e9l elt\u00f6ltve, ell\u00e1tja;<\/li>\n<li>v\u00e1llalja, hogy az \u00f6szt\u00f6nd\u00edjas id\u0151szak alatt legal\u00e1bb egy \u00e9s legfeljebb n\u00e9gy, \u00f6sszesen legal\u00e1bb 60 000 karakter (m\u00e1sf\u00e9l szerz\u0151i \u00edv l\u00e1bjegyzetek n\u00e9lk\u00fcl) terjedelm\u0171 tanulm\u00e1nyt k\u00e9sz\u00edt a fogad\u00f3 szervezet \u00e1ltal el\u0151re megadott, az \u00f6szt\u00f6nd\u00edjas tev\u00e9kenys\u00e9g\u00e9hez kapcsol\u00f3d\u00f3 t\u00e9m\u00e1ban, melyet a mentor \u00edr\u00e1sbeli indokl\u00e1ssal \u00e9rt\u00e9kel;<\/li>\n<li>v\u00e1llalja, hogy az el\u0151\u00edrt k\u00f6vetelm\u00e9nyek nem teljes\u00edt\u00e9se eset\u00e9n a Rendeletnek megfelel\u0151en, a let\u00f6lt\u00f6tt \u00f6szt\u00f6nd\u00edjas id\u0151szakra vonatkoz\u00f3, kiutalt \u00f6szt\u00f6nd\u00edjat r\u00e9szben vagy eg\u00e9szben, az elsz\u00e1mol\u00e1s f\u00fcggv\u00e9ny\u00e9ben visszafizeti.<\/li>\n<\/ul>\n<p>A Programban r\u00e9szt vev\u0151 hallgat\u00f3k r\u00e9sz\u00e9re nett\u00f3 <strong>havi 100.000,-Ft\/f\u0151 \u00f6szt\u00f6nd\u00edj <\/strong>ker\u00fcl kifizet\u00e9sre.<\/p>\n<p>Az \u00f6szt\u00f6nd\u00edjak nyilv\u00e1nos p\u00e1ly\u00e1zat \u00fatj\u00e1n nyerhet\u0151k el. A Program p\u00e1ly\u00e1zata <strong>2026. m\u00e1jus 15-i jelentkez\u00e9si hat\u00e1rid\u0151vel <\/strong>ker\u00fclt meghirdet\u00e9sre a budapest.hu oldalon.<\/p>\n<p>A p\u00e1ly\u00e1zati felh\u00edv\u00e1s az al\u00e1bbi linken \u00e9rhet\u0151 el: <a href=\"https:\/\/einfoszab.budapest.hu\/ApplicationForm\/HistoryDetails\/18524?key=palyazat-osztondij-view&amp;type=3\">https:\/\/einfoszab.budapest.hu\/ApplicationForm\/HistoryDetails\/18524?key=palyazat-osztondij-view&amp;type=3<\/a>.<\/p>\n","protected":false},"excerpt":{"rendered":"<p>Budapest F\u0151v\u00e1ros \u00d6nkorm\u00e1nyzata id\u00e9n is meghirdeti a Budapest \u00d6szt\u00f6nd\u00edjprogramot (a tov\u00e1bbiakban: Program), melynek c\u00e9lja, hogy a p\u00e1ly\u00e1zatot elnyer\u0151, fels\u0151oktat\u00e1si k\u00e9pz\u00e9sben r\u00e9szt vev\u0151 \u00f6szt\u00f6nd\u00edjas betekint\u00e9st nyerjen a F\u0151v\u00e1rosi \u00d6nkorm\u00e1nyzat, az annak ir\u00e1ny\u00edt\u00e1sa al\u00e1 tartoz\u00f3 k\u00f6lts\u00e9gvet\u00e9si szervek, illetve a F\u0151v\u00e1rosi \u00d6nkorm\u00e1nyzat k\u00f6zfeladatot ell\u00e1t\u00f3, k\u00f6zszolg\u00e1ltat\u00e1st v\u00e9gz\u0151 gazdas\u00e1gi t\u00e1rsas\u00e1gai (a tov\u00e1bbiakban: fogad\u00f3 szervezetek) tev\u00e9kenys\u00e9g\u00e9be, megismerhesse a helyi k\u00f6zigazgat\u00e1s \u00e9s &hellip;<\/p>\n","protected":false},"author":101542,"featured_media":0,"parent":6018,"menu_order":0,"comment_status":"closed","ping_status":"closed","template":"","meta":{"_acf_changed":false,"footnotes":""},"categories":[],"tags":[],"class_list":["post-31899","page","type-page","status-publish","hentry"],"acf":[],"publishpress_future_action":{"enabled":false,"date":"1970-01-01 01:00:00","action":"","terms":[],"taxonomy":"","browser_timezone_offset":0},"_links":{"self":[{"href":"https:\/\/semmelweis.hu\/aok\/wp-json\/wp\/v2\/pages\/31899","targetHints":{"allow":["GET"]}}],"collection":[{"href":"https:\/\/semmelweis.hu\/aok\/wp-json\/wp\/v2\/pages"}],"about":[{"href":"https:\/\/semmelweis.hu\/aok\/wp-json\/wp\/v2\/types\/page"}],"author":[{"embeddable":true,"href":"https:\/\/semmelweis.hu\/aok\/wp-json\/wp\/v2\/users\/101542"}],"replies":[{"embeddable":true,"href":"https:\/\/semmelweis.hu\/aok\/wp-json\/wp\/v2\/comments?post=31899"}],"version-history":[{"count":5,"href":"https:\/\/semmelweis.hu\/aok\/wp-json\/wp\/v2\/pages\/31899\/revisions"}],"predecessor-version":[{"id":34339,"href":"https:\/\/semmelweis.hu\/aok\/wp-json\/wp\/v2\/pages\/31899\/revisions\/34339"}],"up":[{"embeddable":true,"href":"https:\/\/semmelweis.hu\/aok\/wp-json\/wp\/v2\/pages\/6018"}],"wp:attachment":[{"href":"https:\/\/semmelweis.hu\/aok\/wp-json\/wp\/v2\/media?parent=31899"}],"wp:term":[{"taxonomy":"category","embeddable":true,"href":"https:\/\/semmelweis.hu\/aok\/wp-json\/wp\/v2\/categories?post=31899"},{"taxonomy":"post_tag","embeddable":true,"href":"https:\/\/semmelweis.hu\/aok\/wp-json\/wp\/v2\/tags?post=31899"}],"curies":[{"name":"wp","href":"https:\/\/api.w.org\/{rel}","templated":true}]}}