{"id":31570,"date":"2024-09-27T10:04:01","date_gmt":"2024-09-27T08:04:01","guid":{"rendered":"https:\/\/semmelweis.hu\/aok\/?page_id=31570"},"modified":"2024-09-27T10:04:01","modified_gmt":"2024-09-27T08:04:01","slug":"2024-szeptember-23-i-hatarozatok","status":"publish","type":"page","link":"https:\/\/semmelweis.hu\/aok\/a-karrol\/kari-tanacs\/a-kari-tanacs-hatarozatai\/2024-szeptember-23-i-hatarozatok\/","title":{"rendered":"2024. szeptember 23-i hat\u00e1rozatok"},"content":{"rendered":"<p style=\"text-align: justify\"><a href=\"https:\/\/semmelweis.hu\/aok\/files\/2024\/09\/3_hatarozat_FOK_kurrikulum_MELLEKLETTEL.pdf\" target=\"_blank\" rel=\"noopener\">3\/2024 (2024. szeptember 23-i) sz\u00e1m\u00fa hat\u00e1rozat<\/a> a Fogorvostudom\u00e1nyi Karon v\u00e9gzett, az \u00c1ltal\u00e1nos Orvostudom\u00e1nyi Kar \u00e1ltal\u00e1nos orvos szak\u00e1ra felvett hallgat\u00f3k k\u00e9pz\u00e9s\u00e9re vonatkoz\u00f3, 2023\/2024-es tan\u00e9vt\u0151l bevezetett kurrikulum m\u00f3dos\u00edt\u00e1s\u00e1ra vonatkoz\u00f3 javaslatt\u00e9telr\u0151l<\/p>\n<p style=\"text-align: justify\"><a href=\"https:\/\/semmelweis.hu\/aok\/files\/2024\/09\/4_hatarozat_ACH_tantargyfelelos.pdf\" target=\"_blank\" rel=\"noopener\">4\/2024 (2024. szeptember 23-i) sz\u00e1m\u00fa hat\u00e1rozat<\/a> az Asklepios Campus Hamburgon meghirdetett tant\u00e1rgyfelel\u0151si p\u00e1ly\u00e1zatr\u00f3l<\/p>\n<p style=\"text-align: justify\"><a href=\"https:\/\/semmelweis.hu\/aok\/files\/2024\/09\/5_hatarozat_TVB_oktato_tag_megvalasztasa.pdf\" target=\"_blank\" rel=\"noopener\">5\/2024 (2024. szeptember 23-i) sz\u00e1m\u00fa hat\u00e1rozat<\/a> a Szen\u00e1tus \u00e1ltal l\u00e9trehozott Karon m\u0171k\u00f6d\u0151 Tanulm\u00e1nyi \u00e9s Vizsgabizotts\u00e1g \u00faj oktat\u00f3 tagj\u00e1nak megv\u00e1laszt\u00e1s\u00e1r\u00f3l sz\u00f3l\u00f3 javaslatr\u00f3l<\/p>\n<p style=\"text-align: justify\"><a href=\"https:\/\/semmelweis.hu\/aok\/files\/2024\/09\/6_hatarozat_Haynal_Beznak_emlekerem-es-jutalomdij_adomanyozasa.pdf\" target=\"_blank\" rel=\"noopener\">6\/2024 (2024. szeptember 23-i) sz\u00e1m\u00fa hat\u00e1rozat<\/a> a 2023\/2024. tan\u00e9vben meghirdetett Dr. Haynal Imre \u00e9s Dr. Bezn\u00e1k Alad\u00e1r Eml\u00e9k\u00e9rem \u00e9s Jutalomd\u00edjra be\u00e9rkezett p\u00e1lyamunk\u00e1k b\u00edr\u00e1lat\u00e1nak elfogad\u00e1s\u00e1r\u00f3l<\/p>\n<p style=\"text-align: justify\"><a href=\"https:\/\/semmelweis.hu\/aok\/files\/2024\/09\/7_hatarozat_KT_hatarozat_hatalyon_kivul_helyezese.pdf\" target=\"_blank\" rel=\"noopener\">7\/2024 (2024. szeptember 23-i) sz\u00e1m\u00fa hat\u00e1rozat<\/a> az \u00c1ltal\u00e1nos Orvostudom\u00e1nyi Kar Kari Tan\u00e1cs\u00e1nak a Semmelweis Egyetem Kiv\u00e1l\u00f3 Oktat\u00f3ja kit\u00fcntet\u00e9s elb\u00edr\u00e1l\u00e1s\u00e1ra vonatkoz\u00f3 kari szempontrendszerre vonatkoz\u00f3 javaslatr\u00f3l sz\u00f3l\u00f3 26\/2018. (2018. febru\u00e1r 13-i) hat\u00e1rozat\u00e1nak hat\u00e1lyon k\u00edv\u00fcl helyez\u00e9s\u00e9r\u0151l<\/p>\n<p><strong>English version:<\/strong><\/p>\n<p style=\"text-align: justify\"><a href=\"https:\/\/semmelweis.hu\/aok\/files\/2024\/09\/Decision_no_3_curriculum_Dentistry_Med.pdf\" target=\"_blank\" rel=\"noopener\">Decision No 3\/2024 (23 September 2024)<\/a> on the modification of the curriculum of the medical education introduced from the academic year of 2023\/2024 for students graduating from the Faculty of Dentistry and admitted to the Faculty of Medicine<\/p>\n<p style=\"text-align: justify\"><a href=\"https:\/\/semmelweis.hu\/aok\/files\/2024\/09\/Decision_no_4_ACH.pdf\" target=\"_blank\" rel=\"noopener\">Decision No 4\/2024 (23 September 2024)<\/a> on the application for the lecturer position at the Asklepios Campus Hamburg<\/p>\n<p style=\"text-align: justify\"><a href=\"https:\/\/semmelweis.hu\/aok\/files\/2024\/09\/Decision_no_5_member_Study_and_-Examination_Committee.pdf\" target=\"_blank\" rel=\"noopener\">Decision No 5\/2024 (23 September 2024)<\/a> on the proposal for the election of the new member of the Study and Examination Committee established by the Senate<\/p>\n<p style=\"text-align: justify\"><a href=\"https:\/\/semmelweis.hu\/aok\/files\/2024\/09\/Decision_no_6_Haynal_Beznak.pdf\" target=\"_blank\" rel=\"noopener\">Decision No 6\/2024 (23 September 2024)<\/a> on bestowing the Dr. Haynal Imre and Dr. Bezn\u00e1k Alad\u00e1r Memorial Medal and Award<\/p>\n<p style=\"text-align: justify\"><a href=\"https:\/\/semmelweis.hu\/aok\/files\/2024\/09\/Decision_no_7_repeal_of_faculty_criteria_system.pdf\" target=\"_blank\" rel=\"noopener\">Decision No 7\/2024 (23 September 2024)<\/a> on the repeal of the faculty criteria system for the evaluation of the Outstanding Teacher of Semmelweis University adopted by the Faculty Council of the Faculty of Medicine by Resolution 26\/2018 (13 February 2018)<\/p>\n","protected":false},"excerpt":{"rendered":"<p><a href=\"https:\/\/semmelweis.hu\/aok\/files\/2024\/09\/3_hatarozat_FOK_kurrikulum_MELLEKLETTEL.pdf\" target=\"_blank\" rel=\"noopener\">3\/2024 (2024. szeptember 23-i) sz\u00e1m\u00fa hat\u00e1rozat<\/a> a Fogorvostudom\u00e1nyi Karon v\u00e9gzett, az \u00c1ltal\u00e1nos Orvostudom\u00e1nyi Kar \u00e1ltal\u00e1nos orvos szak\u00e1ra felvett hallgat\u00f3k k\u00e9pz\u00e9s\u00e9re vonatkoz\u00f3, 2023\/2024-es tan\u00e9vt\u0151l bevezetett kurrikulum m\u00f3dos\u00edt\u00e1s\u00e1ra vonatkoz\u00f3 javaslatt\u00e9telr\u0151l <a href=\"https:\/\/semmelweis.hu\/aok\/files\/2024\/09\/4_hatarozat_ACH_tantargyfelelos.pdf\" target=\"_blank\" rel=\"noopener\">4\/2024 (2024. szeptember 23-i) sz\u00e1m\u00fa hat\u00e1rozat<\/a> az Asklepios Campus Hamburgon meghirdetett tant\u00e1rgyfelel\u0151si p\u00e1ly\u00e1zatr\u00f3l <a href=\"https:\/\/semmelweis.hu\/aok\/files\/2024\/09\/5_hatarozat_TVB_oktato_tag_megvalasztasa.pdf\" target=\"_blank\" rel=\"noopener\">5\/2024 (2024. szeptember 23-i) sz\u00e1m\u00fa hat\u00e1rozat<\/a> a Szen\u00e1tus \u00e1ltal l\u00e9trehozott Karon m\u0171k\u00f6d\u0151 Tanulm\u00e1nyi \u00e9s Vizsgabizotts\u00e1g \u00faj oktat\u00f3 tagj\u00e1nak megv\u00e1laszt\u00e1s\u00e1r\u00f3l sz\u00f3l\u00f3 javaslatr\u00f3l <a href=\"https:\/\/semmelweis.hu\/aok\/files\/2024\/09\/6_hatarozat_Haynal_Beznak_emlekerem-es-jutalomdij_adomanyozasa.pdf\" target=\"_blank\" rel=\"noopener\">6\/2024 (2024. szeptember 23-i) sz\u00e1m\u00fa hat\u00e1rozat<\/a> a 2023\/2024. tan\u00e9vben meghirdetett Dr. Haynal Imre \u00e9s Dr. Bezn\u00e1k Alad\u00e1r &hellip;<\/p>\n","protected":false},"author":102032,"featured_media":0,"parent":1141,"menu_order":0,"comment_status":"closed","ping_status":"closed","template":"","meta":{"_acf_changed":false,"footnotes":""},"categories":[],"tags":[],"class_list":["post-31570","page","type-page","status-publish","hentry"],"acf":[],"publishpress_future_action":{"enabled":false,"date":"1970-01-01 01:00:00","action":"","terms":[],"taxonomy":"","browser_timezone_offset":0},"_links":{"self":[{"href":"https:\/\/semmelweis.hu\/aok\/wp-json\/wp\/v2\/pages\/31570","targetHints":{"allow":["GET"]}}],"collection":[{"href":"https:\/\/semmelweis.hu\/aok\/wp-json\/wp\/v2\/pages"}],"about":[{"href":"https:\/\/semmelweis.hu\/aok\/wp-json\/wp\/v2\/types\/page"}],"author":[{"embeddable":true,"href":"https:\/\/semmelweis.hu\/aok\/wp-json\/wp\/v2\/users\/102032"}],"replies":[{"embeddable":true,"href":"https:\/\/semmelweis.hu\/aok\/wp-json\/wp\/v2\/comments?post=31570"}],"version-history":[{"count":9,"href":"https:\/\/semmelweis.hu\/aok\/wp-json\/wp\/v2\/pages\/31570\/revisions"}],"predecessor-version":[{"id":31602,"href":"https:\/\/semmelweis.hu\/aok\/wp-json\/wp\/v2\/pages\/31570\/revisions\/31602"}],"up":[{"embeddable":true,"href":"https:\/\/semmelweis.hu\/aok\/wp-json\/wp\/v2\/pages\/1141"}],"wp:attachment":[{"href":"https:\/\/semmelweis.hu\/aok\/wp-json\/wp\/v2\/media?parent=31570"}],"wp:term":[{"taxonomy":"category","embeddable":true,"href":"https:\/\/semmelweis.hu\/aok\/wp-json\/wp\/v2\/categories?post=31570"},{"taxonomy":"post_tag","embeddable":true,"href":"https:\/\/semmelweis.hu\/aok\/wp-json\/wp\/v2\/tags?post=31570"}],"curies":[{"name":"wp","href":"https:\/\/api.w.org\/{rel}","templated":true}]}}