{"id":31489,"date":"2024-09-05T10:26:11","date_gmt":"2024-09-05T08:26:11","guid":{"rendered":"https:\/\/semmelweis.hu\/aok\/?page_id=31489"},"modified":"2024-09-05T10:26:11","modified_gmt":"2024-09-05T08:26:11","slug":"2024-szeptember-4-i-hatarozatok-elektronikus-szavazas","status":"publish","type":"page","link":"https:\/\/semmelweis.hu\/aok\/a-karrol\/kari-tanacs\/a-kari-tanacs-hatarozatai\/2024-szeptember-4-i-hatarozatok-elektronikus-szavazas\/","title":{"rendered":"2024. szeptember 4-i hat\u00e1rozatok &#8211; elektronikus szavaz\u00e1s"},"content":{"rendered":"<p style=\"text-align: justify\"><a href=\"https:\/\/semmelweis.hu\/aok\/files\/2024\/09\/1_hatarozat_-kovetelmenyrendszer.pdf\" target=\"_blank\" rel=\"noopener\">1\/2024 (2024. szeptember 4-i) sz\u00e1m\u00fa hat\u00e1rozat<\/a> a 2024\/2025-\u00f6s tan\u00e9vben beny\u00fajtott tant\u00e1rgyi k\u00f6vetelm\u00e9nyrendszerekr\u0151l az \u00c1ltal\u00e1nos Orvostudom\u00e1nyi Karon<\/p>\n<p style=\"text-align: justify\"><a href=\"https:\/\/semmelweis.hu\/aok\/files\/2024\/09\/2_hatarozat_curriculum.pdf\" target=\"_blank\" rel=\"noopener\">2\/2024 (2024. szeptember 4-i) sz\u00e1m\u00fa hat\u00e1rozat<\/a> az \u00c1ltal\u00e1nos Orvostudom\u00e1nyi Karon a 2024\/2025-\u00f6s tan\u00e9vben bevezetett orvosk\u00e9pz\u00e9s curriculum\u00e1nak m\u00f3dos\u00edt\u00e1s\u00e1r\u00f3l<\/p>\n<p style=\"text-align: justify\"><strong>English version:<\/strong><\/p>\n<p style=\"text-align: justify\"><a href=\"https:\/\/semmelweis.hu\/aok\/files\/2024\/09\/Decision_no_1_subject_requirements.pdf\" target=\"_blank\" rel=\"noopener\">Decision No 1\/2024 (4 September 2024)<\/a> on the subject requirements for the academic year 2024\/2025 at the Faculty of Medicine<\/p>\n<p style=\"text-align: justify\"><a href=\"https:\/\/semmelweis.hu\/aok\/files\/2024\/09\/Decision_no_2_curriculum.pdf\" target=\"_blank\" rel=\"noopener\">Decision No 2\/2024 (4 September 2024)<\/a> on the modification of the curriculum of the Faculty of Medicine introduced from the academic year 2024\/2025<\/p>\n<p style=\"text-align: justify\">\u00a0<\/p>\n","protected":false},"excerpt":{"rendered":"<p><a href=\"https:\/\/semmelweis.hu\/aok\/files\/2024\/09\/1_hatarozat_-kovetelmenyrendszer.pdf\" target=\"_blank\" rel=\"noopener\">1\/2024 (2024. szeptember 4-i) sz\u00e1m\u00fa hat\u00e1rozat<\/a> a 2024\/2025-\u00f6s tan\u00e9vben beny\u00fajtott tant\u00e1rgyi k\u00f6vetelm\u00e9nyrendszerekr\u0151l az \u00c1ltal\u00e1nos Orvostudom\u00e1nyi Karon <a href=\"https:\/\/semmelweis.hu\/aok\/files\/2024\/09\/2_hatarozat_curriculum.pdf\" target=\"_blank\" rel=\"noopener\">2\/2024 (2024. szeptember 4-i) sz\u00e1m\u00fa hat\u00e1rozat<\/a> az \u00c1ltal\u00e1nos Orvostudom\u00e1nyi Karon a 2024\/2025-\u00f6s tan\u00e9vben bevezetett orvosk\u00e9pz\u00e9s curriculum\u00e1nak m\u00f3dos\u00edt\u00e1s\u00e1r\u00f3l English version: <a href=\"https:\/\/semmelweis.hu\/aok\/files\/2024\/09\/Decision_no_1_subject_requirements.pdf\" target=\"_blank\" rel=\"noopener\">Decision No 1\/2024 (4 September 2024)<\/a> on the subject requirements for the academic year 2024\/2025 at the Faculty of Medicine <a href=\"https:\/\/semmelweis.hu\/aok\/files\/2024\/09\/Decision_no_2_curriculum.pdf\" target=\"_blank\" rel=\"noopener\">Decision No 2\/2024 (4 September 2024)<\/a> on the modification of the curriculum of the Faculty of Medicine introduced from the academic year 2024\/2025 &hellip;<\/p>\n","protected":false},"author":102032,"featured_media":0,"parent":1141,"menu_order":0,"comment_status":"closed","ping_status":"closed","template":"","meta":{"_acf_changed":false,"footnotes":""},"categories":[],"tags":[],"class_list":["post-31489","page","type-page","status-publish","hentry"],"acf":[],"publishpress_future_action":{"enabled":false,"date":"1970-01-01 01:00:00","action":"","terms":[],"taxonomy":"","browser_timezone_offset":0},"_links":{"self":[{"href":"https:\/\/semmelweis.hu\/aok\/wp-json\/wp\/v2\/pages\/31489","targetHints":{"allow":["GET"]}}],"collection":[{"href":"https:\/\/semmelweis.hu\/aok\/wp-json\/wp\/v2\/pages"}],"about":[{"href":"https:\/\/semmelweis.hu\/aok\/wp-json\/wp\/v2\/types\/page"}],"author":[{"embeddable":true,"href":"https:\/\/semmelweis.hu\/aok\/wp-json\/wp\/v2\/users\/102032"}],"replies":[{"embeddable":true,"href":"https:\/\/semmelweis.hu\/aok\/wp-json\/wp\/v2\/comments?post=31489"}],"version-history":[{"count":4,"href":"https:\/\/semmelweis.hu\/aok\/wp-json\/wp\/v2\/pages\/31489\/revisions"}],"predecessor-version":[{"id":31497,"href":"https:\/\/semmelweis.hu\/aok\/wp-json\/wp\/v2\/pages\/31489\/revisions\/31497"}],"up":[{"embeddable":true,"href":"https:\/\/semmelweis.hu\/aok\/wp-json\/wp\/v2\/pages\/1141"}],"wp:attachment":[{"href":"https:\/\/semmelweis.hu\/aok\/wp-json\/wp\/v2\/media?parent=31489"}],"wp:term":[{"taxonomy":"category","embeddable":true,"href":"https:\/\/semmelweis.hu\/aok\/wp-json\/wp\/v2\/categories?post=31489"},{"taxonomy":"post_tag","embeddable":true,"href":"https:\/\/semmelweis.hu\/aok\/wp-json\/wp\/v2\/tags?post=31489"}],"curies":[{"name":"wp","href":"https:\/\/api.w.org\/{rel}","templated":true}]}}