{"id":31464,"date":"2024-08-26T13:35:47","date_gmt":"2024-08-26T11:35:47","guid":{"rendered":"https:\/\/semmelweis.hu\/aok\/?page_id=31464"},"modified":"2024-08-26T13:35:47","modified_gmt":"2024-08-26T11:35:47","slug":"2024-augusztus-22-i-hatarozat-elektronikus-szavazas","status":"publish","type":"page","link":"https:\/\/semmelweis.hu\/aok\/a-karrol\/kari-tanacs\/a-kari-tanacs-hatarozatai\/2024-augusztus-22-i-hatarozat-elektronikus-szavazas\/","title":{"rendered":"2024. augusztus 22-i hat\u00e1rozat &#8211; elektronikus szavaz\u00e1s"},"content":{"rendered":"<p style=\"text-align: justify\"><a href=\"https:\/\/semmelweis.hu\/aok\/files\/2024\/08\/39_hatarozat_-PHARMA.pdf\" target=\"_blank\" rel=\"noopener\">39\/2024 (2024. augusztus 22-i) sz\u00e1m\u00fa hat\u00e1rozat<\/a>\u00a0a Gy\u00f3gyszeripari innov\u00e1ci\u00f3 \u00e9s \u00fczleti menedzsment\/ Pharmaceutical Innovation and Business Administration mesterk\u00e9pz\u00e9si szak l\u00e9tes\u00edt\u00e9s\u00e9r\u0151l \u00e9s ind\u00edt\u00e1s\u00e1r\u00f3l<\/p>\n<p style=\"text-align: justify\"><strong>English version:<\/strong><\/p>\n<p style=\"text-align: justify\"><a href=\"https:\/\/semmelweis.hu\/aok\/files\/2024\/08\/39_hatarozat_-PHARMA_angol.pdf\" target=\"_blank\" rel=\"noopener\">Decision No 39\/2024 (22 August 2024)<\/a> on the establishment and launching the Pharmaceutical Innovation and Business Administration master studies<\/p>\n","protected":false},"excerpt":{"rendered":"<p><a href=\"https:\/\/semmelweis.hu\/aok\/files\/2024\/08\/39_hatarozat_-PHARMA.pdf\" target=\"_blank\" rel=\"noopener\">39\/2024 (2024. augusztus 22-i) sz\u00e1m\u00fa hat\u00e1rozat<\/a>\u00a0a Gy\u00f3gyszeripari innov\u00e1ci\u00f3 \u00e9s \u00fczleti menedzsment\/ Pharmaceutical Innovation and Business Administration mesterk\u00e9pz\u00e9si szak l\u00e9tes\u00edt\u00e9s\u00e9r\u0151l \u00e9s ind\u00edt\u00e1s\u00e1r\u00f3l<br \/>\nEnglish version:<br \/>\n<a href=\"https:\/\/semmelweis.hu\/aok\/files\/2024\/08\/39_hatarozat_-PHARMA_angol.pdf\" target=\"_blank\" rel=\"noopener\">Decision No 39\/2024 (22 August 2024)<\/a> on the establishment and launching the Pharmaceutical Innovation and Business Administration master studies<\/p>\n","protected":false},"author":102032,"featured_media":0,"parent":1141,"menu_order":0,"comment_status":"closed","ping_status":"closed","template":"","meta":{"_acf_changed":false,"footnotes":""},"categories":[],"tags":[],"class_list":["post-31464","page","type-page","status-publish","hentry"],"acf":[],"publishpress_future_action":{"enabled":false,"date":"1970-01-01 01:00:00","action":"","terms":[],"taxonomy":"","browser_timezone_offset":0},"_links":{"self":[{"href":"https:\/\/semmelweis.hu\/aok\/wp-json\/wp\/v2\/pages\/31464","targetHints":{"allow":["GET"]}}],"collection":[{"href":"https:\/\/semmelweis.hu\/aok\/wp-json\/wp\/v2\/pages"}],"about":[{"href":"https:\/\/semmelweis.hu\/aok\/wp-json\/wp\/v2\/types\/page"}],"author":[{"embeddable":true,"href":"https:\/\/semmelweis.hu\/aok\/wp-json\/wp\/v2\/users\/102032"}],"replies":[{"embeddable":true,"href":"https:\/\/semmelweis.hu\/aok\/wp-json\/wp\/v2\/comments?post=31464"}],"version-history":[{"count":6,"href":"https:\/\/semmelweis.hu\/aok\/wp-json\/wp\/v2\/pages\/31464\/revisions"}],"predecessor-version":[{"id":31472,"href":"https:\/\/semmelweis.hu\/aok\/wp-json\/wp\/v2\/pages\/31464\/revisions\/31472"}],"up":[{"embeddable":true,"href":"https:\/\/semmelweis.hu\/aok\/wp-json\/wp\/v2\/pages\/1141"}],"wp:attachment":[{"href":"https:\/\/semmelweis.hu\/aok\/wp-json\/wp\/v2\/media?parent=31464"}],"wp:term":[{"taxonomy":"category","embeddable":true,"href":"https:\/\/semmelweis.hu\/aok\/wp-json\/wp\/v2\/categories?post=31464"},{"taxonomy":"post_tag","embeddable":true,"href":"https:\/\/semmelweis.hu\/aok\/wp-json\/wp\/v2\/tags?post=31464"}],"curies":[{"name":"wp","href":"https:\/\/api.w.org\/{rel}","templated":true}]}}