{"id":31311,"date":"2024-06-13T09:51:22","date_gmt":"2024-06-13T07:51:22","guid":{"rendered":"https:\/\/semmelweis.hu\/aok\/?page_id=31311"},"modified":"2024-06-25T13:37:46","modified_gmt":"2024-06-25T11:37:46","slug":"2024-junius-10-i-hatarozatok","status":"publish","type":"page","link":"https:\/\/semmelweis.hu\/aok\/a-karrol\/kari-tanacs\/a-kari-tanacs-hatarozatai\/2024-junius-10-i-hatarozatok\/","title":{"rendered":"2024. j\u00fanius 10-i hat\u00e1rozatok"},"content":{"rendered":"<p style=\"text-align: justify\"><a href=\"https:\/\/semmelweis.hu\/aok\/files\/2024\/06\/35_hatarozat_kurrikulum.pdf\" target=\"_blank\" rel=\"noopener\">35\/2024 (2024. j\u00fanius 10-i) sz\u00e1m\u00fa hat\u00e1rozat<\/a> a 2019\/2020-as tan\u00e9vt\u0151l bevezetett orvosk\u00e9pz\u00e9s curriculum\u00e1nak m\u00f3dos\u00edt\u00e1s\u00e1r\u00f3l az \u00c1ltal\u00e1nos Orvostudom\u00e1nyi Karon<\/p>\n<p style=\"text-align: justify\"><a href=\"https:\/\/semmelweis.hu\/aok\/files\/2024\/06\/36_hatarozat_DHC.pdf\" target=\"_blank\" rel=\"noopener\">36\/2024 (2024. j\u00fanius 10-i) sz\u00e1m\u00fa hat\u00e1rozat<\/a> az \u00c1ltal\u00e1nos Orvostudom\u00e1nyi Karon a \u201eDoctor Honoris Causa\u201d kit\u00fcntet\u0151 c\u00edm adom\u00e1nyoz\u00e1s\u00e1ra vonatkoz\u00f3 javaslatr\u00f3l<\/p>\n<p style=\"text-align: justify\"><a href=\"https:\/\/semmelweis.hu\/aok\/files\/2024\/06\/37_hatarozat_Idegsebeszet.pdf\" target=\"_blank\" rel=\"noopener\">37\/2024 (2024. j\u00fanius 10-i) sz\u00e1m\u00fa hat\u00e1rozat<\/a> az Idegseb\u00e9szeti Tansz\u00e9k, a Rehabilit\u00e1ci\u00f3s Medicina Tansz\u00e9k, a Traumatol\u00f3giai Tansz\u00e9k, a hozz\u00e1juk rendelten m\u0171k\u00f6d\u0151 tansz\u00e9ki csoportok, valamint a Klinikai Pszichol\u00f3gia Tansz\u00e9k Egyetem szervezet\u00e9ben elfoglalt hely\u00e9r\u0151l<\/p>\n<p style=\"text-align: justify\"><a href=\"https:\/\/semmelweis.hu\/aok\/files\/2024\/06\/38_hatarozat_bizottsagi-beszamolo.pdf\" target=\"_blank\" rel=\"noopener\">38\/2024 (2024. j\u00fanius 10-i) sz\u00e1m\u00fa hat\u00e1rozat<\/a> a Kari Tan\u00e1cs \u00e1ltal l\u00e9trehozott karon m\u0171k\u00f6d\u0151 \u00e1lland\u00f3 bizotts\u00e1gok munk\u00e1j\u00e1r\u00f3l sz\u00f3l\u00f3 besz\u00e1mol\u00f3 elfogad\u00e1s\u00e1r\u00f3l<\/p>\n<p><strong>English version:<\/strong><\/p>\n<p style=\"text-align: justify\"><a href=\"https:\/\/semmelweis.hu\/aok\/files\/2024\/06\/Decision_no_35_curriculum.pdf\" target=\"_blank\" rel=\"noopener\">Decision No 35\/2024 (10 June 2024)<\/a> on the modification of the curriculum of the Faculty of Medicine introduced from the academic year 2019\/2020<\/p>\n<p style=\"text-align: justify\"><a href=\"https:\/\/semmelweis.hu\/aok\/files\/2024\/06\/Decision_no_36_DHC.pdf\" target=\"_blank\" rel=\"noopener\">Decision No 36\/2024 (10 June 2024)<\/a> on the proposal for the awarding of the title of Doctor Honoris Causa<\/p>\n<p style=\"text-align: justify\"><a href=\"https:\/\/semmelweis.hu\/aok\/files\/2024\/06\/Decision_no_37_departments.pdf\" target=\"_blank\" rel=\"noopener\">Decision No 37\/2024 (10 June 2024)<\/a> on the occupied place of the Department of Neurosurgery, the Department of Rehabilitation Medicine, the Department of Traumatology, the departmental groups attached to them and the Department of Clinical Psychology within the University<\/p>\n<p style=\"text-align: justify\"><a href=\"https:\/\/semmelweis.hu\/aok\/files\/2024\/06\/Decision_no_38_Faculty_committees.pdf\" target=\"_blank\" rel=\"noopener\">Decision No 38\/2024 (10 June 2024)<\/a> on the reports of the standing committees of the Faculty established by the Faculty Council<\/p>\n<p style=\"text-align: justify\">\u00a0<\/p>\n","protected":false},"excerpt":{"rendered":"<p><a href=\"https:\/\/semmelweis.hu\/aok\/files\/2024\/06\/35_hatarozat_kurrikulum.pdf\" target=\"_blank\" rel=\"noopener\">35\/2024 (2024. j\u00fanius 10-i) sz\u00e1m\u00fa hat\u00e1rozat<\/a> a 2019\/2020-as tan\u00e9vt\u0151l bevezetett orvosk\u00e9pz\u00e9s curriculum\u00e1nak m\u00f3dos\u00edt\u00e1s\u00e1r\u00f3l az \u00c1ltal\u00e1nos Orvostudom\u00e1nyi Karon <a href=\"https:\/\/semmelweis.hu\/aok\/files\/2024\/06\/36_hatarozat_DHC.pdf\" target=\"_blank\" rel=\"noopener\">36\/2024 (2024. j\u00fanius 10-i) sz\u00e1m\u00fa hat\u00e1rozat<\/a> az \u00c1ltal\u00e1nos Orvostudom\u00e1nyi Karon a \u201eDoctor Honoris Causa\u201d kit\u00fcntet\u0151 c\u00edm adom\u00e1nyoz\u00e1s\u00e1ra vonatkoz\u00f3 javaslatr\u00f3l <a href=\"https:\/\/semmelweis.hu\/aok\/files\/2024\/06\/37_hatarozat_Idegsebeszet.pdf\" target=\"_blank\" rel=\"noopener\">37\/2024 (2024. j\u00fanius 10-i) sz\u00e1m\u00fa hat\u00e1rozat<\/a> az Idegseb\u00e9szeti Tansz\u00e9k, a Rehabilit\u00e1ci\u00f3s Medicina Tansz\u00e9k, a Traumatol\u00f3giai Tansz\u00e9k, a hozz\u00e1juk rendelten m\u0171k\u00f6d\u0151 tansz\u00e9ki csoportok, valamint a Klinikai Pszichol\u00f3gia Tansz\u00e9k Egyetem szervezet\u00e9ben elfoglalt hely\u00e9r\u0151l <a href=\"https:\/\/semmelweis.hu\/aok\/files\/2024\/06\/38_hatarozat_bizottsagi-beszamolo.pdf\" target=\"_blank\" rel=\"noopener\">38\/2024 (2024. j\u00fanius 10-i) sz\u00e1m\u00fa hat\u00e1rozat<\/a> a Kari Tan\u00e1cs \u00e1ltal l\u00e9trehozott karon &hellip;<\/p>\n","protected":false},"author":102032,"featured_media":0,"parent":1141,"menu_order":0,"comment_status":"closed","ping_status":"closed","template":"","meta":{"_acf_changed":false,"footnotes":""},"categories":[],"tags":[],"class_list":["post-31311","page","type-page","status-publish","hentry"],"acf":[],"publishpress_future_action":{"enabled":false,"date":"1970-01-01 01:00:00","action":"","terms":[],"taxonomy":"","browser_timezone_offset":0},"_links":{"self":[{"href":"https:\/\/semmelweis.hu\/aok\/wp-json\/wp\/v2\/pages\/31311","targetHints":{"allow":["GET"]}}],"collection":[{"href":"https:\/\/semmelweis.hu\/aok\/wp-json\/wp\/v2\/pages"}],"about":[{"href":"https:\/\/semmelweis.hu\/aok\/wp-json\/wp\/v2\/types\/page"}],"author":[{"embeddable":true,"href":"https:\/\/semmelweis.hu\/aok\/wp-json\/wp\/v2\/users\/102032"}],"replies":[{"embeddable":true,"href":"https:\/\/semmelweis.hu\/aok\/wp-json\/wp\/v2\/comments?post=31311"}],"version-history":[{"count":10,"href":"https:\/\/semmelweis.hu\/aok\/wp-json\/wp\/v2\/pages\/31311\/revisions"}],"predecessor-version":[{"id":31338,"href":"https:\/\/semmelweis.hu\/aok\/wp-json\/wp\/v2\/pages\/31311\/revisions\/31338"}],"up":[{"embeddable":true,"href":"https:\/\/semmelweis.hu\/aok\/wp-json\/wp\/v2\/pages\/1141"}],"wp:attachment":[{"href":"https:\/\/semmelweis.hu\/aok\/wp-json\/wp\/v2\/media?parent=31311"}],"wp:term":[{"taxonomy":"category","embeddable":true,"href":"https:\/\/semmelweis.hu\/aok\/wp-json\/wp\/v2\/categories?post=31311"},{"taxonomy":"post_tag","embeddable":true,"href":"https:\/\/semmelweis.hu\/aok\/wp-json\/wp\/v2\/tags?post=31311"}],"curies":[{"name":"wp","href":"https:\/\/api.w.org\/{rel}","templated":true}]}}