{"id":31203,"date":"2024-05-30T10:13:49","date_gmt":"2024-05-30T08:13:49","guid":{"rendered":"https:\/\/semmelweis.hu\/aok\/?page_id=31203"},"modified":"2024-11-15T13:28:04","modified_gmt":"2024-11-15T12:28:04","slug":"2024-majus-28-i-hatarozatok","status":"publish","type":"page","link":"https:\/\/semmelweis.hu\/aok\/a-karrol\/kari-tanacs\/a-kari-tanacs-hatarozatai\/2024-majus-28-i-hatarozatok\/","title":{"rendered":"2024. m\u00e1jus 28-i hat\u00e1rozatok"},"content":{"rendered":"<p style=\"text-align: justify\"><a href=\"https:\/\/semmelweis.hu\/aok\/files\/2024\/05\/26_igazgatoi.pdf\" target=\"_blank\" rel=\"noopener\">26\/2024 (2024. m\u00e1jus 28-i) sz\u00e1m\u00fa hat\u00e1rozat<\/a> az \u00c1ltal\u00e1nos Orvostudom\u00e1nyi Karon meghirdetett igazgat\u00f3i \u00e9s tansz\u00e9kvezet\u0151i \u00e1ll\u00e1sokra p\u00e1ly\u00e1z\u00f3kr\u00f3l<\/p>\n<p style=\"text-align: justify\"><a href=\"https:\/\/semmelweis.hu\/aok\/files\/2024\/06\/27_docensi_tud_tanacsado.pdf\">27\/2024 (2024. m\u00e1jus 28-i) sz\u00e1m\u00fa hat\u00e1rozat<\/a> az \u00c1ltal\u00e1nos Orvostudom\u00e1nyi Karon meghirdetett egyetemi docensi, valamint tudom\u00e1nyos tan\u00e1csad\u00f3i \u00e1ll\u00e1sokra p\u00e1ly\u00e1z\u00f3kr\u00f3l<\/p>\n<p style=\"text-align: justify\"><a href=\"https:\/\/semmelweis.hu\/aok\/files\/2024\/05\/28_ACH_tantargyfelelos.pdf\" target=\"_blank\" rel=\"noopener\">28\/2024 (2024. m\u00e1jus 28-i) sz\u00e1m\u00fa hat\u00e1rozat<\/a> az Asklepios Campus Hamburgon meghirdetett tant\u00e1rgyfelel\u0151si p\u00e1ly\u00e1zatr\u00f3l<\/p>\n<p style=\"text-align: justify\"><a href=\"https:\/\/semmelweis.hu\/aok\/files\/2024\/05\/29_ACH_tanszeki_csoportvezeto.pdf\" target=\"_blank\" rel=\"noopener\">29\/2024 (2024. m\u00e1jus 28-i) sz\u00e1m\u00fa hat\u00e1rozat<\/a> az Asklepios Campus Hamburgon m\u0171k\u00f6d\u0151 N\u0151gy\u00f3gy\u00e1szati Tansz\u00e9ki Csoport vezet\u0151i \u00e1ll\u00e1shely\u00e9re beny\u00fajtott p\u00e1ly\u00e1zat elb\u00edr\u00e1l\u00e1s\u00e1r\u00f3l<\/p>\n<p style=\"text-align: justify\"><a href=\"https:\/\/semmelweis.hu\/aok\/files\/2024\/05\/30_allami_miniszteri.pdf\" target=\"_blank\" rel=\"noopener\">30\/2024 (2024. m\u00e1jus 28-i) sz\u00e1m\u00fa hat\u00e1rozat<\/a> az \u00e1llami \u00e9s miniszteri szint\u0171 kit\u00fcntet\u00e9sek 2025. \u00e9vi adom\u00e1nyoz\u00e1s\u00e1ra t\u00f6rt\u00e9n\u0151 javaslatt\u00e9telr\u0151l<\/p>\n<p style=\"text-align: justify\"><a href=\"https:\/\/semmelweis.hu\/aok\/files\/2024\/05\/31_oraado_oktato.pdf\" target=\"_blank\" rel=\"noopener\">31\/2024 (2024. m\u00e1jus 28-i) sz\u00e1m\u00fa hat\u00e1rozat<\/a> a Semmelweis Egyetem \u00e1ltal adom\u00e1nyozhat\u00f3 \u00f3raad\u00f3 oktat\u00f3i c\u00edmekre t\u00f6rt\u00e9n\u0151 javaslatt\u00e9tel elfogad\u00e1s\u00e1r\u00f3l<\/p>\n<p style=\"text-align: justify\"><a href=\"https:\/\/semmelweis.hu\/aok\/files\/2024\/05\/32_jubi.pdf\" target=\"_blank\" rel=\"noopener\">32\/2024 (2024. m\u00e1jus 28-i) sz\u00e1m\u00fa hat\u00e1rozat<\/a> a jubileumi d\u00edszoklevelek adom\u00e1nyoz\u00e1s\u00e1ra vonatkoz\u00f3 javaslatr\u00f3l az \u00c1ltal\u00e1nos Orvostudom\u00e1nyi Karon<\/p>\n<p style=\"text-align: justify\"><a href=\"https:\/\/semmelweis.hu\/aok\/files\/2024\/05\/33_bizottsag.pdf\" target=\"_blank\" rel=\"noopener\">33\/2024 (2024. m\u00e1jus 28-i) sz\u00e1m\u00fa hat\u00e1rozat<\/a> a Szen\u00e1tus \u00e1ltal l\u00e9trehozott Karon m\u0171k\u00f6d\u0151 Etikai \u00e9s Fegyelmi Bizotts\u00e1g \u00faj hallgat\u00f3i tagj\u00e1nak megv\u00e1laszt\u00e1s\u00e1r\u00f3l sz\u00f3l\u00f3 javaslatr\u00f3l<\/p>\n<p style=\"text-align: justify\"><a href=\"https:\/\/semmelweis.hu\/aok\/files\/2024\/05\/34_transzlacios_medicina_mesterszak.pdf\" target=\"_blank\" rel=\"noopener\">34\/2024 (2024. m\u00e1jus 28-i) sz\u00e1m\u00fa hat\u00e1rozat<\/a> a \u201eTranszl\u00e1ci\u00f3s Medicina\u201d mesterk\u00e9pz\u00e9si szak l\u00e9tes\u00edt\u00e9s\u00e9r\u0151l \u00e9s ind\u00edt\u00e1s\u00e1r\u00f3l<\/p>\n<p><strong>English version:<\/strong><\/p>\n<p style=\"text-align: justify\"><a href=\"https:\/\/semmelweis.hu\/aok\/files\/2024\/11\/Decision_no_26_head_of_dep-1.pdf\" target=\"_blank\" rel=\"noopener\">Decision No 26\/2024 (28 May 2024)<\/a> on the candidates for the position of director and head of department announced by the Faculty<\/p>\n<p style=\"text-align: justify\"><span style=\"font-size: 1rem\"><a href=\"https:\/\/semmelweis.hu\/aok\/files\/2024\/11\/Decision_no_27_associate_prof_scientific_adv.pdf\" target=\"_blank\" rel=\"noopener\">Decision No 27\/2024 (28 May 2024)<\/a>\u00a0on the candidacy for the positions of associate professors and scientific advisor announced at the Faculty<\/span><\/p>\n<p style=\"text-align: justify\"><a href=\"https:\/\/semmelweis.hu\/aok\/files\/2024\/06\/Decision_no_28_lecturer_position_ACH.pdf\" target=\"_blank\" rel=\"noopener\">Decision No 28\/2024 (28 May 2024)<\/a> on the the application for the lecturer position at the Asklepios Campus Hamburg<\/p>\n<p style=\"text-align: justify\"><a href=\"https:\/\/semmelweis.hu\/aok\/files\/2024\/06\/Decision_no_29_subchair_position_ACH.pdf\" target=\"_blank\" rel=\"noopener\">Decision No 29\/2024 (28 May 2024)<\/a> on the the application for the subchair position at the Gynaecology Division, Asklepios Campus Hamburg<\/p>\n<p style=\"text-align: justify\"><a href=\"https:\/\/semmelweis.hu\/aok\/files\/2024\/06\/Decision_no_30_award_of_state_and_min_honours.pdf\" target=\"_blank\" rel=\"noopener\">Decision No 30\/2024 (28 May 2024)<\/a> on the awarding state and ministerial honours for the year of 2025<\/p>\n<p style=\"text-align: justify\"><a href=\"https:\/\/semmelweis.hu\/aok\/files\/2024\/06\/Decision_no_31_titles_of_lecturer.pdf\" target=\"_blank\" rel=\"noopener\">Decision No 31\/2024 (28 May 2024)<\/a> on the acceptance of the proposal for the titles of lecturer to be awarded by Semmelweis University<\/p>\n<p style=\"text-align: justify\"><a href=\"https:\/\/semmelweis.hu\/aok\/files\/2024\/06\/Decision_no_32_jubilee_honorary_degrees.pdf\" target=\"_blank\" rel=\"noopener\">Decision No 32\/2024 (28 May 2024)<\/a> on the proposal for the award of jubilee honorary degrees at the Faculty of Medicine<\/p>\n<p style=\"text-align: justify\"><a href=\"https:\/\/semmelweis.hu\/aok\/files\/2024\/06\/Decision_no_33_Ethics_and_Discipline_Committee_stud_member.pdf\" target=\"_blank\" rel=\"noopener\">Decision No 33\/2024 (28 May 2024)<\/a> on the proposal for the election of the new student member\u00a0of the Faculty committee Ethics and Discipline Committee established by the Senate<\/p>\n<p><a href=\"https:\/\/semmelweis.hu\/aok\/files\/2024\/06\/Decision_no_34_Translational_Medicine_master.pdf\" target=\"_blank\" rel=\"noopener\">Decision No 34\/2024 (28 May 2024)<\/a> on the establishment and launching the Translational Medicine master studies<\/p>\n<p style=\"text-align: justify\">\u00a0<\/p>\n<p><strong>\u00a0<\/strong><\/p>\n<p>&nbsp;<\/p>\n","protected":false},"excerpt":{"rendered":"<p><a href=\"https:\/\/semmelweis.hu\/aok\/files\/2024\/05\/26_igazgatoi.pdf\" target=\"_blank\" rel=\"noopener\">26\/2024 (2024. m\u00e1jus 28-i) sz\u00e1m\u00fa hat\u00e1rozat<\/a> az \u00c1ltal\u00e1nos Orvostudom\u00e1nyi Karon meghirdetett igazgat\u00f3i \u00e9s tansz\u00e9kvezet\u0151i \u00e1ll\u00e1sokra p\u00e1ly\u00e1z\u00f3kr\u00f3l <a href=\"https:\/\/semmelweis.hu\/aok\/files\/2024\/06\/27_docensi_tud_tanacsado.pdf\">27\/2024 (2024. m\u00e1jus 28-i) sz\u00e1m\u00fa hat\u00e1rozat<\/a> az \u00c1ltal\u00e1nos Orvostudom\u00e1nyi Karon meghirdetett egyetemi docensi, valamint tudom\u00e1nyos tan\u00e1csad\u00f3i \u00e1ll\u00e1sokra p\u00e1ly\u00e1z\u00f3kr\u00f3l <a href=\"https:\/\/semmelweis.hu\/aok\/files\/2024\/05\/28_ACH_tantargyfelelos.pdf\" target=\"_blank\" rel=\"noopener\">28\/2024 (2024. m\u00e1jus 28-i) sz\u00e1m\u00fa hat\u00e1rozat<\/a> az Asklepios Campus Hamburgon meghirdetett tant\u00e1rgyfelel\u0151si p\u00e1ly\u00e1zatr\u00f3l <a href=\"https:\/\/semmelweis.hu\/aok\/files\/2024\/05\/29_ACH_tanszeki_csoportvezeto.pdf\" target=\"_blank\" rel=\"noopener\">29\/2024 (2024. m\u00e1jus 28-i) sz\u00e1m\u00fa hat\u00e1rozat<\/a> az Asklepios Campus Hamburgon m\u0171k\u00f6d\u0151 N\u0151gy\u00f3gy\u00e1szati Tansz\u00e9ki Csoport vezet\u0151i \u00e1ll\u00e1shely\u00e9re beny\u00fajtott p\u00e1ly\u00e1zat elb\u00edr\u00e1l\u00e1s\u00e1r\u00f3l <a href=\"https:\/\/semmelweis.hu\/aok\/files\/2024\/05\/30_allami_miniszteri.pdf\" target=\"_blank\" rel=\"noopener\">30\/2024 (2024. m\u00e1jus 28-i) sz\u00e1m\u00fa hat\u00e1rozat<\/a> az \u00e1llami \u00e9s miniszteri szint\u0171 kit\u00fcntet\u00e9sek 2025. \u00e9vi adom\u00e1nyoz\u00e1s\u00e1ra t\u00f6rt\u00e9n\u0151 javaslatt\u00e9telr\u0151l <a href=\"https:\/\/semmelweis.hu\/aok\/files\/2024\/05\/31_oraado_oktato.pdf\" target=\"_blank\" rel=\"noopener\">31\/2024 (2024. m\u00e1jus 28-i) sz\u00e1m\u00fa hat\u00e1rozat<\/a> a Semmelweis &hellip;<\/p>\n","protected":false},"author":102032,"featured_media":0,"parent":1141,"menu_order":0,"comment_status":"closed","ping_status":"closed","template":"","meta":{"_acf_changed":false,"footnotes":""},"categories":[],"tags":[],"class_list":["post-31203","page","type-page","status-publish","hentry"],"acf":[],"publishpress_future_action":{"enabled":false,"date":"1970-01-01 01:00:00","action":"","terms":[],"taxonomy":"","browser_timezone_offset":0},"_links":{"self":[{"href":"https:\/\/semmelweis.hu\/aok\/wp-json\/wp\/v2\/pages\/31203","targetHints":{"allow":["GET"]}}],"collection":[{"href":"https:\/\/semmelweis.hu\/aok\/wp-json\/wp\/v2\/pages"}],"about":[{"href":"https:\/\/semmelweis.hu\/aok\/wp-json\/wp\/v2\/types\/page"}],"author":[{"embeddable":true,"href":"https:\/\/semmelweis.hu\/aok\/wp-json\/wp\/v2\/users\/102032"}],"replies":[{"embeddable":true,"href":"https:\/\/semmelweis.hu\/aok\/wp-json\/wp\/v2\/comments?post=31203"}],"version-history":[{"count":11,"href":"https:\/\/semmelweis.hu\/aok\/wp-json\/wp\/v2\/pages\/31203\/revisions"}],"predecessor-version":[{"id":32442,"href":"https:\/\/semmelweis.hu\/aok\/wp-json\/wp\/v2\/pages\/31203\/revisions\/32442"}],"up":[{"embeddable":true,"href":"https:\/\/semmelweis.hu\/aok\/wp-json\/wp\/v2\/pages\/1141"}],"wp:attachment":[{"href":"https:\/\/semmelweis.hu\/aok\/wp-json\/wp\/v2\/media?parent=31203"}],"wp:term":[{"taxonomy":"category","embeddable":true,"href":"https:\/\/semmelweis.hu\/aok\/wp-json\/wp\/v2\/categories?post=31203"},{"taxonomy":"post_tag","embeddable":true,"href":"https:\/\/semmelweis.hu\/aok\/wp-json\/wp\/v2\/tags?post=31203"}],"curies":[{"name":"wp","href":"https:\/\/api.w.org\/{rel}","templated":true}]}}