{"id":30971,"date":"2024-04-11T10:09:13","date_gmt":"2024-04-11T08:09:13","guid":{"rendered":"https:\/\/semmelweis.hu\/aok\/?page_id=30971"},"modified":"2024-04-25T15:02:56","modified_gmt":"2024-04-25T13:02:56","slug":"2024-aprilis-9-i-hatarozatok","status":"publish","type":"page","link":"https:\/\/semmelweis.hu\/aok\/a-karrol\/kari-tanacs\/a-kari-tanacs-hatarozatai\/2024-aprilis-9-i-hatarozatok\/","title":{"rendered":"2024. \u00e1prilis 9-i hat\u00e1rozatok"},"content":{"rendered":"<p><a href=\"https:\/\/semmelweis.hu\/aok\/files\/2024\/04\/22_tanszekvezetoi.pdf\" target=\"_blank\" rel=\"noopener\">22\/2024 (2024. \u00e1prilis 9-i) sz\u00e1m\u00fa hat\u00e1rozat<\/a> a karon meghirdetett tansz\u00e9kvezet\u0151i \u00e1ll\u00e1sra p\u00e1ly\u00e1z\u00f3r\u00f3l<\/p>\n<p style=\"text-align: justify\"><a href=\"https:\/\/semmelweis.hu\/aok\/files\/2024\/04\/23_professor_emeritus.pdf\" target=\"_blank\" rel=\"noopener\">23\/2024 (2024. \u00e1prilis 9-i) sz\u00e1m\u00fa hat\u00e1rozat<\/a> az \u00c1ltal\u00e1nos Orvostudom\u00e1nyi Karon a juttat\u00e1ssal j\u00e1r\u00f3 \u201eProfessor Emeritus\u201d c\u00edm adom\u00e1nyoz\u00e1s\u00e1ra vonatkoz\u00f3 javaslatokr\u00f3l<\/p>\n<p style=\"text-align: justify\"><a href=\"https:\/\/semmelweis.hu\/aok\/files\/2024\/04\/24_zv_bizottsagok-1.pdf\" target=\"_blank\" rel=\"noopener\">24\/2024 (2024. \u00e1prilis 9-i) sz\u00e1m\u00fa hat\u00e1rozat<\/a> a 2024. \u00e9vi sz\u00f3beli z\u00e1r\u00f3vizsga-bizotts\u00e1gok eln\u00f6keire \u00e9s tagjaira vonatkoz\u00f3 javaslatr\u00f3l az \u00c1ltal\u00e1nos Orvostudom\u00e1nyi Karon<\/p>\n<p style=\"text-align: justify\"><a href=\"https:\/\/semmelweis.hu\/aok\/files\/2024\/04\/25_ITK_szervezeti_atalakitasa.pdf\" target=\"_blank\" rel=\"noopener\">25\/2024 (2024. \u00e1prilis 9-i) sz\u00e1m\u00fa hat\u00e1rozat<\/a> az \u00c1ltal\u00e1nos Orvostudom\u00e1nyi Kar Intenz\u00edv Ter\u00e1pi\u00e1s Klinika szervezet\u00e9ben m\u0171k\u00f6d\u0151 oktat\u00e1si-kutat\u00e1si tev\u00e9kenys\u00e9get folytat\u00f3 oktat\u00e1si-kutat\u00e1si szervezeti egys\u00e9geinek szervezeti v\u00e1ltoz\u00e1s\u00e1r\u00f3l<\/p>\n<p><strong>English version:<\/strong><\/p>\n<p><a href=\"https:\/\/semmelweis.hu\/aok\/files\/2024\/04\/Decision_no_22_head_of_dep_Neonatology.pdf\" target=\"_blank\" rel=\"noopener\">Decision No 22\/2024 (9 April 2024)<\/a> on the candidate for the post of head of department announced by the Faculty<\/p>\n<p><a href=\"https:\/\/semmelweis.hu\/aok\/files\/2024\/04\/Decision_no_23_prof_emeritus.pdf\" target=\"_blank\" rel=\"noopener\">Decision No 23\/2024 (9 April 2024)<\/a> on the awarding Professor Emeritus titles<\/p>\n<p><a href=\"https:\/\/semmelweis.hu\/aok\/files\/2024\/04\/Decision_no_24_oral_examination_committees.pdf\" target=\"_blank\" rel=\"noopener\">Decision No 24\/2024 (9 April 2024)<\/a> on the proposal for the chairpersons and members of the oral examination committees of the final exams for the year 2024<\/p>\n<p><a href=\"https:\/\/semmelweis.hu\/aok\/files\/2024\/04\/Decision_no_25_org_change_Dep_Intensive_Therapy.pdf\" target=\"_blank\" rel=\"noopener\">Decision No 25\/2024 (9 April 2024)<\/a> on the organisational change of the teaching-research departments\u00a0of the Faculty of Medicine,\u00a0which are engaged in teaching-research activities\u00a0within the Department of Intensive Therapy<\/p>\n","protected":false},"excerpt":{"rendered":"<p><a href=\"https:\/\/semmelweis.hu\/aok\/files\/2024\/04\/22_tanszekvezetoi.pdf\" target=\"_blank\" rel=\"noopener\">22\/2024 (2024. \u00e1prilis 9-i) sz\u00e1m\u00fa hat\u00e1rozat<\/a> a karon meghirdetett tansz\u00e9kvezet\u0151i \u00e1ll\u00e1sra p\u00e1ly\u00e1z\u00f3r\u00f3l <a href=\"https:\/\/semmelweis.hu\/aok\/files\/2024\/04\/23_professor_emeritus.pdf\" target=\"_blank\" rel=\"noopener\">23\/2024 (2024. \u00e1prilis 9-i) sz\u00e1m\u00fa hat\u00e1rozat<\/a> az \u00c1ltal\u00e1nos Orvostudom\u00e1nyi Karon a juttat\u00e1ssal j\u00e1r\u00f3 \u201eProfessor Emeritus\u201d c\u00edm adom\u00e1nyoz\u00e1s\u00e1ra vonatkoz\u00f3 javaslatokr\u00f3l <a href=\"https:\/\/semmelweis.hu\/aok\/files\/2024\/04\/24_zv_bizottsagok-1.pdf\" target=\"_blank\" rel=\"noopener\">24\/2024 (2024. \u00e1prilis 9-i) sz\u00e1m\u00fa hat\u00e1rozat<\/a> a 2024. \u00e9vi sz\u00f3beli z\u00e1r\u00f3vizsga-bizotts\u00e1gok eln\u00f6keire \u00e9s tagjaira vonatkoz\u00f3 javaslatr\u00f3l az \u00c1ltal\u00e1nos Orvostudom\u00e1nyi Karon <a href=\"https:\/\/semmelweis.hu\/aok\/files\/2024\/04\/25_ITK_szervezeti_atalakitasa.pdf\" target=\"_blank\" rel=\"noopener\">25\/2024 (2024. \u00e1prilis 9-i) sz\u00e1m\u00fa hat\u00e1rozat<\/a> az \u00c1ltal\u00e1nos Orvostudom\u00e1nyi Kar Intenz\u00edv Ter\u00e1pi\u00e1s Klinika szervezet\u00e9ben m\u0171k\u00f6d\u0151 oktat\u00e1si-kutat\u00e1si tev\u00e9kenys\u00e9get folytat\u00f3 oktat\u00e1si-kutat\u00e1si szervezeti egys\u00e9geinek szervezeti v\u00e1ltoz\u00e1s\u00e1r\u00f3l English version: <a href=\"https:\/\/semmelweis.hu\/aok\/files\/2024\/04\/Decision_no_22_head_of_dep_Neonatology.pdf\" target=\"_blank\" rel=\"noopener\">Decision No 22\/2024 (9 April 2024)<\/a> on the candidate &hellip;<\/p>\n","protected":false},"author":102032,"featured_media":0,"parent":1141,"menu_order":0,"comment_status":"closed","ping_status":"closed","template":"","meta":{"_acf_changed":false,"footnotes":""},"categories":[],"tags":[],"class_list":["post-30971","page","type-page","status-publish","hentry"],"acf":[],"publishpress_future_action":{"enabled":false,"date":"1970-01-01 01:00:00","action":"","terms":[],"taxonomy":"","browser_timezone_offset":0},"_links":{"self":[{"href":"https:\/\/semmelweis.hu\/aok\/wp-json\/wp\/v2\/pages\/30971","targetHints":{"allow":["GET"]}}],"collection":[{"href":"https:\/\/semmelweis.hu\/aok\/wp-json\/wp\/v2\/pages"}],"about":[{"href":"https:\/\/semmelweis.hu\/aok\/wp-json\/wp\/v2\/types\/page"}],"author":[{"embeddable":true,"href":"https:\/\/semmelweis.hu\/aok\/wp-json\/wp\/v2\/users\/102032"}],"replies":[{"embeddable":true,"href":"https:\/\/semmelweis.hu\/aok\/wp-json\/wp\/v2\/comments?post=30971"}],"version-history":[{"count":10,"href":"https:\/\/semmelweis.hu\/aok\/wp-json\/wp\/v2\/pages\/30971\/revisions"}],"predecessor-version":[{"id":31000,"href":"https:\/\/semmelweis.hu\/aok\/wp-json\/wp\/v2\/pages\/30971\/revisions\/31000"}],"up":[{"embeddable":true,"href":"https:\/\/semmelweis.hu\/aok\/wp-json\/wp\/v2\/pages\/1141"}],"wp:attachment":[{"href":"https:\/\/semmelweis.hu\/aok\/wp-json\/wp\/v2\/media?parent=30971"}],"wp:term":[{"taxonomy":"category","embeddable":true,"href":"https:\/\/semmelweis.hu\/aok\/wp-json\/wp\/v2\/categories?post=30971"},{"taxonomy":"post_tag","embeddable":true,"href":"https:\/\/semmelweis.hu\/aok\/wp-json\/wp\/v2\/tags?post=30971"}],"curies":[{"name":"wp","href":"https:\/\/api.w.org\/{rel}","templated":true}]}}