{"id":30862,"date":"2024-03-22T09:57:30","date_gmt":"2024-03-22T08:57:30","guid":{"rendered":"https:\/\/semmelweis.hu\/aok\/?page_id=30862"},"modified":"2024-03-26T09:12:53","modified_gmt":"2024-03-26T08:12:53","slug":"2024-marcius-19-i-hatarozatok","status":"publish","type":"page","link":"https:\/\/semmelweis.hu\/aok\/a-karrol\/kari-tanacs\/a-kari-tanacs-hatarozatai\/2024-marcius-19-i-hatarozatok\/","title":{"rendered":"2024. m\u00e1rcius 19-i hat\u00e1rozatok"},"content":{"rendered":"<p><a href=\"https:\/\/semmelweis.hu\/aok\/files\/2024\/03\/20_igazgato_hatalybalepes.pdf\" target=\"_blank\" rel=\"noopener\">20\/2024 (2024. m\u00e1rcius 19-i) sz\u00e1m\u00fa hat\u00e1rozat<\/a> a karon meghirdetett igazgat\u00f3i \u00e1ll\u00e1sra p\u00e1ly\u00e1z\u00f3r\u00f3l<\/p>\n<p style=\"text-align: justify\"><a href=\"https:\/\/semmelweis.hu\/aok\/files\/2024\/03\/21_Kiserletes_es_Sebeszeti_Mutettani_Tanszek_nevvaltozasa_hatalybalepes.pdf\" target=\"_blank\" rel=\"noopener\">21\/2024 (2024. m\u00e1rcius 19-i) sz\u00e1m\u00fa hat\u00e1rozat<\/a> a K\u00eds\u00e9rletes \u00e9s Seb\u00e9szeti M\u0171t\u00e9ttani Tansz\u00e9k n\u00e9vv\u00e1ltoztat\u00e1s\u00e1r\u00f3l<\/p>\n<p><strong>English version:<\/strong><\/p>\n<p><a href=\"https:\/\/semmelweis.hu\/aok\/files\/2024\/03\/Decision_no_20_Prof_Acs_head_of_dep-1.pdf\" target=\"_blank\" rel=\"noopener\">Decision No 20\/2024 (19 March 2024)<\/a> on the candidate for the position of director announced by the Faculty<\/p>\n<p><a href=\"https:\/\/semmelweis.hu\/aok\/files\/2024\/03\/Decision_no_21_Depart_of_Exp_Cardiology_and_Surgical_Techniques-1.pdf\" target=\"_blank\" rel=\"noopener\">Decision No 21\/2024 (19 March 2024)<\/a> on the name change of the Department of Surgical Research and Techniques<\/p>\n<p>&nbsp;<\/p>\n","protected":false},"excerpt":{"rendered":"<p><a href=\"https:\/\/semmelweis.hu\/aok\/files\/2024\/03\/20_igazgato_hatalybalepes.pdf\" target=\"_blank\" rel=\"noopener\">20\/2024 (2024. m\u00e1rcius 19-i) sz\u00e1m\u00fa hat\u00e1rozat<\/a> a karon meghirdetett igazgat\u00f3i \u00e1ll\u00e1sra p\u00e1ly\u00e1z\u00f3r\u00f3l<br \/>\n<a href=\"https:\/\/semmelweis.hu\/aok\/files\/2024\/03\/21_Kiserletes_es_Sebeszeti_Mutettani_Tanszek_nevvaltozasa_hatalybalepes.pdf\" target=\"_blank\" rel=\"noopener\">21\/2024 (2024. m\u00e1rcius 19-i) sz\u00e1m\u00fa hat\u00e1rozat<\/a> a K\u00eds\u00e9rletes \u00e9s Seb\u00e9szeti M\u0171t\u00e9ttani Tansz\u00e9k n\u00e9vv\u00e1ltoztat\u00e1s\u00e1r\u00f3l<br \/>\nEnglish version:<br \/>\n<a href=\"https:\/\/semmelweis.hu\/aok\/files\/2024\/03\/Decision_no_20_Prof_Acs_head_of_dep-1.pdf\" target=\"_blank\" rel=\"noopener\">Decision No 20\/2024 (19 March 2024)<\/a> on the candidate for the position of director announced by the Faculty<br \/>\n<a href=\"https:\/\/semmelweis.hu\/aok\/files\/2024\/03\/Decision_no_21_Depart_of_Exp_Cardiology_and_Surgical_Techniques-1.pdf\" target=\"_blank\" rel=\"noopener\">Decision No 21\/2024 (19 March 2024)<\/a> on the name change of the Department of Surgical Research and Techniques<br \/>\n&nbsp;<\/p>\n","protected":false},"author":102032,"featured_media":0,"parent":1141,"menu_order":0,"comment_status":"closed","ping_status":"closed","template":"","meta":{"_acf_changed":false,"footnotes":""},"categories":[],"tags":[],"class_list":["post-30862","page","type-page","status-publish","hentry"],"acf":[],"publishpress_future_action":{"enabled":false,"date":"1970-01-01 01:00:00","action":"","terms":[],"taxonomy":"","browser_timezone_offset":0},"_links":{"self":[{"href":"https:\/\/semmelweis.hu\/aok\/wp-json\/wp\/v2\/pages\/30862","targetHints":{"allow":["GET"]}}],"collection":[{"href":"https:\/\/semmelweis.hu\/aok\/wp-json\/wp\/v2\/pages"}],"about":[{"href":"https:\/\/semmelweis.hu\/aok\/wp-json\/wp\/v2\/types\/page"}],"author":[{"embeddable":true,"href":"https:\/\/semmelweis.hu\/aok\/wp-json\/wp\/v2\/users\/102032"}],"replies":[{"embeddable":true,"href":"https:\/\/semmelweis.hu\/aok\/wp-json\/wp\/v2\/comments?post=30862"}],"version-history":[{"count":8,"href":"https:\/\/semmelweis.hu\/aok\/wp-json\/wp\/v2\/pages\/30862\/revisions"}],"predecessor-version":[{"id":30885,"href":"https:\/\/semmelweis.hu\/aok\/wp-json\/wp\/v2\/pages\/30862\/revisions\/30885"}],"up":[{"embeddable":true,"href":"https:\/\/semmelweis.hu\/aok\/wp-json\/wp\/v2\/pages\/1141"}],"wp:attachment":[{"href":"https:\/\/semmelweis.hu\/aok\/wp-json\/wp\/v2\/media?parent=30862"}],"wp:term":[{"taxonomy":"category","embeddable":true,"href":"https:\/\/semmelweis.hu\/aok\/wp-json\/wp\/v2\/categories?post=30862"},{"taxonomy":"post_tag","embeddable":true,"href":"https:\/\/semmelweis.hu\/aok\/wp-json\/wp\/v2\/tags?post=30862"}],"curies":[{"name":"wp","href":"https:\/\/api.w.org\/{rel}","templated":true}]}}