{"id":30752,"date":"2024-02-26T14:20:04","date_gmt":"2024-02-26T13:20:04","guid":{"rendered":"https:\/\/semmelweis.hu\/aok\/?page_id=30752"},"modified":"2024-03-28T11:49:46","modified_gmt":"2024-03-28T10:49:46","slug":"2023-februar-22-i-hatarozatok","status":"publish","type":"page","link":"https:\/\/semmelweis.hu\/aok\/a-karrol\/kari-tanacs\/a-kari-tanacs-hatarozatai\/2023-februar-22-i-hatarozatok\/","title":{"rendered":"2023. febru\u00e1r 22-i hat\u00e1rozatok"},"content":{"rendered":"<p><a href=\"https:\/\/semmelweis.hu\/aok\/files\/2024\/02\/14_etanari_edocensi_tudfomunkatarsi_hatalybalepes.pdf\" target=\"_blank\" rel=\"noopener\">14\/2024 (2024. febru\u00e1r 22-i) sz\u00e1m\u00fa hat\u00e1rozat<\/a> a karon meghirdetett egyetemi tan\u00e1ri, egyetemi docensi, valamint tudom\u00e1nyos f\u0151munkat\u00e1rsi \u00e1ll\u00e1sokra p\u00e1ly\u00e1z\u00f3kr\u00f3l<\/p>\n<p><a href=\"https:\/\/semmelweis.hu\/aok\/files\/2024\/02\/15_Nepegeszsegtani_Intezet_nevvaltozasa_hatalybalepes.pdf\" target=\"_blank\" rel=\"noopener\">15\/2024 (2024. febru\u00e1r 22-i) sz\u00e1m\u00fa hat\u00e1rozat<\/a> a N\u00e9peg\u00e9szs\u00e9gtani Int\u00e9zet n\u00e9vv\u00e1ltoztat\u00e1s\u00e1r\u00f3l<\/p>\n<p><a href=\"https:\/\/semmelweis.hu\/aok\/files\/2024\/02\/16_CBT_konzulens_hatalybalepes.pdf\" target=\"_blank\" rel=\"noopener\">16\/2024 (2024. febru\u00e1r 22-i) sz\u00e1m\u00fa hat\u00e1rozat<\/a> a kognit\u00edv viselked\u00e9ster\u00e1pi\u00e1s konzulens (CBT konzulens) szakir\u00e1ny\u00fa tov\u00e1bbk\u00e9pz\u00e9si szak ind\u00edt\u00e1s\u00e1r\u00f3l<\/p>\n<p><a href=\"https:\/\/semmelweis.hu\/aok\/files\/2024\/02\/17_CBT_terapeuta_hatalybalepes.pdf\" target=\"_blank\" rel=\"noopener\">17\/2024 (2024. febru\u00e1r 22-i) sz\u00e1m\u00fa hat\u00e1rozat\u00a0<\/a>a kognit\u00edv viselked\u00e9sterapeuta (CBT terapeuta) szakir\u00e1ny\u00fa tov\u00e1bbk\u00e9pz\u00e9si szak ind\u00edt\u00e1s\u00e1r\u00f3l<\/p>\n<p><a href=\"https:\/\/semmelweis.hu\/aok\/files\/2024\/02\/18_SE_Kivalo_oktatoja_hatalybalepes.pdf\" target=\"_blank\" rel=\"noopener\">18\/2024 (2024. febru\u00e1r 22-i) sz\u00e1m\u00fa hat\u00e1rozat<\/a> a Semmelweis Egyetem Kiv\u00e1l\u00f3 Oktat\u00f3ja kit\u00fcntet\u00e9s adom\u00e1nyoz\u00e1s\u00e1r\u00f3l<\/p>\n<p style=\"text-align: justify\"><a href=\"https:\/\/semmelweis.hu\/aok\/files\/2024\/02\/19_STEG_lovetelmenyrendszer_modositasa_hatalybalepes.pdf\" target=\"_blank\" rel=\"noopener\">19\/2024 (2024. febru\u00e1r 22-i) sz\u00e1m\u00fa hat\u00e1rozat<\/a> a \u201eT\u00e1pl\u00e1l\u00e1ster\u00e1pia a gasztroenterol\u00f3giai k\u00f3rk\u00e9pek kezel\u00e9s\u00e9ben \u2013 klinikai fakult\u00e1ci\u00f3\u201d, valamint a \u201eHepatol\u00f3giai fakult\u00e1ci\u00f3\u201d szabadon v\u00e1laszthat\u00f3 tant\u00e1rgyak tant\u00e1rgyfelel\u0151s\u00e9nek v\u00e1lt\u00e1s\u00e1r\u00f3l<\/p>\n<p><strong>English version:<\/strong><\/p>\n<p style=\"text-align: justify\"><a href=\"https:\/\/semmelweis.hu\/aok\/files\/2024\/03\/Decision_no_14_professorpositions.pdf\" target=\"_blank\" rel=\"noopener\">Decision No 14\/2024 (22 February 2024)<\/a> on the candidacy for the positions\u00a0of university professor, associate professor and senior scientific fellow\u00a0announced at the Faculty<\/p>\n<p><a href=\"https:\/\/semmelweis.hu\/aok\/files\/2024\/03\/Decision_no_15_Institute_of_Prev_Med_Public_Health.pdf\" target=\"_blank\" rel=\"noopener\">Decision No 15\/2024 (22 February 2024)<\/a> on the name change of the Department of of Public Health<\/p>\n<p style=\"text-align: justify\"><a href=\"https:\/\/semmelweis.hu\/aok\/files\/2024\/03\/Decision_no_16_CBT_consultant.pdf\" target=\"_blank\" rel=\"noopener\">Decision No 16\/2024 (22 February 2024)<\/a> on the launching the cognitive behavioral consultant (CBT consultant)\u00a0postgraduate specialization programme<\/p>\n<p style=\"text-align: justify\"><a href=\"https:\/\/semmelweis.hu\/aok\/files\/2024\/03\/Decision_no_17_CBT_terapist.pdf\" target=\"_blank\" rel=\"noopener\">Decision No 17\/2024 (22 February 2024)<\/a> on the launching the cognitive behavioral therapist (CBT therapist)\u00a0postgraduate specialization programme<\/p>\n<p><a href=\"https:\/\/semmelweis.hu\/aok\/files\/2024\/03\/Decision_no_18_outstanding_lecturer.pdf\" target=\"_blank\" rel=\"noopener\">Decision No 18\/2024 (22 February 2024)<\/a> on the awarding the Outstanding Lecturer of Semmelweis University<\/p>\n<p style=\"text-align: justify\"><a href=\"https:\/\/semmelweis.hu\/aok\/files\/2024\/03\/Decision_no_19_subject_requirements.pdf\" target=\"_blank\" rel=\"noopener\">Decision No 19\/2024 (22 February 2024)<\/a> on the change of the course coordinator of the elective courses\u00a0&#8222;Nutritional Therapy in the Treatment of Gastroenterological Pathologies &#8211; clinical facultation&#8221; and &#8222;Hepatology Facultation&#8221;<\/p>\n","protected":false},"excerpt":{"rendered":"<p><a href=\"https:\/\/semmelweis.hu\/aok\/files\/2024\/02\/14_etanari_edocensi_tudfomunkatarsi_hatalybalepes.pdf\" target=\"_blank\" rel=\"noopener\">14\/2024 (2024. febru\u00e1r 22-i) sz\u00e1m\u00fa hat\u00e1rozat<\/a> a karon meghirdetett egyetemi tan\u00e1ri, egyetemi docensi, valamint tudom\u00e1nyos f\u0151munkat\u00e1rsi \u00e1ll\u00e1sokra p\u00e1ly\u00e1z\u00f3kr\u00f3l <a href=\"https:\/\/semmelweis.hu\/aok\/files\/2024\/02\/15_Nepegeszsegtani_Intezet_nevvaltozasa_hatalybalepes.pdf\" target=\"_blank\" rel=\"noopener\">15\/2024 (2024. febru\u00e1r 22-i) sz\u00e1m\u00fa hat\u00e1rozat<\/a> a N\u00e9peg\u00e9szs\u00e9gtani Int\u00e9zet n\u00e9vv\u00e1ltoztat\u00e1s\u00e1r\u00f3l <a href=\"https:\/\/semmelweis.hu\/aok\/files\/2024\/02\/16_CBT_konzulens_hatalybalepes.pdf\" target=\"_blank\" rel=\"noopener\">16\/2024 (2024. febru\u00e1r 22-i) sz\u00e1m\u00fa hat\u00e1rozat<\/a> a kognit\u00edv viselked\u00e9ster\u00e1pi\u00e1s konzulens (CBT konzulens) szakir\u00e1ny\u00fa tov\u00e1bbk\u00e9pz\u00e9si szak ind\u00edt\u00e1s\u00e1r\u00f3l <a href=\"https:\/\/semmelweis.hu\/aok\/files\/2024\/02\/17_CBT_terapeuta_hatalybalepes.pdf\" target=\"_blank\" rel=\"noopener\">17\/2024 (2024. febru\u00e1r 22-i) sz\u00e1m\u00fa hat\u00e1rozat\u00a0<\/a> a kognit\u00edv viselked\u00e9sterapeuta (CBT terapeuta) szakir\u00e1ny\u00fa tov\u00e1bbk\u00e9pz\u00e9si szak ind\u00edt\u00e1s\u00e1r\u00f3l <a href=\"https:\/\/semmelweis.hu\/aok\/files\/2024\/02\/18_SE_Kivalo_oktatoja_hatalybalepes.pdf\" target=\"_blank\" rel=\"noopener\">18\/2024 (2024. febru\u00e1r 22-i) sz\u00e1m\u00fa hat\u00e1rozat<\/a> a Semmelweis Egyetem Kiv\u00e1l\u00f3 Oktat\u00f3ja kit\u00fcntet\u00e9s adom\u00e1nyoz\u00e1s\u00e1r\u00f3l <a href=\"https:\/\/semmelweis.hu\/aok\/files\/2024\/02\/19_STEG_lovetelmenyrendszer_modositasa_hatalybalepes.pdf\" target=\"_blank\" rel=\"noopener\">19\/2024 (2024. febru\u00e1r 22-i) sz\u00e1m\u00fa hat\u00e1rozat<\/a> a \u201eT\u00e1pl\u00e1l\u00e1ster\u00e1pia a gasztroenterol\u00f3giai k\u00f3rk\u00e9pek kezel\u00e9s\u00e9ben \u2013 klinikai fakult\u00e1ci\u00f3\u201d, valamint a \u201eHepatol\u00f3giai fakult\u00e1ci\u00f3\u201d &hellip;<\/p>\n","protected":false},"author":102032,"featured_media":0,"parent":1141,"menu_order":0,"comment_status":"closed","ping_status":"closed","template":"","meta":{"_acf_changed":false,"footnotes":""},"categories":[],"tags":[],"class_list":["post-30752","page","type-page","status-publish","hentry"],"acf":[],"publishpress_future_action":{"enabled":false,"date":"1970-01-01 01:00:00","action":"","terms":[],"taxonomy":"","browser_timezone_offset":0},"_links":{"self":[{"href":"https:\/\/semmelweis.hu\/aok\/wp-json\/wp\/v2\/pages\/30752","targetHints":{"allow":["GET"]}}],"collection":[{"href":"https:\/\/semmelweis.hu\/aok\/wp-json\/wp\/v2\/pages"}],"about":[{"href":"https:\/\/semmelweis.hu\/aok\/wp-json\/wp\/v2\/types\/page"}],"author":[{"embeddable":true,"href":"https:\/\/semmelweis.hu\/aok\/wp-json\/wp\/v2\/users\/102032"}],"replies":[{"embeddable":true,"href":"https:\/\/semmelweis.hu\/aok\/wp-json\/wp\/v2\/comments?post=30752"}],"version-history":[{"count":10,"href":"https:\/\/semmelweis.hu\/aok\/wp-json\/wp\/v2\/pages\/30752\/revisions"}],"predecessor-version":[{"id":30899,"href":"https:\/\/semmelweis.hu\/aok\/wp-json\/wp\/v2\/pages\/30752\/revisions\/30899"}],"up":[{"embeddable":true,"href":"https:\/\/semmelweis.hu\/aok\/wp-json\/wp\/v2\/pages\/1141"}],"wp:attachment":[{"href":"https:\/\/semmelweis.hu\/aok\/wp-json\/wp\/v2\/media?parent=30752"}],"wp:term":[{"taxonomy":"category","embeddable":true,"href":"https:\/\/semmelweis.hu\/aok\/wp-json\/wp\/v2\/categories?post=30752"},{"taxonomy":"post_tag","embeddable":true,"href":"https:\/\/semmelweis.hu\/aok\/wp-json\/wp\/v2\/tags?post=30752"}],"curies":[{"name":"wp","href":"https:\/\/api.w.org\/{rel}","templated":true}]}}