{"id":30414,"date":"2023-12-07T10:33:13","date_gmt":"2023-12-07T09:33:13","guid":{"rendered":"https:\/\/semmelweis.hu\/aok\/?page_id=30414"},"modified":"2024-02-26T08:09:39","modified_gmt":"2024-02-26T07:09:39","slug":"2023-december-5-i-hatarozatok","status":"publish","type":"page","link":"https:\/\/semmelweis.hu\/aok\/a-karrol\/kari-tanacs\/a-kari-tanacs-hatarozatai\/2023-december-5-i-hatarozatok\/","title":{"rendered":"2023. december 5-i hat\u00e1rozatok"},"content":{"rendered":"<p style=\"text-align: justify\"><a href=\"https:\/\/semmelweis.hu\/aok\/files\/2023\/12\/10_tanszekvezetoi.pdf\" target=\"_blank\" rel=\"noopener\">10\/2023 (2023. december 5-i) sz\u00e1m\u00fa hat\u00e1rozat<\/a> a karon meghirdetett tansz\u00e9kvezet\u0151i \u00e1ll\u00e1sra p\u00e1ly\u00e1z\u00f3r\u00f3l<\/p>\n<p style=\"text-align: justify\"><a href=\"https:\/\/semmelweis.hu\/aok\/files\/2023\/12\/11_Haynal_Beznak.pdf\" target=\"_blank\" rel=\"noopener\">11\/2023 (2023. december 5-i) sz\u00e1m\u00fa hat\u00e1rozat<\/a> a Dr. Haynal Imre eml\u00e9k\u00e9rem \u00e9s jutalomd\u00edj adom\u00e1nyoz\u00e1s\u00e1r\u00f3l \u00e9s a Dr. Bezn\u00e1k Alad\u00e1r eml\u00e9k\u00e9rem \u00e9s jutalomd\u00edj adom\u00e1nyoz\u00e1s\u00e1r\u00f3l sz\u00f3l\u00f3 szab\u00e1lyzatok m\u00f3dos\u00edt\u00e1s\u00e1r\u00f3l<\/p>\n<p style=\"text-align: justify\"><a href=\"https:\/\/semmelweis.hu\/aok\/files\/2023\/12\/12_oktato_osztay.pdf\" target=\"_blank\" rel=\"noopener\">12\/2023 (2023. december 5-i) sz\u00e1m\u00fa hat\u00e1rozat<\/a> az \u201eOktat\u00f3 Oszt\u00e1ly\u201d, valamint \u201eGyakorl\u00f3 K\u00f3rh\u00e1z \u00e9s Gyakorl\u00f3 Oszt\u00e1ly\u201d c\u00edmek elnyer\u00e9s\u00e9r\u0151l \u00e9s meg\u00faj\u00edt\u00e1s\u00e1r\u00f3l az \u00c1ltal\u00e1nos Orvostudom\u00e1nyi Karon<\/p>\n<p style=\"text-align: justify\"><strong>English version:<\/strong><\/p>\n<p style=\"text-align: justify\"><a href=\"https:\/\/semmelweis.hu\/aok\/files\/2023\/12\/Decision_no_10_head_of_department-1.pdf\" target=\"_blank\" rel=\"noopener\">Decision No 10\/2023 (5 December 2023)<\/a> on the candidate for the position of head of department\u00a0announced by the Faculty<\/p>\n<p style=\"text-align: justify\"><a href=\"https:\/\/semmelweis.hu\/aok\/files\/2023\/12\/Decision_no_11_Memorial_Medal_Haynal_Beznak.pdf\">Decision No 11\/2023 (5 December 2023)<\/a> on the amendments of the rules on the awarding of the Dr. Haynal Imre Memorial Medal and Prize and the Dr. Bezn\u00e1k Alad\u00e1r Memorial Medal and Prize<\/p>\n<p><a href=\"https:\/\/semmelweis.hu\/aok\/files\/2024\/01\/Decision_no_12_Teaching_and_Practising_Dep_Hospital.pdf\" target=\"_blank\" rel=\"noopener\">Decision No 12\/2023 (5 December 2023)<\/a> on the award of the titles\u00a0\u201cTeaching Department\u201d and \u201cPracticing Hospital and Practicing Department\u201d<\/p>\n<p>&nbsp;<\/p>\n","protected":false},"excerpt":{"rendered":"<p><a href=\"https:\/\/semmelweis.hu\/aok\/files\/2023\/12\/10_tanszekvezetoi.pdf\" target=\"_blank\" rel=\"noopener\">10\/2023 (2023. december 5-i) sz\u00e1m\u00fa hat\u00e1rozat<\/a> a karon meghirdetett tansz\u00e9kvezet\u0151i \u00e1ll\u00e1sra p\u00e1ly\u00e1z\u00f3r\u00f3l <a href=\"https:\/\/semmelweis.hu\/aok\/files\/2023\/12\/11_Haynal_Beznak.pdf\" target=\"_blank\" rel=\"noopener\">11\/2023 (2023. december 5-i) sz\u00e1m\u00fa hat\u00e1rozat<\/a> a Dr. Haynal Imre eml\u00e9k\u00e9rem \u00e9s jutalomd\u00edj adom\u00e1nyoz\u00e1s\u00e1r\u00f3l \u00e9s a Dr. Bezn\u00e1k Alad\u00e1r eml\u00e9k\u00e9rem \u00e9s jutalomd\u00edj adom\u00e1nyoz\u00e1s\u00e1r\u00f3l sz\u00f3l\u00f3 szab\u00e1lyzatok m\u00f3dos\u00edt\u00e1s\u00e1r\u00f3l <a href=\"https:\/\/semmelweis.hu\/aok\/files\/2023\/12\/12_oktato_osztay.pdf\" target=\"_blank\" rel=\"noopener\">12\/2023 (2023. december 5-i) sz\u00e1m\u00fa hat\u00e1rozat<\/a> az \u201eOktat\u00f3 Oszt\u00e1ly\u201d, valamint \u201eGyakorl\u00f3 K\u00f3rh\u00e1z \u00e9s Gyakorl\u00f3 Oszt\u00e1ly\u201d c\u00edmek elnyer\u00e9s\u00e9r\u0151l \u00e9s meg\u00faj\u00edt\u00e1s\u00e1r\u00f3l az \u00c1ltal\u00e1nos Orvostudom\u00e1nyi Karon English version: <a href=\"https:\/\/semmelweis.hu\/aok\/files\/2023\/12\/Decision_no_10_head_of_department-1.pdf\" target=\"_blank\" rel=\"noopener\">Decision No 10\/2023 (5 December 2023)<\/a> on the candidate for the position of head of department\u00a0announced &hellip;<\/p>\n","protected":false},"author":102032,"featured_media":0,"parent":1141,"menu_order":0,"comment_status":"closed","ping_status":"closed","template":"","meta":{"_acf_changed":false,"footnotes":""},"categories":[],"tags":[],"class_list":["post-30414","page","type-page","status-publish","hentry"],"acf":[],"publishpress_future_action":{"enabled":false,"date":"1970-01-01 01:00:00","action":"","terms":[],"taxonomy":"","browser_timezone_offset":0},"_links":{"self":[{"href":"https:\/\/semmelweis.hu\/aok\/wp-json\/wp\/v2\/pages\/30414","targetHints":{"allow":["GET"]}}],"collection":[{"href":"https:\/\/semmelweis.hu\/aok\/wp-json\/wp\/v2\/pages"}],"about":[{"href":"https:\/\/semmelweis.hu\/aok\/wp-json\/wp\/v2\/types\/page"}],"author":[{"embeddable":true,"href":"https:\/\/semmelweis.hu\/aok\/wp-json\/wp\/v2\/users\/102032"}],"replies":[{"embeddable":true,"href":"https:\/\/semmelweis.hu\/aok\/wp-json\/wp\/v2\/comments?post=30414"}],"version-history":[{"count":10,"href":"https:\/\/semmelweis.hu\/aok\/wp-json\/wp\/v2\/pages\/30414\/revisions"}],"predecessor-version":[{"id":30755,"href":"https:\/\/semmelweis.hu\/aok\/wp-json\/wp\/v2\/pages\/30414\/revisions\/30755"}],"up":[{"embeddable":true,"href":"https:\/\/semmelweis.hu\/aok\/wp-json\/wp\/v2\/pages\/1141"}],"wp:attachment":[{"href":"https:\/\/semmelweis.hu\/aok\/wp-json\/wp\/v2\/media?parent=30414"}],"wp:term":[{"taxonomy":"category","embeddable":true,"href":"https:\/\/semmelweis.hu\/aok\/wp-json\/wp\/v2\/categories?post=30414"},{"taxonomy":"post_tag","embeddable":true,"href":"https:\/\/semmelweis.hu\/aok\/wp-json\/wp\/v2\/tags?post=30414"}],"curies":[{"name":"wp","href":"https:\/\/api.w.org\/{rel}","templated":true}]}}