{"id":30260,"date":"2023-11-23T13:02:58","date_gmt":"2023-11-23T12:02:58","guid":{"rendered":"https:\/\/semmelweis.hu\/aok\/?page_id=30260"},"modified":"2023-11-27T13:52:39","modified_gmt":"2023-11-27T12:52:39","slug":"2023-november-20-i-hatarozat","status":"publish","type":"page","link":"https:\/\/semmelweis.hu\/aok\/a-karrol\/kari-tanacs\/a-kari-tanacs-hatarozatai\/2023-november-20-i-hatarozat\/","title":{"rendered":"2023. NOVEMBER 20-I HAT\u00c1ROZAT"},"content":{"rendered":"<p style=\"text-align: justify\"><a href=\"https:\/\/semmelweis.hu\/aok\/files\/2023\/11\/9_dekani_hatalybalepes_2023_11_23.pdf\" target=\"_blank\" rel=\"noopener\">9\/2023 (2023. november 20-i) sz\u00e1m\u00fa hat\u00e1rozat<\/a> az \u00c1ltal\u00e1nos Orvostudom\u00e1nyi Kar d\u00e9k\u00e1ni tiszts\u00e9g\u00e9re beny\u00fajtott p\u00e1ly\u00e1zatr\u00f3l<\/p>\n<p><strong>English version:<\/strong><\/p>\n<p><a href=\"https:\/\/semmelweis.hu\/aok\/files\/2023\/11\/Decision_no_9_dean.pdf\" target=\"_blank\" rel=\"noopener\">Decision No 9\/2023 (20 November 2023)<\/a> on the application for the post of Dean of the Faculty of Medicine<\/p>\n<p>&nbsp;<\/p>\n","protected":false},"excerpt":{"rendered":"<p><a href=\"https:\/\/semmelweis.hu\/aok\/files\/2023\/11\/9_dekani_hatalybalepes_2023_11_23.pdf\" target=\"_blank\" rel=\"noopener\">9\/2023 (2023. november 20-i) sz\u00e1m\u00fa hat\u00e1rozat<\/a> az \u00c1ltal\u00e1nos Orvostudom\u00e1nyi Kar d\u00e9k\u00e1ni tiszts\u00e9g\u00e9re beny\u00fajtott p\u00e1ly\u00e1zatr\u00f3l<br \/>\nEnglish version:<br \/>\n<a href=\"https:\/\/semmelweis.hu\/aok\/files\/2023\/11\/Decision_no_9_dean.pdf\" target=\"_blank\" rel=\"noopener\">Decision No 9\/2023 (20 November 2023)<\/a> on the application for the post of Dean of the Faculty of Medicine<br \/>\n&nbsp;<\/p>\n","protected":false},"author":102047,"featured_media":0,"parent":1141,"menu_order":0,"comment_status":"closed","ping_status":"closed","template":"","meta":{"_acf_changed":false,"footnotes":""},"categories":[],"tags":[],"class_list":["post-30260","page","type-page","status-publish","hentry"],"acf":[],"publishpress_future_action":{"enabled":false,"date":"1970-01-01 01:00:00","action":"","terms":[],"taxonomy":"","browser_timezone_offset":0},"_links":{"self":[{"href":"https:\/\/semmelweis.hu\/aok\/wp-json\/wp\/v2\/pages\/30260","targetHints":{"allow":["GET"]}}],"collection":[{"href":"https:\/\/semmelweis.hu\/aok\/wp-json\/wp\/v2\/pages"}],"about":[{"href":"https:\/\/semmelweis.hu\/aok\/wp-json\/wp\/v2\/types\/page"}],"author":[{"embeddable":true,"href":"https:\/\/semmelweis.hu\/aok\/wp-json\/wp\/v2\/users\/102047"}],"replies":[{"embeddable":true,"href":"https:\/\/semmelweis.hu\/aok\/wp-json\/wp\/v2\/comments?post=30260"}],"version-history":[{"count":4,"href":"https:\/\/semmelweis.hu\/aok\/wp-json\/wp\/v2\/pages\/30260\/revisions"}],"predecessor-version":[{"id":30271,"href":"https:\/\/semmelweis.hu\/aok\/wp-json\/wp\/v2\/pages\/30260\/revisions\/30271"}],"up":[{"embeddable":true,"href":"https:\/\/semmelweis.hu\/aok\/wp-json\/wp\/v2\/pages\/1141"}],"wp:attachment":[{"href":"https:\/\/semmelweis.hu\/aok\/wp-json\/wp\/v2\/media?parent=30260"}],"wp:term":[{"taxonomy":"category","embeddable":true,"href":"https:\/\/semmelweis.hu\/aok\/wp-json\/wp\/v2\/categories?post=30260"},{"taxonomy":"post_tag","embeddable":true,"href":"https:\/\/semmelweis.hu\/aok\/wp-json\/wp\/v2\/tags?post=30260"}],"curies":[{"name":"wp","href":"https:\/\/api.w.org\/{rel}","templated":true}]}}