{"id":30180,"date":"2023-11-02T13:05:18","date_gmt":"2023-11-02T12:05:18","guid":{"rendered":"https:\/\/semmelweis.hu\/aok\/?page_id=30180"},"modified":"2026-01-06T13:47:26","modified_gmt":"2026-01-06T12:47:26","slug":"mintatanterv","status":"publish","type":"page","link":"https:\/\/semmelweis.hu\/aok\/oktatas\/mintatanterv\/","title":{"rendered":"Mintatanterv"},"content":{"rendered":"<ul>\n<li><a href=\"https:\/\/semmelweis.hu\/aok\/files\/2025\/09\/2025-2026-AOK-mintatanterv_vegleges.pdf\" target=\"_blank\" rel=\"noopener\">Az \u00e1ltal\u00e1nos orvos szak 2025\/2026. tan\u00e9vben aj\u00e1nlott mintatanterve<\/a><\/li>\n<li><a href=\"https:\/\/semmelweis.hu\/aok\/files\/2025\/10\/000_UJ_osszes_2025_2026pdf.pdf\" target=\"_blank\" rel=\"noopener\">Tanulm\u00e1nyi T\u00e1j\u00e9koztat\u00f3 2025-2026<\/a><\/li>\n<li><a href=\"https:\/\/semmelweis.hu\/aok\/files\/2025\/09\/Kotelezo-tantargyak-eloadoi_2025_26_honlapra.pdf\" target=\"_blank\" rel=\"noopener\">K\u00f6telez\u0151 tant\u00e1rgyak el\u0151ad\u00f3i 2025\/2026. tan\u00e9v<\/a><\/li>\n<li><a href=\"https:\/\/semmelweis.hu\/aok\/files\/2025\/09\/A-diploma-atlagaba-beszamito-targyak_2025-szept-VEGLEGES-HONLAPRA.pdf\">Diploma\u00e1tlagba besz\u00e1m\u00edt\u00f3 t\u00e1rgyak <\/a><\/li>\n<li><a href=\"https:\/\/semmelweis.hu\/aok\/files\/2025\/09\/AOK-FOK-kettos-diploma_2025-26.pdf\" target=\"_blank\" rel=\"noopener\">Fogorvostudom\u00e1nyi karon v\u00e9gzett, az \u00c1ltal\u00e1nos Orvostudom\u00e1nyi Kar \u00e1ltal\u00e1nos orvos szak\u00e1ra felvett hallgat\u00f3k mintatanterve 2025-26<\/a><\/li>\n<li><a href=\"https:\/\/semmelweis.hu\/aok\/files\/2025\/07\/Kepzesi-program_Neurologiai-szakgyogytornasz-2025.pdf\" target=\"_blank\" rel=\"noopener\">Neurol\u00f3giai Szakgy\u00f3gytorn\u00e1sz szakir\u00e1ny\u00fa tov\u00e1bbk\u00e9pz\u00e9s mintatanterve 2025-26<\/a><\/li>\n<li><a href=\"https:\/\/semmelweis.hu\/aok\/files\/2025\/12\/Mintatanterv_altalanos-orvosi-es-klinikai-MSc_Egyetemi_Honapra.pdf\" target=\"_blank\" rel=\"noopener\">Bizony\u00edt\u00e9kokon alapul\u00f3 \u00e1ltal\u00e1nos orvosi \u00e9s klinikai pszichol\u00f3gia MSc k\u00e9pz\u00e9s mintatanterve<\/a>\u00a0<\/li>\n<\/ul>\n<p>&nbsp;<\/p>\n<div class=\"exp-col-content-holder\" style=\"padding-left: 80px\"><span style=\"font-size: 12pt\"><a class=\"expand-cnt-link\" href=\"#\">KOR\u00c1BBI TAN\u00c9VEK TANULM\u00c1NYI T\u00c1J\u00c9KOZTAT\u00d3 DOKUMENTUMAI\u00a0<\/a><\/span><\/p>\n<div class=\"hidden-content\" style=\"padding-left: 80px\">\n<p><a href=\"https:\/\/semmelweis.hu\/aok\/files\/2025\/05\/Tanulmanyi-tajekoztato-2024_2025-osszes.pdf\" target=\"_blank\" rel=\"noopener\">Tanulm\u00e1nyi T\u00e1j\u00e9koztat\u00f3 2024-2025<\/a><\/p>\n<p><a href=\"https:\/\/semmelweis.hu\/aok\/files\/2023\/11\/Tanulmanyi-tajekoztato-2023-2024.pdf\" target=\"_blank\" rel=\"noopener\">\u00c1ltal\u00e1nos orvos szak \u2013 Tanulm\u00e1nyi t\u00e1j\u00e9koztat\u00f3 2023-24.<\/a><\/p>\n<p><a href=\"https:\/\/semmelweis.hu\/aok\/files\/2022\/11\/TANULMANYI-TAJEKOZTATO-2022_23.pdf\" target=\"_blank\" rel=\"noopener\">Tanulm\u00e1nyi T\u00e1j\u00e9koztat\u00f3 2022-2023<\/a>\u00a0<\/p>\n<p><a href=\"https:\/\/semmelweis.hu\/aok\/files\/2021\/10\/Tanulm\u00e1nyi-t\u00e1j\u00e9koztat\u00f3-2021-2022.-friss\u00edtett-10.07.pdf\" target=\"_blank\" rel=\"noopener\">Tanulm\u00e1nyi t\u00e1j\u00e9koztat\u00f3 2021-2022<\/a>\u00a0<\/p>\n<p><a href=\"https:\/\/semmelweis.hu\/aok\/files\/2020\/12\/TANULM\u00c1NYI-T\u00c1J\u00c9KOZTAT\u00d3-2020_21_20201231.pdf\" target=\"_blank\" rel=\"noopener noreferrer\">Tanulm\u00e1nyi t\u00e1j\u00e9koztat\u00f3 2020-2021<\/a>\u00a0<\/p>\n<p><a href=\"https:\/\/semmelweis.hu\/aok\/files\/2020\/06\/TANULM\u00c1NYI-T\u00c1J\u00c9KOZTAT\u00d3-2019_20_2020.-j\u00fanius.pdf\" target=\"_blank\" rel=\"noopener noreferrer\">Tanulm\u00e1nyi T\u00e1j\u00e9koztat\u00f3 2019-2020<\/a>\u00a0<\/p>\n<p><a href=\"https:\/\/semmelweis.hu\/aok\/files\/2019\/10\/T\u00c1J\u00c9KOZTAT\u00d3-k\u00f6lts\u00e9gt\u00e9r\u00edt\u00e9s.pdf\" target=\"_blank\" rel=\"noopener noreferrer\">A 2019-2020-as tanulm\u00e1nyi t\u00e1j\u00e9koztat\u00f3 mell\u00e9klete<\/a>\u00a0<\/p>\n<p><a href=\"https:\/\/semmelweis.hu\/aok\/files\/2018\/09\/Tanulm\u00e1nyi-t\u00e1j\u00e9koztat\u00f3-2018-2019.pdf\" target=\"_blank\" rel=\"noopener noreferrer\">Tanulm\u00e1nyi T\u00e1j\u00e9koztat\u00f3 2018-2019<\/a>\u00a0<\/p>\n<p><a href=\"https:\/\/semmelweis.hu\/aok\/files\/2017\/05\/TANULM\u00c1NYI-T\u00c1J\u00c9KOZTAT\u00d3-2017-2018-1.doc\" target=\"_blank\" rel=\"noopener\">Tanulm\u00e1nyi T\u00e1j\u00e9koztat\u00f3 2017-2018<\/a>\u00a0<\/p>\n<p><a href=\"https:\/\/semmelweis.hu\/aok\/files\/2012\/03\/TANULM\u00c1NYI-T\u00c1J\u00c9KOZTAT\u00d3-2016-2017.doc\" target=\"_blank\" rel=\"noopener\">Tanulm\u00e1nyi T\u00e1j\u00e9koztat\u00f3 2016-2017<\/a>\u00a0<\/p>\n<p><a href=\"https:\/\/semmelweis.hu\/aok\/files\/2012\/03\/TANULM\u00c1NYI-T\u00c1J\u00c9KOZTAT\u00d3-2015-16-1.doc\" target=\"_blank\" rel=\"noopener\">Tanulm\u00e1nyi T\u00e1j\u00e9koztat\u00f3 2015-2016<\/a>\u00a0<\/p>\n<\/div>\n<\/div>\n<div class=\"hidden-content\" style=\"padding-left: 80px\">\n<div class=\"exp-col-content-holder\"><span style=\"font-size: 12pt\"><a class=\"expand-cnt-link\" href=\"#\">KOR\u00c1BBI TAN\u00c9VEK MINTATANTERVEI<\/a><\/span><\/p>\n<div class=\"hidden-content\">\n<ul>\n<li><a href=\"https:\/\/semmelweis.hu\/aok\/files\/2024\/08\/2024-2025_0826-1.pdf\" target=\"_blank\" rel=\"noopener\">Az \u00e1ltal\u00e1nos orvos szak 2024\/2025. tan\u00e9vben aj\u00e1nlott mintatanterve<\/a><\/li>\n<li><a href=\"https:\/\/semmelweis.hu\/aok\/files\/2024\/12\/AOK-FOK-kettos-diploma_2024.pdf\" target=\"_blank\" rel=\"noopener\">Fogorvostudom\u00e1nyi karon v\u00e9gzett, az \u00c1ltal\u00e1nos Orvostudom\u00e1nyi Kar \u00e1ltal\u00e1nos orvos szak\u00e1ra felvett hallgat\u00f3k mintatanterve 2024-25<\/a><\/li>\n<li><a href=\"https:\/\/semmelweis.hu\/aok\/files\/2023\/11\/AOK-FOK-kettos-diploma_2023.pdf\" target=\"_blank\" rel=\"noopener\">Fogorvostudom\u00e1nyi karon v\u00e9gzett, az \u00c1ltal\u00e1nos Orvostudom\u00e1nyi Kar \u00e1ltal\u00e1nos orvos szak\u00e1ra felvett hallgat\u00f3k mintatanterve 2023-24<\/a><\/li>\n<li>\n<p><a href=\"https:\/\/semmelweis.hu\/aok\/files\/2023\/11\/Neurologiai-szakgyogytornasz-Ke\u0301pze\u0301si-program_2023_2024.pdf\" target=\"_blank\" rel=\"noopener\">Neurol\u00f3giai Szakgy\u00f3gytorn\u00e1sz szakir\u00e1ny\u00fa tov\u00e1bbk\u00e9pz\u00e9s mintatanterve 2023-24.<\/a><\/p>\n<\/li>\n<\/ul>\n<\/div>\n<\/div>\n<\/div>\n","protected":false},"excerpt":{"rendered":"<p><a href=\"https:\/\/semmelweis.hu\/aok\/files\/2025\/09\/2025-2026-AOK-mintatanterv_vegleges.pdf\" target=\"_blank\" rel=\"noopener\">Az \u00e1ltal\u00e1nos orvos szak 2025\/2026. tan\u00e9vben aj\u00e1nlott mintatanterve<\/a><br \/>\n<a href=\"https:\/\/semmelweis.hu\/aok\/files\/2025\/10\/000_UJ_osszes_2025_2026pdf.pdf\" target=\"_blank\" rel=\"noopener\">Tanulm\u00e1nyi T\u00e1j\u00e9koztat\u00f3 2025-2026<\/a><br \/>\n<a href=\"https:\/\/semmelweis.hu\/aok\/files\/2025\/09\/Kotelezo-tantargyak-eloadoi_2025_26_honlapra.pdf\" target=\"_blank\" rel=\"noopener\">K\u00f6telez\u0151 tant\u00e1rgyak el\u0151ad\u00f3i 2025\/2026. tan\u00e9v<\/a><br \/>\n<a href=\"https:\/\/semmelweis.hu\/aok\/files\/2025\/09\/A-diploma-atlagaba-beszamito-targyak_2025-szept-VEGLEGES-HONLAPRA.pdf\">Diploma\u00e1tlagba besz\u00e1m\u00edt\u00f3 t\u00e1rgyak <\/a><br \/>\n<a href=\"https:\/\/semmelweis.hu\/aok\/files\/2025\/09\/AOK-FOK-kettos-diploma_2025-26.pdf\" target=\"_blank\" rel=\"noopener\">Fogorvostudom\u00e1nyi karon v\u00e9gzett, az \u00c1ltal\u00e1nos Orvostudom\u00e1nyi Kar \u00e1ltal\u00e1nos orvos szak\u00e1ra felvett hallgat\u00f3k mintatanterve 2025-26<\/a><br \/>\n<a href=\"https:\/\/semmelweis.hu\/aok\/files\/2025\/07\/Kepzesi-program_Neurologiai-szakgyogytornasz-2025.pdf\" target=\"_blank\" rel=\"noopener\">Neurol\u00f3giai Szakgy\u00f3gytorn\u00e1sz szakir\u00e1ny\u00fa tov\u00e1bbk\u00e9pz\u00e9s mintatanterve 2025-26<\/a><br \/>\n<a href=\"https:\/\/semmelweis.hu\/aok\/files\/2025\/12\/Mintatanterv_altalanos-orvosi-es-klinikai-MSc_Egyetemi_Honapra.pdf\" target=\"_blank\" rel=\"noopener\">Bizony\u00edt\u00e9kokon alapul\u00f3 \u00e1ltal\u00e1nos orvosi \u00e9s klinikai pszichol\u00f3gia MSc k\u00e9pz\u00e9s mintatanterve<\/a>\u00a0<\/p>\n<p>&nbsp;<br \/>\n<a class=\"expand-cnt-link\" href=\"#\">KOR\u00c1BBI TAN\u00c9VEK TANULM\u00c1NYI T\u00c1J\u00c9KOZTAT\u00d3 DOKUMENTUMAI\u00a0<\/a><\/p>\n<p><a href=\"https:\/\/semmelweis.hu\/aok\/files\/2025\/05\/Tanulmanyi-tajekoztato-2024_2025-osszes.pdf\" target=\"_blank\" rel=\"noopener\">Tanulm\u00e1nyi T\u00e1j\u00e9koztat\u00f3 2024-2025<\/a><br \/>\n<a href=\"https:\/\/semmelweis.hu\/aok\/files\/2023\/11\/Tanulmanyi-tajekoztato-2023-2024.pdf\" target=\"_blank\" rel=\"noopener\">\u00c1ltal\u00e1nos orvos szak \u2013 Tanulm\u00e1nyi t\u00e1j\u00e9koztat\u00f3 2023-24.<\/a><br \/>\n<a href=\"https:\/\/semmelweis.hu\/aok\/files\/2022\/11\/TANULMANYI-TAJEKOZTATO-2022_23.pdf\" target=\"_blank\" rel=\"noopener\">Tanulm\u00e1nyi T\u00e1j\u00e9koztat\u00f3 2022-2023<\/a>\u00a0<br \/>\n<a href=\"https:\/\/semmelweis.hu\/aok\/files\/2021\/10\/Tanulm\u00e1nyi-t\u00e1j\u00e9koztat\u00f3-2021-2022.-friss\u00edtett-10.07.pdf\" target=\"_blank\" rel=\"noopener\">Tanulm\u00e1nyi t\u00e1j\u00e9koztat\u00f3 2021-2022<\/a>\u00a0<br \/>\n<a href=\"https:\/\/semmelweis.hu\/aok\/files\/2020\/12\/TANULM\u00c1NYI-T\u00c1J\u00c9KOZTAT\u00d3-2020_21_20201231.pdf\" target=\"_blank\" rel=\"noopener noreferrer\">Tanulm\u00e1nyi t\u00e1j\u00e9koztat\u00f3 2020-2021<\/a>\u00a0<br \/>\n<a href=\"https:\/\/semmelweis.hu\/aok\/files\/2020\/06\/TANULM\u00c1NYI-T\u00c1J\u00c9KOZTAT\u00d3-2019_20_2020.-j\u00fanius.pdf\" target=\"_blank\" rel=\"noopener noreferrer\">Tanulm\u00e1nyi T\u00e1j\u00e9koztat\u00f3 2019-2020<\/a>\u00a0<br \/>\n<a href=\"https:\/\/semmelweis.hu\/aok\/files\/2019\/10\/T\u00c1J\u00c9KOZTAT\u00d3-k\u00f6lts\u00e9gt\u00e9r\u00edt\u00e9s.pdf\" target=\"_blank\" rel=\"noopener noreferrer\">A 2019-2020-as tanulm\u00e1nyi t\u00e1j\u00e9koztat\u00f3 mell\u00e9klete<\/a>\u00a0<br \/>\n<a href=\"https:\/\/semmelweis.hu\/aok\/files\/2018\/09\/Tanulm\u00e1nyi-t\u00e1j\u00e9koztat\u00f3-2018-2019.pdf\" target=\"_blank\" rel=\"noopener noreferrer\">Tanulm\u00e1nyi T\u00e1j\u00e9koztat\u00f3 2018-2019<\/a>\u00a0<br \/>\n<a href=\"https:\/\/semmelweis.hu\/aok\/files\/2017\/05\/TANULM\u00c1NYI-T\u00c1J\u00c9KOZTAT\u00d3-2017-2018-1.doc\" target=\"_blank\" rel=\"noopener\">Tanulm\u00e1nyi T\u00e1j\u00e9koztat\u00f3 2017-2018<\/a>\u00a0<br \/>\n<a href=\"https:\/\/semmelweis.hu\/aok\/files\/2012\/03\/TANULM\u00c1NYI-T\u00c1J\u00c9KOZTAT\u00d3-2016-2017.doc\" target=\"_blank\" rel=\"noopener\">Tanulm\u00e1nyi T\u00e1j\u00e9koztat\u00f3 2016-2017<\/a>\u00a0<br \/>\n<a href=\"https:\/\/semmelweis.hu\/aok\/files\/2012\/03\/TANULM\u00c1NYI-T\u00c1J\u00c9KOZTAT\u00d3-2015-16-1.doc\" target=\"_blank\" rel=\"noopener\">Tanulm\u00e1nyi T\u00e1j\u00e9koztat\u00f3 2015-2016<\/a>\u00a0<\/p>\n<p><a class=\"expand-cnt-link\" href=\"#\">KOR\u00c1BBI TAN\u00c9VEK MINTATANTERVEI<\/a><\/p>\n<p><a href=\"https:\/\/semmelweis.hu\/aok\/files\/2024\/08\/2024-2025_0826-1.pdf\" target=\"_blank\" rel=\"noopener\">Az \u00e1ltal\u00e1nos orvos szak 2024\/2025. tan\u00e9vben aj\u00e1nlott mintatanterve<\/a><br \/>\n<a href=\"https:\/\/semmelweis.hu\/aok\/files\/2024\/12\/AOK-FOK-kettos-diploma_2024.pdf\" target=\"_blank\" rel=\"noopener\">Fogorvostudom\u00e1nyi karon v\u00e9gzett, az \u00c1ltal\u00e1nos Orvostudom\u00e1nyi Kar \u00e1ltal\u00e1nos orvos szak\u00e1ra felvett hallgat\u00f3k mintatanterve 2024-25<\/a><br \/>\n<a href=\"https:\/\/semmelweis.hu\/aok\/files\/2023\/11\/AOK-FOK-kettos-diploma_2023.pdf\" target=\"_blank\" rel=\"noopener\">Fogorvostudom\u00e1nyi karon v\u00e9gzett, az \u00c1ltal\u00e1nos Orvostudom\u00e1nyi Kar \u00e1ltal\u00e1nos orvos szak\u00e1ra felvett hallgat\u00f3k mintatanterve 2023-24<\/a><\/p>\n<p><a href=\"https:\/\/semmelweis.hu\/aok\/files\/2023\/11\/Neurologiai-szakgyogytornasz-Ke\u0301pze\u0301si-program_2023_2024.pdf\" target=\"_blank\" rel=\"noopener\">Neurol\u00f3giai Szakgy\u00f3gytorn\u00e1sz szakir\u00e1ny\u00fa tov\u00e1bbk\u00e9pz\u00e9s mintatanterve 2023-24.<\/a><\/p>\n","protected":false},"author":101542,"featured_media":0,"parent":126,"menu_order":2,"comment_status":"closed","ping_status":"closed","template":"","meta":{"_acf_changed":false,"footnotes":""},"categories":[],"tags":[],"class_list":["post-30180","page","type-page","status-publish","hentry"],"acf":[],"publishpress_future_action":{"enabled":false,"date":"1970-01-01 01:00:00","action":"","terms":[],"taxonomy":"","browser_timezone_offset":0},"_links":{"self":[{"href":"https:\/\/semmelweis.hu\/aok\/wp-json\/wp\/v2\/pages\/30180","targetHints":{"allow":["GET"]}}],"collection":[{"href":"https:\/\/semmelweis.hu\/aok\/wp-json\/wp\/v2\/pages"}],"about":[{"href":"https:\/\/semmelweis.hu\/aok\/wp-json\/wp\/v2\/types\/page"}],"author":[{"embeddable":true,"href":"https:\/\/semmelweis.hu\/aok\/wp-json\/wp\/v2\/users\/101542"}],"replies":[{"embeddable":true,"href":"https:\/\/semmelweis.hu\/aok\/wp-json\/wp\/v2\/comments?post=30180"}],"version-history":[{"count":11,"href":"https:\/\/semmelweis.hu\/aok\/wp-json\/wp\/v2\/pages\/30180\/revisions"}],"predecessor-version":[{"id":33705,"href":"https:\/\/semmelweis.hu\/aok\/wp-json\/wp\/v2\/pages\/30180\/revisions\/33705"}],"up":[{"embeddable":true,"href":"https:\/\/semmelweis.hu\/aok\/wp-json\/wp\/v2\/pages\/126"}],"wp:attachment":[{"href":"https:\/\/semmelweis.hu\/aok\/wp-json\/wp\/v2\/media?parent=30180"}],"wp:term":[{"taxonomy":"category","embeddable":true,"href":"https:\/\/semmelweis.hu\/aok\/wp-json\/wp\/v2\/categories?post=30180"},{"taxonomy":"post_tag","embeddable":true,"href":"https:\/\/semmelweis.hu\/aok\/wp-json\/wp\/v2\/tags?post=30180"}],"curies":[{"name":"wp","href":"https:\/\/api.w.org\/{rel}","templated":true}]}}