{"id":30117,"date":"2023-10-04T12:08:33","date_gmt":"2023-10-04T10:08:33","guid":{"rendered":"https:\/\/semmelweis.hu\/aok\/?page_id=30117"},"modified":"2023-10-18T11:15:32","modified_gmt":"2023-10-18T09:15:32","slug":"2023-oktober-3-i-hatarozatok","status":"publish","type":"page","link":"https:\/\/semmelweis.hu\/aok\/a-karrol\/kari-tanacs\/a-kari-tanacs-hatarozatai\/2023-oktober-3-i-hatarozatok\/","title":{"rendered":"2023. okt\u00f3ber 3-i hat\u00e1rozatok"},"content":{"rendered":"<p style=\"text-align: justify\"><a href=\"https:\/\/semmelweis.hu\/aok\/files\/2023\/10\/1_igazgatoi_tanszekvezetoi.pdf\" target=\"_blank\" rel=\"noopener\">1\/2023 (2023. okt\u00f3ber 3-i) sz\u00e1m\u00fa hat\u00e1rozat<\/a> a karon meghirdetett igazgat\u00f3i, tansz\u00e9kvezet\u0151i \u00e1ll\u00e1sokra p\u00e1ly\u00e1z\u00f3kr\u00f3l<\/p>\n<p style=\"text-align: justify\"><a href=\"https:\/\/semmelweis.hu\/aok\/files\/2023\/10\/2_bizottsagok_szemelyi_osszetetele.pdf\" target=\"_blank\" rel=\"noopener\">2\/2023 (2023. okt\u00f3ber 3-i) sz\u00e1m\u00fa hat\u00e1rozat<\/a> a Szen\u00e1tus \u00e1ltal l\u00e9trehozott Karon m\u0171k\u00f6d\u0151 bizotts\u00e1gok (Etikai \u00e9s Fegyelmi Bizotts\u00e1g, Kredit\u00e1tviteli Bizotts\u00e1g, Tanulm\u00e1nyi \u00e9s Vizsgabizotts\u00e1g), valamint a Kari Tan\u00e1cs \u00e1ltal l\u00e9trehozott Karon m\u0171k\u00f6d\u0151 bizotts\u00e1gok (Akkredit\u00e1ci\u00f3s Bizotts\u00e1g, Oktat\u00e1si Bizotts\u00e1g, OMHV Bizotts\u00e1g, Tudom\u00e1nyos Bizotts\u00e1g) hallgat\u00f3 tagjainak megv\u00e1laszt\u00e1s\u00e1ra vonatkoz\u00f3 javaslatr\u00f3l<\/p>\n<p style=\"text-align: justify\"><a href=\"https:\/\/semmelweis.hu\/aok\/files\/2023\/10\/3_OMHV.pdf\" target=\"_blank\" rel=\"noopener\">3\/2023 (2023. okt\u00f3ber 3-i) sz\u00e1m\u00fa hat\u00e1rozat<\/a> a kari Oktat\u00f3i Munka Hallgat\u00f3i V\u00e9lem\u00e9nyez\u00e9s\u00e9nek Rendje fel\u00fclvizsg\u00e1lat\u00e1r\u00f3l<\/p>\n<p style=\"text-align: justify\"><a href=\"https:\/\/semmelweis.hu\/aok\/files\/2023\/10\/4_Pankreasz.pdf\" target=\"_blank\" rel=\"noopener\">4\/2023 (2023. okt\u00f3ber 3-i) sz\u00e1m\u00fa hat\u00e1rozat<\/a> a Pancreas Betegs\u00e9gek Tansz\u00e9ki Csoport Pankre\u00e1sz Betegs\u00e9gek Int\u00e9zet\u00e9be t\u00f6rt\u00e9n\u0151 beolvad\u00e1s\u00e1val l\u00e9trej\u00f6v\u0151 \u00faj szervezeti egys\u00e9g l\u00e9trehoz\u00e1s\u00e1r\u00f3l<\/p>\n<p style=\"text-align: justify\"><a href=\"https:\/\/semmelweis.hu\/aok\/files\/2023\/10\/5_Neonatologia-TSZ.pdf\" target=\"_blank\" rel=\"noopener\">5\/2023 (2023. okt\u00f3ber 3-i) sz\u00e1m\u00fa hat\u00e1rozat<\/a> a Neonatol\u00f3gia Tansz\u00e9k l\u00e9trehoz\u00e1s\u00e1r\u00f3l 2023. november 1. napj\u00e1t\u00f3l a Gyermekgy\u00f3gy\u00e1szati Klinik\u00e1n bel\u00fcl<\/p>\n<p style=\"text-align: justify\"><a href=\"https:\/\/semmelweis.hu\/aok\/files\/2023\/10\/6_kovetelmenyrendszer.pdf\" target=\"_blank\" rel=\"noopener\">6\/2023 (2023. okt\u00f3ber 3-i) sz\u00e1m\u00fa hat\u00e1rozat<\/a> a 2023\/2024-es tan\u00e9v tant\u00e1rgyi k\u00f6vetelm\u00e9nyrendszerek m\u00f3dos\u00edt\u00e1s\u00e1r\u00f3l az \u00c1ltal\u00e1nos Orvostudom\u00e1nyi Karon<\/p>\n<p style=\"text-align: justify\"><a href=\"https:\/\/semmelweis.hu\/aok\/files\/2023\/10\/7_Professor_Emeritus.pdf\" target=\"_blank\" rel=\"noopener\">7\/2023 (2023. okt\u00f3ber 3-i) sz\u00e1m\u00fa hat\u00e1rozat<\/a> a juttat\u00e1ssal j\u00e1r\u00f3 Professor Emeritus c\u00edm adom\u00e1nyoz\u00e1s\u00e1ra vonatkoz\u00f3 javaslatr\u00f3l<\/p>\n<p style=\"text-align: justify\"><a href=\"https:\/\/semmelweis.hu\/aok\/files\/2023\/10\/8_Haynal_Beznak.pdf\" target=\"_blank\" rel=\"noopener\">8\/2023 (2023. okt\u00f3ber 3-i) sz\u00e1m\u00fa hat\u00e1rozat<\/a> a 2022\/2023. tan\u00e9vben meghirdetett Dr. Haynal Imre \u00e9s Dr. Bezn\u00e1k Alad\u00e1r Eml\u00e9k\u00e9rem \u00e9s Jutalomd\u00edjra be\u00e9rkezett p\u00e1lyamunk\u00e1k b\u00edr\u00e1lat\u00e1nak elfogad\u00e1s\u00e1r\u00f3l<\/p>\n<p><strong>English version:<\/strong><\/p>\n<p style=\"text-align: justify\"><a href=\"https:\/\/semmelweis.hu\/aok\/files\/2023\/10\/Decision_no_1_director_and_head_of_department.pdf\" target=\"_blank\" rel=\"noopener\">Decision No 1\/2023 (3 October 2023)<\/a> on the candidates for the positions of director and head of department announced by the Faculty<\/p>\n<p style=\"text-align: justify\"><a href=\"https:\/\/semmelweis.hu\/aok\/files\/2023\/10\/Decision_no_2_new_student_members_committees.pdf\" target=\"_blank\" rel=\"noopener\">Decision No. 2\/2023 (3 October 2023)<\/a> on the proposal for the election of student members of the Faculty committees established by the Senate (Ethics and Discipline Committee, Credit Transfer Committee, Study and Examination Committee) and the Faculty committees established by the Faculty Council (Accreditation Committee, Education Committee, OMHV Committee, Scientific Committee)<\/p>\n<p style=\"text-align: justify\"><a href=\"https:\/\/semmelweis.hu\/aok\/files\/2023\/10\/Decision_no_3_OMHV.pdf\" target=\"_blank\" rel=\"noopener\">Decision No 3\/2023 (3 October 2023)<\/a> on the revision of the OMHV Rules<\/p>\n<p style=\"text-align: justify\"><a href=\"https:\/\/semmelweis.hu\/aok\/files\/2023\/10\/Decision_no_4_Department_of_Pancreatic_Diseases.pdf\" target=\"_blank\" rel=\"noopener\">Decision No 4\/2023 (3 October 2023)<\/a> on the etablishment of the new department by the merger of the Department of Pancreatic Diseases into the Institute of Pancreatic Diseases<\/p>\n<p style=\"text-align: justify\"><a href=\"https:\/\/semmelweis.hu\/aok\/files\/2023\/10\/Decision_no_5_Department_of_Neonatology-2.pdf\" target=\"_blank\" rel=\"noopener\">Decision_no_5 (3 October 2023)<\/a> on the etablishment of the Department of Neonatology within the Department Paediatrics from 1 November 2023<\/p>\n<p style=\"text-align: justify\"><a href=\"https:\/\/semmelweis.hu\/aok\/files\/2023\/10\/Decision_no_6_subject_requirements.pdf\" target=\"_blank\" rel=\"noopener\">Decision No 6\/2023 (3 October 2023)<\/a> on the modification of the subject requirements for the academic year 2023\/2024 \u00a0at the Faculty of Medicine<\/p>\n<p style=\"text-align: justify\"><a href=\"https:\/\/semmelweis.hu\/aok\/files\/2023\/10\/Decision_no_7_professor_emeritus.pdf\" target=\"_blank\" rel=\"noopener\">Decision No 7\/2023 (3 October 2023)<\/a> on the awarding Professor Emeritus title with an allowance<\/p>\n<p style=\"text-align: justify\"><a href=\"https:\/\/semmelweis.hu\/aok\/files\/2023\/10\/Decision_no_8_Haynal_Beznak.pdf\" target=\"_blank\" rel=\"noopener\">Decision No 8\/2023 (3 October 2023)<\/a> on bestowing the Dr. Haynal Imre and Dr. Bezn\u00e1k Alad\u00e1r Memorial Medal and Award<\/p>\n","protected":false},"excerpt":{"rendered":"<p><a href=\"https:\/\/semmelweis.hu\/aok\/files\/2023\/10\/1_igazgatoi_tanszekvezetoi.pdf\" target=\"_blank\" rel=\"noopener\">1\/2023 (2023. okt\u00f3ber 3-i) sz\u00e1m\u00fa hat\u00e1rozat<\/a> a karon meghirdetett igazgat\u00f3i, tansz\u00e9kvezet\u0151i \u00e1ll\u00e1sokra p\u00e1ly\u00e1z\u00f3kr\u00f3l <a href=\"https:\/\/semmelweis.hu\/aok\/files\/2023\/10\/2_bizottsagok_szemelyi_osszetetele.pdf\" target=\"_blank\" rel=\"noopener\">2\/2023 (2023. okt\u00f3ber 3-i) sz\u00e1m\u00fa hat\u00e1rozat<\/a> a Szen\u00e1tus \u00e1ltal l\u00e9trehozott Karon m\u0171k\u00f6d\u0151 bizotts\u00e1gok (Etikai \u00e9s Fegyelmi Bizotts\u00e1g, Kredit\u00e1tviteli Bizotts\u00e1g, Tanulm\u00e1nyi \u00e9s Vizsgabizotts\u00e1g), valamint a Kari Tan\u00e1cs \u00e1ltal l\u00e9trehozott Karon m\u0171k\u00f6d\u0151 bizotts\u00e1gok (Akkredit\u00e1ci\u00f3s Bizotts\u00e1g, Oktat\u00e1si Bizotts\u00e1g, OMHV Bizotts\u00e1g, Tudom\u00e1nyos Bizotts\u00e1g) hallgat\u00f3 tagjainak megv\u00e1laszt\u00e1s\u00e1ra vonatkoz\u00f3 javaslatr\u00f3l <a href=\"https:\/\/semmelweis.hu\/aok\/files\/2023\/10\/3_OMHV.pdf\" target=\"_blank\" rel=\"noopener\">3\/2023 (2023. okt\u00f3ber 3-i) sz\u00e1m\u00fa hat\u00e1rozat<\/a> a kari Oktat\u00f3i Munka Hallgat\u00f3i V\u00e9lem\u00e9nyez\u00e9s\u00e9nek Rendje fel\u00fclvizsg\u00e1lat\u00e1r\u00f3l <a href=\"https:\/\/semmelweis.hu\/aok\/files\/2023\/10\/4_Pankreasz.pdf\" target=\"_blank\" rel=\"noopener\">4\/2023 (2023. okt\u00f3ber 3-i) sz\u00e1m\u00fa hat\u00e1rozat<\/a> a Pancreas &hellip;<\/p>\n","protected":false},"author":102032,"featured_media":0,"parent":1141,"menu_order":0,"comment_status":"closed","ping_status":"closed","template":"","meta":{"_acf_changed":false,"footnotes":""},"categories":[],"tags":[],"class_list":["post-30117","page","type-page","status-publish","hentry"],"acf":[],"publishpress_future_action":{"enabled":false,"date":"1970-01-01 01:00:00","action":"","terms":[],"taxonomy":"","browser_timezone_offset":0},"_links":{"self":[{"href":"https:\/\/semmelweis.hu\/aok\/wp-json\/wp\/v2\/pages\/30117","targetHints":{"allow":["GET"]}}],"collection":[{"href":"https:\/\/semmelweis.hu\/aok\/wp-json\/wp\/v2\/pages"}],"about":[{"href":"https:\/\/semmelweis.hu\/aok\/wp-json\/wp\/v2\/types\/page"}],"author":[{"embeddable":true,"href":"https:\/\/semmelweis.hu\/aok\/wp-json\/wp\/v2\/users\/102032"}],"replies":[{"embeddable":true,"href":"https:\/\/semmelweis.hu\/aok\/wp-json\/wp\/v2\/comments?post=30117"}],"version-history":[{"count":10,"href":"https:\/\/semmelweis.hu\/aok\/wp-json\/wp\/v2\/pages\/30117\/revisions"}],"predecessor-version":[{"id":30177,"href":"https:\/\/semmelweis.hu\/aok\/wp-json\/wp\/v2\/pages\/30117\/revisions\/30177"}],"up":[{"embeddable":true,"href":"https:\/\/semmelweis.hu\/aok\/wp-json\/wp\/v2\/pages\/1141"}],"wp:attachment":[{"href":"https:\/\/semmelweis.hu\/aok\/wp-json\/wp\/v2\/media?parent=30117"}],"wp:term":[{"taxonomy":"category","embeddable":true,"href":"https:\/\/semmelweis.hu\/aok\/wp-json\/wp\/v2\/categories?post=30117"},{"taxonomy":"post_tag","embeddable":true,"href":"https:\/\/semmelweis.hu\/aok\/wp-json\/wp\/v2\/tags?post=30117"}],"curies":[{"name":"wp","href":"https:\/\/api.w.org\/{rel}","templated":true}]}}