{"id":30006,"date":"2023-09-19T12:59:42","date_gmt":"2023-09-19T10:59:42","guid":{"rendered":"https:\/\/semmelweis.hu\/aok\/?page_id=30006"},"modified":"2026-03-27T08:53:49","modified_gmt":"2026-03-27T07:53:49","slug":"tanulmanyi-osztaly","status":"publish","type":"page","link":"https:\/\/semmelweis.hu\/aok\/oktatas\/tanulmanyi-osztaly\/","title":{"rendered":"Tanulm\u00e1nyi Oszt\u00e1ly"},"content":{"rendered":"<h4><strong>Tanulm\u00e1nyi Oszt\u00e1ly<\/strong><\/h4>\n<p style=\"text-align: justify\"><strong>Nagyv\u00e1rad t\u00e9ri Elm\u00e9leti T\u00f6mb <br \/>\n<\/strong>1089 Budapest, Nagyv\u00e1rad t\u00e9r 4. I. emelet E15.<\/p>\n<p><span style=\"color: #ff0000\">2026. \u00e1prilis 2-\u00e1n, cs\u00fct\u00f6rt\u00f6k\u00f6n az \u00fcgyf\u00e9lfogad\u00e1s sz\u00fcnetel, helyette m\u00e1rcius 31-\u00e9n, kedd 13:00-16:00 \u00f3ra k\u00f6z\u00f6tt tud szem\u00e9lyesen \u00fcgyet int\u00e9zni<\/span><\/p>\n<p>&nbsp;<\/p>\n<div class=\"keretes w-100\">\n<h5>\u00dcgyf\u00e9lfogad\u00e1s:<\/h5>\n<table class=\"plain\" style=\"border-collapse: collapse;width: 100%\">\n<tbody>\n<tr>\n<td style=\"width: 30%\">h\u00e9tf\u0151:\u00a0<br \/>\nkedd:\u00a0<br \/>\nszerda:<br \/>\ncs\u00fct\u00f6rt\u00f6k:<br \/>\np\u00e9ntek:\u00a0<\/td>\n<td style=\"width: 70%\">9.00 &#8211; 12.00 \u00f3r\u00e1ig<br \/>\naz \u00fcgyf\u00e9lfogad\u00e1s sz\u00fcnetel<br \/>\n13.00 &#8211; 15.00 \u00f3r\u00e1ig<br \/>\n13.00 &#8211; 16.00 \u00f3r\u00e1ig<br \/>\n9.00 &#8211; 12.00 \u00f3r\u00e1ig<\/td>\n<\/tr>\n<\/tbody>\n<\/table>\n<\/div>\n<h5>\u00a0<\/h5>\n<h4>A hallgat\u00f3k tanulm\u00e1nyokkal, oktat\u00e1ssal kapcsolatban a bal oldali men\u00fcpontokn\u00e1l tal\u00e1lhatnak seg\u00edts\u00e9get.\u00a0<\/h4>\n<h5>A Tanulm\u00e1nyi Oszt\u00e1ly munkat\u00e1rsai<\/h5>\n\n<table id=\"tablepress-7\" class=\"tablepress tablepress-id-7\">\n<tbody class=\"row-striping\">\n<tr class=\"row-1\">\n\t<td class=\"column-1\">Dr. J\u00e1kyn\u00e9 Strakovits Edina<br \/>\noszt\u00e1lyvezet\u0151<br \/>\n<\/td><td class=\"column-2\">+36 (1) 459-1500 \/ 56556<\/td><td class=\"column-3\">jakyne.strakovits.edina@semmelweis.hu<\/td>\n<\/tr>\n<tr class=\"row-2\">\n\t<td class=\"column-1\">Frittmann Anik\u00f3<br \/>\nvezet\u0151 koordin\u00e1tor<\/td><td class=\"column-2\">+36 (1) 459-1500 \/ 56592<\/td><td class=\"column-3\">frittmann.aniko@semmelweis.hu<\/td>\n<\/tr>\n<tr class=\"row-3\">\n\t<td class=\"column-1\">F\u00fclekin\u00e9 M\u00e9sz\u00e1ros Zita<br \/>\ntanulm\u00e1nyi \u00fcgyint\u00e9z\u0151,<br \/>\nI. \u00e9vfolyam<\/td><td class=\"column-2\">+36 (1) 459-1500 \/ 56591<\/td><td class=\"column-3\">fulekine.meszaros.zita@semmelweis.hu<\/td>\n<\/tr>\n<tr class=\"row-4\">\n\t<td class=\"column-1\">P\u00e1zm\u00e1ny Katalin<br \/>\ntanulm\u00e1nyi \u00fcgyint\u00e9z\u0151, <br \/>\nII. \u00e9vfolyam<\/td><td class=\"column-2\">+36 (1) 459-1500 \/ 56590<\/td><td class=\"column-3\">pazmany.katalin@semmelweis.hu<\/td>\n<\/tr>\n<tr class=\"row-5\">\n\t<td class=\"column-1\">Borsosn\u00e9 Mitru Margit<br \/>\ntanulm\u00e1nyi \u00fcgyint\u00e9z\u0151,<br \/>\nIII. \u00e9vfolyam<\/td><td class=\"column-2\">+36 (1) 459-1500 \/ 56598<\/td><td class=\"column-3\">borsosne.mitru.margit@semmelweis.hu<\/td>\n<\/tr>\n<tr class=\"row-6\">\n\t<td class=\"column-1\">Simonn\u00e9 S\u00e1rk\u00f6zi Val\u00e9ria<br \/>\ntanulm\u00e1nyi \u00fcgyint\u00e9z\u0151,<br \/>\nIV. \u00e9vfolyam<\/td><td class=\"column-2\">+36 (1) 459-1500 \/ 56594<\/td><td class=\"column-3\">sarkozi.valeria@semmelweis.hu<\/td>\n<\/tr>\n<tr class=\"row-7\">\n\t<td class=\"column-1\">B\u00e1rsony Klaudia Csilla<br \/>\ntanulm\u00e1nyi \u00fcgyint\u00e9z\u0151<br \/>\nV. \u00e9vfolyam<\/td><td class=\"column-2\">+36 (1) 459-1500 \/ 56588<\/td><td class=\"column-3\">barsony.klaudia.csilla@semmelweis.hu<\/td>\n<\/tr>\n<tr class=\"row-8\">\n\t<td class=\"column-1\">Bert\u00f3k Nikolett<br \/>\ntanulm\u00e1nyi \u00fcgyint\u00e9z\u0151<br \/>\nVI. \u00e9vfolyam<br \/>\n<\/td><td class=\"column-2\">+36 (1) 459-1500 \/ 56587<\/td><td class=\"column-3\">bertok.nikolett@semmelweis.hu<\/td>\n<\/tr>\n<tr class=\"row-9\">\n\t<td class=\"column-1\">Izs\u00f3 Ildik\u00f3<br \/>\r\ntanulm\u00e1nyi \u00fcgyint\u00e9z\u0151, <br \/>\r\nHunyady J\u00e1nos \u00d6szt\u00f6nd\u00edj; <br \/>\r\nNeurol\u00f3giai szakgy\u00f3gytorn\u00e1sz szakir\u00e1ny\u00fa tov\u00e1bbk\u00e9pz\u00e9s<\/td><td class=\"column-2\">+36 (1) 459-1500 \/ 56590<\/td><td class=\"column-3\">izso.ildiko@semmelweis.hu<\/td>\n<\/tr>\n<tr class=\"row-10\">\n\t<td class=\"column-1\">T\u00f6r\u00f6k Tam\u00e1s<br \/>\ntanulm\u00e1nyi \u00fcgyint\u00e9z\u0151<br \/>\nMSc \u00e9s szakir\u00e1ny\u00fa tov\u00e1bbk\u00e9pz\u00e9sek<\/td><td class=\"column-2\">+36 (1) 459-1500 \/ 56554<\/td><td class=\"column-3\">torok.tamas2@semmelweis.hu<\/td>\n<\/tr>\n<tr class=\"row-11\">\n\t<td class=\"column-1\">Szil\u00e1gyi \u00c1ron<br \/>\r\ntanulm\u00e1nyi \u00fcgyint\u00e9z\u0151<\/td><td class=\"column-2\">+36 (1) 459-1500 \/ 56555<\/td><td class=\"column-3\">szilagyi.aron@semmelweis.hu<\/td>\n<\/tr>\n<tr class=\"row-12\">\n\t<td class=\"column-1\">Bogd\u00e1nn\u00e9 Matus Krisztina<br \/>\r\noktat\u00e1sszervez\u00e9si \u00fcgyint\u00e9z\u0151<\/td><td class=\"column-2\">+36 (1) 459-1500 \/ 56559<\/td><td class=\"column-3\">matus.krisztina@semmelweis.hu<\/td>\n<\/tr>\n<tr class=\"row-13\">\n\t<td class=\"column-1\">T\u00f3thn\u00e9 Varga Melitta<br \/>\r\noktat\u00e1sszervez\u00e9si \u00fcgyint\u00e9z\u0151<\/td><td class=\"column-2\">+36 (1) 459-1500 \/ 56557<\/td><td class=\"column-3\">tothne-varga.melitta@semmelweis.hu<\/td>\n<\/tr>\n<tr class=\"row-14\">\n\t<td class=\"column-1\">Kuruczn\u00e9 Vad\u00e1sz Nikolett<br \/>\ntanulm\u00e1nyi \u00fcgyint\u00e9z\u0151<\/td><td class=\"column-2\">+36 (1) 459-1500 \/ 56562<\/td><td class=\"column-3\">vadasz.nikolett@semmelweis.hu<\/td>\n<\/tr>\n<tr class=\"row-15\">\n\t<td class=\"column-1\">Farkas Fanni<br \/>\ntanulm\u00e1nyi \u00fcgyint\u00e9z\u0151<\/td><td class=\"column-2\">+36 (1) 459-1500 \/ 56563<\/td><td class=\"column-3\">farkas.fanni2@semmelweis.hu<\/td>\n<\/tr>\n<tr class=\"row-16\">\n\t<td class=\"column-1\">Pozsonyi Nikolett<\/td><td class=\"column-2\">hosszabb szabads\u00e1gon<\/td><td class=\"column-3\"><\/td>\n<\/tr>\n<\/tbody>\n<\/table>\n<!-- #tablepress-7 from cache -->\n","protected":false},"excerpt":{"rendered":"<p>Tanulm\u00e1nyi Oszt\u00e1ly Nagyv\u00e1rad t\u00e9ri Elm\u00e9leti T\u00f6mb 1089 Budapest, Nagyv\u00e1rad t\u00e9r 4. I. emelet E15. 2026. \u00e1prilis 2-\u00e1n, cs\u00fct\u00f6rt\u00f6k\u00f6n az \u00fcgyf\u00e9lfogad\u00e1s sz\u00fcnetel, helyette m\u00e1rcius 31-\u00e9n, kedd 13:00-16:00 \u00f3ra k\u00f6z\u00f6tt tud szem\u00e9lyesen \u00fcgyet int\u00e9zni &nbsp; \u00dcgyf\u00e9lfogad\u00e1s: h\u00e9tf\u0151:\u00a0 kedd:\u00a0 szerda: cs\u00fct\u00f6rt\u00f6k: p\u00e9ntek:\u00a0 9.00 &#8211; 12.00 \u00f3r\u00e1ig az \u00fcgyf\u00e9lfogad\u00e1s sz\u00fcnetel 13.00 &#8211; 15.00 \u00f3r\u00e1ig 13.00 &#8211; 16.00 \u00f3r\u00e1ig 9.00 &hellip;<\/p>\n","protected":false},"author":12,"featured_media":0,"parent":126,"menu_order":1,"comment_status":"closed","ping_status":"closed","template":"","meta":{"_acf_changed":false,"footnotes":""},"categories":[],"tags":[],"class_list":["post-30006","page","type-page","status-publish","hentry"],"acf":[],"publishpress_future_action":{"enabled":false,"date":"1970-01-01 01:00:00","action":"","terms":[],"taxonomy":"","browser_timezone_offset":0},"_links":{"self":[{"href":"https:\/\/semmelweis.hu\/aok\/wp-json\/wp\/v2\/pages\/30006","targetHints":{"allow":["GET"]}}],"collection":[{"href":"https:\/\/semmelweis.hu\/aok\/wp-json\/wp\/v2\/pages"}],"about":[{"href":"https:\/\/semmelweis.hu\/aok\/wp-json\/wp\/v2\/types\/page"}],"author":[{"embeddable":true,"href":"https:\/\/semmelweis.hu\/aok\/wp-json\/wp\/v2\/users\/12"}],"replies":[{"embeddable":true,"href":"https:\/\/semmelweis.hu\/aok\/wp-json\/wp\/v2\/comments?post=30006"}],"version-history":[{"count":10,"href":"https:\/\/semmelweis.hu\/aok\/wp-json\/wp\/v2\/pages\/30006\/revisions"}],"predecessor-version":[{"id":34328,"href":"https:\/\/semmelweis.hu\/aok\/wp-json\/wp\/v2\/pages\/30006\/revisions\/34328"}],"up":[{"embeddable":true,"href":"https:\/\/semmelweis.hu\/aok\/wp-json\/wp\/v2\/pages\/126"}],"wp:attachment":[{"href":"https:\/\/semmelweis.hu\/aok\/wp-json\/wp\/v2\/media?parent=30006"}],"wp:term":[{"taxonomy":"category","embeddable":true,"href":"https:\/\/semmelweis.hu\/aok\/wp-json\/wp\/v2\/categories?post=30006"},{"taxonomy":"post_tag","embeddable":true,"href":"https:\/\/semmelweis.hu\/aok\/wp-json\/wp\/v2\/tags?post=30006"}],"curies":[{"name":"wp","href":"https:\/\/api.w.org\/{rel}","templated":true}]}}