{"id":29961,"date":"2023-09-14T14:24:16","date_gmt":"2023-09-14T12:24:16","guid":{"rendered":"https:\/\/semmelweis.hu\/aok\/?page_id=29961"},"modified":"2026-01-05T14:41:42","modified_gmt":"2026-01-05T13:41:42","slug":"szabalyzatok-tajekoztatok","status":"publish","type":"page","link":"https:\/\/semmelweis.hu\/aok\/oktatas\/szabalyzatok-tajekoztatok\/","title":{"rendered":"Szab\u00e1lyzatok, t\u00e1j\u00e9koztat\u00f3k"},"content":{"rendered":"<h3>Szab\u00e1lyzatok<\/h3>\n<ul style=\"list-style-type: disc\">\n<li><a href=\"https:\/\/semmelweis.hu\/jogigfoig\/dokumentumtar\/szabalyzattar\/szervezeti-es-mukodesi-szabalyzat\/iii-konyv-hkr\/\" target=\"_blank\" rel=\"noopener\">Tanulm\u00e1nyi \u00e9s Vizsgaszab\u00e1lyzat, valamint a mell\u00e9kletei\u00a0<\/a> (az egyetemi Szervezeti \u00e9s M\u0171k\u00f6d\u00e9si Szab\u00e1lyzat r\u00e9sz\u00e9t k\u00e9pezi, III. K\u00f6nyv \u2013 Hallgat\u00f3i K\u00f6vetelm\u00e9nyrendszer \u2013 III.2. R\u00c9SZ \u2013 TANULM\u00c1NYI \u00c9S VIZSGASZAB\u00c1LYZAT)<\/li>\n<li><a href=\"https:\/\/semmelweis.hu\/jogigfoig\/dokumentumtar\/szabalyzattar\/szervezeti-es-mukodesi-szabalyzat\/iii-konyv-hkr\/\" target=\"_blank\" rel=\"noopener\">T\u00e9r\u00edt\u00e9si \u00e9s Juttat\u00e1si Szab\u00e1lyzat, valamint a mell\u00e9kletei\u00a0<\/a> (az egyetemi Szervezeti \u00e9s M\u0171k\u00f6d\u00e9si Szab\u00e1lyzat r\u00e9sz\u00e9t k\u00e9pezi, III. K\u00f6nyv \u2013 Hallgat\u00f3i K\u00f6vetelm\u00e9nyrendszer \u2013 III.4. R\u00c9SZ \u2013 T\u00c9R\u00cdT\u00c9SI \u00c9S JUTTAT\u00c1SI SZAB\u00c1LYZAT MELL\u00c9KLET)<\/li>\n<li><a href=\"https:\/\/semmelweis.hu\/jogigfoig\/dokumentumtar\/szabalyzattar\/szervezeti-es-mukodesi-szabalyzat\/iii-konyv-hkr\/szervezeti-es-mukodesi-szabalyzat-iii-konyv-hallgatoi-kovetelmenyrendszer-iii-4-resz-teritesi-es-juttatasi-szabalyzat-es-mellekletei\/\" target=\"_blank\" rel=\"noopener\">T\u00e9r\u00edt\u00e9si d\u00edjak jogc\u00edmei \u00e9s m\u00e9rt\u00e9ke<\/a> \u2013 a mell\u00e9klet vonatkoz\u00f3 r\u00e9sz\u00e9ben tal\u00e1lhat\u00f3\u00a0&#8211; a T\u00e9r\u00edt\u00e9si \u00e9s Juttat\u00e1si Szab\u00e1lyzat mell\u00e9klet\u00e9nek a r\u00e9sz\u00e9t k\u00e9pezi (az egyetemi Szervezeti \u00e9s M\u0171k\u00f6d\u00e9si Szab\u00e1lyzat r\u00e9sz\u00e9t k\u00e9pezi, III. K\u00f6nyv \u2013 Hallgat\u00f3i K\u00f6vetelm\u00e9nyrendszer \u2013 III.4. R\u00c9SZ \u2013 T\u00c9R\u00cdT\u00c9SI \u00c9S JUTTAT\u00c1SI SZAB\u00c1LYZAT &#8211; MELL\u00c9KLETEK &#8211; 8. mell\u00e9klet)<\/li>\n<li><a href=\"https:\/\/semmelweis.hu\/jogigfoig\/dokumentumtar\/szabalyzattar\/szervezeti-es-mukodesi-szabalyzat\/iii-konyv-hkr\/\" target=\"_blank\" rel=\"noopener\">A magyar nyelv\u0171 k\u00f6lts\u00e9gt\u00e9r\u00edt\u00e9ses k\u00e9pz\u00e9sben r\u00e9szt vev\u0151 hallgat\u00f3k egyes jogair\u00f3l \u00e9s k\u00f6telezetts\u00e9geir\u0151l sz\u00f3l\u00f3 szab\u00e1lyzat<\/a> (az egyetemi Szervezeti \u00e9s M\u0171k\u00f6d\u00e9si Szab\u00e1lyzat r\u00e9sz\u00e9t k\u00e9pezi, III. K\u00f6nyv \u2013 Hallgat\u00f3i K\u00f6vetelm\u00e9nyrendszer \u2013 III.12. R\u00c9SZ \u2013 A MAGYAR NYELV\u0170 K\u00d6LTS\u00c9GT\u00c9R\u00cdT\u00c9SES K\u00c9PZ\u00c9SBEN R\u00c9SZT VEV\u0150 HALLGAT\u00d3K EGYES JOGAIR\u00d3L \u00c9S K\u00d6TELEZETTS\u00c9GEIR\u0150L)<\/li>\n<li><a href=\"https:\/\/semmelweis.hu\/aok\/a-karrol\/dokumentumtar\/\">A Kar szab\u00e1lyzata a Dr. Haynal Imre eml\u00e9k\u00e9rem \u00e9s jutalomd\u00edj adom\u00e1nyoz\u00e1s\u00e1nak rendj\u00e9r\u0151l a dokumentumt\u00e1rb\u00f3l \u00e9rhet\u0151 el \u2192<\/a><\/li>\n<li><a href=\"https:\/\/semmelweis.hu\/aok\/a-karrol\/dokumentumtar\/\">A Kar szab\u00e1lyzata a Dr. Bezn\u00e1k Alad\u00e1r eml\u00e9k\u00e9rem \u00e9s jutalomd\u00edj adom\u00e1nyoz\u00e1s\u00e1nak rendj\u00e9r\u0151l a dokumentumt\u00e1rb\u00f3l \u00e9rhet\u0151 el \u2192<\/a><\/li>\n<\/ul>\n<h3>T\u00e1j\u00e9koztat\u00f3k<\/h3>\n<ul style=\"list-style-type: disc\">\n<li><a href=\"https:\/\/semmelweis.hu\/aok\/oktatas\/tanulmanyi-osztaly\/\" target=\"_blank\" rel=\"noopener\">\u00dcgyf\u00e9lfogad\u00e1si rend az \u00c1ltal\u00e1nos Orvostudom\u00e1nyi Kar D\u00e9k\u00e1ni Hivatal\u00e1ban<\/a><\/li>\n<li><a href=\"https:\/\/semmelweis.hu\/aok\/files\/2025\/12\/Tajekoztato-a-fizetendo-koltsegteritesi-onkoltsegi-dij-osszegenek-mertekerol_uj.pdf\" target=\"_blank\" rel=\"noopener\">T\u00e1j\u00e9koztat\u00f3 a fizetend\u0151 k\u00f6lts\u00e9gt\u00e9r\u00edt\u00e9si\/\u00f6nk\u00f6lts\u00e9gi d\u00edj \u00f6sszeg\u00e9nek m\u00e9rt\u00e9k\u00e9r\u0151l<\/a><\/li>\n<li><a href=\"https:\/\/semmelweis.hu\/aok\/files\/2012\/03\/A-vizsg\u00e1k-sor\u00e1n-a-hallgat\u00f3k-szem\u00e9lyazonoss\u00e1g\u00e1nak-ellen\u0151rz\u00e9s\u00e9r\u0151l-sz\u00f3l\u00f3-I_2016.sz_.-rektori-utas\u00edt\u00e1s.pdf\" target=\"_blank\" rel=\"noopener\">A vizsg\u00e1k sor\u00e1n a hallgat\u00f3k szem\u00e9lyazonoss\u00e1g\u00e1nak ellen\u0151rz\u00e9s\u00e9r\u0151l sz\u00f3l\u00f3 I_2016.sz. rektori utas\u00edt\u00e1s\u00a0<\/a><\/li>\n<li><a href=\"https:\/\/semmelweis.hu\/aok\/files\/2012\/03\/K\u00fcls\u0151-TDK-munka-befogadtat\u00e1s\u00e1ra-vonatkoz\u00f3-t\u00e1j\u00e9koztat\u00f3.docx\" target=\"_blank\" rel=\"noopener\">K\u00fcls\u0151 TDK munka befogadtat\u00e1s\u00e1ra vonatkoz\u00f3 t\u00e1j\u00e9koztat\u00f3<\/a>\u00a0<\/li>\n<li><a href=\"https:\/\/semmelweis.hu\/aok\/oktatas\/oktatoi-munka-hallgatoi-velemenyezese\/\" target=\"_blank\" rel=\"noopener\">Oktat\u00f3i Munka Hallgat\u00f3i V\u00e9lem\u00e9nyez\u00e9s\u00e9nek Rendje<\/a><\/li>\n<\/ul>\n","protected":false},"excerpt":{"rendered":"<p>Szab\u00e1lyzatok <a href=\"https:\/\/semmelweis.hu\/jogigfoig\/dokumentumtar\/szabalyzattar\/szervezeti-es-mukodesi-szabalyzat\/iii-konyv-hkr\/\" target=\"_blank\" rel=\"noopener\">Tanulm\u00e1nyi \u00e9s Vizsgaszab\u00e1lyzat, valamint a mell\u00e9kletei\u00a0<\/a> (az egyetemi Szervezeti \u00e9s M\u0171k\u00f6d\u00e9si Szab\u00e1lyzat r\u00e9sz\u00e9t k\u00e9pezi, III. K\u00f6nyv \u2013 Hallgat\u00f3i K\u00f6vetelm\u00e9nyrendszer \u2013 III.2. R\u00c9SZ \u2013 TANULM\u00c1NYI \u00c9S VIZSGASZAB\u00c1LYZAT) <a href=\"https:\/\/semmelweis.hu\/jogigfoig\/dokumentumtar\/szabalyzattar\/szervezeti-es-mukodesi-szabalyzat\/iii-konyv-hkr\/\" target=\"_blank\" rel=\"noopener\">T\u00e9r\u00edt\u00e9si \u00e9s Juttat\u00e1si Szab\u00e1lyzat, valamint a mell\u00e9kletei\u00a0<\/a> (az egyetemi Szervezeti \u00e9s M\u0171k\u00f6d\u00e9si Szab\u00e1lyzat r\u00e9sz\u00e9t k\u00e9pezi, III. K\u00f6nyv \u2013 Hallgat\u00f3i K\u00f6vetelm\u00e9nyrendszer \u2013 III.4. R\u00c9SZ \u2013 T\u00c9R\u00cdT\u00c9SI \u00c9S JUTTAT\u00c1SI SZAB\u00c1LYZAT MELL\u00c9KLET) <a href=\"https:\/\/semmelweis.hu\/jogigfoig\/dokumentumtar\/szabalyzattar\/szervezeti-es-mukodesi-szabalyzat\/iii-konyv-hkr\/szervezeti-es-mukodesi-szabalyzat-iii-konyv-hallgatoi-kovetelmenyrendszer-iii-4-resz-teritesi-es-juttatasi-szabalyzat-es-mellekletei\/\" target=\"_blank\" rel=\"noopener\">T\u00e9r\u00edt\u00e9si d\u00edjak jogc\u00edmei \u00e9s m\u00e9rt\u00e9ke<\/a> \u2013 a mell\u00e9klet vonatkoz\u00f3 r\u00e9sz\u00e9ben tal\u00e1lhat\u00f3\u00a0&#8211; a T\u00e9r\u00edt\u00e9si \u00e9s Juttat\u00e1si Szab\u00e1lyzat mell\u00e9klet\u00e9nek &hellip;<\/p>\n","protected":false},"author":101542,"featured_media":0,"parent":126,"menu_order":3,"comment_status":"closed","ping_status":"closed","template":"","meta":{"_acf_changed":false,"footnotes":""},"categories":[],"tags":[],"class_list":["post-29961","page","type-page","status-publish","hentry"],"acf":[],"publishpress_future_action":{"enabled":false,"date":"1970-01-01 01:00:00","action":"","terms":[],"taxonomy":"","browser_timezone_offset":0},"_links":{"self":[{"href":"https:\/\/semmelweis.hu\/aok\/wp-json\/wp\/v2\/pages\/29961","targetHints":{"allow":["GET"]}}],"collection":[{"href":"https:\/\/semmelweis.hu\/aok\/wp-json\/wp\/v2\/pages"}],"about":[{"href":"https:\/\/semmelweis.hu\/aok\/wp-json\/wp\/v2\/types\/page"}],"author":[{"embeddable":true,"href":"https:\/\/semmelweis.hu\/aok\/wp-json\/wp\/v2\/users\/101542"}],"replies":[{"embeddable":true,"href":"https:\/\/semmelweis.hu\/aok\/wp-json\/wp\/v2\/comments?post=29961"}],"version-history":[{"count":13,"href":"https:\/\/semmelweis.hu\/aok\/wp-json\/wp\/v2\/pages\/29961\/revisions"}],"predecessor-version":[{"id":34077,"href":"https:\/\/semmelweis.hu\/aok\/wp-json\/wp\/v2\/pages\/29961\/revisions\/34077"}],"up":[{"embeddable":true,"href":"https:\/\/semmelweis.hu\/aok\/wp-json\/wp\/v2\/pages\/126"}],"wp:attachment":[{"href":"https:\/\/semmelweis.hu\/aok\/wp-json\/wp\/v2\/media?parent=29961"}],"wp:term":[{"taxonomy":"category","embeddable":true,"href":"https:\/\/semmelweis.hu\/aok\/wp-json\/wp\/v2\/categories?post=29961"},{"taxonomy":"post_tag","embeddable":true,"href":"https:\/\/semmelweis.hu\/aok\/wp-json\/wp\/v2\/tags?post=29961"}],"curies":[{"name":"wp","href":"https:\/\/api.w.org\/{rel}","templated":true}]}}