{"id":29950,"date":"2023-09-11T10:06:09","date_gmt":"2023-09-11T08:06:09","guid":{"rendered":"https:\/\/semmelweis.hu\/aok\/?page_id=29950"},"modified":"2025-10-06T15:13:58","modified_gmt":"2025-10-06T13:13:58","slug":"egeszsegugyi-alkalmassagi-vizsgalat","status":"publish","type":"page","link":"https:\/\/semmelweis.hu\/aok\/oktatas\/egeszsegugyi-alkalmassagi-vizsgalat\/","title":{"rendered":"Eg\u00e9szs\u00e9g\u00fcgyi alkalmass\u00e1gi vizsg\u00e1lat"},"content":{"rendered":"<div class=\"responsive-tabs\">\n<h2 class=\"tabtitle\">II-VI. \u00e9vfolyamos hallgat\u00f3k<\/h2>\n<div class=\"tabcontent\">\n\n<h3>\u00daj elj\u00e1r\u00e1s a foglalkoz\u00e1s-eg\u00e9szs\u00e9g\u00fcgyi vizsg\u00e1latra jelentkez\u00e9sre<\/h3>\n<p>K\u00e9rj\u00fck, hogy az al\u00e1bbi dokumentumokban szerepl\u0151 le\u00edr\u00e1st figyelmesen olvassa el!<\/p>\n<p><a href=\"https:\/\/semmelweis.hu\/aok\/files\/2023\/09\/Aptitude_felsobb-evf_-felhasznaloi-utmutato.pdf\" target=\"_blank\" rel=\"noopener\">Felhaszn\u00e1l\u00f3 \u00fatmutat\u00f3 az Aptitude foglalkoz\u00e1s-eg\u00e9szs\u00e9g\u00fcgyi vizsg\u00e1latszervez\u0151 alkalmaz\u00e1shoz fels\u0151 \u00e9vfolyamos hallgat\u00f3k sz\u00e1m\u00e1ra (pdf)<\/a><\/p>\n<p><a href=\"https:\/\/semmelweis.hu\/aok\/files\/2025\/10\/SE-FEU-Hallgatoi-ellatas-GYIK.pdf\">Semmelweis Egyetem Foglalkoz\u00e1s-eg\u00e9szs\u00e9g\u00fcgyi Szolg\u00e1lat &#8211; Hallgat\u00f3i ell\u00e1t\u00e1s &#8211; Gyakran ism\u00e9telt k\u00e9rd\u00e9sek (pdf)<\/a><\/p>\n<p>&nbsp;<\/p>\n<\/div><\/div>\n","protected":false},"excerpt":{"rendered":"<p>\u00a0<br \/>\n\u00daj elj\u00e1r\u00e1s a foglalkoz\u00e1s-eg\u00e9szs\u00e9g\u00fcgyi vizsg\u00e1latra jelentkez\u00e9sre<br \/>\nK\u00e9rj\u00fck, hogy az al\u00e1bbi dokumentumokban szerepl\u0151 le\u00edr\u00e1st figyelmesen olvassa el!<br \/>\n<a href=\"https:\/\/semmelweis.hu\/aok\/files\/2023\/09\/Aptitude_felsobb-evf_-felhasznaloi-utmutato.pdf\" target=\"_blank\" rel=\"noopener\">Felhaszn\u00e1l\u00f3 \u00fatmutat\u00f3 az Aptitude foglalkoz\u00e1s-eg\u00e9szs\u00e9g\u00fcgyi vizsg\u00e1latszervez\u0151 alkalmaz\u00e1shoz fels\u0151 \u00e9vfolyamos hallgat\u00f3k sz\u00e1m\u00e1ra (pdf)<\/a><br \/>\n<a href=\"https:\/\/semmelweis.hu\/aok\/files\/2025\/10\/SE-FEU-Hallgatoi-ellatas-GYIK.pdf\">Semmelweis Egyetem Foglalkoz\u00e1s-eg\u00e9szs\u00e9g\u00fcgyi Szolg\u00e1lat &#8211; Hallgat\u00f3i ell\u00e1t\u00e1s &#8211; Gyakran ism\u00e9telt k\u00e9rd\u00e9sek (pdf)<\/a><br \/>\n&nbsp;<\/p>\n","protected":false},"author":101542,"featured_media":0,"parent":126,"menu_order":7,"comment_status":"closed","ping_status":"closed","template":"","meta":{"_acf_changed":false,"footnotes":""},"categories":[],"tags":[],"class_list":["post-29950","page","type-page","status-publish","hentry"],"acf":[],"publishpress_future_action":{"enabled":false,"date":"1970-01-01 01:00:00","action":"","terms":[],"taxonomy":"","browser_timezone_offset":0},"_links":{"self":[{"href":"https:\/\/semmelweis.hu\/aok\/wp-json\/wp\/v2\/pages\/29950","targetHints":{"allow":["GET"]}}],"collection":[{"href":"https:\/\/semmelweis.hu\/aok\/wp-json\/wp\/v2\/pages"}],"about":[{"href":"https:\/\/semmelweis.hu\/aok\/wp-json\/wp\/v2\/types\/page"}],"author":[{"embeddable":true,"href":"https:\/\/semmelweis.hu\/aok\/wp-json\/wp\/v2\/users\/101542"}],"replies":[{"embeddable":true,"href":"https:\/\/semmelweis.hu\/aok\/wp-json\/wp\/v2\/comments?post=29950"}],"version-history":[{"count":5,"href":"https:\/\/semmelweis.hu\/aok\/wp-json\/wp\/v2\/pages\/29950\/revisions"}],"predecessor-version":[{"id":33875,"href":"https:\/\/semmelweis.hu\/aok\/wp-json\/wp\/v2\/pages\/29950\/revisions\/33875"}],"up":[{"embeddable":true,"href":"https:\/\/semmelweis.hu\/aok\/wp-json\/wp\/v2\/pages\/126"}],"wp:attachment":[{"href":"https:\/\/semmelweis.hu\/aok\/wp-json\/wp\/v2\/media?parent=29950"}],"wp:term":[{"taxonomy":"category","embeddable":true,"href":"https:\/\/semmelweis.hu\/aok\/wp-json\/wp\/v2\/categories?post=29950"},{"taxonomy":"post_tag","embeddable":true,"href":"https:\/\/semmelweis.hu\/aok\/wp-json\/wp\/v2\/tags?post=29950"}],"curies":[{"name":"wp","href":"https:\/\/api.w.org\/{rel}","templated":true}]}}