{"id":29856,"date":"2023-08-30T14:57:33","date_gmt":"2023-08-30T12:57:33","guid":{"rendered":"https:\/\/semmelweis.hu\/aok\/?page_id=29856"},"modified":"2023-08-30T14:57:33","modified_gmt":"2023-08-30T12:57:33","slug":"2023-augusztus-29-i-hatarozatok-elektronikus-szavazas","status":"publish","type":"page","link":"https:\/\/semmelweis.hu\/aok\/a-karrol\/kari-tanacs\/a-kari-tanacs-hatarozatai\/2023-augusztus-29-i-hatarozatok-elektronikus-szavazas\/","title":{"rendered":"2023. augusztus 29-i hat\u00e1rozatok &#8211; elektronikus szavaz\u00e1s"},"content":{"rendered":"<p style=\"text-align: justify\"><a href=\"https:\/\/semmelweis.hu\/aok\/files\/2023\/08\/38_AOK_FOK_kozos_diploma.pdf\" target=\"_blank\" rel=\"noopener\">38\/2023 (2023. augusztus 29-i) sz\u00e1m\u00fa hat\u00e1rozat<\/a> a Semmelweis Egyetem Fogorvostudom\u00e1nyi Kar\u00e1n v\u00e9gzett \u00e9s az \u00c1ltal\u00e1nos Orvostudom\u00e1nyi Karra felvett hallgat\u00f3k sz\u00e1m\u00e1ra a 2023\/2024-es tan\u00e9vt\u0151l kezd\u0151d\u0151en az \u00e1ltal\u00e1nos orvosi diploma megszerz\u00e9s\u00e9t t\u00e1mogat\u00f3 mintatantervr\u0151l<\/p>\n<p style=\"text-align: justify\"><a href=\"https:\/\/semmelweis.hu\/aok\/files\/2023\/08\/39_hatarozat_kurrikulum-1.pdf\" target=\"_blank\" rel=\"noopener\">39\/2023 (2023. augusztus 29-i) sz\u00e1m\u00fa hat\u00e1rozat<\/a> a 2019\/2020-as tan\u00e9vt\u0151l bevezetett orvosk\u00e9pz\u00e9s kurrikulum\u00e1nak m\u00f3dos\u00edt\u00e1s\u00e1r\u00f3l az \u00c1ltal\u00e1nos Orvostudom\u00e1nyi Karon<\/p>\n<p><a href=\"https:\/\/semmelweis.hu\/aok\/files\/2023\/08\/40_hatarozat_kovetelmenyrendszer.pdf\" target=\"_blank\" rel=\"noopener\">40\/2023 (2023. augusztus 29-i) sz\u00e1m\u00fa hat\u00e1rozat<\/a> a 2023\/2024-es tan\u00e9v tant\u00e1rgyi k\u00f6vetelm\u00e9nyrendszereir\u0151l az \u00c1ltal\u00e1nos Orvostudom\u00e1nyi Karon<\/p>\n","protected":false},"excerpt":{"rendered":"<p><a href=\"https:\/\/semmelweis.hu\/aok\/files\/2023\/08\/38_AOK_FOK_kozos_diploma.pdf\" target=\"_blank\" rel=\"noopener\">38\/2023 (2023. augusztus 29-i) sz\u00e1m\u00fa hat\u00e1rozat<\/a> a Semmelweis Egyetem Fogorvostudom\u00e1nyi Kar\u00e1n v\u00e9gzett \u00e9s az \u00c1ltal\u00e1nos Orvostudom\u00e1nyi Karra felvett hallgat\u00f3k sz\u00e1m\u00e1ra a 2023\/2024-es tan\u00e9vt\u0151l kezd\u0151d\u0151en az \u00e1ltal\u00e1nos orvosi diploma megszerz\u00e9s\u00e9t t\u00e1mogat\u00f3 mintatantervr\u0151l<br \/>\n<a href=\"https:\/\/semmelweis.hu\/aok\/files\/2023\/08\/39_hatarozat_kurrikulum-1.pdf\" target=\"_blank\" rel=\"noopener\">39\/2023 (2023. augusztus 29-i) sz\u00e1m\u00fa hat\u00e1rozat<\/a> a 2019\/2020-as tan\u00e9vt\u0151l bevezetett orvosk\u00e9pz\u00e9s kurrikulum\u00e1nak m\u00f3dos\u00edt\u00e1s\u00e1r\u00f3l az \u00c1ltal\u00e1nos Orvostudom\u00e1nyi Karon<br \/>\n<a href=\"https:\/\/semmelweis.hu\/aok\/files\/2023\/08\/40_hatarozat_kovetelmenyrendszer.pdf\" target=\"_blank\" rel=\"noopener\">40\/2023 (2023. augusztus 29-i) sz\u00e1m\u00fa hat\u00e1rozat<\/a> a 2023\/2024-es tan\u00e9v tant\u00e1rgyi k\u00f6vetelm\u00e9nyrendszereir\u0151l az \u00c1ltal\u00e1nos Orvostudom\u00e1nyi Karon<\/p>\n","protected":false},"author":102032,"featured_media":0,"parent":1141,"menu_order":0,"comment_status":"closed","ping_status":"closed","template":"","meta":{"_acf_changed":false,"footnotes":""},"categories":[],"tags":[],"class_list":["post-29856","page","type-page","status-publish","hentry"],"acf":[],"publishpress_future_action":{"enabled":false,"date":"1970-01-01 01:00:00","action":"","terms":[],"taxonomy":"","browser_timezone_offset":0},"_links":{"self":[{"href":"https:\/\/semmelweis.hu\/aok\/wp-json\/wp\/v2\/pages\/29856","targetHints":{"allow":["GET"]}}],"collection":[{"href":"https:\/\/semmelweis.hu\/aok\/wp-json\/wp\/v2\/pages"}],"about":[{"href":"https:\/\/semmelweis.hu\/aok\/wp-json\/wp\/v2\/types\/page"}],"author":[{"embeddable":true,"href":"https:\/\/semmelweis.hu\/aok\/wp-json\/wp\/v2\/users\/102032"}],"replies":[{"embeddable":true,"href":"https:\/\/semmelweis.hu\/aok\/wp-json\/wp\/v2\/comments?post=29856"}],"version-history":[{"count":6,"href":"https:\/\/semmelweis.hu\/aok\/wp-json\/wp\/v2\/pages\/29856\/revisions"}],"predecessor-version":[{"id":29868,"href":"https:\/\/semmelweis.hu\/aok\/wp-json\/wp\/v2\/pages\/29856\/revisions\/29868"}],"up":[{"embeddable":true,"href":"https:\/\/semmelweis.hu\/aok\/wp-json\/wp\/v2\/pages\/1141"}],"wp:attachment":[{"href":"https:\/\/semmelweis.hu\/aok\/wp-json\/wp\/v2\/media?parent=29856"}],"wp:term":[{"taxonomy":"category","embeddable":true,"href":"https:\/\/semmelweis.hu\/aok\/wp-json\/wp\/v2\/categories?post=29856"},{"taxonomy":"post_tag","embeddable":true,"href":"https:\/\/semmelweis.hu\/aok\/wp-json\/wp\/v2\/tags?post=29856"}],"curies":[{"name":"wp","href":"https:\/\/api.w.org\/{rel}","templated":true}]}}