{"id":29631,"date":"2023-07-26T09:57:10","date_gmt":"2023-07-26T07:57:10","guid":{"rendered":"https:\/\/semmelweis.hu\/aok\/?page_id=29631"},"modified":"2025-10-29T10:01:27","modified_gmt":"2025-10-29T09:01:27","slug":"boldog-laszlo-osztondij","status":"publish","type":"page","link":"https:\/\/semmelweis.hu\/aok\/osztondij-palyazat\/boldog-laszlo-osztondij\/","title":{"rendered":"Boldog L\u00e1szl\u00f3 \u00d6szt\u00f6nd\u00edj"},"content":{"rendered":"<h1>\u00a0 \u00a0 \u00a0 \u00a0Boldog L\u00e1szl\u00f3 \u00d6szt\u00f6nd\u00edj P\u00e1ly\u00e1zat<\/h1>\n<p>&nbsp;<\/p>\n<p>Boldog Batthy\u00e1ny-Strattmann L\u00e1szl\u00f3 a &#8222;szeg\u00e9nyek orvosa&#8221; id\u0151t \u00e9s p\u00e9nzt nem sajn\u00e1lva \u00f6nzetlen\u00fcl gy\u00f3gy\u00edtotta \u00e9s seg\u00edtette a betegeit. Napjainkban egyre ink\u00e1bb sz\u00fcks\u00e9g van olyan elk\u00f6telezett, az eg\u00e9szs\u00e9g\u00fcgyben tanul\u00f3 fiatalokra, akik v\u00e1llalj\u00e1k azt a szellemis\u00e9get, ami Boldog L\u00e1szl\u00f3 orvosi \u00e9s csal\u00e1di \u00e9let\u00e9ben p\u00e9ld\u00e1san megmutatkozott.<\/p>\n<p>A <a href=\"https:\/\/semmelweis.hu\/aok\/files\/2025\/10\/2025-12-15-boldog-laszlo-osztondij-palyazat.pdf\" target=\"_blank\" rel=\"noopener\">p\u00e1ly\u00e1zati felh\u00edv\u00e1s let\u00f6lthet\u0151<\/a><\/p>\n<p>a <strong>p\u00e1ly\u00e1zat bead\u00e1si hat\u00e1rideje: 2025. december 15.<\/strong><\/p>\n","protected":false},"excerpt":{"rendered":"<p>A Dr. Batthy\u00e1ny L\u00e1szl\u00f3 Orvosk\u00f6r Egyes\u00fclet p\u00e1ly\u00e1zata<\/p>\n","protected":false},"author":102160,"featured_media":0,"parent":6018,"menu_order":5,"comment_status":"closed","ping_status":"closed","template":"","meta":{"_acf_changed":false,"footnotes":""},"categories":[],"tags":[],"class_list":["post-29631","page","type-page","status-publish","hentry"],"acf":[],"publishpress_future_action":{"enabled":false,"date":"1970-01-01 01:00:00","action":"","terms":[],"taxonomy":"","browser_timezone_offset":0},"_links":{"self":[{"href":"https:\/\/semmelweis.hu\/aok\/wp-json\/wp\/v2\/pages\/29631","targetHints":{"allow":["GET"]}}],"collection":[{"href":"https:\/\/semmelweis.hu\/aok\/wp-json\/wp\/v2\/pages"}],"about":[{"href":"https:\/\/semmelweis.hu\/aok\/wp-json\/wp\/v2\/types\/page"}],"author":[{"embeddable":true,"href":"https:\/\/semmelweis.hu\/aok\/wp-json\/wp\/v2\/users\/102160"}],"replies":[{"embeddable":true,"href":"https:\/\/semmelweis.hu\/aok\/wp-json\/wp\/v2\/comments?post=29631"}],"version-history":[{"count":12,"href":"https:\/\/semmelweis.hu\/aok\/wp-json\/wp\/v2\/pages\/29631\/revisions"}],"predecessor-version":[{"id":33912,"href":"https:\/\/semmelweis.hu\/aok\/wp-json\/wp\/v2\/pages\/29631\/revisions\/33912"}],"up":[{"embeddable":true,"href":"https:\/\/semmelweis.hu\/aok\/wp-json\/wp\/v2\/pages\/6018"}],"wp:attachment":[{"href":"https:\/\/semmelweis.hu\/aok\/wp-json\/wp\/v2\/media?parent=29631"}],"wp:term":[{"taxonomy":"category","embeddable":true,"href":"https:\/\/semmelweis.hu\/aok\/wp-json\/wp\/v2\/categories?post=29631"},{"taxonomy":"post_tag","embeddable":true,"href":"https:\/\/semmelweis.hu\/aok\/wp-json\/wp\/v2\/tags?post=29631"}],"curies":[{"name":"wp","href":"https:\/\/api.w.org\/{rel}","templated":true}]}}