{"id":29629,"date":"2023-07-26T09:58:00","date_gmt":"2023-07-26T07:58:00","guid":{"rendered":"https:\/\/semmelweis.hu\/aok\/?page_id=29629"},"modified":"2026-04-09T12:30:09","modified_gmt":"2026-04-09T10:30:09","slug":"tudomanyos-osztondij","status":"publish","type":"page","link":"https:\/\/semmelweis.hu\/aok\/osztondij-palyazat\/tudomanyos-osztondij\/","title":{"rendered":"Tudom\u00e1nyos \u00d6szt\u00f6nd\u00edj"},"content":{"rendered":"<h6 style=\"text-align: right\">\u00a0<\/h6>\n<h6>A 2025\/2026. tan\u00e9vi p\u00e1ly\u00e1zati szakasz lez\u00e1rult.<\/h6>\n<h3>Tudom\u00e1nyos \u00d6szt\u00f6nd\u00edj<\/h3>\n<h5 style=\"text-align: left\">P\u00e1ly\u00e1zati Hirdetm\u00e9ny\u00a0az \u00c1ltal\u00e1nos Orvostudom\u00e1nyi Kar hallgat\u00f3i r\u00e9sz\u00e9re, tudom\u00e1nyos \u00f6szt\u00f6nd\u00edj elnyer\u00e9s\u00e9re<\/h5>\n<p>Tudom\u00e1nyos \u00f6szt\u00f6nd\u00edj azoknak az \u00e1llamilag t\u00e1mogatott, egys\u00e9ges, osztatlan k\u00e9pz\u00e9sben r\u00e9szt vev\u0151 hallgat\u00f3knak adom\u00e1nyozhat\u00f3, akik a 2025\/2026. tan\u00e9vben ki\u00edrt p\u00e1ly\u00e1zaton tudom\u00e1nyos \u00e9rdekl\u0151d\u00e9s\u00fckh\u00f6z kapcsol\u00f3d\u00f3, szakmailag relev\u00e1ns \u00e9s innovat\u00edv kutat\u00e1si t\u00e9m\u00e1val ny\u00fajtanak be kiemelked\u0151 p\u00e1lyamunk\u00e1t. Az \u00c1ltal\u00e1nos Orvostudom\u00e1nyi Kar d\u00e9k\u00e1nja \u00e1ltal meghirdetett \u00f6szt\u00f6nd\u00edj c\u00e9lja, hogy a hallgat\u00f3k elm\u00e9ly\u00edts\u00e9k kutat\u00f3i k\u00e9szs\u00e9geiket, megismerkedjenek a tudom\u00e1nyos publik\u00e1ci\u00f3k k\u00e9sz\u00edt\u00e9s\u00e9nek folyamat\u00e1val, \u00e9s olyan k\u00e9ziratot \u00e1ll\u00edtsanak el\u0151, amely ak\u00e1r egy nemzetk\u00f6zi tudom\u00e1nyos foly\u00f3iratban is k\u00f6zl\u00e9sre alkalmas lehet.<\/p>\n<h5>A 2025\/2026-os tan\u00e9vben ki\u00edrt tudom\u00e1nyos p\u00e1ly\u00e1zat t\u00e9m\u00e1i:<\/h5>\n<p><strong><u>Alapkutat\u00e1si t\u00e9m\u00e1k:<\/u><\/strong> A betegs\u00e9gek kialakul\u00e1s\u00e1ban \u00e9s ter\u00e1pi\u00e1s befoly\u00e1solhat\u00f3s\u00e1g\u00e1ban szerepet j\u00e1tsz\u00f3 molekul\u00e1ris, cellul\u00e1ris \u00e9s sz\u00f6veti mechanizmusok felt\u00e1r\u00e1sa.<\/p>\n<p><strong><u>Transzl\u00e1ci\u00f3s kutat\u00e1si t\u00e9m\u00e1k:<\/u><\/strong> Cutting-edge alapkutat\u00e1si eredm\u00e9nyek \u00e1t\u00fcltet\u00e9se a klinikai gyakorlatba.<\/p>\n<p><strong><u>Klinikai kutat\u00e1si t\u00e9m\u00e1k:<\/u><\/strong> Betegs\u00e9gek diagnosztik\u00e1j\u00e1ban, megel\u0151z\u00e9s\u00e9ben \u00e9s ter\u00e1pi\u00e1j\u00e1ban haszn\u00e1lt gy\u00f3gyszerek, eszk\u00f6z\u00f6k, diagnosztikai m\u00f3dszerek \u00e9s protokollok hat\u00e9konys\u00e1g\u00e1nak \u00e9s biztons\u00e1goss\u00e1g\u00e1nak vizsg\u00e1lata.<\/p>\n<p><strong><u>N\u00e9peg\u00e9szs\u00e9gtani, epidemiol\u00f3giai t\u00e9m\u00e1k:<\/u><\/strong> N\u00e9pbetegs\u00e9gekhez kapcsol\u00f3d\u00f3 trendek, kock\u00e1zati t\u00e9nyez\u0151k, \u00e9letm\u00f3dbeli, t\u00e1rsadalmi \u00e9s k\u00f6rnyezeti hat\u00e1sok interakci\u00f3inak elemz\u00e9se.<\/p>\n<p><strong><u>Eg\u00e9szs\u00e9gfejleszt\u00e9st \u00e9s prevenci\u00f3t \u00e9rint\u0151 t\u00e9m\u00e1k: <\/u><\/strong>\u00daj m\u00f3dszerek, programok \u00e9s strat\u00e9gi\u00e1k kidolgoz\u00e1sa a lakoss\u00e1g eg\u00e9szs\u00e9gi \u00e1llapot\u00e1nak jav\u00edt\u00e1s\u00e1ra.<\/p>\n<p><strong><u>Mesters\u00e9ges intelligencia \u00e9s bioinformatikai t\u00e9m\u00e1k:<\/u><\/strong> AI-alap\u00fa diagnosztikai, predikt\u00edv \u00e9s adatfeldolgoz\u00f3 m\u00f3dszerek, big data, g\u00e9pi tanul\u00e1s \u00e9s bioinformatikai elemz\u00e9sek alkalmaz\u00e1sa orvosi kutat\u00e1sokban.<\/p>\n<p><strong><u>Farmakol\u00f3gi\u00e1val \u00e9s gy\u00f3gyszerfejleszt\u00e9ssel kapcsolatos t\u00e9m\u00e1k:<\/u><\/strong> \u00daj gy\u00f3gyszerjel\u00f6ltek vizsg\u00e1lata, farmakogenomika, gy\u00f3gyszerbiztons\u00e1gi \u00e9s hat\u00e9konys\u00e1gi kutat\u00e1sok.<\/p>\n<p>A p\u00e1ly\u00e1zat egyik fontos c\u00e9lja, hogy a hallgat\u00f3k tudom\u00e1nyos publik\u00e1ci\u00f3s k\u00e9pess\u00e9geit fejlessze. Emiatt a <strong>p\u00e1ly\u00e1zat prefer\u00e1lt nyelve<\/strong> az angol \u00e9s a beny\u00fajtand\u00f3 p\u00e1ly\u00e1zat <strong>javasolt form\u00e1tuma<\/strong> a <strong><em>Physiology International<\/em><\/strong> c\u00edm\u0171 tudom\u00e1nyos \u00fajs\u00e1g <strong>szerz\u0151i instrukci\u00f3i<\/strong> szerint (<a href=\"https:\/\/akjournals.com\/view\/journals\/2060\/2060-overview.xml\">https:\/\/akjournals.com\/view\/journals\/2060\/2060-overview.xml<\/a>) k\u00f6z\u00f6lhet\u0151 review, minireview illetve eredeti k\u00f6zlem\u00e9ny form\u00e1tuma. Ennek megfelel\u0151en mind irodalmi \u00f6sszefoglal\u00f3val, mind saj\u00e1t kutat\u00e1son alapul\u00f3 tudom\u00e1nyos dolgozattal lehet p\u00e1ly\u00e1zni, a l\u00e9nyeg az, hogy a beny\u00fajtand\u00f3 dolgozat a szakma szab\u00e1lyait k\u00f6vet\u0151 tudom\u00e1nyos publik\u00e1ci\u00f3 potenci\u00e1lisan k\u00f6z\u00f6lhet\u0151 k\u00e9zirata legyen.<\/p>\n<p>\u00a0A p\u00e1ly\u00e1zat elb\u00edr\u00e1l\u00e1s\u00e1n\u00e1l az al\u00e1bbi szempontok jelentenek el\u0151nyt:<\/p>\n<ul>\n<li>a t\u00e9ma fontoss\u00e1ga \u00e9s id\u0151szer\u0171s\u00e9ge a tudom\u00e1nyter\u00fclet sz\u00e1m\u00e1ra<\/li>\n<li>a dolgozat f\u00f3kusz\u00e1nak vil\u00e1gos megv\u00e1laszt\u00e1sa<\/li>\n<li>a t\u00e9ma irodalmi \u00e1ttekint\u00e9s\u00e9nek kidolgozotts\u00e1ga; a v\u00e1lasztott referenci\u00e1k min\u0151s\u00e9ge, azok kritikai elemz\u00e9se; a v\u00e1lasztott t\u00e9ma relev\u00e1ns el\u0151zm\u00e9nyeinek tudom\u00e1nyt\u00f6rt\u00e9neti kontextusban val\u00f3 bemutat\u00e1sa\u00a0<\/li>\n<li>a t\u00e9m\u00e1hoz kapcsol\u00f3d\u00f3 hipot\u00e9zis megfogalmaz\u00e1sa, a hipot\u00e9zis \u00fajszer\u0171s\u00e9ge \u00e9s annak \u00e9rv\u00e9nyess\u00e9g\u00e9t t\u00e1mogat\u00f3 illetve azt elvet\u0151 adatok kritikus bemutat\u00e1sa<\/li>\n<li>\u00c1br\u00e1k (irodalomb\u00f3l vett \u00e9s saj\u00e1t k\u00e9sz\u00edt\u00e9s\u0171) min\u0151s\u00e9ge \u00e9s relevanci\u00e1ja.<\/li>\n<li>szak\u00e9rt\u0151 t\u00e1rsszerz\u0151k bevon\u00e1sa. K\u00f6vetelm\u00e9ny, hogy a p\u00e1ly\u00e1z\u00f3 a dolgozaton mint els\u0151 szerz\u0151 legyen felt\u00fcntetve, de a multidiszciplinarit\u00e1s \u00e9s a &#8216;team science&#8217; szellem\u00e9ben \u00fcdv\u00f6zlend\u0151, ha a p\u00e1ly\u00e1z\u00f3 egy vagy t\u00f6bb tudom\u00e1nyter\u00fclet szak\u00e9rt\u0151j\u00e9t bevonja a dolgozat meg\u00edr\u00e1s\u00e1ba, seg\u00edtve ez\u00e1ltal a t\u00e9ma k\u00fcl\u00f6nb\u00f6z\u0151 aspektusainak kibont\u00e1s\u00e1t.<\/li>\n<\/ul>\n<p><strong>A p\u00e1ly\u00e1z\u00f3nak nyilatkoznia kell, hogy a beadott dolgozat a saj\u00e1t munk\u00e1ja, plagiariz\u00e1ci\u00f3 nem \u00e1ll fenn \u00e9s a k\u00e9zirat m\u00e9g nem ker\u00fclt k\u00f6zl\u00e9sre semmilyen m\u00e1s form\u00e1ban. <\/strong><\/p>\n<p>A Tudom\u00e1nyos Bizotts\u00e1g a beny\u00fajtott p\u00e1ly\u00e1zatok min\u0151s\u00e9g\u00e9t\u0151l f\u00fcgg\u0151en javaslatot tehet a dolgozatok k\u00f6zl\u00e9s\u00e9re a <em>Physiology International<\/em> c\u00edm\u0171 tudom\u00e1nyos szakfoly\u00f3iratban.<\/p>\n<div class=\"keretes w-100\">\n<p><strong>A bead\u00e1s hat\u00e1rideje: <span style=\"color: #ff0000\">2026. m\u00e1rcius 31.<\/span><\/strong><\/p>\n<p><strong>A bead\u00e1s helye: Tanulm\u00e1nyi Oszt\u00e1ly <\/strong><\/p>\n<p><strong>(1089 Budapest Nagyv\u00e1rad t\u00e9r 4. I. em. E\/15. szoba), vagy<\/strong><\/p>\n<p><strong>elektronikusan: <\/strong><a href=\"mailto:tanulmanyi.aokdekani@semmelweis.hu\"><strong>tanulmanyi.aokdekani@semmelweis.hu<\/strong><\/a><\/p>\n<\/div>\n<p>A be\u00e9rkezett p\u00e1ly\u00e1zatokat a kar d\u00e9k\u00e1nja \u00e1ltal l\u00e9trehozott \u2013 eln\u00f6kb\u0151l \u00e9s k\u00e9t tagb\u00f3l \u00e1ll\u00f3, amelyb\u0151l legal\u00e1bb 1 f\u0151 hallgat\u00f3 &#8211; bizotts\u00e1g b\u00edr\u00e1lja el \u00e9s ugyanezen bizotts\u00e1g tesz javaslatot az \u00f6szt\u00f6nd\u00edj oda\u00edt\u00e9l\u00e9s\u00e9re is.<\/p>\n<p>Tudom\u00e1nyos \u00f6szt\u00f6nd\u00edjban \u2013 egyszeri juttat\u00e1sk\u00e9nt &#8211; \u00e9vente 12 hallgat\u00f3 r\u00e9szes\u00edthet\u0151.<\/p>\n<p>A tudom\u00e1nyos \u00f6szt\u00f6nd\u00edj \u00f6sszege maximum 250.000 Ft, t\u00e1rsszerz\u0151s p\u00e1lyamunka d\u00edjaz\u00e1sa eset\u00e9n a szerz\u0151k k\u00f6z\u00f6tt az \u00f6szt\u00f6nd\u00edj megoszlik.<\/p>\n<p>A tudom\u00e1nyos \u00f6szt\u00f6nd\u00edj p\u00e1ly\u00e1zat d\u00edjainak \u00e1tad\u00e1s\u00e1ra a 2025\/2026. tan\u00e9v utols\u00f3 Kari Tan\u00e1cs\u00fcl\u00e9s\u00e9n ker\u00fcl sor.<\/p>\n<p>&nbsp;<\/p>\n<p style=\"text-align: justify\">\u00a0<\/p>\n","protected":false},"excerpt":{"rendered":"<p>Kiemelked\u0151 tudom\u00e1nyos p\u00e1lyamunk\u00e1t beny\u00fajtott hallgat\u00f3knak<\/p>\n","protected":false},"author":102160,"featured_media":0,"parent":6018,"menu_order":2,"comment_status":"closed","ping_status":"closed","template":"","meta":{"_acf_changed":false,"footnotes":""},"categories":[],"tags":[],"class_list":["post-29629","page","type-page","status-publish","hentry"],"acf":[],"publishpress_future_action":{"enabled":false,"date":"1970-01-01 01:00:00","action":"","terms":[],"taxonomy":"","browser_timezone_offset":0},"_links":{"self":[{"href":"https:\/\/semmelweis.hu\/aok\/wp-json\/wp\/v2\/pages\/29629","targetHints":{"allow":["GET"]}}],"collection":[{"href":"https:\/\/semmelweis.hu\/aok\/wp-json\/wp\/v2\/pages"}],"about":[{"href":"https:\/\/semmelweis.hu\/aok\/wp-json\/wp\/v2\/types\/page"}],"author":[{"embeddable":true,"href":"https:\/\/semmelweis.hu\/aok\/wp-json\/wp\/v2\/users\/102160"}],"replies":[{"embeddable":true,"href":"https:\/\/semmelweis.hu\/aok\/wp-json\/wp\/v2\/comments?post=29629"}],"version-history":[{"count":11,"href":"https:\/\/semmelweis.hu\/aok\/wp-json\/wp\/v2\/pages\/29629\/revisions"}],"predecessor-version":[{"id":34345,"href":"https:\/\/semmelweis.hu\/aok\/wp-json\/wp\/v2\/pages\/29629\/revisions\/34345"}],"up":[{"embeddable":true,"href":"https:\/\/semmelweis.hu\/aok\/wp-json\/wp\/v2\/pages\/6018"}],"wp:attachment":[{"href":"https:\/\/semmelweis.hu\/aok\/wp-json\/wp\/v2\/media?parent=29629"}],"wp:term":[{"taxonomy":"category","embeddable":true,"href":"https:\/\/semmelweis.hu\/aok\/wp-json\/wp\/v2\/categories?post=29629"},{"taxonomy":"post_tag","embeddable":true,"href":"https:\/\/semmelweis.hu\/aok\/wp-json\/wp\/v2\/tags?post=29629"}],"curies":[{"name":"wp","href":"https:\/\/api.w.org\/{rel}","templated":true}]}}