{"id":29628,"date":"2023-07-26T09:57:26","date_gmt":"2023-07-26T07:57:26","guid":{"rendered":"https:\/\/semmelweis.hu\/aok\/?page_id=29628"},"modified":"2025-05-16T12:30:47","modified_gmt":"2025-05-16T10:30:47","slug":"egyetemi-kutatoi-osztondij-program","status":"publish","type":"page","link":"https:\/\/semmelweis.hu\/aok\/osztondij-palyazat\/egyetemi-kutatoi-osztondij-program\/","title":{"rendered":"Egyetemi Kutat\u00f3i \u00d6szt\u00f6nd\u00edj Program (EK\u00d6P)"},"content":{"rendered":"<h3>Egyetemi Kutat\u00f3i \u00d6szt\u00f6nd\u00edj Program (EK\u00d6P)<\/h3>\n<div>\n<div id=\"GroupWiseSection_1619782863000_tothne-varga.melitta@med.semmelweis-univ.hu_55942A8118940000A2B3000000000000_\" class=\"GroupWiseMessageBody active\">\n<p>A 2025\/2026. tan\u00e9vre sz\u00f3l\u00f3 Egyetemi Kutat\u00f3i \u00d6szt\u00f6nd\u00edj Program p\u00e1ly\u00e1zati ki\u00edr\u00e1s\u00e1r\u00f3l sz\u00f3l\u00f3 egyetemi t\u00e1j\u00e9koztat\u00f3 oldal az al\u00e1bbi linken \u00e9rhet\u0151 el:<\/p>\n<h3><a href=\"https:\/\/semmelweis.hu\/phd\/hallgatoknak\/palyazatok-osztondijak\/ekop\/\" target=\"_blank\" rel=\"noopener\">EK\u00d6P-2025 p\u00e1ly\u00e1zat<\/a><\/h3>\n<p>&nbsp;<\/p>\n<div class=\"keretes w-100\">\n<p><strong>A p\u00e1ly\u00e1zat beny\u00fajt\u00e1si hat\u00e1rideje &#8211; <span style=\"color: #ff0000\">meghosszabb\u00edt\u00e1sra ker\u00fclt<\/span>:<\/strong><\/p>\n<p><strong>2025. \u00e1prilis 17. \u2013 <span style=\"color: #ff0000\">2025. m\u00e1jus 31. k\u00f6z\u00f6tt<\/span><\/strong><\/p>\n<\/div>\n<p>&nbsp;<\/p>\n<p><strong>Egyetemi Kutat\u00f3i \u00d6szt\u00f6nd\u00edj Program \u00dcgyint\u00e9z\u0151 el\u00e9rhet\u0151s\u00e9ge<\/strong><br \/>\n\u00c1OK magyar nyelv\u0171 osztatlan k\u00e9pz\u00e9s: T\u00f3thn\u00e9 Varga Melitta\u00a0<br \/>\n<a href=\"mailto:tothne-varga.melitta@semmelweis.hu\">tothne-varga.melitta@semmelweis.hu<\/a><\/p>\n<p>&nbsp;<\/p>\n<p>&nbsp;<\/p>\n<\/div>\n<\/div>\n<p>&nbsp;<\/p>\n","protected":false},"excerpt":{"rendered":"<p>A Kultur\u00e1lis \u00e9s Innov\u00e1ci\u00f3s Miniszt\u00e9rium felh\u00edv\u00e1sa<\/p>\n","protected":false},"author":102160,"featured_media":0,"parent":6018,"menu_order":4,"comment_status":"closed","ping_status":"closed","template":"","meta":{"_acf_changed":false,"footnotes":""},"categories":[],"tags":[],"class_list":["post-29628","page","type-page","status-publish","hentry"],"acf":[],"publishpress_future_action":{"enabled":false,"date":"1970-01-01 01:00:00","action":"","terms":[],"taxonomy":"","browser_timezone_offset":0},"_links":{"self":[{"href":"https:\/\/semmelweis.hu\/aok\/wp-json\/wp\/v2\/pages\/29628","targetHints":{"allow":["GET"]}}],"collection":[{"href":"https:\/\/semmelweis.hu\/aok\/wp-json\/wp\/v2\/pages"}],"about":[{"href":"https:\/\/semmelweis.hu\/aok\/wp-json\/wp\/v2\/types\/page"}],"author":[{"embeddable":true,"href":"https:\/\/semmelweis.hu\/aok\/wp-json\/wp\/v2\/users\/102160"}],"replies":[{"embeddable":true,"href":"https:\/\/semmelweis.hu\/aok\/wp-json\/wp\/v2\/comments?post=29628"}],"version-history":[{"count":9,"href":"https:\/\/semmelweis.hu\/aok\/wp-json\/wp\/v2\/pages\/29628\/revisions"}],"predecessor-version":[{"id":33444,"href":"https:\/\/semmelweis.hu\/aok\/wp-json\/wp\/v2\/pages\/29628\/revisions\/33444"}],"up":[{"embeddable":true,"href":"https:\/\/semmelweis.hu\/aok\/wp-json\/wp\/v2\/pages\/6018"}],"wp:attachment":[{"href":"https:\/\/semmelweis.hu\/aok\/wp-json\/wp\/v2\/media?parent=29628"}],"wp:term":[{"taxonomy":"category","embeddable":true,"href":"https:\/\/semmelweis.hu\/aok\/wp-json\/wp\/v2\/categories?post=29628"},{"taxonomy":"post_tag","embeddable":true,"href":"https:\/\/semmelweis.hu\/aok\/wp-json\/wp\/v2\/tags?post=29628"}],"curies":[{"name":"wp","href":"https:\/\/api.w.org\/{rel}","templated":true}]}}