{"id":29626,"date":"2023-07-26T09:58:15","date_gmt":"2023-07-26T07:58:15","guid":{"rendered":"https:\/\/semmelweis.hu\/aok\/?page_id=29626"},"modified":"2026-04-09T12:29:26","modified_gmt":"2026-04-09T10:29:26","slug":"nemzeti-felsooktatasi-osztondij","status":"publish","type":"page","link":"https:\/\/semmelweis.hu\/aok\/osztondij-palyazat\/nemzeti-felsooktatasi-osztondij\/","title":{"rendered":"Nemzeti fels\u0151oktat\u00e1si \u00f6szt\u00f6nd\u00edj"},"content":{"rendered":"<h6>A 2025\/2026. tan\u00e9vi p\u00e1ly\u00e1zati szakasz lez\u00e1rult.<\/h6>\n<h3>Nemzeti fels\u0151oktat\u00e1si \u00f6szt\u00f6nd\u00edj<\/h3>\n<p style=\"text-align: justify\"><img loading=\"lazy\" decoding=\"async\" class=\"wp-image-9174 size-medium alignright\" src=\"https:\/\/semmelweis.hu\/aok\/files\/2014\/06\/cimer-159x300.gif\" alt=\"\" width=\"159\" height=\"300\" \/>A Fels\u0151oktat\u00e1s\u00e9rt felel\u0151s miniszter a nemzeti fels\u0151oktat\u00e1sr\u00f3l sz\u00f3l\u00f3 2011. \u00e9vi CCIV. t\u00f6rv\u00e9ny (a tov\u00e1bbiakban: Nftv.), valamint a fels\u0151oktat\u00e1sban r\u00e9szt vev\u0151 hallgat\u00f3k juttat\u00e1sair\u00f3l \u00e9s az \u00e1ltaluk fizetend\u0151 egyes t\u00e9r\u00edt\u00e9sekr\u0151l sz\u00f3l\u00f3 51\/2007. (III. 26.) Korm. rendelet (a tov\u00e1bbiakban: Korm\u00e1nyrendelet) alapj\u00e1n nemzeti fels\u0151oktat\u00e1si \u00f6szt\u00f6nd\u00edjat adom\u00e1nyoz a fels\u0151oktat\u00e1si int\u00e9zm\u00e9nyek kimagasl\u00f3 teljes\u00edtm\u00e9nyt ny\u00fajt\u00f3 hallgat\u00f3i r\u00e9sz\u00e9re.<\/p>\n<p>A <strong>nemzeti fels\u0151oktat\u00e1si \u00f6szt\u00f6nd\u00edjban r\u00e9szes\u00edthet\u0151 hallgat\u00f3k sz\u00e1ma<\/strong> &#8211; a 2024. okt\u00f3ber 15-ei \u00e1llapotot r\u00f6gz\u00edt\u0151 statisztikai adatk\u00f6zl\u00e9s szerint, a Korm\u00e1nyrendelet 24. \u00a7 (2) bekezd\u00e9s\u00e9nek megfelel\u0151en &#8211; az \u00e1llamilag t\u00e1mogatott, \u00e1llami (r\u00e9sz)\u00f6szt\u00f6nd\u00edjas, teljes idej\u0171 alapk\u00e9pz\u00e9sben, mesterk\u00e9pz\u00e9sben,\u00a0 osztatlan k\u00e9pz\u00e9sben r\u00e9szt vev\u0151 hallgat\u00f3k sz\u00e1m\u00e1nak 0,8 %-a, de int\u00e9zm\u00e9nyenk\u00e9nt legal\u00e1bb egy f\u0151. Az \u00c1ltal\u00e1nos Orvostudom\u00e1nyi Kar tervezett keretl\u00e9tsz\u00e1ma 19 f\u0151.\u00a0<\/p>\n<p style=\"text-align: justify\">A <strong>nemzeti fels\u0151oktat\u00e1si \u00f6szt\u00f6nd\u00edj adom\u00e1nyoz\u00e1s\u00e1r\u00f3l sz\u00f3l\u00f3 p\u00e1ly\u00e1zatot a fels\u0151oktat\u00e1si int\u00e9zm\u00e9ny \u00edrja ki<\/strong>, figyelemmel az int\u00e9zm\u00e9ny saj\u00e1t szab\u00e1lyzat\u00e1ban a jogszab\u00e1lyi h\u00e1tt\u00e9r alapj\u00e1n megfogalmazott rendelkez\u00e9sekre, valamint ezen \u00f6szt\u00f6nd\u00edj hagyom\u00e1nyaira. A p\u00e1ly\u00e1zati felh\u00edv\u00e1st a p\u00e1ly\u00e1z\u00e1sra kell\u0151 id\u0151t biztos\u00edtva, a beny\u00fajt\u00e1si hat\u00e1rid\u0151t legal\u00e1bb 30 nappal megel\u0151z\u0151en &#8211; a p\u00e1ly\u00e1zatok elb\u00edr\u00e1l\u00e1s\u00e1nak szempontjaival egy\u00fctt -, az int\u00e9zm\u00e9nyben szok\u00e1sos m\u00f3don kell k\u00f6zz\u00e9tenni.\u00a0<\/p>\n<p style=\"text-align: justify\">A p\u00e1ly\u00e1zattal kapcsolatos legfontosabb tudnival\u00f3k a k\u00f6vetkez\u0151k:<\/p>\n<p style=\"text-align: justify\">a) az \u00f6szt\u00f6nd\u00edj egy tan\u00e9v 10 h\u00f3napj\u00e1ra sz\u00f3l, \u00f6sszege az Nftv. 114\/D \u00a7 (1) bekezd\u00e9s c) pontja alapj\u00e1n 40 000 Ft havonta;<\/p>\n<p style=\"text-align: justify\">b) a nemzeti fels\u0151oktat\u00e1si \u00f6szt\u00f6nd\u00edjra <strong>p\u00e1ly\u00e1zhatnak<\/strong> az int\u00e9zm\u00e9ny <strong>\u00e1llamilag t\u00e1mogatott, \u00e1llami (r\u00e9sz)\u00f6szt\u00f6nd\u00edjas illetve k\u00f6lts\u00e9gt\u00e9r\u00edt\u00e9ses (\u00f6nk\u00f6lts\u00e9ges), teljes idej\u0171 (nappali) alapk\u00e9pz\u00e9sben, mesterk\u00e9pz\u00e9sben vagy osztatlan k\u00e9pz\u00e9sben<\/strong> r\u00e9szt vev\u0151 hallgat\u00f3i, akik jelenlegi vagy kor\u00e1bbi tanulm\u00e1nyaik sor\u00e1n legal\u00e1bb k\u00e9t f\u00e9l\u00e9vre bejelentkeztek \u00e9s legal\u00e1bb 55 kreditet megszereztek; a p\u00e1ly\u00e1zat beny\u00fajt\u00e1s\u00e1ra abban az int\u00e9zm\u00e9nyben jogosultak a hallgat\u00f3k, amelyben a p\u00e1ly\u00e1z\u00e1s id\u0151szak\u00e1ban (a tan\u00e9v m\u00e1sodik f\u00e9l\u00e9v\u00e9ben) hallgat\u00f3i jogviszonnyal rendelkeznek;<\/p>\n<p style=\"text-align: justify\">c) a p\u00e1ly\u00e1zatot az int\u00e9zm\u00e9ny a Korm\u00e1nyrendelet 24. \u00a7 (4) bekezd\u00e9s\u00e9ben r\u00e9szletezett hat\u00e1rid\u0151 betart\u00e1s\u00e1val, valamint annak szem el\u0151tt tart\u00e1s\u00e1val \u00edrja ki, hogy a szen\u00e1tusnak &#8211; az int\u00e9zm\u00e9nybe be\u00e9rkezett \u00e9s elb\u00edr\u00e1lt p\u00e1ly\u00e1zatok szerint, a hallgat\u00f3k jogorvoslati lehet\u0151s\u00e9g\u00e9nek biztos\u00edt\u00e1s\u00e1val &#8211; <strong>2025. augusztus 1-j\u00e9ig<\/strong> kell javaslatot tennie a fels\u0151oktat\u00e1s\u00e9rt felel\u0151s miniszter r\u00e9sz\u00e9re az \u00f6szt\u00f6nd\u00edj adom\u00e1nyoz\u00e1s\u00e1ra, lehet\u0151s\u00e9g szerint az alapk\u00e9pz\u00e9sben, mesterk\u00e9pz\u00e9sben, osztatlan k\u00e9pz\u00e9sben r\u00e9szt vev\u0151 hallgat\u00f3kra elk\u00fcl\u00f6n\u00edtetten;\u00a0<\/p>\n<p style=\"text-align: justify\">d) a 2025\/2026. tan\u00e9vre elnyert nemzeti fels\u0151oktat\u00e1si \u00f6szt\u00f6nd\u00edj csak a 2025\/2026. tan\u00e9vben foly\u00f3s\u00edthat\u00f3, az Nftv. 85\/C. \u00a7 ab) alpontja szerint a Korm\u00e1nyrendelet 10. \u00a7 (3) bekezd\u00e9s\u00e9ben meghat\u00e1rozott &#8211; alapk\u00e9pz\u00e9sben,\u00a0 mesterk\u00e9pz\u00e9sben, osztatlan k\u00e9pz\u00e9sben r\u00e9szt vev\u0151\u00a0 &#8211; hallgat\u00f3 r\u00e9sz\u00e9re, amennyiben a hallgat\u00f3 hallgat\u00f3i jogviszonya b\u00e1rmilyen okb\u00f3l megsz\u0171nik vagy sz\u00fcnetel, a nemzeti fels\u0151oktat\u00e1si \u00f6szt\u00f6nd\u00edj <strong>nem foly\u00f3s\u00edthat\u00f3<\/strong> sz\u00e1m\u00e1ra (a jogviszony megsz\u0171n\u00e9s\u00e9t k\u00f6vet\u0151en, ha a hallgat\u00f3 nem l\u00e9tes\u00edt a 2025\/2026. tan\u00e9vben a Korm\u00e1nyrendelet 10. \u00a7 (3) bekezd\u00e9se szerinti jogviszonyt; illetve a hallgat\u00f3i jogviszony sz\u00fcneteltet\u00e9s\u00e9nek id\u0151szak\u00e1ban);<\/p>\n<p style=\"text-align: justify\">e) abban az esetben, ha a nemzeti fels\u0151oktat\u00e1si \u00f6szt\u00f6nd\u00edjra p\u00e1ly\u00e1zott, de elutas\u00edtott hallgat\u00f3 a fenti felt\u00e9telek \u00e9s az int\u00e9zm\u00e9nyi keretsz\u00e1m alapj\u00e1n \u00e9rdemes az \u00f6szt\u00f6nd\u00edjra, de int\u00e9zm\u00e9nyi elj\u00e1r\u00e1si hiba folyt\u00e1n nem kapta meg azt, \u00e9s e t\u00e9ny az int\u00e9zm\u00e9nyi jogorvoslati elj\u00e1r\u00e1s keret\u00e9ben meg\u00e1llap\u00edthat\u00f3, a fels\u0151oktat\u00e1s\u00e9rt felel\u0151s miniszter &#8211; az int\u00e9zm\u00e9ny hallgat\u00f3i el\u0151ir\u00e1nyzat\u00e1nak vagy saj\u00e1t bev\u00e9tel\u00e9nek terh\u00e9re &#8211; jogosult ezen hallgat\u00f3 r\u00e9sz\u00e9re nemzeti fels\u0151oktat\u00e1si \u00f6szt\u00f6nd\u00edjat adom\u00e1nyozni a fels\u0151oktat\u00e1si int\u00e9zm\u00e9ny javaslata alapj\u00e1n;<\/p>\n<p style=\"text-align: justify\">f) a nemzeti fels\u0151oktat\u00e1si \u00f6szt\u00f6nd\u00edjat elnyert hallgat\u00f3 nem z\u00e1rhat\u00f3 ki a tanulm\u00e1nyi \u00f6szt\u00f6nd\u00edj t\u00e1mogat\u00e1sb\u00f3l.<\/p>\n<p style=\"text-align: justify\">Az \u00f6szt\u00f6nd\u00edj-p\u00e1ly\u00e1zatok elb\u00edr\u00e1l\u00e1s\u00e1nak rendj\u00e9t \u00e9s felt\u00e9teleit &#8211; az egyenl\u0151 b\u00e1n\u00e1sm\u00f3d k\u00f6vetelm\u00e9ny\u00e9nek szem el\u0151tt tart\u00e1s\u00e1val &#8211; a fels\u0151oktat\u00e1si int\u00e9zm\u00e9ny saj\u00e1t szab\u00e1lyzat\u00e1ban hat\u00e1rozza meg. Ennek keret\u00e9ben az int\u00e9zm\u00e9ny jogosult meg\u00e1llap\u00edtani, hogy mely tev\u00e9kenys\u00e9gek, eredm\u00e9nyek alapj\u00e1n alak\u00edtja ki az int\u00e9zm\u00e9nyi rangsort, mely krit\u00e9riumokat veszi figyelembe nagyobb vagy kisebb s\u00fallyal a p\u00e1ly\u00e1zatok elb\u00edr\u00e1l\u00e1sa sor\u00e1n.<\/p>\n<p>A nemzeti fels\u0151oktat\u00e1si \u00f6szt\u00f6nd\u00edjr\u00f3l a Semmelweis Egyetem Szervezeti \u00e9s M\u0171k\u00f6d\u00e9si Szab\u00e1lyzat III. k\u00f6nyv 4. r\u00e9sz T\u00e9r\u00edt\u00e9si \u00e9s Juttat\u00e1si Szab\u00e1lyzat 16. \u00a7 rendelkezik:\u00a0<\/p>\n<p><a href=\"https:\/\/semmelweis.hu\/jogigfoig\/dokumentumtar\/szabalyzattar\/szervezeti-es-mukodesi-szabalyzat\/\" target=\"_blank\" rel=\"noopener noreferrer\">Az \u00c1ltal\u00e1nos Orvostudom\u00e1nyi Kar T\u00e9r\u00edt\u00e9si \u00e9s Juttat\u00e1si Rendje (az egyetemi Szervezeti \u00e9s M\u0171k\u00f6d\u00e9si Szab\u00e1lyzat r\u00e9sz\u00e9t k\u00e9pezi)<\/a><\/p>\n<p><em>A <a href=\"https:\/\/semmelweis.hu\/aok\/files\/2025\/06\/Palyazati-felhivas.pdf\" target=\"_blank\" rel=\"noopener\">P\u00e1ly\u00e1zati felh\u00edv\u00e1s<\/a> kattint\u00e1sra megny\u00edlik.<\/em><\/p>\n<p><em><a href=\"https:\/\/semmelweis.hu\/aok\/files\/2025\/06\/A-palyazat-mellekletei.pdf\" target=\"_blank\" rel=\"noopener\">A p\u00e1ly\u00e1zat mell\u00e9kletei<\/a>, <a href=\"https:\/\/semmelweis.hu\/aok\/files\/2025\/06\/A-palyazat-elbiralasanak-szempontjai.pdf\" target=\"_blank\" rel=\"noopener\">a p\u00e1ly\u00e1zat elb\u00edr\u00e1l\u00e1s\u00e1nak szempontjai <\/a>\u00e9s az <a href=\"https:\/\/semmelweis.hu\/aok\/files\/2025\/06\/Utemterv.pdf\" target=\"_blank\" rel=\"noopener\">\u00fctemterv<\/a> a n\u00e9vre kattintva megny\u00edlik.\u00a0<\/em><\/p>\n<p><strong>A P\u00c1LY\u00c1ZAT BENY\u00daJT\u00c1SA a NEPTUN rendszeren kereszt\u00fcl t\u00f6rt\u00e9nik, <\/strong><\/p>\n<p><strong>2025. j\u00fanius 05. 10.00 \u00f3r\u00e1t\u00f3l 2025. j\u00falius 07. 23.59 \u00f3r\u00e1ig<\/strong><\/p>\n<p><em>A p\u00e1ly\u00e1zat <strong>p\u00e1ly\u00e1zati adatlapb\u00f3l \u00e9s<\/strong> annak <strong>mell\u00e9kleteib\u0151l \u00e1ll<\/strong>. <\/em><em>A teljes p\u00e1ly\u00e1zati anyagot<\/em> <em>a<\/em> <em><strong>NEPTUN rendszeren kereszt\u00fcl (\u00fcgyint\u00e9z\u00e9s-k\u00e9rv\u00e9nyek), elektronikusan kell beny\u00fajtani<\/strong><\/em>.<\/p>\n<p><strong>A p\u00e1ly\u00e1zat bead\u00e1sa ut\u00e1n hi\u00e1nyp\u00f3tl\u00e1sra nincs lehet\u0151s\u00e9g.<\/strong><\/p>\n","protected":false},"excerpt":{"rendered":"<p>A kimagasl\u00f3 teljes\u00edtm\u00e9nyt ny\u00fajt\u00f3 hallgat\u00f3k r\u00e9sz\u00e9re<\/p>\n","protected":false},"author":102160,"featured_media":0,"parent":6018,"menu_order":1,"comment_status":"closed","ping_status":"closed","template":"","meta":{"_acf_changed":false,"footnotes":""},"categories":[],"tags":[],"class_list":["post-29626","page","type-page","status-publish","hentry"],"acf":[],"publishpress_future_action":{"enabled":false,"date":"1970-01-01 01:00:00","action":"","terms":[],"taxonomy":"","browser_timezone_offset":0},"_links":{"self":[{"href":"https:\/\/semmelweis.hu\/aok\/wp-json\/wp\/v2\/pages\/29626","targetHints":{"allow":["GET"]}}],"collection":[{"href":"https:\/\/semmelweis.hu\/aok\/wp-json\/wp\/v2\/pages"}],"about":[{"href":"https:\/\/semmelweis.hu\/aok\/wp-json\/wp\/v2\/types\/page"}],"author":[{"embeddable":true,"href":"https:\/\/semmelweis.hu\/aok\/wp-json\/wp\/v2\/users\/102160"}],"replies":[{"embeddable":true,"href":"https:\/\/semmelweis.hu\/aok\/wp-json\/wp\/v2\/comments?post=29626"}],"version-history":[{"count":12,"href":"https:\/\/semmelweis.hu\/aok\/wp-json\/wp\/v2\/pages\/29626\/revisions"}],"predecessor-version":[{"id":34344,"href":"https:\/\/semmelweis.hu\/aok\/wp-json\/wp\/v2\/pages\/29626\/revisions\/34344"}],"up":[{"embeddable":true,"href":"https:\/\/semmelweis.hu\/aok\/wp-json\/wp\/v2\/pages\/6018"}],"wp:attachment":[{"href":"https:\/\/semmelweis.hu\/aok\/wp-json\/wp\/v2\/media?parent=29626"}],"wp:term":[{"taxonomy":"category","embeddable":true,"href":"https:\/\/semmelweis.hu\/aok\/wp-json\/wp\/v2\/categories?post=29626"},{"taxonomy":"post_tag","embeddable":true,"href":"https:\/\/semmelweis.hu\/aok\/wp-json\/wp\/v2\/tags?post=29626"}],"curies":[{"name":"wp","href":"https:\/\/api.w.org\/{rel}","templated":true}]}}