{"id":29338,"date":"2023-06-09T11:30:53","date_gmt":"2023-06-09T09:30:53","guid":{"rendered":"https:\/\/semmelweis.hu\/aok\/?page_id=29338"},"modified":"2023-07-13T15:29:30","modified_gmt":"2023-07-13T13:29:30","slug":"2023-junius-6-i-hatarozatok","status":"publish","type":"page","link":"https:\/\/semmelweis.hu\/aok\/a-karrol\/kari-tanacs\/a-kari-tanacs-hatarozatai\/2023-junius-6-i-hatarozatok\/","title":{"rendered":"2023. j\u00fanius 6-i hat\u00e1rozatok"},"content":{"rendered":"<p style=\"text-align: justify\"><a href=\"https:\/\/semmelweis.hu\/aok\/files\/2023\/06\/28_bizottsagi_beszamolo.pdf\" target=\"_blank\" rel=\"noopener\">28\/2023. (2023. j\u00fanius 6-i) sz\u00e1m\u00fa hat\u00e1rozat<\/a> a Kari Tan\u00e1cs \u00e1ltal l\u00e9trehozott karon m\u0171k\u00f6d\u0151 \u00e1lland\u00f3 bizotts\u00e1gok munk\u00e1j\u00e1r\u00f3l<\/p>\n<p style=\"text-align: justify\"><a href=\"https:\/\/semmelweis.hu\/aok\/files\/2023\/06\/29_igazgatoi.pdf\" target=\"_blank\" rel=\"noopener\">29\/2023. (2023. j\u00fanius 6-i) sz\u00e1m\u00fa hat\u00e1rozat<\/a> a karon meghirdetett igazgat\u00f3i, tansz\u00e9kvezet\u0151i \u00e1ll\u00e1sokra p\u00e1ly\u00e1z\u00f3kr\u00f3l<\/p>\n<p style=\"text-align: justify\"><a href=\"https:\/\/semmelweis.hu\/aok\/files\/2023\/06\/30_a_docensi.pdf\" target=\"_blank\" rel=\"noopener\">30\/a\/2023. (2023. j\u00fanius 6-i) sz\u00e1m\u00fa hat\u00e1rozat<\/a> a karon meghirdetett egyetemi docensi \u00e1ll\u00e1sokra p\u00e1ly\u00e1z\u00f3kr\u00f3l<\/p>\n<p style=\"text-align: justify\"><a href=\"https:\/\/semmelweis.hu\/aok\/files\/2023\/06\/30_b_docensi.pdf\" target=\"_blank\" rel=\"noopener\">30\/b\/2023. (2023. j\u00fanius 6-i) sz\u00e1m\u00fa hat\u00e1rozat<\/a> a karon meghirdetett egyetemi docensi \u00e1ll\u00e1sokra p\u00e1ly\u00e1z\u00f3kr\u00f3l<\/p>\n<p style=\"text-align: justify\"><a href=\"https:\/\/semmelweis.hu\/aok\/files\/2023\/06\/30_c_kutatoprofesszori.pdf\" target=\"_blank\" rel=\"noopener\">30\/c\/2023. (2023. j\u00fanius 6-i) sz\u00e1m\u00fa hat\u00e1rozat<\/a> a karon meghirdetett kutat\u00f3professzori \u00e1ll\u00e1sra p\u00e1ly\u00e1z\u00f3r\u00f3l<\/p>\n<p style=\"text-align: justify\"><a href=\"https:\/\/semmelweis.hu\/aok\/files\/2023\/06\/30_d_tudomanyos_fomunkatarsi.pdf\" target=\"_blank\" rel=\"noopener\">30\/d\/2023. (2023. j\u00fanius 6-i) sz\u00e1m\u00fa hat\u00e1rozat<\/a> a karon meghirdetett tudom\u00e1nyos f\u0151munkat\u00e1rsi \u00e1ll\u00e1sra p\u00e1ly\u00e1z\u00f3r\u00f3l<\/p>\n<p style=\"text-align: justify\"><a href=\"https:\/\/semmelweis.hu\/aok\/files\/2023\/06\/31_Molekularis_Patologiai_Tanszek.pdf\" target=\"_blank\" rel=\"noopener\">31\/2023. (2023. j\u00fanius 6-i) sz\u00e1m\u00fa hat\u00e1rozat<\/a> a Molekul\u00e1ris Patol\u00f3giai Tansz\u00e9k l\u00e9trehoz\u00e1s\u00e1r\u00f3l a Patol\u00f3giai \u00e9s K\u00eds\u00e9rleti R\u00e1kkutat\u00f3 Int\u00e9zethez rendelten<\/p>\n<p style=\"text-align: justify\"><a href=\"https:\/\/semmelweis.hu\/aok\/files\/2023\/06\/32_CBT-konzulens.pdf\" target=\"_blank\" rel=\"noopener\">32\/2023. (2023. j\u00fanius 6-i) sz\u00e1m\u00fa hat\u00e1rozat<\/a> a kognit\u00edv viselked\u00e9ster\u00e1pi\u00e1s konzulens (CBT konzulens) szakir\u00e1ny\u00fa tov\u00e1bbk\u00e9pz\u00e9si szak l\u00e9tes\u00edt\u00e9s\u00e9r\u0151l<\/p>\n<p style=\"text-align: justify\"><a href=\"https:\/\/semmelweis.hu\/aok\/files\/2023\/06\/33_CBT-terapeuta.pdf\" target=\"_blank\" rel=\"noopener\">33\/2023. (2023. j\u00fanius 6-i) sz\u00e1m\u00fa hat\u00e1rozat<\/a> a kognit\u00edv viselked\u00e9sterapeuta (CBT terapeuta) szakir\u00e1ny\u00fa tov\u00e1bbk\u00e9pz\u00e9si szak l\u00e9tes\u00edt\u00e9s\u00e9r\u0151l<\/p>\n<p style=\"text-align: justify\"><a href=\"https:\/\/semmelweis.hu\/aok\/files\/2023\/06\/34_allami_miniszteri_kituntetesek.pdf\" target=\"_blank\" rel=\"noopener\">34\/2023. (2023. j\u00fanius 6-i) sz\u00e1m\u00fa hat\u00e1rozat<\/a> a 2024. \u00e9vi \u00e1llami \u00e9s miniszteri szint\u0171 kit\u00fcntet\u00e9sek adom\u00e1nyoz\u00e1s\u00e1r\u00f3l<\/p>\n<p style=\"text-align: justify\"><a href=\"https:\/\/semmelweis.hu\/aok\/files\/2023\/06\/35_dhc.pdf\" target=\"_blank\" rel=\"noopener\">35\/2023. (2023. j\u00fanius 6-i) sz\u00e1m\u00fa hat\u00e1rozat<\/a> a \u201eDoctor Honoris Causa\u201d kit\u00fcntet\u0151 c\u00edm adom\u00e1nyoz\u00e1s\u00e1ra vonatkoz\u00f3 javaslatr\u00f3l<\/p>\n<p style=\"text-align: justify\"><a href=\"https:\/\/semmelweis.hu\/aok\/files\/2023\/06\/36_oraado.pdf\" target=\"_blank\" rel=\"noopener\">36\/2023. (2023. j\u00fanius 6-i) sz\u00e1m\u00fa hat\u00e1rozat<\/a> a Semmelweis Egyetem \u00e1ltal adom\u00e1nyozhat\u00f3 \u00f3raad\u00f3 oktat\u00f3i c\u00edmekre t\u00f6rt\u00e9n\u0151 javaslatt\u00e9tel elfogad\u00e1s\u00e1r\u00f3l<\/p>\n<p style=\"text-align: justify\"><a href=\"https:\/\/semmelweis.hu\/aok\/files\/2023\/06\/37_jubileumi_diszokl.pdf\" target=\"_blank\" rel=\"noopener\">37\/2023. (2023. j\u00fanius 6-i) sz\u00e1m\u00fa hat\u00e1rozat<\/a> a jubileumi d\u00edszoklevelek adom\u00e1nyoz\u00e1s\u00e1ra vonatkoz\u00f3 javaslatr\u00f3l az \u00c1ltal\u00e1nos Orvostudom\u00e1nyi Karon<\/p>\n<p><strong>English version:\u00a0<\/strong><\/p>\n<p><a href=\"https:\/\/semmelweis.hu\/aok\/files\/2023\/07\/28_decision_faculty_standing_committees.pdf\" target=\"_blank\" rel=\"noopener\">Decision No 28\/2023 (6 June 2023)<\/a> on the reports of the standing committees of the Faculty\u00a0established by the Faculty Council<\/p>\n<p><a href=\"https:\/\/semmelweis.hu\/aok\/files\/2023\/07\/29_decision_director_and_head_of_department.pdf\" target=\"_blank\" rel=\"noopener\">Decision No 29\/2023 (6 June 2023)<\/a> on the candidates for the positions of director and head of department\u00a0announced by the Faculty<\/p>\n<p><a href=\"https:\/\/semmelweis.hu\/aok\/files\/2023\/07\/30_a_decision_associate_professor.pdf\" target=\"_blank\" rel=\"noopener\">Decision No 30\/a\/2023 (6 June 2023)<\/a> on the candidacy for the positions of associate professor announced at the Faculty<\/p>\n<p><a href=\"https:\/\/semmelweis.hu\/aok\/files\/2023\/07\/30_b_decision_associate_professor.pdf\" target=\"_blank\" rel=\"noopener\">Decision No 30\/b\/2023 (6 June 2023)<\/a> on the candidacy for the positions of associate professor announced at the Faculty<\/p>\n<p><a href=\"https:\/\/semmelweis.hu\/aok\/files\/2023\/07\/30_c_decision_research_professor.pdf\" target=\"_blank\" rel=\"noopener\">Decision No 30\/c\/2023 (6 June 2023)<\/a> on the candidacy for the position of research professor announced at the Faculty<\/p>\n<p><a href=\"https:\/\/semmelweis.hu\/aok\/files\/2023\/07\/30_d_decision_senior_research_fellow.pdf\" target=\"_blank\" rel=\"noopener\">Decision No 30\/d\/2023 (6 June 2023)<\/a> on the candidacy for the position of senior research fellow announced at the Faculty<\/p>\n<p style=\"text-align: left\"><a href=\"https:\/\/semmelweis.hu\/aok\/files\/2023\/07\/31_decision_Dep_of_Molecular_Pathology.pdf\" target=\"_blank\" rel=\"noopener\">Decision No 31\/2023 (6 June 2023)<\/a> on the establishment of the Department of Molecular Pathology\u00a0at the Department of Pathology and Experimental Cancer Research<\/p>\n<p><a href=\"https:\/\/semmelweis.hu\/aok\/files\/2023\/07\/32_decision_CBT_consultant.pdf\" target=\"_blank\" rel=\"noopener\">Decision No 32\/2023 (6 June 2023)<\/a> on the establishment of the cognitive behavioral consultant (CBT consultant)\u00a0 postgraduate specialization programme<\/p>\n<p><a href=\"https:\/\/semmelweis.hu\/aok\/files\/2023\/07\/33_decision_CBT_therapist.pdf\" target=\"_blank\" rel=\"noopener\">Decision No 33\/2023 (6 June 2023)<\/a> on the establishment of the cognitive behavioral therapist (CBT therapist)\u00a0postgraduate specialization programme<\/p>\n<p><a href=\"https:\/\/semmelweis.hu\/aok\/files\/2023\/07\/34_decision_state_and_ministerial_honours.pdf\" target=\"_blank\" rel=\"noopener\">Decision No 34\/2023 (6 June 2023)<\/a> on the awarding state and ministerial honours for the year of 2024<\/p>\n<p><a href=\"https:\/\/semmelweis.hu\/aok\/files\/2023\/07\/35_decision_DHC.pdf\" target=\"_blank\" rel=\"noopener\">Decision No 35\/2023 (6 June 2023)<\/a> on the proposal for the awarding of the title of Doctor Honoris Causa<\/p>\n<p><a href=\"https:\/\/semmelweis.hu\/aok\/files\/2023\/07\/36_decision_titles_of_lecturer.pdf\" target=\"_blank\" rel=\"noopener\">Decision No 36\/2023 (6 June 2023)<\/a> on the acceptance of the proposal for the titles of lecturer to be awarded\u00a0by Semmelweis University<\/p>\n<p><a href=\"https:\/\/semmelweis.hu\/aok\/files\/2023\/07\/37_decision_jubilee_certifications_of_honour.pdf\" target=\"_blank\" rel=\"noopener\">Decision No 37\/2023 (6 June 2023)<\/a> on the proposal for the award of jubilee honorary degrees at the Faculty of Medicine<\/p>\n","protected":false},"excerpt":{"rendered":"<p><a href=\"https:\/\/semmelweis.hu\/aok\/files\/2023\/06\/28_bizottsagi_beszamolo.pdf\" target=\"_blank\" rel=\"noopener\">28\/2023. (2023. j\u00fanius 6-i) sz\u00e1m\u00fa hat\u00e1rozat<\/a> a Kari Tan\u00e1cs \u00e1ltal l\u00e9trehozott karon m\u0171k\u00f6d\u0151 \u00e1lland\u00f3 bizotts\u00e1gok munk\u00e1j\u00e1r\u00f3l <a href=\"https:\/\/semmelweis.hu\/aok\/files\/2023\/06\/29_igazgatoi.pdf\" target=\"_blank\" rel=\"noopener\">29\/2023. (2023. j\u00fanius 6-i) sz\u00e1m\u00fa hat\u00e1rozat<\/a> a karon meghirdetett igazgat\u00f3i, tansz\u00e9kvezet\u0151i \u00e1ll\u00e1sokra p\u00e1ly\u00e1z\u00f3kr\u00f3l <a href=\"https:\/\/semmelweis.hu\/aok\/files\/2023\/06\/30_a_docensi.pdf\" target=\"_blank\" rel=\"noopener\">30\/a\/2023. (2023. j\u00fanius 6-i) sz\u00e1m\u00fa hat\u00e1rozat<\/a> a karon meghirdetett egyetemi docensi \u00e1ll\u00e1sokra p\u00e1ly\u00e1z\u00f3kr\u00f3l <a href=\"https:\/\/semmelweis.hu\/aok\/files\/2023\/06\/30_b_docensi.pdf\" target=\"_blank\" rel=\"noopener\">30\/b\/2023. (2023. j\u00fanius 6-i) sz\u00e1m\u00fa hat\u00e1rozat<\/a> a karon meghirdetett egyetemi docensi \u00e1ll\u00e1sokra p\u00e1ly\u00e1z\u00f3kr\u00f3l <a href=\"https:\/\/semmelweis.hu\/aok\/files\/2023\/06\/30_c_kutatoprofesszori.pdf\" target=\"_blank\" rel=\"noopener\">30\/c\/2023. (2023. j\u00fanius 6-i) sz\u00e1m\u00fa hat\u00e1rozat<\/a> a karon meghirdetett kutat\u00f3professzori \u00e1ll\u00e1sra p\u00e1ly\u00e1z\u00f3r\u00f3l <a href=\"https:\/\/semmelweis.hu\/aok\/files\/2023\/06\/30_d_tudomanyos_fomunkatarsi.pdf\" target=\"_blank\" rel=\"noopener\">30\/d\/2023. (2023. j\u00fanius 6-i) sz\u00e1m\u00fa hat\u00e1rozat<\/a> a karon meghirdetett tudom\u00e1nyos f\u0151munkat\u00e1rsi \u00e1ll\u00e1sra p\u00e1ly\u00e1z\u00f3r\u00f3l <a href=\"https:\/\/semmelweis.hu\/aok\/files\/2023\/06\/31_Molekularis_Patologiai_Tanszek.pdf\" target=\"_blank\" rel=\"noopener\">31\/2023. (2023. j\u00fanius 6-i) sz\u00e1m\u00fa hat\u00e1rozat<\/a> a Molekul\u00e1ris Patol\u00f3giai Tansz\u00e9k l\u00e9trehoz\u00e1s\u00e1r\u00f3l a Patol\u00f3giai \u00e9s K\u00eds\u00e9rleti R\u00e1kkutat\u00f3 Int\u00e9zethez &hellip;<\/p>\n","protected":false},"author":102032,"featured_media":0,"parent":1141,"menu_order":0,"comment_status":"closed","ping_status":"closed","template":"","meta":{"_acf_changed":false,"footnotes":""},"categories":[],"tags":[],"class_list":["post-29338","page","type-page","status-publish","hentry"],"acf":[],"publishpress_future_action":{"enabled":false,"date":"1970-01-01 01:00:00","action":"","terms":[],"taxonomy":"","browser_timezone_offset":0},"_links":{"self":[{"href":"https:\/\/semmelweis.hu\/aok\/wp-json\/wp\/v2\/pages\/29338","targetHints":{"allow":["GET"]}}],"collection":[{"href":"https:\/\/semmelweis.hu\/aok\/wp-json\/wp\/v2\/pages"}],"about":[{"href":"https:\/\/semmelweis.hu\/aok\/wp-json\/wp\/v2\/types\/page"}],"author":[{"embeddable":true,"href":"https:\/\/semmelweis.hu\/aok\/wp-json\/wp\/v2\/users\/102032"}],"replies":[{"embeddable":true,"href":"https:\/\/semmelweis.hu\/aok\/wp-json\/wp\/v2\/comments?post=29338"}],"version-history":[{"count":9,"href":"https:\/\/semmelweis.hu\/aok\/wp-json\/wp\/v2\/pages\/29338\/revisions"}],"predecessor-version":[{"id":29496,"href":"https:\/\/semmelweis.hu\/aok\/wp-json\/wp\/v2\/pages\/29338\/revisions\/29496"}],"up":[{"embeddable":true,"href":"https:\/\/semmelweis.hu\/aok\/wp-json\/wp\/v2\/pages\/1141"}],"wp:attachment":[{"href":"https:\/\/semmelweis.hu\/aok\/wp-json\/wp\/v2\/media?parent=29338"}],"wp:term":[{"taxonomy":"category","embeddable":true,"href":"https:\/\/semmelweis.hu\/aok\/wp-json\/wp\/v2\/categories?post=29338"},{"taxonomy":"post_tag","embeddable":true,"href":"https:\/\/semmelweis.hu\/aok\/wp-json\/wp\/v2\/tags?post=29338"}],"curies":[{"name":"wp","href":"https:\/\/api.w.org\/{rel}","templated":true}]}}