{"id":28719,"date":"2023-02-08T12:51:58","date_gmt":"2023-02-08T11:51:58","guid":{"rendered":"https:\/\/semmelweis.hu\/aok\/?page_id=28719"},"modified":"2023-02-28T08:02:50","modified_gmt":"2023-02-28T07:02:50","slug":"2023-februar-7-i-hatarozatok","status":"publish","type":"page","link":"https:\/\/semmelweis.hu\/aok\/a-karrol\/kari-tanacs\/a-kari-tanacs-hatarozatai\/2023-februar-7-i-hatarozatok\/","title":{"rendered":"2023. FEBRU\u00c1R 7-I HAT\u00c1ROZATOK"},"content":{"rendered":"<p style=\"text-align: justify\"><a href=\"https:\/\/semmelweis.hu\/aok\/files\/2023\/02\/13_a_hatarozat_egyetemi_docensi-2.pdf\" target=\"_blank\" rel=\"noopener\">13\/a\/2023 (2023. febru\u00e1r 7-i) sz\u00e1m\u00fa hat\u00e1rozat<\/a> a karon meghirdetett egyetemi docensi \u00e1ll\u00e1sokra p\u00e1ly\u00e1z\u00f3kr\u00f3l<\/p>\n<p style=\"text-align: justify\"><a href=\"https:\/\/semmelweis.hu\/aok\/files\/2023\/02\/13_b_hatarozat_tudomanyos_fomunkatars.pdf\" target=\"_blank\" rel=\"noopener\">13\/b\/2023 (2023. febru\u00e1r 7-i) sz\u00e1m\u00fa hat\u00e1rozat<\/a> a karon meghirdetett tudom\u00e1nyos f\u0151munkat\u00e1rsi \u00e1ll\u00e1sokra p\u00e1ly\u00e1z\u00f3kr\u00f3l<\/p>\n<p style=\"text-align: justify\"><a href=\"https:\/\/semmelweis.hu\/aok\/files\/2023\/02\/14_hatarozat_bizottsagi_ugyrend.pdf\" target=\"_blank\" rel=\"noopener\">14\/2023 (2023. febru\u00e1r 7-i) sz\u00e1m\u00fa hat\u00e1rozat<\/a> a Kari Tan\u00e1cs \u00e1ltal l\u00e9trehozott Karon m\u0171k\u00f6d\u0151 bizotts\u00e1gok \u00fcgyrendjeinek j\u00f3v\u00e1hagy\u00e1s\u00e1r\u00f3l (Akkredit\u00e1ci\u00f3s Bizotts\u00e1g, Oktat\u00e1si Bizotts\u00e1g, OMHV Bizotts\u00e1g, Tudom\u00e1nyos Bizotts\u00e1g)<\/p>\n<p>\u00a0 \u00a0 \u00a0 <a href=\"https:\/\/semmelweis.hu\/aok\/files\/2023\/02\/Akkreditacios_Bizottsag_ugyrend-1.pdf\" target=\"_blank\" rel=\"noopener\">Akkredit\u00e1ci\u00f3s Bizotts\u00e1g \u00fcgyrendje<\/a><\/p>\n<p>\u00a0 \u00a0 \u00a0 <a href=\"https:\/\/semmelweis.hu\/aok\/files\/2023\/02\/Oktatasi_Bizottsag_ugyrend-1.pdf\" target=\"_blank\" rel=\"noopener\">Oktat\u00e1si Bizotts\u00e1g \u00fcgyrendje<\/a><\/p>\n<p>\u00a0 \u00a0 \u00a0 <a href=\"https:\/\/semmelweis.hu\/aok\/files\/2023\/02\/OMHV_Bizottsag_ugyrend-1.pdf\" target=\"_blank\" rel=\"noopener\">OMHV Bizotts\u00e1g \u00fcgyrendje<\/a><\/p>\n<p>\u00a0 \u00a0 \u00a0 <a href=\"https:\/\/semmelweis.hu\/aok\/files\/2023\/02\/Tudomanyos_Bizottsag_ugyrend-1.pdf\" target=\"_blank\" rel=\"noopener\">Tudom\u00e1nyos Bizotts\u00e1g \u00fcgyrendje<\/a><\/p>\n<p style=\"text-align: justify\"><a href=\"https:\/\/semmelweis.hu\/aok\/files\/2023\/02\/15_hatarozat_Intervencios_Gasztroenterologiai_Tanszek.pdf\" target=\"_blank\" rel=\"noopener\">15\/2023 (2023. febru\u00e1r 7-i) sz\u00e1m\u00fa hat\u00e1rozat<\/a> az Intervenci\u00f3s Gasztroenterol\u00f3giai Tansz\u00e9k l\u00e9trehoz\u00e1s\u00e1r\u00f3l a Seb\u00e9szeti, Transzplant\u00e1ci\u00f3s \u00e9s Gasztroenterol\u00f3giai Klinik\u00e1hoz rendelten<\/p>\n<p style=\"text-align: justify\"><a href=\"https:\/\/semmelweis.hu\/aok\/files\/2023\/02\/16_hatarozat_Mozgasszervi_Radiologiai_TCs.pdf\" target=\"_blank\" rel=\"noopener\">16\/2023 (2023. febru\u00e1r 7-i) sz\u00e1m\u00fa hat\u00e1rozat<\/a> a Mozg\u00e1sszervi Radiol\u00f3giai Tansz\u00e9ki Csoport l\u00e9trehoz\u00e1s\u00e1r\u00f3l az Orvosi K\u00e9palkot\u00f3 Klinik\u00e1hoz rendelten<\/p>\n<p style=\"text-align: justify\"><a href=\"https:\/\/semmelweis.hu\/aok\/files\/2023\/02\/17_hatarozat_ACH_uj_tantargyak-1.pdf\" target=\"_blank\" rel=\"noopener\">17\/2023 (2023. febru\u00e1r 7-i) sz\u00e1m\u00fa hat\u00e1rozat<\/a> az Asklepios Campus Hamburgon 2022\/2023. tan\u00e9v II. f\u00e9l\u00e9v\u00e9t\u0151l bevezetend\u0151 \u201eNeurosurgery\u201d, \u201ePersonalized Medicine in Oncology and Hematology\u201d, valamint \u201eStudent Policlinic Module III\u201d c\u00edm\u0171 k\u00f6telez\u0151en v\u00e1laszthat\u00f3 t\u00e1rgyakr\u00f3l<\/p>\n<p>\u00a0 \u00a0 \u00a0 <a href=\"https:\/\/semmelweis.hu\/aok\/files\/2023\/02\/ACH_Neurosurgery_korrigalt.pdf\" target=\"_blank\" rel=\"noopener\">mell\u00e9klet 1\u00a0<\/a>\u00a0 \u00a0 \u00a0 <a href=\"https:\/\/semmelweis.hu\/aok\/files\/2023\/02\/ACH_korrigalt_Personalized-Medicine-in-Oncology-and-Hematology.pdf\" target=\"_blank\" rel=\"noopener\">mell\u00e9klet 2<\/a> \u00a0 \u00a0 <a href=\"https:\/\/semmelweis.hu\/aok\/files\/2023\/02\/ACH_Student_Policlinic_III_2CP_REAKKREDITATION_potlolag.pdf\" target=\"_blank\" rel=\"noopener\">mell\u00e9klet 3<\/a><\/p>\n<p style=\"text-align: justify\"><a href=\"https:\/\/semmelweis.hu\/aok\/files\/2023\/02\/18_hatarozat_asisstand_reproduction.pdf\" target=\"_blank\" rel=\"noopener\">18\/2023 (2023. febru\u00e1r 7-i) sz\u00e1m\u00fa hat\u00e1rozat<\/a> a 2022\/2023-as tan\u00e9v II. f\u00e9l\u00e9v\u00e9t\u0151l angol nyelven bevezetend\u0151 \u201eAssisted Reproduction\u201d c\u00edm\u0171 k\u00f6telez\u0151en v\u00e1laszthat\u00f3 t\u00e1rgyr\u00f3l az \u00c1ltal\u00e1nos Orvostudom\u00e1nyi Karon<\/p>\n<p>\u00a0 \u00a0 \u00a0 <a href=\"https:\/\/semmelweis.hu\/aok\/files\/2023\/02\/Assisted-Reproduction_2022-2023.-II.-felevtol_korrigalt.pdf\" target=\"_blank\" rel=\"noopener\">mell\u00e9klet<\/a><\/p>\n<p style=\"text-align: justify\"><a href=\"https:\/\/semmelweis.hu\/aok\/files\/2023\/02\/19_hatarozat_colorectalis_nap.pdf\" target=\"_blank\" rel=\"noopener\">19\/2023 (2023. febru\u00e1r 7-i) sz\u00e1m\u00fa hat\u00e1rozat<\/a> a Colorectalis Nap 2023, mint \u00faj, szabadon v\u00e1laszthat\u00f3 tant\u00e1rgy bevezet\u00e9s\u00e9r\u0151l az \u00c1ltal\u00e1nos Orvostudom\u00e1nyi Karon<\/p>\n<p>\u00a0 \u00a0 \u00a0 <a href=\"https:\/\/semmelweis.hu\/aok\/files\/2023\/02\/kovetelmenyrendszer_Colorectalis-Nap_20230207-1.pdf\" target=\"_blank\" rel=\"noopener\">mell\u00e9klet<\/a><\/p>\n<p style=\"text-align: justify\"><strong>English version:\u00a0<\/strong><\/p>\n<p style=\"text-align: justify\"><a href=\"https:\/\/semmelweis.hu\/aok\/files\/2023\/02\/13.a_decision_associate_professor-1.pdf\" target=\"_blank\" rel=\"noopener\">Decision No 13\/a\/2023 (7 February 2023)<\/a>\u00a0on the candidates for the positions of associate professor announced at the Faculty<\/p>\n<p style=\"text-align: justify\"><a href=\"https:\/\/semmelweis.hu\/aok\/files\/2023\/02\/13.b_decision_senior_scientific_fellows.pdf\" target=\"_blank\" rel=\"noopener\">Decision No. 13\/b\/2023 (7 February 2023)<\/a> on the candidates for the positions of senior research fellow announced at the Faculty<\/p>\n<p style=\"text-align: justify\"><a href=\"https:\/\/semmelweis.hu\/aok\/files\/2023\/02\/14_decision_rules_of_procedure_of_Faculty_committees-1.pdf\" target=\"_blank\" rel=\"noopener\">Decision No. 14\/2023 (7 February 2023)<\/a> on the approval of the rules of procedure of the Faculty committees established by the Faculty (Accreditation Committee, Education Committee, OMHV Committee, Scientific Committee)<\/p>\n<p style=\"text-align: justify\"><a href=\"https:\/\/semmelweis.hu\/aok\/files\/2023\/02\/15_decision_establishment_Interventional_Gastroenterology_Dep.pdf\" target=\"_blank\" rel=\"noopener\">Decision No. 15\/2023 (7 February 2023)<\/a> on the establishment of the Interventional Gastroenterology Department at the Department of Surgery, Transplantation and Gastroenterology<\/p>\n<p style=\"text-align: justify\"><a href=\"https:\/\/semmelweis.hu\/aok\/files\/2023\/02\/16_decision_Division_Musculoskeletal_Radiology-1.pdf\" target=\"_blank\" rel=\"noopener\">Decision No. 16\/2023 (7 February 2023)<\/a>\u00a0on the establishment of the Division of Musculoskeletal Radiology at the Medical Imaging Centre<\/p>\n<p style=\"text-align: justify\"><a href=\"https:\/\/semmelweis.hu\/aok\/files\/2023\/02\/17_decision_Neurosurgery.pdf\" target=\"_blank\" rel=\"noopener\">Decision No 17\/2023 (7 February 2023)<\/a> on the introduction of &#8222;Neurosurgery&#8221;, &#8222;Personalized Medicine in Oncology and Hematology&#8221; and &#8222;Student Polyclinic Module III&#8221; as compulsory elective courses at the Asklepios Campus Hamburg from the second semester of the academic year 2022\/2023<\/p>\n<p style=\"text-align: justify\"><a href=\"https:\/\/semmelweis.hu\/aok\/files\/2023\/02\/18_decision_Assisted_Reproduction.pdf\" target=\"_blank\" rel=\"noopener\">Decision No 18\/2023 (7 February 2023)<\/a> on the introduction of &#8222;Assisted Reproduction&#8221; in English as a compulsory elective course at the Faculty of Medicine from the second semester of the academic year 2022\/2023<\/p>\n<p style=\"text-align: justify\"><a href=\"https:\/\/semmelweis.hu\/aok\/files\/2023\/02\/19_decision_Colorectal_Day.pdf\" target=\"_blank\" rel=\"noopener\">Decision No 19\/2023 (7 February 2023)<\/a> on the introduction of \u201eColorectal Day 2023\u201d as a new optional course at the Faculty of Medicine<\/p>\n<p>&nbsp;<\/p>\n","protected":false},"excerpt":{"rendered":"<p><a href=\"https:\/\/semmelweis.hu\/aok\/files\/2023\/02\/13_a_hatarozat_egyetemi_docensi-2.pdf\" target=\"_blank\" rel=\"noopener\">13\/a\/2023 (2023. febru\u00e1r 7-i) sz\u00e1m\u00fa hat\u00e1rozat<\/a> a karon meghirdetett egyetemi docensi \u00e1ll\u00e1sokra p\u00e1ly\u00e1z\u00f3kr\u00f3l <a href=\"https:\/\/semmelweis.hu\/aok\/files\/2023\/02\/13_b_hatarozat_tudomanyos_fomunkatars.pdf\" target=\"_blank\" rel=\"noopener\">13\/b\/2023 (2023. febru\u00e1r 7-i) sz\u00e1m\u00fa hat\u00e1rozat<\/a> a karon meghirdetett tudom\u00e1nyos f\u0151munkat\u00e1rsi \u00e1ll\u00e1sokra p\u00e1ly\u00e1z\u00f3kr\u00f3l <a href=\"https:\/\/semmelweis.hu\/aok\/files\/2023\/02\/14_hatarozat_bizottsagi_ugyrend.pdf\" target=\"_blank\" rel=\"noopener\">14\/2023 (2023. febru\u00e1r 7-i) sz\u00e1m\u00fa hat\u00e1rozat<\/a> a Kari Tan\u00e1cs \u00e1ltal l\u00e9trehozott Karon m\u0171k\u00f6d\u0151 bizotts\u00e1gok \u00fcgyrendjeinek j\u00f3v\u00e1hagy\u00e1s\u00e1r\u00f3l (Akkredit\u00e1ci\u00f3s Bizotts\u00e1g, Oktat\u00e1si Bizotts\u00e1g, OMHV Bizotts\u00e1g, Tudom\u00e1nyos Bizotts\u00e1g) \u00a0 \u00a0 \u00a0 <a href=\"https:\/\/semmelweis.hu\/aok\/files\/2023\/02\/Akkreditacios_Bizottsag_ugyrend-1.pdf\" target=\"_blank\" rel=\"noopener\">Akkredit\u00e1ci\u00f3s Bizotts\u00e1g \u00fcgyrendje<\/a> \u00a0 \u00a0 \u00a0 <a href=\"https:\/\/semmelweis.hu\/aok\/files\/2023\/02\/Oktatasi_Bizottsag_ugyrend-1.pdf\" target=\"_blank\" rel=\"noopener\">Oktat\u00e1si Bizotts\u00e1g \u00fcgyrendje<\/a> \u00a0 \u00a0 \u00a0 <a href=\"https:\/\/semmelweis.hu\/aok\/files\/2023\/02\/OMHV_Bizottsag_ugyrend-1.pdf\" target=\"_blank\" rel=\"noopener\">OMHV Bizotts\u00e1g \u00fcgyrendje<\/a> \u00a0 \u00a0 \u00a0 <a href=\"https:\/\/semmelweis.hu\/aok\/files\/2023\/02\/Tudomanyos_Bizottsag_ugyrend-1.pdf\" target=\"_blank\" rel=\"noopener\">Tudom\u00e1nyos Bizotts\u00e1g \u00fcgyrendje<\/a> <a href=\"https:\/\/semmelweis.hu\/aok\/files\/2023\/02\/15_hatarozat_Intervencios_Gasztroenterologiai_Tanszek.pdf\" target=\"_blank\" rel=\"noopener\">15\/2023 (2023. febru\u00e1r 7-i) sz\u00e1m\u00fa hat\u00e1rozat<\/a> az Intervenci\u00f3s Gasztroenterol\u00f3giai Tansz\u00e9k l\u00e9trehoz\u00e1s\u00e1r\u00f3l a Seb\u00e9szeti, Transzplant\u00e1ci\u00f3s \u00e9s Gasztroenterol\u00f3giai Klinik\u00e1hoz &hellip;<\/p>\n","protected":false},"author":102032,"featured_media":0,"parent":1141,"menu_order":0,"comment_status":"closed","ping_status":"closed","template":"","meta":{"_acf_changed":false,"footnotes":""},"categories":[],"tags":[],"class_list":["post-28719","page","type-page","status-publish","hentry"],"acf":[],"publishpress_future_action":{"enabled":false,"date":"1970-01-01 01:00:00","action":"","terms":[],"taxonomy":"","browser_timezone_offset":0},"_links":{"self":[{"href":"https:\/\/semmelweis.hu\/aok\/wp-json\/wp\/v2\/pages\/28719","targetHints":{"allow":["GET"]}}],"collection":[{"href":"https:\/\/semmelweis.hu\/aok\/wp-json\/wp\/v2\/pages"}],"about":[{"href":"https:\/\/semmelweis.hu\/aok\/wp-json\/wp\/v2\/types\/page"}],"author":[{"embeddable":true,"href":"https:\/\/semmelweis.hu\/aok\/wp-json\/wp\/v2\/users\/102032"}],"replies":[{"embeddable":true,"href":"https:\/\/semmelweis.hu\/aok\/wp-json\/wp\/v2\/comments?post=28719"}],"version-history":[{"count":10,"href":"https:\/\/semmelweis.hu\/aok\/wp-json\/wp\/v2\/pages\/28719\/revisions"}],"predecessor-version":[{"id":28786,"href":"https:\/\/semmelweis.hu\/aok\/wp-json\/wp\/v2\/pages\/28719\/revisions\/28786"}],"up":[{"embeddable":true,"href":"https:\/\/semmelweis.hu\/aok\/wp-json\/wp\/v2\/pages\/1141"}],"wp:attachment":[{"href":"https:\/\/semmelweis.hu\/aok\/wp-json\/wp\/v2\/media?parent=28719"}],"wp:term":[{"taxonomy":"category","embeddable":true,"href":"https:\/\/semmelweis.hu\/aok\/wp-json\/wp\/v2\/categories?post=28719"},{"taxonomy":"post_tag","embeddable":true,"href":"https:\/\/semmelweis.hu\/aok\/wp-json\/wp\/v2\/tags?post=28719"}],"curies":[{"name":"wp","href":"https:\/\/api.w.org\/{rel}","templated":true}]}}