{"id":27802,"date":"2022-06-22T14:36:51","date_gmt":"2022-06-22T12:36:51","guid":{"rendered":"https:\/\/semmelweis.hu\/aok\/?page_id=27802"},"modified":"2022-07-25T13:34:03","modified_gmt":"2022-07-25T11:34:03","slug":"2022-junius-21-i-hatarozatok","status":"publish","type":"page","link":"https:\/\/semmelweis.hu\/aok\/a-karrol\/kari-tanacs\/a-kari-tanacs-hatarozatai\/2022-junius-21-i-hatarozatok\/","title":{"rendered":"2022. J\u00daNIUS 21-I HAT\u00c1ROZATOK"},"content":{"rendered":"<p style=\"text-align: justify\"><a href=\"https:\/\/semmelweis.hu\/aok\/files\/2022\/06\/29_hatarozat_igazgatoi-1.pdf\" target=\"_blank\" rel=\"noopener\">29\/2022 (2022. j\u00fanius 21-i) sz\u00e1m\u00fa hat\u00e1rozat<\/a> a karon meghirdetett igazgat\u00f3i, tansz\u00e9kvezet\u0151i \u00e1ll\u00e1sokra p\u00e1ly\u00e1z\u00f3kr\u00f3l<\/p>\n<p style=\"text-align: justify\"><a href=\"https:\/\/semmelweis.hu\/aok\/files\/2022\/06\/30_a_hatarozat_docensi.pdf\" target=\"_blank\" rel=\"noopener\">30\/a\/2022 (2022. j\u00fanius 21-i) sz\u00e1m\u00fa hat\u00e1rozat<\/a> a karon meghirdetett egyetemi docensi \u00e1ll\u00e1sokra p\u00e1ly\u00e1z\u00f3kr\u00f3l<\/p>\n<p style=\"text-align: justify\"><a href=\"https:\/\/semmelweis.hu\/aok\/files\/2022\/06\/30_b_hatarozat_kutatoprofesszori.pdf\" target=\"_blank\" rel=\"noopener\">30\/b\/2022 (2022. j\u00fanius 21-i) sz\u00e1m\u00fa hat\u00e1rozat<\/a> a karon meghirdetett kutat\u00f3professzori \u00e1ll\u00e1sra p\u00e1ly\u00e1z\u00f3r\u00f3l<\/p>\n<p style=\"text-align: justify\"><a href=\"https:\/\/semmelweis.hu\/aok\/files\/2022\/06\/30_c_tudomanyos_fomunkatars.pdf\" target=\"_blank\" rel=\"noopener\">30\/c\/2022 (2022. j\u00fanius 21-i) sz\u00e1m\u00fa hat\u00e1rozat<\/a> a karon meghirdetett tudom\u00e1nyos tan\u00e1csad\u00f3i \u00e1ll\u00e1sokra p\u00e1ly\u00e1z\u00f3kr\u00f3l<\/p>\n<p style=\"text-align: justify\"><a href=\"https:\/\/semmelweis.hu\/aok\/files\/2022\/06\/31_hatarozat_bizottsagok.pdf\" target=\"_blank\" rel=\"noopener\">31\/2022 (2022. j\u00fanius 21-i) sz\u00e1m\u00fa hat\u00e1rozat<\/a> a Szen\u00e1tus \u00e1ltal l\u00e9trehozott Karon m\u0171k\u00f6d\u0151 bizotts\u00e1gok eln\u00f6keinek \u00e9s tagjainak megv\u00e1laszt\u00e1s\u00e1ra vonatkoz\u00f3 javaslatr\u00f3l (Tanulm\u00e1nyi \u00e9s Vizsgabizotts\u00e1g, Etikai \u00e9s Fegyelmi Bizotts\u00e1g, Kredit\u00e1tviteli Bizotts\u00e1g)<\/p>\n<p style=\"text-align: justify\"><a href=\"https:\/\/semmelweis.hu\/aok\/files\/2022\/06\/32_hatarozat_DHC.pdf\" target=\"_blank\" rel=\"noopener\">32\/2022 (2022. j\u00fanius 21-i) sz\u00e1m\u00fa hat\u00e1rozat<\/a> a \u201eDoctor Honoris Causa\u201d kit\u00fcntet\u0151 c\u00edm adom\u00e1nyoz\u00e1s\u00e1ra vonatkoz\u00f3 javaslatr\u00f3l<\/p>\n<p style=\"text-align: justify\"><a href=\"https:\/\/semmelweis.hu\/aok\/files\/2022\/06\/33_hatarozat_allami_miniszteri_kituntetes-1.pdf\" target=\"_blank\" rel=\"noopener\">33\/2022 (2022. j\u00fanius 21-i) sz\u00e1m\u00fa hat\u00e1rozat<\/a> a 2023. \u00e9vi \u00e1llami \u00e9s miniszteri szint\u0171 kit\u00fcntet\u00e9sek adom\u00e1nyoz\u00e1s\u00e1r\u00f3l<\/p>\n<p style=\"text-align: justify\"><a href=\"https:\/\/semmelweis.hu\/aok\/files\/2022\/06\/34-hatarozat_oraado.pdf\" target=\"_blank\" rel=\"noopener\">34\/2022 (2022. j\u00fanius 21-i) sz\u00e1m\u00fa hat\u00e1rozat<\/a> a Semmelweis Egyetem \u00e1ltal adom\u00e1nyozhat\u00f3 \u00f3raad\u00f3 oktat\u00f3i c\u00edmekre t\u00f6rt\u00e9n\u0151 javaslatt\u00e9tel elfogad\u00e1s\u00e1r\u00f3l<\/p>\n<p style=\"text-align: justify\"><a href=\"https:\/\/semmelweis.hu\/aok\/files\/2022\/06\/35_hatarozat_jubi.pdf\" target=\"_blank\" rel=\"noopener\">35\/2022 (2022. j\u00fanius 21-i) sz\u00e1m\u00fa hat\u00e1rozat<\/a> a jubileumi d\u00edszoklevelek adom\u00e1nyoz\u00e1s\u00e1ra vonatkoz\u00f3 javaslatr\u00f3l az \u00c1ltal\u00e1nos Orvostudom\u00e1nyi Karon<\/p>\n<p style=\"text-align: justify\"><a href=\"https:\/\/semmelweis.hu\/aok\/files\/2022\/06\/36_hatarozat_SzMR.pdf\" target=\"_blank\" rel=\"noopener\">36\/2022 (2022. j\u00fanius 21-i) sz\u00e1m\u00fa hat\u00e1rozat<\/a> a kari Szervezeti \u00e9s M\u0171k\u00f6d\u00e9si Rend m\u00f3dos\u00edt\u00e1s\u00e1r\u00f3l<\/p>\n<p style=\"text-align: justify\"><a href=\"https:\/\/semmelweis.hu\/aok\/files\/2022\/06\/kariSzMR_2022-1.pdf\" target=\"_blank\" rel=\"noopener\">mell\u00e9klet1<\/a> \u00a0 \u00a0 \u00a0<a href=\"https:\/\/semmelweis.hu\/aok\/files\/2022\/06\/organogram2022_junius-1.xlsx\" target=\"_blank\" rel=\"noopener\">mell\u00e9klet2<\/a><\/p>\n<p style=\"text-align: justify\"><a href=\"https:\/\/semmelweis.hu\/aok\/files\/2022\/06\/37_hatarozat_professor_emeritus.pdf\" target=\"_blank\" rel=\"noopener\">37\/2022 (2022. j\u00fanius 21-i) sz\u00e1m\u00fa hat\u00e1rozat<\/a> az \u00c1ltal\u00e1nos Orvostudom\u00e1nyi Karon az \u00c1ltal\u00e1nos Orvostudom\u00e1nyi Kar Kari Tan\u00e1cs\u00e1nak 39\/2020. (2020. \u00e1prilis 14-i) sz\u00e1m\u00fa KT hat\u00e1rozat\u00e1val elfogadott \u201eProfessor Emeritus\u201d c\u00edm adom\u00e1nyoz\u00e1s\u00e1ra \u00e9s visel\u00e9s\u00e9re vonatkoz\u00f3 kari felt\u00e9telrendszerr\u0151l sz\u00f3l\u00f3 szab\u00e1lyzat hat\u00e1lyon k\u00edv\u00fcl helyez\u00e9s\u00e9r\u0151l<\/p>\n<p style=\"text-align: justify\"><a href=\"https:\/\/semmelweis.hu\/aok\/files\/2022\/06\/38_hatarozat_kurrikulum.pdf\" target=\"_blank\" rel=\"noopener\">38\/2022 (2022. j\u00fanius 21-i) sz\u00e1m\u00fa hat\u00e1rozat<\/a> a 2019\/2020-as tan\u00e9vt\u0151l bevezetett orvosk\u00e9pz\u00e9s kurrikulum\u00e1nak m\u00f3dos\u00edt\u00e1s\u00e1r\u00f3l az \u00c1ltal\u00e1nos Orvostudom\u00e1nyi Karon<\/p>\n<p style=\"text-align: justify\"><a href=\"https:\/\/semmelweis.hu\/aok\/files\/2022\/06\/4_melleklet.pdf\" target=\"_blank\" rel=\"noopener\">mell\u00e9klet<\/a><\/p>\n<p style=\"text-align: justify\"><strong>English version:<\/strong><\/p>\n<p style=\"text-align: justify\"><a href=\"https:\/\/semmelweis.hu\/aok\/files\/2022\/07\/29_decision_directors-1.pdf\" target=\"_blank\" rel=\"noopener\">Decision No. 29\/2022 (21 June 2022)<\/a> on the candidates for the positions of director and head of departments announced at the Faculty<\/p>\n<p style=\"text-align: justify\"><a href=\"https:\/\/semmelweis.hu\/aok\/files\/2022\/07\/30_a_decision_associate_professor-1.pdf\" target=\"_blank\" rel=\"noopener\">Decision No. 30\/a\/2022 (21 June 2022)<\/a> on the candidates for the positions of associate professor announced at the Faculty<\/p>\n<p style=\"text-align: justify\"><a href=\"https:\/\/semmelweis.hu\/aok\/files\/2022\/07\/30_b_decision_research_professor-1.pdf\" target=\"_blank\" rel=\"noopener\">Decision No. 30\/b\/2022 (21 June 2022)<\/a> on the candidacy for the position of research professor announced at the Faculty<\/p>\n<p style=\"text-align: justify\"><a href=\"https:\/\/semmelweis.hu\/aok\/files\/2022\/07\/30_c_decision_senior_research_fellow-1.pdf\" target=\"_blank\" rel=\"noopener\">Decision No. 30\/c\/2022 (21 June 2022)<\/a> on the candidates for the positions of senior research fellow announced at the Faculty<\/p>\n<p style=\"text-align: justify\"><a href=\"https:\/\/semmelweis.hu\/aok\/files\/2022\/07\/31_decision_chairpersons_members_Faculty_committees-1.pdf\" target=\"_blank\" rel=\"noopener\">Decision No. 31\/2022 (21 June 2022)<\/a> on the proposal for the election of the chairpersons and members of the Faculty committees established by the Senate (Study and Examination Committee, Ethics and Disciplinary Committee, Credit Transfer Committee)<\/p>\n<p style=\"text-align: justify\"><a href=\"https:\/\/semmelweis.hu\/aok\/files\/2022\/07\/32_decision_DHC-1.pdf\" target=\"_blank\" rel=\"noopener\">Decision No 32\/2022 (21 June 2022)<\/a> on the proposal for the awarding of the title of Doctor Honoris Causa<\/p>\n<p style=\"text-align: justify\"><a href=\"https:\/\/semmelweis.hu\/aok\/files\/2022\/07\/33_decision_state-and-ministerial-awards.pdf\" target=\"_blank\" rel=\"noopener\">Decision No 33\/2022 (21 June 2022)<\/a> on the awarding of state and ministerial honours for the year of 2023<\/p>\n<p style=\"text-align: justify\"><a href=\"https:\/\/semmelweis.hu\/aok\/files\/2022\/07\/34_decision_lecturer_title.pdf\" target=\"_blank\" rel=\"noopener\">Decision No. 34\/2022 (21 June 2022)<\/a> on the acceptance of the proposal for the titles of lecturer to be awarded by Semmelweis University<\/p>\n<p style=\"text-align: justify\"><a href=\"https:\/\/semmelweis.hu\/aok\/files\/2022\/07\/35_decision_jubilee_certifications_of_honour.pdf\" target=\"_blank\" rel=\"noopener\">Decision No. 35\/2022 (21 June 2022)<\/a> on the proposal for the award of jubilee honorary degrees at the Faculty of Medicine<\/p>\n<p style=\"text-align: justify\"><a href=\"https:\/\/semmelweis.hu\/aok\/files\/2022\/07\/36_decision_Organizational_and_Operational_Rules.pdf\" target=\"_blank\" rel=\"noopener\">Decision No. 36\/2022 (21 June 2022)<\/a> on the amendment of the Organisational and Operational Regulations of the Faculty<\/p>\n<p style=\"text-align: justify\"><a href=\"https:\/\/semmelweis.hu\/aok\/files\/2022\/07\/37_decision_Professor_Emeritus_regulation.pdf\" target=\"_blank\" rel=\"noopener\">Decision No. 37\/2022 (21 June 2022)<\/a> on the repeal of the Faculty Regulation on the award and entitle of the title &#8222;Professor Emeritus&#8221; at the Faculty of Medicine, adopted by the Faculty Council of the Faculty of Medicine by Decision No. 39\/2020 (14th April 2020)<\/p>\n<p style=\"text-align: justify\"><a href=\"https:\/\/semmelweis.hu\/aok\/files\/2022\/07\/38_decision_modification_of_the_curriculum.pdf\" target=\"_blank\" rel=\"noopener\">Decision No. 38\/2022 (21 June 2022)<\/a> on the modification of the curriculum of the Faculty of Medicine, introduced from the academic year 2019\/2020<\/p>\n<p style=\"text-align: justify\">\u00a0<\/p>\n","protected":false},"excerpt":{"rendered":"<p><a href=\"https:\/\/semmelweis.hu\/aok\/files\/2022\/06\/29_hatarozat_igazgatoi-1.pdf\" target=\"_blank\" rel=\"noopener\">29\/2022 (2022. j\u00fanius 21-i) sz\u00e1m\u00fa hat\u00e1rozat<\/a> a karon meghirdetett igazgat\u00f3i, tansz\u00e9kvezet\u0151i \u00e1ll\u00e1sokra p\u00e1ly\u00e1z\u00f3kr\u00f3l <a href=\"https:\/\/semmelweis.hu\/aok\/files\/2022\/06\/30_a_hatarozat_docensi.pdf\" target=\"_blank\" rel=\"noopener\">30\/a\/2022 (2022. j\u00fanius 21-i) sz\u00e1m\u00fa hat\u00e1rozat<\/a> a karon meghirdetett egyetemi docensi \u00e1ll\u00e1sokra p\u00e1ly\u00e1z\u00f3kr\u00f3l <a href=\"https:\/\/semmelweis.hu\/aok\/files\/2022\/06\/30_b_hatarozat_kutatoprofesszori.pdf\" target=\"_blank\" rel=\"noopener\">30\/b\/2022 (2022. j\u00fanius 21-i) sz\u00e1m\u00fa hat\u00e1rozat<\/a> a karon meghirdetett kutat\u00f3professzori \u00e1ll\u00e1sra p\u00e1ly\u00e1z\u00f3r\u00f3l <a href=\"https:\/\/semmelweis.hu\/aok\/files\/2022\/06\/30_c_tudomanyos_fomunkatars.pdf\" target=\"_blank\" rel=\"noopener\">30\/c\/2022 (2022. j\u00fanius 21-i) sz\u00e1m\u00fa hat\u00e1rozat<\/a> a karon meghirdetett tudom\u00e1nyos tan\u00e1csad\u00f3i \u00e1ll\u00e1sokra p\u00e1ly\u00e1z\u00f3kr\u00f3l <a href=\"https:\/\/semmelweis.hu\/aok\/files\/2022\/06\/31_hatarozat_bizottsagok.pdf\" target=\"_blank\" rel=\"noopener\">31\/2022 (2022. j\u00fanius 21-i) sz\u00e1m\u00fa hat\u00e1rozat<\/a> a Szen\u00e1tus \u00e1ltal l\u00e9trehozott Karon m\u0171k\u00f6d\u0151 bizotts\u00e1gok eln\u00f6keinek \u00e9s tagjainak megv\u00e1laszt\u00e1s\u00e1ra vonatkoz\u00f3 javaslatr\u00f3l (Tanulm\u00e1nyi \u00e9s Vizsgabizotts\u00e1g, Etikai \u00e9s Fegyelmi Bizotts\u00e1g, Kredit\u00e1tviteli Bizotts\u00e1g) <a href=\"https:\/\/semmelweis.hu\/aok\/files\/2022\/06\/32_hatarozat_DHC.pdf\" target=\"_blank\" rel=\"noopener\">32\/2022 (2022. j\u00fanius 21-i) sz\u00e1m\u00fa hat\u00e1rozat<\/a> a \u201eDoctor Honoris Causa\u201d kit\u00fcntet\u0151 c\u00edm &hellip;<\/p>\n","protected":false},"author":102032,"featured_media":0,"parent":1141,"menu_order":0,"comment_status":"closed","ping_status":"closed","template":"","meta":{"_acf_changed":false,"footnotes":""},"categories":[],"tags":[],"class_list":["post-27802","page","type-page","status-publish","hentry"],"acf":[],"publishpress_future_action":{"enabled":false,"date":"1970-01-01 01:00:00","action":"","terms":[],"taxonomy":"","browser_timezone_offset":0},"_links":{"self":[{"href":"https:\/\/semmelweis.hu\/aok\/wp-json\/wp\/v2\/pages\/27802","targetHints":{"allow":["GET"]}}],"collection":[{"href":"https:\/\/semmelweis.hu\/aok\/wp-json\/wp\/v2\/pages"}],"about":[{"href":"https:\/\/semmelweis.hu\/aok\/wp-json\/wp\/v2\/types\/page"}],"author":[{"embeddable":true,"href":"https:\/\/semmelweis.hu\/aok\/wp-json\/wp\/v2\/users\/102032"}],"replies":[{"embeddable":true,"href":"https:\/\/semmelweis.hu\/aok\/wp-json\/wp\/v2\/comments?post=27802"}],"version-history":[{"count":10,"href":"https:\/\/semmelweis.hu\/aok\/wp-json\/wp\/v2\/pages\/27802\/revisions"}],"predecessor-version":[{"id":27937,"href":"https:\/\/semmelweis.hu\/aok\/wp-json\/wp\/v2\/pages\/27802\/revisions\/27937"}],"up":[{"embeddable":true,"href":"https:\/\/semmelweis.hu\/aok\/wp-json\/wp\/v2\/pages\/1141"}],"wp:attachment":[{"href":"https:\/\/semmelweis.hu\/aok\/wp-json\/wp\/v2\/media?parent=27802"}],"wp:term":[{"taxonomy":"category","embeddable":true,"href":"https:\/\/semmelweis.hu\/aok\/wp-json\/wp\/v2\/categories?post=27802"},{"taxonomy":"post_tag","embeddable":true,"href":"https:\/\/semmelweis.hu\/aok\/wp-json\/wp\/v2\/tags?post=27802"}],"curies":[{"name":"wp","href":"https:\/\/api.w.org\/{rel}","templated":true}]}}