{"id":27420,"date":"2022-05-02T09:23:24","date_gmt":"2022-05-02T07:23:24","guid":{"rendered":"https:\/\/semmelweis.hu\/aok\/?page_id=27420"},"modified":"2022-06-30T15:27:54","modified_gmt":"2022-06-30T13:27:54","slug":"2022-aprilis-12-i-hatarozatok","status":"publish","type":"page","link":"https:\/\/semmelweis.hu\/aok\/a-karrol\/kari-tanacs\/a-kari-tanacs-hatarozatai\/2022-aprilis-12-i-hatarozatok\/","title":{"rendered":"2022. \u00e1prilis 12-i hat\u00e1rozatok"},"content":{"rendered":"<p><strong><a href=\"https:\/\/semmelweis.hu\/aok\/files\/2022\/04\/21_hatarozat_kutatoprofesszori.pdf\" target=\"_blank\" rel=\"noopener\">21\/2022 (2022. \u00e1prilis 12-i) sz\u00e1m\u00fa hat\u00e1rozat<\/a> <\/strong>a karon meghirdetett kutat\u00f3professzori \u00e1ll\u00e1sra p\u00e1ly\u00e1z\u00f3r\u00f3l<\/p>\n<p><strong><a href=\"https:\/\/semmelweis.hu\/aok\/files\/2022\/04\/22_hatarozat_SE_kivalo_oktato-1.pdf\" target=\"_blank\" rel=\"noopener\">22\/2022 (2022. \u00e1prilis 12-i) sz\u00e1m\u00fa hat\u00e1rozat<\/a> <\/strong>a Semmelweis Egyetem Kiv\u00e1l\u00f3 Oktat\u00f3ja kit\u00fcntet\u00e9s adom\u00e1nyoz\u00e1s\u00e1r\u00f3l<\/p>\n<p><strong><a href=\"https:\/\/semmelweis.hu\/aok\/files\/2022\/04\/23_hatarozat_Professor-Emeritus.pdf\" target=\"_blank\" rel=\"noopener\">23\/2022 (2022. \u00e1prilis 12-i) sz\u00e1m\u00fa hat\u00e1rozat<\/a> <\/strong>a Professor Emeritus c\u00edm adom\u00e1nyoz\u00e1s\u00e1ra vonatkoz\u00f3 javaslatokr\u00f3l<\/p>\n<p><strong><a href=\"https:\/\/semmelweis.hu\/aok\/files\/2022\/04\/24_hatarozat_pancreas_tcs.pdf\" target=\"_blank\" rel=\"noopener\">24\/2022 (2022. \u00e1prilis 12-i) sz\u00e1m\u00fa hat\u00e1rozat<\/a> <\/strong>a Pancreas Betegs\u00e9gek Tansz\u00e9ki Csoport l\u00e9trehoz\u00e1s\u00e1r\u00f3l a V\u00e1rosmajori Sz\u00edv- \u00e9s \u00c9rgy\u00f3gy\u00e1szati Klinik\u00e1hoz rendelten<\/p>\n<p><strong><a href=\"https:\/\/semmelweis.hu\/aok\/files\/2022\/04\/25_hatarozat_demonstrator_tatigkeit.pdf\" target=\"_blank\" rel=\"noopener\">25\/2022 (2022. \u00e1prilis 12-i) sz\u00e1m\u00fa hat\u00e1rozat<\/a> <\/strong>a 2022\/2023-as tan\u00e9v I. f\u00e9l\u00e9v\u00e9t\u0151l \u00fajonnan bevezetend\u0151 \u201eDemonstrator T\u00e4tigkeit \u2013 Erste Hilfe\u201d c\u00edm\u0171 szabadon v\u00e1laszthat\u00f3 t\u00e1rgyr\u00f3l<\/p>\n<p>\u00a0 \u00a0 \u00a0 <a href=\"https:\/\/semmelweis.hu\/aok\/files\/2022\/04\/Demonstrator-Tatigkeit..._Surgossegi-Orvostani-Klinika.pdf\" target=\"_blank\" rel=\"noopener\">mell\u00e9klet<\/a><\/p>\n<p><strong><a href=\"https:\/\/semmelweis.hu\/aok\/files\/2022\/04\/26_hatarozat_zarovizsga.pdf\" target=\"_blank\" rel=\"noopener\">26\/2022 (2022. \u00e1prilis 12-i) sz\u00e1m\u00fa hat\u00e1rozat<\/a> <\/strong>a 2022. \u00e9vi sz\u00f3beli z\u00e1r\u00f3vizsga-bizotts\u00e1gok eln\u00f6keire \u00e9s tagjaira vonatkoz\u00f3 javaslatr\u00f3l<\/p>\n<p>\u00a0 \u00a0 \u00a0 <a href=\"https:\/\/semmelweis.hu\/aok\/files\/2022\/04\/Javaslat-a-2022.-evi-szobeli-zv-KT-ra.pdf\" target=\"_blank\" rel=\"noopener\">mell\u00e9klet<\/a><\/p>\n<p><strong><a href=\"https:\/\/semmelweis.hu\/aok\/files\/2022\/04\/27_hatarozat_manualis_medicina.pdf\" target=\"_blank\" rel=\"noopener\">27\/2022 (2022. \u00e1prilis 12-i) sz\u00e1m\u00fa hat\u00e1rozat<\/a> <\/strong>a Holisztikus Medicina Alap\u00edtv\u00e1ny \u00e1ltal szervezett \u201eManu\u00e1lis Medicina\u201d tanfolyam akkredit\u00e1ci\u00f3j\u00e1r\u00f3l<\/p>\n<p>\u00a0 \u00a0 \u00a0 <a href=\"https:\/\/semmelweis.hu\/aok\/files\/2022\/04\/akkred2022javitott.pdf\" target=\"_blank\" rel=\"noopener\">mell\u00e9klet<\/a><\/p>\n<p><strong><a href=\"https:\/\/semmelweis.hu\/aok\/files\/2022\/04\/28_hatarozat_gyakorlo_korhaz.pdf\" target=\"_blank\" rel=\"noopener\">28\/2022 (2022. \u00e1prilis 12-i) sz\u00e1m\u00fa hat\u00e1rozat<\/a> <\/strong>az SE \u00c1OK Gyakorl\u00f3 K\u00f3rh\u00e1z, Gyakorl\u00f3 Oszt\u00e1ly c\u00edm elnyer\u00e9s\u00e9re vonatkoz\u00f3 javaslatr\u00f3l<\/p>\n<p><strong>English version:<\/strong><\/p>\n<p><strong><a href=\"https:\/\/semmelweis.hu\/aok\/files\/2022\/04\/21_decision_research-professor-1.pdf\" target=\"_blank\" rel=\"noopener\">Decision No 21\/2022 (12th April 2022)<\/a> <\/strong>on the candidate for the position of research professor at the Department of Genetics, Cell- and Immunobiology<\/p>\n<p><strong><a href=\"https:\/\/semmelweis.hu\/aok\/files\/2022\/04\/22_decision_outstanding_lecturer.pdf\" target=\"_blank\" rel=\"noopener\">Decision No 22\/2022 (12th April 2022)<\/a> <\/strong>on the awarding the Outstanding Lecturer of Semmelweis University<\/p>\n<p><strong><a href=\"https:\/\/semmelweis.hu\/aok\/files\/2022\/04\/23_decision_professor_emeritus.pdf\" target=\"_blank\" rel=\"noopener\">Decision No 23\/2022 (12th April 2022)<\/a> <\/strong>on the proposals to award Professor Emeritus titles<\/p>\n<p><strong><a href=\"https:\/\/semmelweis.hu\/aok\/files\/2022\/04\/24_decision_Pancreas.pdf\" target=\"_blank\" rel=\"noopener\">Decision No 24\/2022 (12th April 2022)<\/a> <\/strong><span style=\"color: #000000\">on the establishment of the Departmental Group of Pancreatic Diseases\u00a0<\/span><span style=\"color: #000000\">at the Heart and Vascular Centre of V\u00e1rosmajor<\/span><\/p>\n<p><strong><a href=\"https:\/\/semmelweis.hu\/aok\/files\/2022\/04\/25_decision_demonstrator_tatigkeit_subj.pdf\" target=\"_blank\" rel=\"noopener\">Decision No 25\/2022 (12th April 2022)<\/a> <\/strong>on the introduction of the new optional \u201eDemonstrator T\u00e4tigkeit &#8211; Erste Hilfe&#8221; subject\u00a0from the first semester of the academic year 2022\/2023<\/p>\n<p><strong><a href=\"https:\/\/semmelweis.hu\/aok\/files\/2022\/06\/26_decision_oral_examination_committees.pdf\" target=\"_blank\" rel=\"noopener\">Decision No 26\/2022 (12th April 2022)<\/a> <\/strong>on the proposal for the chairpersons and members of the oral examination committees\u00a0of the final exams for the year 2022<\/p>\n<p><strong><a href=\"https:\/\/semmelweis.hu\/aok\/files\/2022\/04\/27_decision_manualtherapy.pdf\" target=\"_blank\" rel=\"noopener\">Decision No 27\/2022 (12th April 2022)<\/a> <\/strong>on the accreditation of the course &#8222;Manual Medicine&#8221; course\u00a0organised by the Holistic Medicine Foundation<\/p>\n<p><strong><a href=\"https:\/\/semmelweis.hu\/aok\/files\/2022\/06\/28_decision_Teaching-Department_Hospital.pdf\" target=\"_blank\" rel=\"noopener\">Decision No 28\/2022 (12th April 2022)<\/a> <\/strong>on the proposal for awarding of the title of Practising Hospital, Practising Department<\/p>\n","protected":false},"excerpt":{"rendered":"<p><a href=\"https:\/\/semmelweis.hu\/aok\/files\/2022\/04\/21_hatarozat_kutatoprofesszori.pdf\" target=\"_blank\" rel=\"noopener\">21\/2022 (2022. \u00e1prilis 12-i) sz\u00e1m\u00fa hat\u00e1rozat<\/a> a karon meghirdetett kutat\u00f3professzori \u00e1ll\u00e1sra p\u00e1ly\u00e1z\u00f3r\u00f3l <a href=\"https:\/\/semmelweis.hu\/aok\/files\/2022\/04\/22_hatarozat_SE_kivalo_oktato-1.pdf\" target=\"_blank\" rel=\"noopener\">22\/2022 (2022. \u00e1prilis 12-i) sz\u00e1m\u00fa hat\u00e1rozat<\/a> a Semmelweis Egyetem Kiv\u00e1l\u00f3 Oktat\u00f3ja kit\u00fcntet\u00e9s adom\u00e1nyoz\u00e1s\u00e1r\u00f3l <a href=\"https:\/\/semmelweis.hu\/aok\/files\/2022\/04\/23_hatarozat_Professor-Emeritus.pdf\" target=\"_blank\" rel=\"noopener\">23\/2022 (2022. \u00e1prilis 12-i) sz\u00e1m\u00fa hat\u00e1rozat<\/a> a Professor Emeritus c\u00edm adom\u00e1nyoz\u00e1s\u00e1ra vonatkoz\u00f3 javaslatokr\u00f3l <a href=\"https:\/\/semmelweis.hu\/aok\/files\/2022\/04\/24_hatarozat_pancreas_tcs.pdf\" target=\"_blank\" rel=\"noopener\">24\/2022 (2022. \u00e1prilis 12-i) sz\u00e1m\u00fa hat\u00e1rozat<\/a> a Pancreas Betegs\u00e9gek Tansz\u00e9ki Csoport l\u00e9trehoz\u00e1s\u00e1r\u00f3l a V\u00e1rosmajori Sz\u00edv- \u00e9s \u00c9rgy\u00f3gy\u00e1szati Klinik\u00e1hoz rendelten <a href=\"https:\/\/semmelweis.hu\/aok\/files\/2022\/04\/25_hatarozat_demonstrator_tatigkeit.pdf\" target=\"_blank\" rel=\"noopener\">25\/2022 (2022. \u00e1prilis 12-i) sz\u00e1m\u00fa hat\u00e1rozat<\/a> a 2022\/2023-as tan\u00e9v I. f\u00e9l\u00e9v\u00e9t\u0151l \u00fajonnan bevezetend\u0151 \u201eDemonstrator T\u00e4tigkeit \u2013 Erste Hilfe\u201d c\u00edm\u0171 szabadon v\u00e1laszthat\u00f3 t\u00e1rgyr\u00f3l \u00a0 \u00a0 \u00a0 <a href=\"https:\/\/semmelweis.hu\/aok\/files\/2022\/04\/Demonstrator-Tatigkeit..._Surgossegi-Orvostani-Klinika.pdf\" target=\"_blank\" rel=\"noopener\">mell\u00e9klet<\/a> <a href=\"https:\/\/semmelweis.hu\/aok\/files\/2022\/04\/26_hatarozat_zarovizsga.pdf\" target=\"_blank\" rel=\"noopener\">26\/2022 (2022. \u00e1prilis 12-i) sz\u00e1m\u00fa hat\u00e1rozat<\/a> a 2022. \u00e9vi &hellip;<\/p>\n","protected":false},"author":102032,"featured_media":0,"parent":1141,"menu_order":0,"comment_status":"closed","ping_status":"closed","template":"","meta":{"_acf_changed":false,"footnotes":""},"categories":[],"tags":[],"class_list":["post-27420","page","type-page","status-publish","hentry"],"acf":[],"publishpress_future_action":{"enabled":false,"date":"1970-01-01 01:00:00","action":"","terms":[],"taxonomy":"","browser_timezone_offset":0},"_links":{"self":[{"href":"https:\/\/semmelweis.hu\/aok\/wp-json\/wp\/v2\/pages\/27420","targetHints":{"allow":["GET"]}}],"collection":[{"href":"https:\/\/semmelweis.hu\/aok\/wp-json\/wp\/v2\/pages"}],"about":[{"href":"https:\/\/semmelweis.hu\/aok\/wp-json\/wp\/v2\/types\/page"}],"author":[{"embeddable":true,"href":"https:\/\/semmelweis.hu\/aok\/wp-json\/wp\/v2\/users\/102032"}],"replies":[{"embeddable":true,"href":"https:\/\/semmelweis.hu\/aok\/wp-json\/wp\/v2\/comments?post=27420"}],"version-history":[{"count":10,"href":"https:\/\/semmelweis.hu\/aok\/wp-json\/wp\/v2\/pages\/27420\/revisions"}],"predecessor-version":[{"id":27848,"href":"https:\/\/semmelweis.hu\/aok\/wp-json\/wp\/v2\/pages\/27420\/revisions\/27848"}],"up":[{"embeddable":true,"href":"https:\/\/semmelweis.hu\/aok\/wp-json\/wp\/v2\/pages\/1141"}],"wp:attachment":[{"href":"https:\/\/semmelweis.hu\/aok\/wp-json\/wp\/v2\/media?parent=27420"}],"wp:term":[{"taxonomy":"category","embeddable":true,"href":"https:\/\/semmelweis.hu\/aok\/wp-json\/wp\/v2\/categories?post=27420"},{"taxonomy":"post_tag","embeddable":true,"href":"https:\/\/semmelweis.hu\/aok\/wp-json\/wp\/v2\/tags?post=27420"}],"curies":[{"name":"wp","href":"https:\/\/api.w.org\/{rel}","templated":true}]}}