{"id":27191,"date":"2022-02-16T15:52:59","date_gmt":"2022-02-16T14:52:59","guid":{"rendered":"https:\/\/semmelweis.hu\/aok\/?page_id=27191"},"modified":"2022-02-18T10:25:17","modified_gmt":"2022-02-18T09:25:17","slug":"2022-februar-8-i-hatarozatok","status":"publish","type":"page","link":"https:\/\/semmelweis.hu\/aok\/a-karrol\/kari-tanacs\/a-kari-tanacs-hatarozatai\/2022-februar-8-i-hatarozatok\/","title":{"rendered":"2022. FEBRU\u00c1R 8-I HAT\u00c1ROZATOK"},"content":{"rendered":"<p><strong><a href=\"https:\/\/semmelweis.hu\/aok\/files\/2022\/02\/19_hatarozat_igazgatoi.pdf\" target=\"_blank\" rel=\"noopener\">19\/2022 (2022. febru\u00e1r 8-i) sz\u00e1m\u00fa hat\u00e1rozat<\/a><\/strong>\u00a0a karon meghirdetett igazgat\u00f3i \u00e1ll\u00e1sokra p\u00e1ly\u00e1z\u00f3kr\u00f3l<\/p>\n<p><strong><a href=\"https:\/\/semmelweis.hu\/aok\/files\/2022\/02\/20_a_hatarozat_docensi.pdf\" target=\"_blank\" rel=\"noopener\">20\/a\/2022 (2022. febru\u00e1r 8-i) sz\u00e1m\u00fa hat\u00e1rozat<\/a>\u00a0<\/strong>a karon meghirdetett egyetemi docensi \u00e1ll\u00e1sokra p\u00e1ly\u00e1z\u00f3kr\u00f3l<\/p>\n<p><strong><a href=\"https:\/\/semmelweis.hu\/aok\/files\/2022\/02\/20_b_tudomanyos_tanacsado.pdf\" target=\"_blank\" rel=\"noopener\">20\/b\/2022 (2022. febru\u00e1r 8-i) sz\u00e1m\u00fa hat\u00e1rozat<\/a><\/strong> a karon meghirdetett tudom\u00e1nyos tan\u00e1csad\u00f3i \u00e1ll\u00e1sokra p\u00e1ly\u00e1z\u00f3kr\u00f3l<\/p>\n<p><strong>English version:<\/strong><\/p>\n<p style=\"text-align: justify\"><strong><a href=\"https:\/\/semmelweis.hu\/aok\/files\/2022\/02\/19_decision_positions_of_director.pdf\" target=\"_blank\" rel=\"noopener\">Decision No 19\/2022 (8 th February 2022) of the 2021\/2022 academic year<\/a> <\/strong>on candidates applying for director positions announced by the Faculty<\/p>\n<p style=\"text-align: justify\"><strong><a href=\"https:\/\/semmelweis.hu\/aok\/files\/2022\/02\/20a_decision_positions_of_associate_prof.pdf\" target=\"_blank\" rel=\"noopener\">Decision No 20\/a\/2022 (8 th February 2022) of the 2021\/2022 academic year<\/a> <\/strong>on candidates applying for associate professor positions announced by the Faculty<\/p>\n<p style=\"text-align: justify\"><strong><a href=\"https:\/\/semmelweis.hu\/aok\/files\/2022\/02\/20b_decision_positions_of_scientific_advisor.pdf\" target=\"_blank\" rel=\"noopener\">Decision No 20\/b\/2022 (8 th February 2022) of the 2021\/2022 academic year<\/a> <\/strong>on candidates applying for scientific advisor position announced by the Faculty<\/p>\n","protected":false},"excerpt":{"rendered":"<p><a href=\"https:\/\/semmelweis.hu\/aok\/files\/2022\/02\/19_hatarozat_igazgatoi.pdf\" target=\"_blank\" rel=\"noopener\">19\/2022 (2022. febru\u00e1r 8-i) sz\u00e1m\u00fa hat\u00e1rozat<\/a> \u00a0a karon meghirdetett igazgat\u00f3i \u00e1ll\u00e1sokra p\u00e1ly\u00e1z\u00f3kr\u00f3l <a href=\"https:\/\/semmelweis.hu\/aok\/files\/2022\/02\/20_a_hatarozat_docensi.pdf\" target=\"_blank\" rel=\"noopener\">20\/a\/2022 (2022. febru\u00e1r 8-i) sz\u00e1m\u00fa hat\u00e1rozat<\/a> \u00a0a karon meghirdetett egyetemi docensi \u00e1ll\u00e1sokra p\u00e1ly\u00e1z\u00f3kr\u00f3l <a href=\"https:\/\/semmelweis.hu\/aok\/files\/2022\/02\/20_b_tudomanyos_tanacsado.pdf\" target=\"_blank\" rel=\"noopener\">20\/b\/2022 (2022. febru\u00e1r 8-i) sz\u00e1m\u00fa hat\u00e1rozat<\/a> a karon meghirdetett tudom\u00e1nyos tan\u00e1csad\u00f3i \u00e1ll\u00e1sokra p\u00e1ly\u00e1z\u00f3kr\u00f3l English version: <a href=\"https:\/\/semmelweis.hu\/aok\/files\/2022\/02\/19_decision_positions_of_director.pdf\" target=\"_blank\" rel=\"noopener\">Decision No 19\/2022 (8 th February 2022) of the 2021\/2022 academic year<\/a> on candidates applying for director positions announced by the Faculty <a href=\"https:\/\/semmelweis.hu\/aok\/files\/2022\/02\/20a_decision_positions_of_associate_prof.pdf\" target=\"_blank\" rel=\"noopener\">Decision No 20\/a\/2022 (8 th February 2022) of the 2021\/2022 academic year<\/a> on candidates applying for associate professor positions announced by the Faculty <a href=\"https:\/\/semmelweis.hu\/aok\/files\/2022\/02\/20b_decision_positions_of_scientific_advisor.pdf\" target=\"_blank\" rel=\"noopener\">Decision No 20\/b\/2022 (8 th February 2022) of the 2021\/2022 academic year<\/a> on candidates applying for scientific advisor position announced by the &hellip;<\/p>\n","protected":false},"author":101136,"featured_media":0,"parent":1141,"menu_order":0,"comment_status":"closed","ping_status":"closed","template":"","meta":{"_acf_changed":false,"footnotes":""},"categories":[],"tags":[],"class_list":["post-27191","page","type-page","status-publish","hentry"],"acf":[],"publishpress_future_action":{"enabled":false,"date":"1970-01-01 01:00:00","action":"","terms":[],"taxonomy":"","browser_timezone_offset":0},"_links":{"self":[{"href":"https:\/\/semmelweis.hu\/aok\/wp-json\/wp\/v2\/pages\/27191","targetHints":{"allow":["GET"]}}],"collection":[{"href":"https:\/\/semmelweis.hu\/aok\/wp-json\/wp\/v2\/pages"}],"about":[{"href":"https:\/\/semmelweis.hu\/aok\/wp-json\/wp\/v2\/types\/page"}],"author":[{"embeddable":true,"href":"https:\/\/semmelweis.hu\/aok\/wp-json\/wp\/v2\/users\/101136"}],"replies":[{"embeddable":true,"href":"https:\/\/semmelweis.hu\/aok\/wp-json\/wp\/v2\/comments?post=27191"}],"version-history":[{"count":3,"href":"https:\/\/semmelweis.hu\/aok\/wp-json\/wp\/v2\/pages\/27191\/revisions"}],"predecessor-version":[{"id":27204,"href":"https:\/\/semmelweis.hu\/aok\/wp-json\/wp\/v2\/pages\/27191\/revisions\/27204"}],"up":[{"embeddable":true,"href":"https:\/\/semmelweis.hu\/aok\/wp-json\/wp\/v2\/pages\/1141"}],"wp:attachment":[{"href":"https:\/\/semmelweis.hu\/aok\/wp-json\/wp\/v2\/media?parent=27191"}],"wp:term":[{"taxonomy":"category","embeddable":true,"href":"https:\/\/semmelweis.hu\/aok\/wp-json\/wp\/v2\/categories?post=27191"},{"taxonomy":"post_tag","embeddable":true,"href":"https:\/\/semmelweis.hu\/aok\/wp-json\/wp\/v2\/tags?post=27191"}],"curies":[{"name":"wp","href":"https:\/\/api.w.org\/{rel}","templated":true}]}}