{"id":27023,"date":"2022-01-12T09:41:57","date_gmt":"2022-01-12T08:41:57","guid":{"rendered":"https:\/\/semmelweis.hu\/aok\/?page_id=27023"},"modified":"2022-01-12T09:41:57","modified_gmt":"2022-01-12T08:41:57","slug":"2021-aprilis-6-i-hatarozat-elektronikus-szavazas","status":"publish","type":"page","link":"https:\/\/semmelweis.hu\/aok\/a-karrol\/kari-tanacs\/a-kari-tanacs-hatarozatai\/2021-aprilis-6-i-hatarozat-elektronikus-szavazas\/","title":{"rendered":"2021. \u00c1PRILIS 6-I HAT\u00c1ROZAT &#8211; elektronikus szavaz\u00e1s"},"content":{"rendered":"<p><strong><a href=\"https:\/\/semmelweis.hu\/aok\/files\/2022\/01\/SKM_C25853321040711190.pdf\" target=\"_blank\" rel=\"noopener\">21\/2021 (2021. \u00e1prilis 6-i) sz\u00e1m\u00fa hat\u00e1rozat<\/a> <\/strong>a \u201eSzabadon v\u00e1laszthat\u00f3 5 hetes kieg\u00e9sz\u00edt\u0151 klinikai gyakorlat\u201d (Complementary Intership Practice elective course) bevezet\u00e9s\u00e9r\u0151l<\/p>\n<p><a href=\"https:\/\/semmelweis.hu\/aok\/files\/2022\/01\/melleklet_angol.doc\">mell\u00e9klet1<\/a> \u00a0 \u00a0 \u00a0 <a href=\"https:\/\/semmelweis.hu\/aok\/files\/2022\/01\/melleklet_magyar.doc\">mell\u00e9klet2<\/a> \u00a0 \u00a0 \u00a0 <a href=\"https:\/\/semmelweis.hu\/aok\/files\/2022\/01\/melleklet_nemet.docx\">mell\u00e9klet3<\/a><\/p>\n","protected":false},"excerpt":{"rendered":"<p><a href=\"https:\/\/semmelweis.hu\/aok\/files\/2022\/01\/SKM_C25853321040711190.pdf\" target=\"_blank\" rel=\"noopener\">21\/2021 (2021. \u00e1prilis 6-i) sz\u00e1m\u00fa hat\u00e1rozat<\/a> a \u201eSzabadon v\u00e1laszthat\u00f3 5 hetes kieg\u00e9sz\u00edt\u0151 klinikai gyakorlat\u201d (Complementary Intership Practice elective course) bevezet\u00e9s\u00e9r\u0151l<br \/>\n<a href=\"https:\/\/semmelweis.hu\/aok\/files\/2022\/01\/melleklet_angol.doc\">mell\u00e9klet1<\/a> \u00a0 \u00a0 \u00a0 <a href=\"https:\/\/semmelweis.hu\/aok\/files\/2022\/01\/melleklet_magyar.doc\">mell\u00e9klet2<\/a> \u00a0 \u00a0 \u00a0 <a href=\"https:\/\/semmelweis.hu\/aok\/files\/2022\/01\/melleklet_nemet.docx\">mell\u00e9klet3<\/a><\/p>\n","protected":false},"author":101136,"featured_media":0,"parent":1141,"menu_order":0,"comment_status":"closed","ping_status":"closed","template":"","meta":{"_acf_changed":false,"footnotes":""},"categories":[],"tags":[],"class_list":["post-27023","page","type-page","status-publish","hentry"],"acf":[],"publishpress_future_action":{"enabled":false,"date":"1970-01-01 01:00:00","action":"","terms":[],"taxonomy":"","browser_timezone_offset":0},"_links":{"self":[{"href":"https:\/\/semmelweis.hu\/aok\/wp-json\/wp\/v2\/pages\/27023","targetHints":{"allow":["GET"]}}],"collection":[{"href":"https:\/\/semmelweis.hu\/aok\/wp-json\/wp\/v2\/pages"}],"about":[{"href":"https:\/\/semmelweis.hu\/aok\/wp-json\/wp\/v2\/types\/page"}],"author":[{"embeddable":true,"href":"https:\/\/semmelweis.hu\/aok\/wp-json\/wp\/v2\/users\/101136"}],"replies":[{"embeddable":true,"href":"https:\/\/semmelweis.hu\/aok\/wp-json\/wp\/v2\/comments?post=27023"}],"version-history":[{"count":1,"href":"https:\/\/semmelweis.hu\/aok\/wp-json\/wp\/v2\/pages\/27023\/revisions"}],"predecessor-version":[{"id":27028,"href":"https:\/\/semmelweis.hu\/aok\/wp-json\/wp\/v2\/pages\/27023\/revisions\/27028"}],"up":[{"embeddable":true,"href":"https:\/\/semmelweis.hu\/aok\/wp-json\/wp\/v2\/pages\/1141"}],"wp:attachment":[{"href":"https:\/\/semmelweis.hu\/aok\/wp-json\/wp\/v2\/media?parent=27023"}],"wp:term":[{"taxonomy":"category","embeddable":true,"href":"https:\/\/semmelweis.hu\/aok\/wp-json\/wp\/v2\/categories?post=27023"},{"taxonomy":"post_tag","embeddable":true,"href":"https:\/\/semmelweis.hu\/aok\/wp-json\/wp\/v2\/tags?post=27023"}],"curies":[{"name":"wp","href":"https:\/\/api.w.org\/{rel}","templated":true}]}}