{"id":27013,"date":"2022-01-11T10:24:35","date_gmt":"2022-01-11T09:24:35","guid":{"rendered":"https:\/\/semmelweis.hu\/aok\/?page_id=27013"},"modified":"2022-01-11T10:24:35","modified_gmt":"2022-01-11T09:24:35","slug":"2021-augusztus-26-i-hatarozat-elektronikus-szavazas","status":"publish","type":"page","link":"https:\/\/semmelweis.hu\/aok\/a-karrol\/kari-tanacs\/a-kari-tanacs-hatarozatai\/2021-augusztus-26-i-hatarozat-elektronikus-szavazas\/","title":{"rendered":"2021. AUGUSZTUS 26-I HAT\u00c1ROZAT \u2013 ELEKTRONIKUS SZAVAZ\u00c1S"},"content":{"rendered":"<p style=\"text-align: justify\"><strong><a href=\"https:\/\/semmelweis.hu\/aok\/files\/2022\/01\/53_hatarozat_kurrikulum.pdf\" target=\"_blank\" rel=\"noopener\">53\/2021 (2021. augusztus 26-i) sz\u00e1m\u00fa KT hat\u00e1rozat<\/a> <\/strong>a 2019\/2020-as tan\u00e9vt\u0151l bevezetett orvosk\u00e9pz\u00e9s kurrikulum\u00e1nak magyar nyelv\u0171 k\u00e9pz\u00e9st \u00e9rint\u0151 m\u00f3dos\u00edt\u00e1s\u00e1r\u00f3l, valamint a \u201eSport \u00e9s \u00e9letm\u00f3d\u201d c. k\u00f6telez\u0151en v\u00e1laszthat\u00f3 t\u00e1rgy bevezet\u00e9s\u00e9r\u0151l az \u00c1ltal\u00e1nos Orvostudom\u00e1nyi Karon<\/p>\n","protected":false},"excerpt":{"rendered":"<p><a href=\"https:\/\/semmelweis.hu\/aok\/files\/2022\/01\/53_hatarozat_kurrikulum.pdf\" target=\"_blank\" rel=\"noopener\">53\/2021 (2021. augusztus 26-i) sz\u00e1m\u00fa KT hat\u00e1rozat<\/a> a 2019\/2020-as tan\u00e9vt\u0151l bevezetett orvosk\u00e9pz\u00e9s kurrikulum\u00e1nak magyar nyelv\u0171 k\u00e9pz\u00e9st \u00e9rint\u0151 m\u00f3dos\u00edt\u00e1s\u00e1r\u00f3l, valamint a \u201eSport \u00e9s \u00e9letm\u00f3d\u201d c. k\u00f6telez\u0151en v\u00e1laszthat\u00f3 t\u00e1rgy bevezet\u00e9s\u00e9r\u0151l az \u00c1ltal\u00e1nos Orvostudom\u00e1nyi Karon<\/p>\n","protected":false},"author":101136,"featured_media":0,"parent":1141,"menu_order":0,"comment_status":"closed","ping_status":"closed","template":"","meta":{"_acf_changed":false,"footnotes":""},"categories":[],"tags":[],"class_list":["post-27013","page","type-page","status-publish","hentry"],"acf":[],"publishpress_future_action":{"enabled":false,"date":"1970-01-01 01:00:00","action":"","terms":[],"taxonomy":"","browser_timezone_offset":0},"_links":{"self":[{"href":"https:\/\/semmelweis.hu\/aok\/wp-json\/wp\/v2\/pages\/27013","targetHints":{"allow":["GET"]}}],"collection":[{"href":"https:\/\/semmelweis.hu\/aok\/wp-json\/wp\/v2\/pages"}],"about":[{"href":"https:\/\/semmelweis.hu\/aok\/wp-json\/wp\/v2\/types\/page"}],"author":[{"embeddable":true,"href":"https:\/\/semmelweis.hu\/aok\/wp-json\/wp\/v2\/users\/101136"}],"replies":[{"embeddable":true,"href":"https:\/\/semmelweis.hu\/aok\/wp-json\/wp\/v2\/comments?post=27013"}],"version-history":[{"count":1,"href":"https:\/\/semmelweis.hu\/aok\/wp-json\/wp\/v2\/pages\/27013\/revisions"}],"predecessor-version":[{"id":27015,"href":"https:\/\/semmelweis.hu\/aok\/wp-json\/wp\/v2\/pages\/27013\/revisions\/27015"}],"up":[{"embeddable":true,"href":"https:\/\/semmelweis.hu\/aok\/wp-json\/wp\/v2\/pages\/1141"}],"wp:attachment":[{"href":"https:\/\/semmelweis.hu\/aok\/wp-json\/wp\/v2\/media?parent=27013"}],"wp:term":[{"taxonomy":"category","embeddable":true,"href":"https:\/\/semmelweis.hu\/aok\/wp-json\/wp\/v2\/categories?post=27013"},{"taxonomy":"post_tag","embeddable":true,"href":"https:\/\/semmelweis.hu\/aok\/wp-json\/wp\/v2\/tags?post=27013"}],"curies":[{"name":"wp","href":"https:\/\/api.w.org\/{rel}","templated":true}]}}