{"id":26997,"date":"2022-01-11T10:18:14","date_gmt":"2022-01-11T09:18:14","guid":{"rendered":"https:\/\/semmelweis.hu\/aok\/?page_id=26997"},"modified":"2022-01-11T10:18:14","modified_gmt":"2022-01-11T09:18:14","slug":"2021-augusztus-24-i-hatarozatok-elektronikus-szavazas","status":"publish","type":"page","link":"https:\/\/semmelweis.hu\/aok\/a-karrol\/kari-tanacs\/a-kari-tanacs-hatarozatai\/2021-augusztus-24-i-hatarozatok-elektronikus-szavazas\/","title":{"rendered":"2021. AUGUSZTUS 24-I HAT\u00c1ROZATOK &#8211; ELEKTRONIKUS SZAVAZ\u00c1S"},"content":{"rendered":"<p style=\"text-align: justify\"><strong><a href=\"https:\/\/semmelweis.hu\/aok\/files\/2022\/01\/45_hat_pszichiatriaitanszekicsoport.pdf\" target=\"_blank\" rel=\"noopener\">45\/2021 (2021. augusztus 24-i) sz\u00e1m\u00fa KT hat\u00e1rozat<\/a> <\/strong>a Pszichi\u00e1triai Tansz\u00e9ki Csoport l\u00e9trehoz\u00e1s\u00e1r\u00f3l a Semmelweis Egyetem sz\u00e9khelyen k\u00edv\u00fcli k\u00e9pz\u00e9si hely\u00e9n az Asklepios Campus Hamburgon<\/p>\n<p style=\"text-align: justify\"><strong><a href=\"https:\/\/semmelweis.hu\/aok\/files\/2022\/01\/46_hat_oxiologiaitanszekicsoport.pdf\" target=\"_blank\" rel=\"noopener\">46\/2021 (2021. augusztus 24-i) sz\u00e1m\u00fa KT hat\u00e1rozat<\/a> <\/strong>a S\u00fcrg\u0151ss\u00e9gi Orvostan \u2013 Oxiol\u00f3gia Tansz\u00e9ki Csoport S\u00fcrg\u0151ss\u00e9gi Orvostan Klinik\u00e1ra t\u00f6rt\u00e9n\u0151 \u00e1thelyez\u00e9s\u00e9r\u0151l<\/p>\n<p style=\"text-align: justify\"><strong><a href=\"https:\/\/semmelweis.hu\/aok\/files\/2022\/01\/47_hat_nefrologiakotvaltargy.pdf\" target=\"_blank\" rel=\"noopener\">47\/2021 (2021. augusztus 24-i) sz\u00e1m\u00fa KT hat\u00e1rozat<\/a> <\/strong>a 2021\/2022-es tan\u00e9v II. f\u00e9l\u00e9v\u00e9t\u0151l bevezetend\u0151 \u201eNefrol\u00f3gia: a molekul\u00e1kt\u00f3l a beteg\u00e1gyig\u201d c\u00edm\u0171 k\u00f6telez\u0151en v\u00e1laszthat\u00f3 t\u00e1rgyr\u00f3l<\/p>\n<p style=\"text-align: justify\"><strong><a href=\"https:\/\/semmelweis.hu\/aok\/files\/2022\/01\/48_hat_tantargyikovrendszer.pdf\" target=\"_blank\" rel=\"noopener\">48\/2021 (2021. augusztus 24-i) sz\u00e1m\u00fa KT hat\u00e1rozat<\/a> <\/strong>a 2021\/2022-es tan\u00e9vi tant\u00e1rgyi k\u00f6vetelm\u00e9nyrendszerr\u0151l az \u00c1ltal\u00e1nos Orvostudom\u00e1nyi Karon (VI. \u00e9ves \u00e1ltal\u00e1nos orvostanhallgat\u00f3k sz\u00e1m\u00e1ra k\u00f6telez\u0151en v\u00e1laszthat\u00f3 6 hetes arc-\u00e1llcsont-sz\u00e1jseb\u00e9szeti klinikai gyakorlat k\u00f6vetelm\u00e9nyrendszere)<\/p>\n<p style=\"text-align: justify\"><strong><a href=\"https:\/\/semmelweis.hu\/aok\/files\/2022\/01\/49_hat_tantargyikovrendszer.pdf\" target=\"_blank\" rel=\"noopener\">49\/2021 (2021. augusztus 24-i) sz\u00e1m\u00fa KT hat\u00e1rozat<\/a> <\/strong>a 2021\/2022-es tan\u00e9vi tant\u00e1rgyi k\u00f6vetelm\u00e9nyrendszerr\u0151l az \u00c1ltal\u00e1nos Orvostudom\u00e1nyi Karon (Els\u0151seg\u00e9ly (I. \u00e9vfolyam), S\u00fcrg\u0151ss\u00e9gi orvostan \u00e9s oxyol\u00f3gia (IV. \u00e9vfolyam), \u00e9s a S\u00fcrg\u0151ss\u00e9gi Orvostan V\u00e1laszthat\u00f3 (VI \u00e9vfolyam) t\u00e1rgyak m\u00f3dos\u00edtott k\u00f6vetelm\u00e9nyrendszerei)<\/p>\n<p style=\"text-align: justify\"><strong><a href=\"https:\/\/semmelweis.hu\/aok\/files\/2022\/01\/50_hat_idegennyelvukurrikulum.pdf\" target=\"_blank\" rel=\"noopener\">50\/2021 (2021. augusztus 24-i) sz\u00e1m\u00fa KT hat\u00e1rozat<\/a> <\/strong>a 2019\/2020-as tan\u00e9vt\u0151l bevezetett orvosk\u00e9pz\u00e9s kurrikulum\u00e1nak az idegen nyelv\u0171 k\u00e9pz\u00e9seket \u00e9rint\u0151 m\u00f3dos\u00edt\u00e1s\u00e1r\u00f3l az \u00c1ltal\u00e1nos Orvostudom\u00e1nyi Karon<\/p>\n<p style=\"text-align: justify\"><strong><a href=\"https:\/\/semmelweis.hu\/aok\/files\/2022\/01\/51_hat_clinicalemergencies.pdf\" target=\"_blank\" rel=\"noopener\">51\/2021 (2021. augusztus 24-i) sz\u00e1m\u00fa KT hat\u00e1rozat<\/a> <\/strong>az Asklepios Campus Hamburgon 2021\/2022. tan\u00e9vt\u0151l bevezetni k\u00edv\u00e1nt k\u00f6telez\u0151en v\u00e1laszthat\u00f3 \u201eClinical Emergencies\u201d c\u00edm\u0171 t\u00e1rgy bevezet\u00e9s\u00e9r\u0151l<\/p>\n<p style=\"text-align: justify\"><a href=\"https:\/\/semmelweis.hu\/aok\/files\/2022\/01\/52_hat_manualterapiaakkreditacio.pdf\" target=\"_blank\" rel=\"noopener\">52\/2021 (2021. augusztus 24-i) sz\u00e1m\u00fa KT hat\u00e1rozata<\/a> Holisztikus Medicina Alap\u00edtv\u00e1ny \u00e1ltal szervezett \u201eManu\u00e1lis Medicina\u201d tanfolyam akkredit\u00e1ci\u00f3j\u00e1r\u00f3l<\/p>\n","protected":false},"excerpt":{"rendered":"<p><a href=\"https:\/\/semmelweis.hu\/aok\/files\/2022\/01\/45_hat_pszichiatriaitanszekicsoport.pdf\" target=\"_blank\" rel=\"noopener\">45\/2021 (2021. augusztus 24-i) sz\u00e1m\u00fa KT hat\u00e1rozat<\/a> a Pszichi\u00e1triai Tansz\u00e9ki Csoport l\u00e9trehoz\u00e1s\u00e1r\u00f3l a Semmelweis Egyetem sz\u00e9khelyen k\u00edv\u00fcli k\u00e9pz\u00e9si hely\u00e9n az Asklepios Campus Hamburgon <a href=\"https:\/\/semmelweis.hu\/aok\/files\/2022\/01\/46_hat_oxiologiaitanszekicsoport.pdf\" target=\"_blank\" rel=\"noopener\">46\/2021 (2021. augusztus 24-i) sz\u00e1m\u00fa KT hat\u00e1rozat<\/a> a S\u00fcrg\u0151ss\u00e9gi Orvostan \u2013 Oxiol\u00f3gia Tansz\u00e9ki Csoport S\u00fcrg\u0151ss\u00e9gi Orvostan Klinik\u00e1ra t\u00f6rt\u00e9n\u0151 \u00e1thelyez\u00e9s\u00e9r\u0151l <a href=\"https:\/\/semmelweis.hu\/aok\/files\/2022\/01\/47_hat_nefrologiakotvaltargy.pdf\" target=\"_blank\" rel=\"noopener\">47\/2021 (2021. augusztus 24-i) sz\u00e1m\u00fa KT hat\u00e1rozat<\/a> a 2021\/2022-es tan\u00e9v II. f\u00e9l\u00e9v\u00e9t\u0151l bevezetend\u0151 \u201eNefrol\u00f3gia: a molekul\u00e1kt\u00f3l a beteg\u00e1gyig\u201d c\u00edm\u0171 k\u00f6telez\u0151en v\u00e1laszthat\u00f3 t\u00e1rgyr\u00f3l <a href=\"https:\/\/semmelweis.hu\/aok\/files\/2022\/01\/48_hat_tantargyikovrendszer.pdf\" target=\"_blank\" rel=\"noopener\">48\/2021 (2021. augusztus 24-i) sz\u00e1m\u00fa KT hat\u00e1rozat<\/a> a 2021\/2022-es tan\u00e9vi tant\u00e1rgyi k\u00f6vetelm\u00e9nyrendszerr\u0151l az \u00c1ltal\u00e1nos Orvostudom\u00e1nyi Karon (VI. \u00e9ves \u00e1ltal\u00e1nos &hellip;<\/p>\n","protected":false},"author":101136,"featured_media":0,"parent":1141,"menu_order":0,"comment_status":"closed","ping_status":"closed","template":"","meta":{"_acf_changed":false,"footnotes":""},"categories":[],"tags":[],"class_list":["post-26997","page","type-page","status-publish","hentry"],"acf":[],"publishpress_future_action":{"enabled":false,"date":"1970-01-01 01:00:00","action":"","terms":[],"taxonomy":"","browser_timezone_offset":0},"_links":{"self":[{"href":"https:\/\/semmelweis.hu\/aok\/wp-json\/wp\/v2\/pages\/26997","targetHints":{"allow":["GET"]}}],"collection":[{"href":"https:\/\/semmelweis.hu\/aok\/wp-json\/wp\/v2\/pages"}],"about":[{"href":"https:\/\/semmelweis.hu\/aok\/wp-json\/wp\/v2\/types\/page"}],"author":[{"embeddable":true,"href":"https:\/\/semmelweis.hu\/aok\/wp-json\/wp\/v2\/users\/101136"}],"replies":[{"embeddable":true,"href":"https:\/\/semmelweis.hu\/aok\/wp-json\/wp\/v2\/comments?post=26997"}],"version-history":[{"count":5,"href":"https:\/\/semmelweis.hu\/aok\/wp-json\/wp\/v2\/pages\/26997\/revisions"}],"predecessor-version":[{"id":27011,"href":"https:\/\/semmelweis.hu\/aok\/wp-json\/wp\/v2\/pages\/26997\/revisions\/27011"}],"up":[{"embeddable":true,"href":"https:\/\/semmelweis.hu\/aok\/wp-json\/wp\/v2\/pages\/1141"}],"wp:attachment":[{"href":"https:\/\/semmelweis.hu\/aok\/wp-json\/wp\/v2\/media?parent=26997"}],"wp:term":[{"taxonomy":"category","embeddable":true,"href":"https:\/\/semmelweis.hu\/aok\/wp-json\/wp\/v2\/categories?post=26997"},{"taxonomy":"post_tag","embeddable":true,"href":"https:\/\/semmelweis.hu\/aok\/wp-json\/wp\/v2\/tags?post=26997"}],"curies":[{"name":"wp","href":"https:\/\/api.w.org\/{rel}","templated":true}]}}