{"id":26972,"date":"2022-01-11T09:46:29","date_gmt":"2022-01-11T08:46:29","guid":{"rendered":"https:\/\/semmelweis.hu\/aok\/?page_id=26972"},"modified":"2022-01-11T09:46:29","modified_gmt":"2022-01-11T08:46:29","slug":"2021-december-14-i-hatarozatok","status":"publish","type":"page","link":"https:\/\/semmelweis.hu\/aok\/a-karrol\/kari-tanacs\/a-kari-tanacs-hatarozatai\/2021-december-14-i-hatarozatok\/","title":{"rendered":"2021. DECEMBER 14-I HAT\u00c1ROZATOK"},"content":{"rendered":"<p style=\"text-align: justify\"><strong><a href=\"https:\/\/semmelweis.hu\/aok\/files\/2022\/01\/13_hatarozat_ACH_tantargyfelelos_.pdf\" target=\"_blank\" rel=\"noopener\">13\/2021 (2021. december 14-i) sz\u00e1m\u00fa KT hat\u00e1rozat<\/a> <\/strong>az Asklepios Campus Hamburgra beny\u00fajtott tant\u00e1rgyfelel\u0151si p\u00e1ly\u00e1zatok v\u00e9lem\u00e9nyez\u00e9s\u00e9r\u0151l<\/p>\n<p style=\"text-align: justify\"><strong><a href=\"https:\/\/semmelweis.hu\/aok\/files\/2022\/01\/14_hatarozat_ACH_tanszekicsoportvezeto.pdf\" target=\"_blank\" rel=\"noopener\">14\/2021 (2021. december 14-i) sz\u00e1m\u00fa KT hat\u00e1rozat<\/a> <\/strong>az Asklepios Campus Hamburgon m\u0171k\u00f6d\u0151 Pszichi\u00e1triai Tansz\u00e9ki Csoport vezet\u0151i \u00e1ll\u00e1shely\u00e9re beny\u00fajtott p\u00e1ly\u00e1zat elb\u00edr\u00e1l\u00e1s\u00e1r\u00f3l<\/p>\n<p style=\"text-align: justify\"><strong><a href=\"https:\/\/semmelweis.hu\/aok\/files\/2022\/01\/15_hatarozat_egyetemi_tanari.pdf\" target=\"_blank\" rel=\"noopener\">15\/2021 (2021. december 14-i) sz\u00e1m\u00fa KT hat\u00e1rozat<\/a> <\/strong>a karon meghirdetett egyetemi tan\u00e1ri \u00e1ll\u00e1sokra p\u00e1ly\u00e1z\u00f3kr\u00f3l<\/p>\n<p style=\"text-align: justify\"><strong><a href=\"https:\/\/semmelweis.hu\/aok\/files\/2022\/01\/16_hatarozat_nemet_nyelvu_tt.pdf\" target=\"_blank\" rel=\"noopener\">16\/2021 (2021. december 14-i) sz\u00e1m\u00fa KT hat\u00e1rozat<\/a> <\/strong>k\u00f6telez\u0151, valamint k\u00f6telez\u0151en v\u00e1laszthat\u00f3, \u00faj n\u00e9met nyelv\u0171 terminol\u00f3gia t\u00e1rgyak bevezet\u00e9s\u00e9r\u0151l a 2021\/22. tan\u00e9v 2. szemeszter\u00e9t\u0151l<\/p>\n<p style=\"padding-left: 40px;text-align: justify\"><a href=\"https:\/\/semmelweis.hu\/aok\/files\/2022\/01\/16_melleklet.pdf\" target=\"_blank\" rel=\"noopener\">mell\u00e9klet<\/a><\/p>\n<p style=\"text-align: justify\"><strong><a href=\"https:\/\/semmelweis.hu\/aok\/files\/2022\/01\/17_hatarozat_farmakokinetika.pdf\" target=\"_blank\" rel=\"noopener\">17\/2021 (2021. december 14-i) sz\u00e1m\u00fa KT hat\u00e1rozat<\/a> <\/strong>a 2021\/2022-es tan\u00e9v II. f\u00e9l\u00e9v\u00e9t\u0151l bevezetend\u0151 \u201eFarmakokinetika, Gy\u00f3gyszermetabolizmus \u00e9s Transzl\u00e1ci\u00f3s Farmakol\u00f3gia, a Magyar Farmakol\u00f3gus T\u00e1rsas\u00e1g Konferenci\u00e1ja\u201d c\u00edm\u0171 szabadon v\u00e1laszthat\u00f3 t\u00e1rgyr\u00f3l<\/p>\n<p style=\"padding-left: 40px;text-align: justify\"><a href=\"https:\/\/semmelweis.hu\/aok\/files\/2022\/01\/17_melleklet_kovetelmenyrendszer.pdf\" target=\"_blank\" rel=\"noopener\">mell\u00e9klet<\/a><\/p>\n<p style=\"text-align: justify\"><strong><a href=\"https:\/\/semmelweis.hu\/aok\/files\/2022\/01\/18_hatarozat_SzMR_modositas.pdf\" target=\"_blank\" rel=\"noopener\">18\/2021 (2021. december 14-i) sz\u00e1m\u00fa KT hat\u00e1rozat<\/a> <\/strong>a kari Szervezeti \u00e9s M\u0171k\u00f6d\u00e9si Rend m\u00f3dos\u00edt\u00e1s\u00e1r\u00f3l<\/p>\n<p style=\"padding-left: 40px;text-align: justify\"><a href=\"https:\/\/semmelweis.hu\/aok\/files\/2022\/01\/18_kariSzMR_korr.pdf\" target=\"_blank\" rel=\"noopener\">mell\u00e9klet1<\/a>\u00a0 \u00a0 \u00a0 <a href=\"https:\/\/semmelweis.hu\/aok\/files\/2022\/01\/organogram2021_nov.xlsx\">mell\u00e9klet2<\/a><\/p>\n<p style=\"text-align: justify\">\u00a0<\/p>\n<p style=\"text-align: justify\">English version:\u00a0<\/p>\n<p style=\"text-align: justify\"><strong><a href=\"https:\/\/semmelweis.hu\/aok\/files\/2022\/01\/13_decision_lecturer_position_ACH.pdf\" target=\"_blank\" rel=\"noopener\">Decision No 13\/2021 (14th December 2021)<\/a> <\/strong>on the call for applications for the responsible lecturer positions at Asklepios Campus Hamburg<\/p>\n<p style=\"text-align: justify\"><strong><a href=\"https:\/\/semmelweis.hu\/aok\/files\/2022\/01\/14_decision_subchair_position_ACH.pdf\" target=\"_blank\" rel=\"noopener\">Decision No 14\/2021 (14th December 2021)<\/a> <\/strong>on the evaluation of the application for subchair position\u00a0 in the Department of Psychiatry at the Asklepios Campus Hamburg<\/p>\n<p style=\"text-align: justify\"><strong><a href=\"https:\/\/semmelweis.hu\/aok\/files\/2022\/01\/15_decision_professor_positions.pdf\" target=\"_blank\" rel=\"noopener\">Decision No 15\/2021 (14th December 2021)<\/a> <\/strong>on candidates applying for Professor positions announced by the Faculty<\/p>\n<p style=\"text-align: justify\"><strong><a href=\"https:\/\/semmelweis.hu\/aok\/files\/2022\/01\/16_decision_German-language_terminology_subjects.pdf\" target=\"_blank\" rel=\"noopener\">Decision No 16\/2021 (14th December 2021)<\/a> <\/strong>on the introduction of compulsory and optional new German-language terminology subjects\u00a0 from the 2nd semester of the academic year 2021\/22<\/p>\n<p style=\"text-align: justify\"><strong><a href=\"https:\/\/semmelweis.hu\/aok\/files\/2022\/01\/17_decision_optional_Pharmacokinetics_subject.pdf\" target=\"_blank\" rel=\"noopener\">Decision No 17\/2021 (14th December 2021)<\/a> <\/strong>on the introduction of the optional &#8222;Pharmacokinetics, Drug Metabolism and Translational Pharmacology, Conference of the Hungarian Pharmacological Society&#8221; subject from the 2nd semester of the academic year 2021\/22<\/p>\n<p style=\"text-align: justify\"><strong><a href=\"https:\/\/semmelweis.hu\/aok\/files\/2022\/01\/18_decision_Organizational_and_Operational_Regulations.pdf\" target=\"_blank\" rel=\"noopener\">Decision No 18\/2021 (14th December 2021)<\/a> <\/strong>on modifying the Organizational and Operational Rules of the Faculty<\/p>\n","protected":false},"excerpt":{"rendered":"<p><a href=\"https:\/\/semmelweis.hu\/aok\/files\/2022\/01\/13_hatarozat_ACH_tantargyfelelos_.pdf\" target=\"_blank\" rel=\"noopener\">13\/2021 (2021. december 14-i) sz\u00e1m\u00fa KT hat\u00e1rozat<\/a> az Asklepios Campus Hamburgra beny\u00fajtott tant\u00e1rgyfelel\u0151si p\u00e1ly\u00e1zatok v\u00e9lem\u00e9nyez\u00e9s\u00e9r\u0151l <a href=\"https:\/\/semmelweis.hu\/aok\/files\/2022\/01\/14_hatarozat_ACH_tanszekicsoportvezeto.pdf\" target=\"_blank\" rel=\"noopener\">14\/2021 (2021. december 14-i) sz\u00e1m\u00fa KT hat\u00e1rozat<\/a> az Asklepios Campus Hamburgon m\u0171k\u00f6d\u0151 Pszichi\u00e1triai Tansz\u00e9ki Csoport vezet\u0151i \u00e1ll\u00e1shely\u00e9re beny\u00fajtott p\u00e1ly\u00e1zat elb\u00edr\u00e1l\u00e1s\u00e1r\u00f3l <a href=\"https:\/\/semmelweis.hu\/aok\/files\/2022\/01\/15_hatarozat_egyetemi_tanari.pdf\" target=\"_blank\" rel=\"noopener\">15\/2021 (2021. december 14-i) sz\u00e1m\u00fa KT hat\u00e1rozat<\/a> a karon meghirdetett egyetemi tan\u00e1ri \u00e1ll\u00e1sokra p\u00e1ly\u00e1z\u00f3kr\u00f3l <a href=\"https:\/\/semmelweis.hu\/aok\/files\/2022\/01\/16_hatarozat_nemet_nyelvu_tt.pdf\" target=\"_blank\" rel=\"noopener\">16\/2021 (2021. december 14-i) sz\u00e1m\u00fa KT hat\u00e1rozat<\/a> k\u00f6telez\u0151, valamint k\u00f6telez\u0151en v\u00e1laszthat\u00f3, \u00faj n\u00e9met nyelv\u0171 terminol\u00f3gia t\u00e1rgyak bevezet\u00e9s\u00e9r\u0151l a 2021\/22. tan\u00e9v 2. szemeszter\u00e9t\u0151l <a href=\"https:\/\/semmelweis.hu\/aok\/files\/2022\/01\/16_melleklet.pdf\" target=\"_blank\" rel=\"noopener\">mell\u00e9klet<\/a> <a href=\"https:\/\/semmelweis.hu\/aok\/files\/2022\/01\/17_hatarozat_farmakokinetika.pdf\" target=\"_blank\" rel=\"noopener\">17\/2021 (2021. december 14-i) sz\u00e1m\u00fa KT hat\u00e1rozat<\/a> a 2021\/2022-es tan\u00e9v II. f\u00e9l\u00e9v\u00e9t\u0151l bevezetend\u0151 \u201eFarmakokinetika, Gy\u00f3gyszermetabolizmus \u00e9s Transzl\u00e1ci\u00f3s Farmakol\u00f3gia, a &hellip;<\/p>\n","protected":false},"author":101136,"featured_media":0,"parent":1141,"menu_order":0,"comment_status":"closed","ping_status":"closed","template":"","meta":{"_acf_changed":false,"footnotes":""},"categories":[],"tags":[],"class_list":["post-26972","page","type-page","status-publish","hentry"],"acf":[],"publishpress_future_action":{"enabled":false,"date":"1970-01-01 01:00:00","action":"","terms":[],"taxonomy":"","browser_timezone_offset":0},"_links":{"self":[{"href":"https:\/\/semmelweis.hu\/aok\/wp-json\/wp\/v2\/pages\/26972","targetHints":{"allow":["GET"]}}],"collection":[{"href":"https:\/\/semmelweis.hu\/aok\/wp-json\/wp\/v2\/pages"}],"about":[{"href":"https:\/\/semmelweis.hu\/aok\/wp-json\/wp\/v2\/types\/page"}],"author":[{"embeddable":true,"href":"https:\/\/semmelweis.hu\/aok\/wp-json\/wp\/v2\/users\/101136"}],"replies":[{"embeddable":true,"href":"https:\/\/semmelweis.hu\/aok\/wp-json\/wp\/v2\/comments?post=26972"}],"version-history":[{"count":7,"href":"https:\/\/semmelweis.hu\/aok\/wp-json\/wp\/v2\/pages\/26972\/revisions"}],"predecessor-version":[{"id":26995,"href":"https:\/\/semmelweis.hu\/aok\/wp-json\/wp\/v2\/pages\/26972\/revisions\/26995"}],"up":[{"embeddable":true,"href":"https:\/\/semmelweis.hu\/aok\/wp-json\/wp\/v2\/pages\/1141"}],"wp:attachment":[{"href":"https:\/\/semmelweis.hu\/aok\/wp-json\/wp\/v2\/media?parent=26972"}],"wp:term":[{"taxonomy":"category","embeddable":true,"href":"https:\/\/semmelweis.hu\/aok\/wp-json\/wp\/v2\/categories?post=26972"},{"taxonomy":"post_tag","embeddable":true,"href":"https:\/\/semmelweis.hu\/aok\/wp-json\/wp\/v2\/tags?post=26972"}],"curies":[{"name":"wp","href":"https:\/\/api.w.org\/{rel}","templated":true}]}}