{"id":26777,"date":"2021-11-09T11:30:38","date_gmt":"2021-11-09T10:30:38","guid":{"rendered":"https:\/\/semmelweis.hu\/aok\/?page_id=26777"},"modified":"2021-11-09T11:50:59","modified_gmt":"2021-11-09T10:50:59","slug":"2021-oktober-12-i-hatarozatok","status":"publish","type":"page","link":"https:\/\/semmelweis.hu\/aok\/a-karrol\/kari-tanacs\/a-kari-tanacs-hatarozatai\/2021-oktober-12-i-hatarozatok\/","title":{"rendered":"2021. OKT\u00d3BER 12-I HAT\u00c1ROZATOK"},"content":{"rendered":"<p style=\"text-align: justify\"><strong><a href=\"https:\/\/semmelweis.hu\/aok\/files\/2021\/11\/10_hatarozat_Funkcion\u00e1lis-Idegseb\u00e9szeti-TCS.pdf\" target=\"_blank\" rel=\"noopener noreferrer\">10\/2021 (2021. okt\u00f3ber 12-i) sz\u00e1m\u00fa KT hat\u00e1rozat<\/a> <\/strong>a Funkcion\u00e1lis Idegseb\u00e9szeti Tansz\u00e9ki Csoport l\u00e9trehoz\u00e1s\u00e1r\u00f3l az Idegseb\u00e9szeti Tansz\u00e9khez rendelten<\/p>\n<p style=\"text-align: justify\"><strong><a href=\"https:\/\/semmelweis.hu\/aok\/files\/2021\/11\/11_hatarozat_Obezitol\u00f3giai_TCS.pdf\" target=\"_blank\" rel=\"noopener noreferrer\">11\/2021 (2021. okt\u00f3ber 12-i) sz\u00e1m\u00fa KT hat\u00e1rozat<\/a> <\/strong>az Obezitol\u00f3giai Tansz\u00e9ki Csoport l\u00e9trehoz\u00e1s\u00e1r\u00f3l a V\u00e1rosmajori Sz\u00edv- \u00e9s \u00c9rgy\u00f3gy\u00e1szati Klinik\u00e1hoz rendelten<\/p>\n<p style=\"text-align: justify\"><strong><a href=\"https:\/\/semmelweis.hu\/aok\/files\/2021\/11\/12_hatarozat_Plasztikai_Seb_TCS-integr\u00e1l\u00e1sa.pdf\" target=\"_blank\" rel=\"noopener noreferrer\">12\/2021 (2021. okt\u00f3ber 12-i) sz\u00e1m\u00fa KT hat\u00e1rozat<\/a> <\/strong>a Plasztikai Seb\u00e9szeti Tansz\u00e9ki Csoportnak a Seb\u00e9szeti, Transzplant\u00e1ci\u00f3s \u00e9s Gasztroenterol\u00f3giai Klinika al\u00e1 t\u00f6rt\u00e9n\u0151 integr\u00e1l\u00e1s\u00e1r\u00f3l<\/p>\n<p style=\"text-align: justify\">English version:\u00a0<\/p>\n<p style=\"text-align: justify\"><strong><a href=\"https:\/\/semmelweis.hu\/aok\/files\/2021\/11\/10_decision_Division_Functional-Neurosurgery.pdf\" target=\"_blank\" rel=\"noopener noreferrer\">Decision No 10\/2021 (12th October 2021)<\/a><\/strong> on the establishment of the Functional Neurosurgery Departmental Group attached to the Department of Neurosurgery<\/p>\n<p style=\"text-align: justify\"><strong><a href=\"https:\/\/semmelweis.hu\/aok\/files\/2021\/11\/11_decision_Dep_Group-of-Obesitology_.pdf\" target=\"_blank\" rel=\"noopener noreferrer\">Decision of No 11\/2021 (12th October 2021)<\/a> <\/strong>on the establishment of the Departmental Group of Obesitology at the Heart and Vascular Centre of V\u00e1rosmajor<\/p>\n<p style=\"text-align: justify\"><strong><a href=\"https:\/\/semmelweis.hu\/aok\/files\/2021\/11\/12_decision_Depart_Plastic_Surgery.pdf\" target=\"_blank\" rel=\"noopener noreferrer\">Decision No 12\/2021 (12th October 2021)<\/a> <\/strong>on the integration of the Departmental Group of Plastic Surgery into the Department of Surgery, Transplantation and Gastroenterology<\/p>\n<p>&nbsp;<\/p>\n","protected":false},"excerpt":{"rendered":"<p><a href=\"https:\/\/semmelweis.hu\/aok\/files\/2021\/11\/10_hatarozat_Funkcion\u00e1lis-Idegseb\u00e9szeti-TCS.pdf\" target=\"_blank\" rel=\"noopener noreferrer\">10\/2021 (2021. okt\u00f3ber 12-i) sz\u00e1m\u00fa KT hat\u00e1rozat<\/a> a Funkcion\u00e1lis Idegseb\u00e9szeti Tansz\u00e9ki Csoport l\u00e9trehoz\u00e1s\u00e1r\u00f3l az Idegseb\u00e9szeti Tansz\u00e9khez rendelten <a href=\"https:\/\/semmelweis.hu\/aok\/files\/2021\/11\/11_hatarozat_Obezitol\u00f3giai_TCS.pdf\" target=\"_blank\" rel=\"noopener noreferrer\">11\/2021 (2021. okt\u00f3ber 12-i) sz\u00e1m\u00fa KT hat\u00e1rozat<\/a> az Obezitol\u00f3giai Tansz\u00e9ki Csoport l\u00e9trehoz\u00e1s\u00e1r\u00f3l a V\u00e1rosmajori Sz\u00edv- \u00e9s \u00c9rgy\u00f3gy\u00e1szati Klinik\u00e1hoz rendelten <a href=\"https:\/\/semmelweis.hu\/aok\/files\/2021\/11\/12_hatarozat_Plasztikai_Seb_TCS-integr\u00e1l\u00e1sa.pdf\" target=\"_blank\" rel=\"noopener noreferrer\">12\/2021 (2021. okt\u00f3ber 12-i) sz\u00e1m\u00fa KT hat\u00e1rozat<\/a> a Plasztikai Seb\u00e9szeti Tansz\u00e9ki Csoportnak a Seb\u00e9szeti, Transzplant\u00e1ci\u00f3s \u00e9s Gasztroenterol\u00f3giai Klinika al\u00e1 t\u00f6rt\u00e9n\u0151 integr\u00e1l\u00e1s\u00e1r\u00f3l English version:\u00a0 <a href=\"https:\/\/semmelweis.hu\/aok\/files\/2021\/11\/10_decision_Division_Functional-Neurosurgery.pdf\" target=\"_blank\" rel=\"noopener noreferrer\">Decision No 10\/2021 (12th October 2021)<\/a> on the establishment of the Functional Neurosurgery Departmental Group attached to the Department of Neurosurgery <a href=\"https:\/\/semmelweis.hu\/aok\/files\/2021\/11\/11_decision_Dep_Group-of-Obesitology_.pdf\" target=\"_blank\" rel=\"noopener noreferrer\">Decision of No 11\/2021 (12th October 2021)<\/a> on the &hellip;<\/p>\n","protected":false},"author":101136,"featured_media":0,"parent":1141,"menu_order":0,"comment_status":"closed","ping_status":"closed","template":"","meta":{"_acf_changed":false,"footnotes":""},"categories":[],"tags":[],"class_list":["post-26777","page","type-page","status-publish","hentry"],"acf":[],"publishpress_future_action":{"enabled":false,"date":"1970-01-01 01:00:00","action":"","terms":[],"taxonomy":"","browser_timezone_offset":0},"_links":{"self":[{"href":"https:\/\/semmelweis.hu\/aok\/wp-json\/wp\/v2\/pages\/26777","targetHints":{"allow":["GET"]}}],"collection":[{"href":"https:\/\/semmelweis.hu\/aok\/wp-json\/wp\/v2\/pages"}],"about":[{"href":"https:\/\/semmelweis.hu\/aok\/wp-json\/wp\/v2\/types\/page"}],"author":[{"embeddable":true,"href":"https:\/\/semmelweis.hu\/aok\/wp-json\/wp\/v2\/users\/101136"}],"replies":[{"embeddable":true,"href":"https:\/\/semmelweis.hu\/aok\/wp-json\/wp\/v2\/comments?post=26777"}],"version-history":[{"count":5,"href":"https:\/\/semmelweis.hu\/aok\/wp-json\/wp\/v2\/pages\/26777\/revisions"}],"predecessor-version":[{"id":26789,"href":"https:\/\/semmelweis.hu\/aok\/wp-json\/wp\/v2\/pages\/26777\/revisions\/26789"}],"up":[{"embeddable":true,"href":"https:\/\/semmelweis.hu\/aok\/wp-json\/wp\/v2\/pages\/1141"}],"wp:attachment":[{"href":"https:\/\/semmelweis.hu\/aok\/wp-json\/wp\/v2\/media?parent=26777"}],"wp:term":[{"taxonomy":"category","embeddable":true,"href":"https:\/\/semmelweis.hu\/aok\/wp-json\/wp\/v2\/categories?post=26777"},{"taxonomy":"post_tag","embeddable":true,"href":"https:\/\/semmelweis.hu\/aok\/wp-json\/wp\/v2\/tags?post=26777"}],"curies":[{"name":"wp","href":"https:\/\/api.w.org\/{rel}","templated":true}]}}