{"id":26771,"date":"2021-11-09T10:45:44","date_gmt":"2021-11-09T09:45:44","guid":{"rendered":"https:\/\/semmelweis.hu\/aok\/?page_id=26771"},"modified":"2021-11-09T10:45:44","modified_gmt":"2021-11-09T09:45:44","slug":"2021-szeptember-27-i-hatarozatok-elektronikus-szavazas","status":"publish","type":"page","link":"https:\/\/semmelweis.hu\/aok\/a-karrol\/kari-tanacs\/a-kari-tanacs-hatarozatai\/2021-szeptember-27-i-hatarozatok-elektronikus-szavazas\/","title":{"rendered":"2021. SZEPTEMBER 27-I HAT\u00c1ROZATOK \u2013 ELEKTRONIKUS SZAVAZ\u00c1S"},"content":{"rendered":"<p style=\"text-align: justify\"><strong><a href=\"https:\/\/semmelweis.hu\/aok\/files\/2021\/11\/9_hatarozat_kurrikulum.pdf\" target=\"_blank\" rel=\"noopener noreferrer\">9\/2021 (2021. szeptember 27-i) sz\u00e1m\u00fa KT hat\u00e1rozat<\/a>\u00a0<\/strong>a 2019\/2020-as tan\u00e9vt\u0151l bevezetett orvosk\u00e9pz\u00e9s kurrikulum\u00e1nak 2021\/2022. tan\u00e9vt\u0151l t\u00f6rt\u00e9n\u0151 m\u00f3dos\u00edt\u00e1s\u00e1r\u00f3l az \u00c1ltal\u00e1nos Orvostudom\u00e1nyi Karon<\/p>\n<p style=\"text-align: justify\">English version:\u00a0<\/p>\n<p style=\"text-align: justify\"><strong><a href=\"https:\/\/semmelweis.hu\/aok\/files\/2021\/11\/9_hat\u00e1rozat_kurrikulum_English.pdf\" target=\"_blank\" rel=\"noopener noreferrer\">Decision No 9\/2021 (27 September 2021)<\/a> <\/strong>on the amendments made to the curriculum for medical training introduced from the 2019\/2020 academic year at the Faculty of Medicine from the 2021\/2022 academic year<\/p>\n","protected":false},"excerpt":{"rendered":"<p><a href=\"https:\/\/semmelweis.hu\/aok\/files\/2021\/11\/9_hatarozat_kurrikulum.pdf\" target=\"_blank\" rel=\"noopener noreferrer\">9\/2021 (2021. szeptember 27-i) sz\u00e1m\u00fa KT hat\u00e1rozat<\/a>\u00a0a 2019\/2020-as tan\u00e9vt\u0151l bevezetett orvosk\u00e9pz\u00e9s kurrikulum\u00e1nak 2021\/2022. tan\u00e9vt\u0151l t\u00f6rt\u00e9n\u0151 m\u00f3dos\u00edt\u00e1s\u00e1r\u00f3l az \u00c1ltal\u00e1nos Orvostudom\u00e1nyi Karon<br \/>\nEnglish version:\u00a0<br \/>\n<a href=\"https:\/\/semmelweis.hu\/aok\/files\/2021\/11\/9_hat\u00e1rozat_kurrikulum_English.pdf\" target=\"_blank\" rel=\"noopener noreferrer\">Decision No 9\/2021 (27 September 2021)<\/a> on the amendments made to the curriculum for medical training introduced from the 2019\/2020 academic year at the Faculty of Medicine from the 2021\/2022 academic year<\/p>\n","protected":false},"author":101136,"featured_media":0,"parent":1141,"menu_order":0,"comment_status":"closed","ping_status":"closed","template":"","meta":{"_acf_changed":false,"footnotes":""},"categories":[],"tags":[],"class_list":["post-26771","page","type-page","status-publish","hentry"],"acf":[],"publishpress_future_action":{"enabled":false,"date":"1970-01-01 01:00:00","action":"","terms":[],"taxonomy":"","browser_timezone_offset":0},"_links":{"self":[{"href":"https:\/\/semmelweis.hu\/aok\/wp-json\/wp\/v2\/pages\/26771","targetHints":{"allow":["GET"]}}],"collection":[{"href":"https:\/\/semmelweis.hu\/aok\/wp-json\/wp\/v2\/pages"}],"about":[{"href":"https:\/\/semmelweis.hu\/aok\/wp-json\/wp\/v2\/types\/page"}],"author":[{"embeddable":true,"href":"https:\/\/semmelweis.hu\/aok\/wp-json\/wp\/v2\/users\/101136"}],"replies":[{"embeddable":true,"href":"https:\/\/semmelweis.hu\/aok\/wp-json\/wp\/v2\/comments?post=26771"}],"version-history":[{"count":2,"href":"https:\/\/semmelweis.hu\/aok\/wp-json\/wp\/v2\/pages\/26771\/revisions"}],"predecessor-version":[{"id":26775,"href":"https:\/\/semmelweis.hu\/aok\/wp-json\/wp\/v2\/pages\/26771\/revisions\/26775"}],"up":[{"embeddable":true,"href":"https:\/\/semmelweis.hu\/aok\/wp-json\/wp\/v2\/pages\/1141"}],"wp:attachment":[{"href":"https:\/\/semmelweis.hu\/aok\/wp-json\/wp\/v2\/media?parent=26771"}],"wp:term":[{"taxonomy":"category","embeddable":true,"href":"https:\/\/semmelweis.hu\/aok\/wp-json\/wp\/v2\/categories?post=26771"},{"taxonomy":"post_tag","embeddable":true,"href":"https:\/\/semmelweis.hu\/aok\/wp-json\/wp\/v2\/tags?post=26771"}],"curies":[{"name":"wp","href":"https:\/\/api.w.org\/{rel}","templated":true}]}}