{"id":26237,"date":"2021-07-15T10:17:45","date_gmt":"2021-07-15T08:17:45","guid":{"rendered":"https:\/\/semmelweis.hu\/aok\/?page_id=26237"},"modified":"2021-07-15T10:17:45","modified_gmt":"2021-07-15T08:17:45","slug":"2021-julius-6-i-hatarozatok-elektronikus-szavazas","status":"publish","type":"page","link":"https:\/\/semmelweis.hu\/aok\/a-karrol\/kari-tanacs\/a-kari-tanacs-hatarozatai\/2021-julius-6-i-hatarozatok-elektronikus-szavazas\/","title":{"rendered":"2021. J\u00daLIUS 6-I HAT\u00c1ROZATOK &#8211; elektronikus szavaz\u00e1s"},"content":{"rendered":"<p style=\"text-align: justify\"><strong><a href=\"https:\/\/semmelweis.hu\/aok\/files\/2021\/07\/40_hatarozat_kurrikulum.pdf\" target=\"_blank\" rel=\"noopener noreferrer\">40\/2021 (2021. j\u00falius 6-i) sz\u00e1m\u00fa KT hat\u00e1rozat<\/a> <\/strong>a 2019\/2020-as tan\u00e9vt\u0151l bevezetett orvosk\u00e9pz\u00e9s kurrikulum\u00e1nak m\u00f3dos\u00edt\u00e1s\u00e1ra az \u00c1ltal\u00e1nos Orvostudom\u00e1nyi Karon<\/p>\n<p style=\"text-align: justify\"><strong><a href=\"https:\/\/semmelweis.hu\/aok\/files\/2021\/07\/41_hatarozat_idegennyelvu_kurrikulum.pdf\" target=\"_blank\" rel=\"noopener noreferrer\">41\/2021 (2021. j\u00falius 6-i) sz\u00e1m\u00fa KT hat\u00e1rozat<\/a> <\/strong>a 2019\/2020-as tan\u00e9vt\u0151l bevezetett orvosk\u00e9pz\u00e9s kurrikulum\u00e1nak az idegen nyelv\u0171 k\u00e9pz\u00e9seket \u00e9rint\u0151 m\u00f3dos\u00edt\u00e1s\u00e1r\u00f3l az \u00c1ltal\u00e1nos Orvostudom\u00e1nyi Karon<\/p>\n<p style=\"text-align: justify\"><strong><a href=\"https:\/\/semmelweis.hu\/aok\/files\/2021\/07\/42_hatarozat_k\u00f6vetelm\u00e9nyrendszer.pdf\" target=\"_blank\" rel=\"noopener noreferrer\">42\/2021 (2021. j\u00falius 6-i) sz\u00e1m\u00fa KT hat\u00e1rozat<\/a> <\/strong>a 2021\/2022-es tan\u00e9v tant\u00e1rgyi k\u00f6vetelm\u00e9nyrendszereir\u0151l az \u00c1ltal\u00e1nos Orvostudom\u00e1nyi Karon<\/p>\n<p style=\"padding-left: 40px\"><a href=\"https:\/\/semmelweis.hu\/aok\/files\/2021\/07\/42_hat_mell\u00e9klet_I.pdf\" target=\"_blank\" rel=\"noopener noreferrer\">mell\u00e9klet 1<\/a><\/p>\n<p style=\"padding-left: 40px\"><a href=\"https:\/\/semmelweis.hu\/aok\/files\/2021\/07\/42_hat_mell\u00e9klet_II.pdf\" target=\"_blank\" rel=\"noopener noreferrer\">mell\u00e9klet 2<\/a><\/p>\n<p style=\"padding-left: 40px\"><a href=\"https:\/\/semmelweis.hu\/aok\/files\/2021\/07\/42_hat_mell\u00e9klet_III.pdf\" target=\"_blank\" rel=\"noopener noreferrer\">mell\u00e9klet 3<\/a><\/p>\n<p style=\"padding-left: 40px\"><a href=\"https:\/\/semmelweis.hu\/aok\/files\/2021\/07\/42_hat_mell\u00e9klet_IV.pdf\" target=\"_blank\" rel=\"noopener noreferrer\">mell\u00e9klet 4<\/a><\/p>\n<p style=\"text-align: justify\"><strong><a href=\"https:\/\/semmelweis.hu\/aok\/files\/2021\/07\/43_hat\u00e1rozat_acheljarasrend.pdf\" target=\"_blank\" rel=\"noopener noreferrer\">43\/2021 (2021. j\u00falius 6-i) sz\u00e1m\u00fa KT hat\u00e1rozat<\/a> <\/strong>az \u00c1ltal\u00e1nos Orvostudom\u00e1nyi Kar sz\u00e9khelyen k\u00edv\u00fcli, hamburgi k\u00e9pz\u00e9si hely\u00e9n (ACH) oktat\u00f3k kinevez\u00e9si elj\u00e1r\u00e1srendj\u00e9r\u0151l egyetemi oktat\u00f3i \u00e9s\/vagy kutat\u00f3i vezet\u0151i poz\u00edci\u00f3k bet\u00f6lt\u00e9s\u00e9r\u0151l<\/p>\n<p style=\"text-align: justify\"><strong><a href=\"https:\/\/semmelweis.hu\/aok\/files\/2021\/07\/44_hatarozat_TJSZ.pdf\" target=\"_blank\" rel=\"noopener noreferrer\">44\/2021 (2021. j\u00falius 6-i) sz\u00e1m\u00fa KT hat\u00e1rozat<\/a> <\/strong>a Semmelweis Egyetem Szervezeti \u00e9s M\u0171k\u00f6d\u00e9si Szab\u00e1lyzat \u2013 III. K\u00d6NYV Hallgat\u00f3i K\u00f6vetelm\u00e9nyrendszer \u2013 III.4. R\u00c9SZ T\u00e9r\u00edt\u00e9si \u00e9s Juttat\u00e1si Szab\u00e1lyzat 20\/A-C. \u00a7-ainak m\u00f3dos\u00edt\u00e1s\u00e1r\u00f3l<\/p>\n","protected":false},"excerpt":{"rendered":"<p><a href=\"https:\/\/semmelweis.hu\/aok\/files\/2021\/07\/40_hatarozat_kurrikulum.pdf\" target=\"_blank\" rel=\"noopener noreferrer\">40\/2021 (2021. j\u00falius 6-i) sz\u00e1m\u00fa KT hat\u00e1rozat<\/a> a 2019\/2020-as tan\u00e9vt\u0151l bevezetett orvosk\u00e9pz\u00e9s kurrikulum\u00e1nak m\u00f3dos\u00edt\u00e1s\u00e1ra az \u00c1ltal\u00e1nos Orvostudom\u00e1nyi Karon <a href=\"https:\/\/semmelweis.hu\/aok\/files\/2021\/07\/41_hatarozat_idegennyelvu_kurrikulum.pdf\" target=\"_blank\" rel=\"noopener noreferrer\">41\/2021 (2021. j\u00falius 6-i) sz\u00e1m\u00fa KT hat\u00e1rozat<\/a> a 2019\/2020-as tan\u00e9vt\u0151l bevezetett orvosk\u00e9pz\u00e9s kurrikulum\u00e1nak az idegen nyelv\u0171 k\u00e9pz\u00e9seket \u00e9rint\u0151 m\u00f3dos\u00edt\u00e1s\u00e1r\u00f3l az \u00c1ltal\u00e1nos Orvostudom\u00e1nyi Karon <a href=\"https:\/\/semmelweis.hu\/aok\/files\/2021\/07\/42_hatarozat_k\u00f6vetelm\u00e9nyrendszer.pdf\" target=\"_blank\" rel=\"noopener noreferrer\">42\/2021 (2021. j\u00falius 6-i) sz\u00e1m\u00fa KT hat\u00e1rozat<\/a> a 2021\/2022-es tan\u00e9v tant\u00e1rgyi k\u00f6vetelm\u00e9nyrendszereir\u0151l az \u00c1ltal\u00e1nos Orvostudom\u00e1nyi Karon <a href=\"https:\/\/semmelweis.hu\/aok\/files\/2021\/07\/42_hat_mell\u00e9klet_I.pdf\" target=\"_blank\" rel=\"noopener noreferrer\">mell\u00e9klet 1<\/a> <a href=\"https:\/\/semmelweis.hu\/aok\/files\/2021\/07\/42_hat_mell\u00e9klet_II.pdf\" target=\"_blank\" rel=\"noopener noreferrer\">mell\u00e9klet 2<\/a> <a href=\"https:\/\/semmelweis.hu\/aok\/files\/2021\/07\/42_hat_mell\u00e9klet_III.pdf\" target=\"_blank\" rel=\"noopener noreferrer\">mell\u00e9klet 3<\/a> <a href=\"https:\/\/semmelweis.hu\/aok\/files\/2021\/07\/42_hat_mell\u00e9klet_IV.pdf\" target=\"_blank\" rel=\"noopener noreferrer\">mell\u00e9klet 4<\/a> <a href=\"https:\/\/semmelweis.hu\/aok\/files\/2021\/07\/43_hat\u00e1rozat_acheljarasrend.pdf\" target=\"_blank\" rel=\"noopener noreferrer\">43\/2021 (2021. j\u00falius 6-i) sz\u00e1m\u00fa KT hat\u00e1rozat<\/a> az \u00c1ltal\u00e1nos Orvostudom\u00e1nyi Kar sz\u00e9khelyen k\u00edv\u00fcli, hamburgi k\u00e9pz\u00e9si hely\u00e9n (ACH) oktat\u00f3k kinevez\u00e9si elj\u00e1r\u00e1srendj\u00e9r\u0151l egyetemi oktat\u00f3i \u00e9s\/vagy kutat\u00f3i vezet\u0151i poz\u00edci\u00f3k &hellip;<\/p>\n","protected":false},"author":101136,"featured_media":0,"parent":1141,"menu_order":0,"comment_status":"closed","ping_status":"closed","template":"","meta":{"_acf_changed":false,"footnotes":""},"categories":[],"tags":[],"class_list":["post-26237","page","type-page","status-publish","hentry"],"acf":[],"publishpress_future_action":{"enabled":false,"date":"1970-01-01 01:00:00","action":"","terms":[],"taxonomy":"","browser_timezone_offset":0},"_links":{"self":[{"href":"https:\/\/semmelweis.hu\/aok\/wp-json\/wp\/v2\/pages\/26237","targetHints":{"allow":["GET"]}}],"collection":[{"href":"https:\/\/semmelweis.hu\/aok\/wp-json\/wp\/v2\/pages"}],"about":[{"href":"https:\/\/semmelweis.hu\/aok\/wp-json\/wp\/v2\/types\/page"}],"author":[{"embeddable":true,"href":"https:\/\/semmelweis.hu\/aok\/wp-json\/wp\/v2\/users\/101136"}],"replies":[{"embeddable":true,"href":"https:\/\/semmelweis.hu\/aok\/wp-json\/wp\/v2\/comments?post=26237"}],"version-history":[{"count":3,"href":"https:\/\/semmelweis.hu\/aok\/wp-json\/wp\/v2\/pages\/26237\/revisions"}],"predecessor-version":[{"id":26249,"href":"https:\/\/semmelweis.hu\/aok\/wp-json\/wp\/v2\/pages\/26237\/revisions\/26249"}],"up":[{"embeddable":true,"href":"https:\/\/semmelweis.hu\/aok\/wp-json\/wp\/v2\/pages\/1141"}],"wp:attachment":[{"href":"https:\/\/semmelweis.hu\/aok\/wp-json\/wp\/v2\/media?parent=26237"}],"wp:term":[{"taxonomy":"category","embeddable":true,"href":"https:\/\/semmelweis.hu\/aok\/wp-json\/wp\/v2\/categories?post=26237"},{"taxonomy":"post_tag","embeddable":true,"href":"https:\/\/semmelweis.hu\/aok\/wp-json\/wp\/v2\/tags?post=26237"}],"curies":[{"name":"wp","href":"https:\/\/api.w.org\/{rel}","templated":true}]}}