{"id":25721,"date":"2021-02-24T13:33:13","date_gmt":"2021-02-24T12:33:13","guid":{"rendered":"https:\/\/semmelweis.hu\/aok\/?page_id=25721"},"modified":"2021-02-24T13:33:13","modified_gmt":"2021-02-24T12:33:13","slug":"2021-februar-9-i-hatarozatok","status":"publish","type":"page","link":"https:\/\/semmelweis.hu\/aok\/a-karrol\/kari-tanacs\/a-kari-tanacs-hatarozatai\/2021-februar-9-i-hatarozatok\/","title":{"rendered":"2021. febru\u00e1r 9-i hat\u00e1rozatok"},"content":{"rendered":"<p><strong><a href=\"https:\/\/semmelweis.hu\/aok\/files\/2021\/02\/16_hatarozat_igazgato\u0301helyettesi.pdf\" target=\"_blank\" rel=\"noopener noreferrer\">16\/2021 (2021. febru\u00e1r 9-i) sz\u00e1m\u00fa KT hat\u00e1rozat<\/a> <\/strong>a karon meghirdetett igazgat\u00f3helyettesi \u00e1ll\u00e1sra p\u00e1ly\u00e1z\u00f3r\u00f3l<\/p>\n<p><strong><a href=\"https:\/\/semmelweis.hu\/aok\/files\/2021\/02\/17_a_hat\u00e1rozat_docensi.pdf\" target=\"_blank\" rel=\"noopener noreferrer\">17\/a\/2021 (2021. febru\u00e1r 9-i) sz\u00e1m\u00fa KT hat\u00e1rozat<\/a> <\/strong>a karon meghirdetett egyetemi docensi \u00e1ll\u00e1sokra p\u00e1ly\u00e1z\u00f3kr\u00f3l<\/p>\n<p><strong><a href=\"https:\/\/semmelweis.hu\/aok\/files\/2021\/02\/17_b_hatarozat_tudomanyos_fomunkatars.pdf\" target=\"_blank\" rel=\"noopener noreferrer\">17\/b\/2021 (2021. febru\u00e1r 9-i) sz\u00e1m\u00fa KT hat\u00e1rozat<\/a> <\/strong>a karon meghirdetett tudom\u00e1nyos f\u0151munkat\u00e1rsi \u00e1ll\u00e1sokra p\u00e1ly\u00e1z\u00f3kr\u00f3l<\/p>\n<p><strong><a href=\"https:\/\/semmelweis.hu\/aok\/files\/2021\/02\/17_c_hatarozat_tudomanyos_tanacsadoi.pdf\">17\/c\/2021 (2021. febru\u00e1r 9-i) sz\u00e1m\u00fa KT hat\u00e1rozat<\/a> <\/strong>a karon meghirdetett tudom\u00e1nyos tan\u00e1csad\u00f3i \u00e1ll\u00e1sokra p\u00e1ly\u00e1z\u00f3kr\u00f3l<\/p>\n<p><strong><a href=\"https:\/\/semmelweis.hu\/aok\/files\/2021\/02\/18_hatarozat_ACH.pdf\" target=\"_blank\" rel=\"noopener noreferrer\">18\/2021 (2021. febru\u00e1r 9-i) sz\u00e1m\u00fa KT hat\u00e1rozat<\/a> <\/strong>a ACH-n meghirdetett tant\u00e1rgyfelel\u0151si p\u00e1ly\u00e1zatokr\u00f3l\u00a0<\/p>\n<p><strong><a href=\"https:\/\/semmelweis.hu\/aok\/files\/2021\/02\/19_a_hatarozat_kiv\u00e1lo_oktato.pdf\" target=\"_blank\" rel=\"noopener noreferrer\">19\/2021 (2021. febru\u00e1r 9-i) sz\u00e1m\u00fa KT hat\u00e1rozat<\/a>\u00a0<\/strong>a Semmelweis Egyetem Kiv\u00e1l\u00f3 Oktat\u00f3ja kit\u00fcntet\u00e9s adom\u00e1nyoz\u00e1s\u00e1r\u00f3l<\/p>\n<p><strong><a href=\"https:\/\/semmelweis.hu\/aok\/files\/2021\/02\/20_hatarozat_meritdijszabalyz.pdf\" target=\"_blank\" rel=\"noopener noreferrer\">20\/2021 (2021. febru\u00e1r 9-i) sz\u00e1m\u00fa KT hat\u00e1rozat<\/a> <\/strong>a Merit d\u00edj adom\u00e1nyoz\u00e1s\u00e1r\u00f3l sz\u00f3l\u00f3 szab\u00e1lyzat m\u00f3dos\u00edt\u00e1s\u00e1r\u00f3l<\/p>\n","protected":false},"excerpt":{"rendered":"<p><a href=\"https:\/\/semmelweis.hu\/aok\/files\/2021\/02\/16_hatarozat_igazgato\u0301helyettesi.pdf\" target=\"_blank\" rel=\"noopener noreferrer\">16\/2021 (2021. febru\u00e1r 9-i) sz\u00e1m\u00fa KT hat\u00e1rozat<\/a> a karon meghirdetett igazgat\u00f3helyettesi \u00e1ll\u00e1sra p\u00e1ly\u00e1z\u00f3r\u00f3l<br \/>\n<a href=\"https:\/\/semmelweis.hu\/aok\/files\/2021\/02\/17_a_hat\u00e1rozat_docensi.pdf\" target=\"_blank\" rel=\"noopener noreferrer\">17\/a\/2021 (2021. febru\u00e1r 9-i) sz\u00e1m\u00fa KT hat\u00e1rozat<\/a> a karon meghirdetett egyetemi docensi \u00e1ll\u00e1sokra p\u00e1ly\u00e1z\u00f3kr\u00f3l<br \/>\n<a href=\"https:\/\/semmelweis.hu\/aok\/files\/2021\/02\/17_b_hatarozat_tudomanyos_fomunkatars.pdf\" target=\"_blank\" rel=\"noopener noreferrer\">17\/b\/2021 (2021. febru\u00e1r 9-i) sz\u00e1m\u00fa KT hat\u00e1rozat<\/a> a karon meghirdetett tudom\u00e1nyos f\u0151munkat\u00e1rsi \u00e1ll\u00e1sokra p\u00e1ly\u00e1z\u00f3kr\u00f3l<br \/>\n<a href=\"https:\/\/semmelweis.hu\/aok\/files\/2021\/02\/17_c_hatarozat_tudomanyos_tanacsadoi.pdf\">17\/c\/2021 (2021. febru\u00e1r 9-i) sz\u00e1m\u00fa KT hat\u00e1rozat<\/a> a karon meghirdetett tudom\u00e1nyos tan\u00e1csad\u00f3i \u00e1ll\u00e1sokra p\u00e1ly\u00e1z\u00f3kr\u00f3l<br \/>\n<a href=\"https:\/\/semmelweis.hu\/aok\/files\/2021\/02\/18_hatarozat_ACH.pdf\" target=\"_blank\" rel=\"noopener noreferrer\">18\/2021 (2021. febru\u00e1r 9-i) sz\u00e1m\u00fa KT hat\u00e1rozat<\/a> a ACH-n meghirdetett tant\u00e1rgyfelel\u0151si p\u00e1ly\u00e1zatokr\u00f3l\u00a0<br \/>\n<a href=\"https:\/\/semmelweis.hu\/aok\/files\/2021\/02\/19_a_hatarozat_kiv\u00e1lo_oktato.pdf\" target=\"_blank\" rel=\"noopener noreferrer\">19\/2021 (2021. febru\u00e1r 9-i) sz\u00e1m\u00fa KT hat\u00e1rozat<\/a>\u00a0a Semmelweis Egyetem Kiv\u00e1l\u00f3 Oktat\u00f3ja kit\u00fcntet\u00e9s adom\u00e1nyoz\u00e1s\u00e1r\u00f3l<br \/>\n<a href=\"https:\/\/semmelweis.hu\/aok\/files\/2021\/02\/20_hatarozat_meritdijszabalyz.pdf\" target=\"_blank\" rel=\"noopener noreferrer\">20\/2021 (2021. febru\u00e1r 9-i) sz\u00e1m\u00fa KT hat\u00e1rozat<\/a> a Merit d\u00edj adom\u00e1nyoz\u00e1s\u00e1r\u00f3l sz\u00f3l\u00f3 szab\u00e1lyzat m\u00f3dos\u00edt\u00e1s\u00e1r\u00f3l<\/p>\n","protected":false},"author":101136,"featured_media":0,"parent":1141,"menu_order":0,"comment_status":"closed","ping_status":"closed","template":"","meta":{"_acf_changed":false,"footnotes":""},"categories":[],"tags":[],"class_list":["post-25721","page","type-page","status-publish","hentry"],"acf":[],"publishpress_future_action":{"enabled":false,"date":"1970-01-01 01:00:00","action":"","terms":[],"taxonomy":"","browser_timezone_offset":0},"_links":{"self":[{"href":"https:\/\/semmelweis.hu\/aok\/wp-json\/wp\/v2\/pages\/25721","targetHints":{"allow":["GET"]}}],"collection":[{"href":"https:\/\/semmelweis.hu\/aok\/wp-json\/wp\/v2\/pages"}],"about":[{"href":"https:\/\/semmelweis.hu\/aok\/wp-json\/wp\/v2\/types\/page"}],"author":[{"embeddable":true,"href":"https:\/\/semmelweis.hu\/aok\/wp-json\/wp\/v2\/users\/101136"}],"replies":[{"embeddable":true,"href":"https:\/\/semmelweis.hu\/aok\/wp-json\/wp\/v2\/comments?post=25721"}],"version-history":[{"count":4,"href":"https:\/\/semmelweis.hu\/aok\/wp-json\/wp\/v2\/pages\/25721\/revisions"}],"predecessor-version":[{"id":25732,"href":"https:\/\/semmelweis.hu\/aok\/wp-json\/wp\/v2\/pages\/25721\/revisions\/25732"}],"up":[{"embeddable":true,"href":"https:\/\/semmelweis.hu\/aok\/wp-json\/wp\/v2\/pages\/1141"}],"wp:attachment":[{"href":"https:\/\/semmelweis.hu\/aok\/wp-json\/wp\/v2\/media?parent=25721"}],"wp:term":[{"taxonomy":"category","embeddable":true,"href":"https:\/\/semmelweis.hu\/aok\/wp-json\/wp\/v2\/categories?post=25721"},{"taxonomy":"post_tag","embeddable":true,"href":"https:\/\/semmelweis.hu\/aok\/wp-json\/wp\/v2\/tags?post=25721"}],"curies":[{"name":"wp","href":"https:\/\/api.w.org\/{rel}","templated":true}]}}