{"id":25682,"date":"2021-02-08T16:12:59","date_gmt":"2021-02-08T15:12:59","guid":{"rendered":"https:\/\/semmelweis.hu\/aok\/?page_id=25682"},"modified":"2026-01-14T12:45:34","modified_gmt":"2026-01-14T11:45:34","slug":"jelentkezes-jubileumi-diszoklevel-atado-unnepsegre","status":"publish","type":"page","link":"https:\/\/semmelweis.hu\/aok\/a-karrol\/jelentkezes-jubileumi-diszoklevel-atado-unnepsegre\/","title":{"rendered":"Jelentkez\u00e9s jubileumi d\u00edszoklev\u00e9l-\u00e1tad\u00f3 \u00fcnneps\u00e9gre"},"content":{"rendered":"<div class=\"keretes w-100\">\n<p style=\"text-align: justify\">A Semmelweis Egyetem \u00c1ltal\u00e1nos Orvostudom\u00e1nyi Kara volt di\u00e1kjait, akik diplom\u00e1jukat 75, 70, 65, 60 vagy 50 \u00e9ve szerezt\u00e9k meg jubileumi d\u00edszoklev\u00e9llel t\u00fcnteti ki.<\/p>\n<\/div>\n<h5>A jelentkez\u00e9si lap let\u00f6lthet\u0151:<\/h5>\n<p><strong><a href=\"https:\/\/semmelweis.hu\/aok\/files\/2026\/01\/jelentkezesi-lap-2026.docx\" target=\"_blank\" rel=\"noopener\">Jelentkez\u00e9si lap<\/a> <\/strong>a 2026. \u00e9vi jubileumi d\u00edszoklev\u00e9l-\u00e1tad\u00f3 \u00fcnneps\u00e9gre<\/p>\n<p><strong>Jelentkez\u00e9si hat\u00e1rid\u0151: 2026. \u00e1prilis 30.<\/strong><\/p>\n<p><a href=\"https:\/\/semmelweis.hu\/aok\/a-karrol\/adatvedelem-2\/\" target=\"_blank\" rel=\"noopener\"><strong>Adatkezel\u00e9si t\u00e1j\u00e9koztat\u00f3 <\/strong><\/a>a Semmelweis Egyetem \u00c1ltal\u00e1nos Orvostudom\u00e1nyi Kar Jubileumi D\u00edszoklevelet ig\u00e9nyl\u0151k sz\u00e1m\u00e1ra<\/p>\n","protected":false},"excerpt":{"rendered":"<p>A Semmelweis Egyetem \u00c1ltal\u00e1nos Orvostudom\u00e1nyi Kara volt di\u00e1kjait, akik diplom\u00e1jukat 75, 70, 65, 60 vagy 50 \u00e9ve szerezt\u00e9k meg jubileumi d\u00edszoklev\u00e9llel t\u00fcnteti ki.<\/p>\n<p>A jelentkez\u00e9si lap let\u00f6lthet\u0151:<br \/>\n<a href=\"https:\/\/semmelweis.hu\/aok\/files\/2026\/01\/jelentkezesi-lap-2026.docx\" target=\"_blank\" rel=\"noopener\">Jelentkez\u00e9si lap<\/a> a 2026. \u00e9vi jubileumi d\u00edszoklev\u00e9l-\u00e1tad\u00f3 \u00fcnneps\u00e9gre<br \/>\nJelentkez\u00e9si hat\u00e1rid\u0151: 2026. \u00e1prilis 30.<br \/>\n<a href=\"https:\/\/semmelweis.hu\/aok\/a-karrol\/adatvedelem-2\/\" target=\"_blank\" rel=\"noopener\">Adatkezel\u00e9si t\u00e1j\u00e9koztat\u00f3 <\/a>a Semmelweis Egyetem \u00c1ltal\u00e1nos Orvostudom\u00e1nyi Kar Jubileumi D\u00edszoklevelet ig\u00e9nyl\u0151k sz\u00e1m\u00e1ra<\/p>\n","protected":false},"author":101136,"featured_media":0,"parent":9067,"menu_order":13,"comment_status":"closed","ping_status":"closed","template":"","meta":{"_acf_changed":false,"footnotes":""},"categories":[],"tags":[],"class_list":["post-25682","page","type-page","status-publish","hentry"],"acf":[],"publishpress_future_action":{"enabled":false,"date":"1970-01-01 01:00:00","action":"","terms":[],"taxonomy":"","browser_timezone_offset":0},"_links":{"self":[{"href":"https:\/\/semmelweis.hu\/aok\/wp-json\/wp\/v2\/pages\/25682","targetHints":{"allow":["GET"]}}],"collection":[{"href":"https:\/\/semmelweis.hu\/aok\/wp-json\/wp\/v2\/pages"}],"about":[{"href":"https:\/\/semmelweis.hu\/aok\/wp-json\/wp\/v2\/types\/page"}],"author":[{"embeddable":true,"href":"https:\/\/semmelweis.hu\/aok\/wp-json\/wp\/v2\/users\/101136"}],"replies":[{"embeddable":true,"href":"https:\/\/semmelweis.hu\/aok\/wp-json\/wp\/v2\/comments?post=25682"}],"version-history":[{"count":11,"href":"https:\/\/semmelweis.hu\/aok\/wp-json\/wp\/v2\/pages\/25682\/revisions"}],"predecessor-version":[{"id":27033,"href":"https:\/\/semmelweis.hu\/aok\/wp-json\/wp\/v2\/pages\/25682\/revisions\/27033"}],"up":[{"embeddable":true,"href":"https:\/\/semmelweis.hu\/aok\/wp-json\/wp\/v2\/pages\/9067"}],"wp:attachment":[{"href":"https:\/\/semmelweis.hu\/aok\/wp-json\/wp\/v2\/media?parent=25682"}],"wp:term":[{"taxonomy":"category","embeddable":true,"href":"https:\/\/semmelweis.hu\/aok\/wp-json\/wp\/v2\/categories?post=25682"},{"taxonomy":"post_tag","embeddable":true,"href":"https:\/\/semmelweis.hu\/aok\/wp-json\/wp\/v2\/tags?post=25682"}],"curies":[{"name":"wp","href":"https:\/\/api.w.org\/{rel}","templated":true}]}}