{"id":25417,"date":"2020-12-15T12:49:43","date_gmt":"2020-12-15T11:49:43","guid":{"rendered":"https:\/\/semmelweis.hu\/aok\/?page_id=25417"},"modified":"2021-01-14T11:29:31","modified_gmt":"2021-01-14T10:29:31","slug":"2020-december-8-i-hatarozatok","status":"publish","type":"page","link":"https:\/\/semmelweis.hu\/aok\/a-karrol\/kari-tanacs\/a-kari-tanacs-hatarozatai\/2020-december-8-i-hatarozatok\/","title":{"rendered":"2020. DECEMBER 8-I HAT\u00c1ROZATOK"},"content":{"rendered":"<p style=\"text-align: justify\"><strong><a href=\"https:\/\/semmelweis.hu\/aok\/files\/2020\/12\/12_hatarozat_igazgatoi.pdf\" target=\"_blank\" rel=\"noopener noreferrer\">12\/2020 (2020. december 8-i) sz\u00e1m\u00fa KT hat\u00e1rozat<\/a> <\/strong>a karon meghirdetett igazgat\u00f3i \u00e1ll\u00e1sokra p\u00e1ly\u00e1z\u00f3kr\u00f3l<\/p>\n<p style=\"text-align: justify\"><strong><a href=\"https:\/\/semmelweis.hu\/aok\/files\/2020\/12\/13_hatarozat_egyetemi_tan\u00e1ri.pdf\" target=\"_blank\" rel=\"noopener noreferrer\">13\/2020 (2020. december 8-i) sz\u00e1m\u00fa KT hat\u00e1rozat<\/a><\/strong> a 2021. \u00e9vre karon meghirdetett egyetemi tan\u00e1ri \u00e1ll\u00e1sokra p\u00e1ly\u00e1z\u00f3kr\u00f3l<\/p>\n<p style=\"text-align: justify\"><strong><a href=\"https:\/\/semmelweis.hu\/aok\/files\/2020\/12\/14_hatarozat_ACH.pdf\" target=\"_blank\" rel=\"noopener noreferrer\">14\/2020 (2020. december 8-i) sz\u00e1m\u00fa KT hat\u00e1rozat<\/a><\/strong> a 2020\/2021-es tan\u00e9v I. f\u00e9l\u00e9v\u00e9ben beny\u00fajtott Asklepios Campus Hamburgon meghirdetett tant\u00e1rgyfelel\u0151si p\u00e1ly\u00e1zatokr\u00f3l<\/p>\n<p style=\"text-align: justify\"><strong><a href=\"https:\/\/semmelweis.hu\/aok\/files\/2020\/12\/15_hatarozat_SZMR.pdf\" target=\"_blank\" rel=\"noopener noreferrer\">15\/2020 (2020. december 8-i) sz\u00e1m\u00fa KT hat\u00e1rozat<\/a><\/strong> a kari Szervezeti \u00e9s M\u0171k\u00f6d\u00e9si Rend m\u00f3dos\u00edt\u00e1s\u00e1r\u00f3l<\/p>\n<p>&nbsp;<\/p>\n<p style=\"text-align: justify\">English version:<\/p>\n<p style=\"text-align: justify\"><strong><a href=\"https:\/\/semmelweis.hu\/aok\/files\/2021\/01\/12_hatarozat_igazgato\u0301i_English.pdf\" target=\"_blank\" rel=\"noopener noreferrer\">No 12\/2020 (8 December 2020) of the 2020\/2021 academic year<\/a><\/strong><br \/>\n<strong><a href=\"https:\/\/semmelweis.hu\/aok\/files\/2021\/01\/13_hatarozat_egyetemi_tan\u00e1ri_English.pdf\" target=\"_blank\" rel=\"noopener noreferrer\">No 13\/2020 (8 December 2020) of the 2020\/2021 academic year<\/a><\/strong><br \/>\n<strong><a href=\"https:\/\/semmelweis.hu\/aok\/files\/2021\/01\/14_hatarozat_ACH_English.pdf\" target=\"_blank\" rel=\"noopener noreferrer\">No 14\/2020 (8 December 2020) of the 2020\/2021 academic year<\/a><\/strong><br \/>\n<strong><a href=\"https:\/\/semmelweis.hu\/aok\/files\/2021\/01\/15_hatarozat_SZMR_English.pdf\" target=\"_blank\" rel=\"noopener noreferrer\">No 15\/2020 (8 December 2020) of the 2020\/2021 academic year<\/a><\/strong><\/p>\n","protected":false},"excerpt":{"rendered":"<p><a href=\"https:\/\/semmelweis.hu\/aok\/files\/2020\/12\/12_hatarozat_igazgatoi.pdf\" target=\"_blank\" rel=\"noopener noreferrer\">12\/2020 (2020. december 8-i) sz\u00e1m\u00fa KT hat\u00e1rozat<\/a> a karon meghirdetett igazgat\u00f3i \u00e1ll\u00e1sokra p\u00e1ly\u00e1z\u00f3kr\u00f3l<br \/>\n<a href=\"https:\/\/semmelweis.hu\/aok\/files\/2020\/12\/13_hatarozat_egyetemi_tan\u00e1ri.pdf\" target=\"_blank\" rel=\"noopener noreferrer\">13\/2020 (2020. december 8-i) sz\u00e1m\u00fa KT hat\u00e1rozat<\/a> a 2021. \u00e9vre karon meghirdetett egyetemi tan\u00e1ri \u00e1ll\u00e1sokra p\u00e1ly\u00e1z\u00f3kr\u00f3l<br \/>\n<a href=\"https:\/\/semmelweis.hu\/aok\/files\/2020\/12\/14_hatarozat_ACH.pdf\" target=\"_blank\" rel=\"noopener noreferrer\">14\/2020 (2020. december 8-i) sz\u00e1m\u00fa KT hat\u00e1rozat<\/a> a 2020\/2021-es tan\u00e9v I. f\u00e9l\u00e9v\u00e9ben beny\u00fajtott Asklepios Campus Hamburgon meghirdetett tant\u00e1rgyfelel\u0151si p\u00e1ly\u00e1zatokr\u00f3l<br \/>\n<a href=\"https:\/\/semmelweis.hu\/aok\/files\/2020\/12\/15_hatarozat_SZMR.pdf\" target=\"_blank\" rel=\"noopener noreferrer\">15\/2020 (2020. december 8-i) sz\u00e1m\u00fa KT hat\u00e1rozat<\/a> a kari Szervezeti \u00e9s M\u0171k\u00f6d\u00e9si Rend m\u00f3dos\u00edt\u00e1s\u00e1r\u00f3l<br \/>\n&nbsp;<br \/>\nEnglish version:<br \/>\n<a href=\"https:\/\/semmelweis.hu\/aok\/files\/2021\/01\/12_hatarozat_igazgato\u0301i_English.pdf\" target=\"_blank\" rel=\"noopener noreferrer\">No 12\/2020 (8 December 2020) of the 2020\/2021 academic year<\/a><br \/>\n<a href=\"https:\/\/semmelweis.hu\/aok\/files\/2021\/01\/13_hatarozat_egyetemi_tan\u00e1ri_English.pdf\" target=\"_blank\" rel=\"noopener noreferrer\">No 13\/2020 (8 December 2020) of the 2020\/2021 academic year<\/a><br \/>\n<a href=\"https:\/\/semmelweis.hu\/aok\/files\/2021\/01\/14_hatarozat_ACH_English.pdf\" target=\"_blank\" rel=\"noopener noreferrer\">No 14\/2020 (8 December 2020) of the 2020\/2021 academic year<\/a><br \/>\n<a href=\"https:\/\/semmelweis.hu\/aok\/files\/2021\/01\/15_hatarozat_SZMR_English.pdf\" target=\"_blank\" rel=\"noopener noreferrer\">No 15\/2020 (8 December 2020) of the 2020\/2021 academic year<\/a><\/p>\n","protected":false},"author":101136,"featured_media":0,"parent":1141,"menu_order":0,"comment_status":"closed","ping_status":"closed","template":"","meta":{"_acf_changed":false,"footnotes":""},"categories":[],"tags":[],"class_list":["post-25417","page","type-page","status-publish","hentry"],"acf":[],"publishpress_future_action":{"enabled":false,"date":"1970-01-01 01:00:00","action":"","terms":[],"taxonomy":"","browser_timezone_offset":0},"_links":{"self":[{"href":"https:\/\/semmelweis.hu\/aok\/wp-json\/wp\/v2\/pages\/25417","targetHints":{"allow":["GET"]}}],"collection":[{"href":"https:\/\/semmelweis.hu\/aok\/wp-json\/wp\/v2\/pages"}],"about":[{"href":"https:\/\/semmelweis.hu\/aok\/wp-json\/wp\/v2\/types\/page"}],"author":[{"embeddable":true,"href":"https:\/\/semmelweis.hu\/aok\/wp-json\/wp\/v2\/users\/101136"}],"replies":[{"embeddable":true,"href":"https:\/\/semmelweis.hu\/aok\/wp-json\/wp\/v2\/comments?post=25417"}],"version-history":[{"count":8,"href":"https:\/\/semmelweis.hu\/aok\/wp-json\/wp\/v2\/pages\/25417\/revisions"}],"predecessor-version":[{"id":25496,"href":"https:\/\/semmelweis.hu\/aok\/wp-json\/wp\/v2\/pages\/25417\/revisions\/25496"}],"up":[{"embeddable":true,"href":"https:\/\/semmelweis.hu\/aok\/wp-json\/wp\/v2\/pages\/1141"}],"wp:attachment":[{"href":"https:\/\/semmelweis.hu\/aok\/wp-json\/wp\/v2\/media?parent=25417"}],"wp:term":[{"taxonomy":"category","embeddable":true,"href":"https:\/\/semmelweis.hu\/aok\/wp-json\/wp\/v2\/categories?post=25417"},{"taxonomy":"post_tag","embeddable":true,"href":"https:\/\/semmelweis.hu\/aok\/wp-json\/wp\/v2\/tags?post=25417"}],"curies":[{"name":"wp","href":"https:\/\/api.w.org\/{rel}","templated":true}]}}