{"id":25299,"date":"2020-11-26T08:56:20","date_gmt":"2020-11-26T07:56:20","guid":{"rendered":"https:\/\/semmelweis.hu\/aok\/?page_id=25299"},"modified":"2023-07-19T15:09:08","modified_gmt":"2023-07-19T13:09:08","slug":"2020-november-25-i-hatarozat-elektronikus-szavazas","status":"publish","type":"page","link":"https:\/\/semmelweis.hu\/aok\/a-karrol\/kari-tanacs\/a-kari-tanacs-hatarozatai\/2020-november-25-i-hatarozat-elektronikus-szavazas\/","title":{"rendered":"2020. november 25-i hat\u00e1rozat &#8211; elektronikus szavaz\u00e1s"},"content":{"rendered":"<p><strong><a href=\"https:\/\/semmelweis.hu\/aok\/files\/2020\/11\/11_2020_KT_hat_kurrikulum.pdf\" target=\"_blank\" rel=\"noopener noreferrer\">11\/2020 (2020. november 25-i) sz\u00e1m\u00fa hat\u00e1rozata az 2019\/2020-as tan\u00e9vt\u0151l bevezetett kurrikulum m\u00f3dos\u00edt\u00e1s\u00e1r\u00f3l<\/a><\/strong><\/p>\n<p>English version:<\/p>\n<p><a href=\"https:\/\/semmelweis.hu\/aok\/files\/2021\/01\/11_hat_kurrikulum_English.pdf\" target=\"_blank\" rel=\"noopener noreferrer\"><strong>No 11\/2020 (25 November 2020) of the 2020\/2021 academic year<\/strong><\/a><\/p>\n","protected":false},"excerpt":{"rendered":"<p><a href=\"https:\/\/semmelweis.hu\/aok\/files\/2020\/11\/11_2020_KT_hat_kurrikulum.pdf\" target=\"_blank\" rel=\"noopener noreferrer\">11\/2020 (2020. november 25-i) sz\u00e1m\u00fa hat\u00e1rozata az 2019\/2020-as tan\u00e9vt\u0151l bevezetett kurrikulum m\u00f3dos\u00edt\u00e1s\u00e1r\u00f3l<\/a><br \/>\nEnglish version:<br \/>\n<a href=\"https:\/\/semmelweis.hu\/aok\/files\/2021\/01\/11_hat_kurrikulum_English.pdf\" target=\"_blank\" rel=\"noopener noreferrer\">No 11\/2020 (25 November 2020) of the 2020\/2021 academic year<\/a><\/p>\n","protected":false},"author":101136,"featured_media":0,"parent":1141,"menu_order":0,"comment_status":"closed","ping_status":"closed","template":"","meta":{"_acf_changed":false,"footnotes":""},"categories":[],"tags":[],"class_list":["post-25299","page","type-page","status-publish","hentry"],"acf":[],"publishpress_future_action":{"enabled":false,"date":"1970-01-01 01:00:00","action":"","terms":[],"taxonomy":"","browser_timezone_offset":0},"_links":{"self":[{"href":"https:\/\/semmelweis.hu\/aok\/wp-json\/wp\/v2\/pages\/25299","targetHints":{"allow":["GET"]}}],"collection":[{"href":"https:\/\/semmelweis.hu\/aok\/wp-json\/wp\/v2\/pages"}],"about":[{"href":"https:\/\/semmelweis.hu\/aok\/wp-json\/wp\/v2\/types\/page"}],"author":[{"embeddable":true,"href":"https:\/\/semmelweis.hu\/aok\/wp-json\/wp\/v2\/users\/101136"}],"replies":[{"embeddable":true,"href":"https:\/\/semmelweis.hu\/aok\/wp-json\/wp\/v2\/comments?post=25299"}],"version-history":[{"count":4,"href":"https:\/\/semmelweis.hu\/aok\/wp-json\/wp\/v2\/pages\/25299\/revisions"}],"predecessor-version":[{"id":29551,"href":"https:\/\/semmelweis.hu\/aok\/wp-json\/wp\/v2\/pages\/25299\/revisions\/29551"}],"up":[{"embeddable":true,"href":"https:\/\/semmelweis.hu\/aok\/wp-json\/wp\/v2\/pages\/1141"}],"wp:attachment":[{"href":"https:\/\/semmelweis.hu\/aok\/wp-json\/wp\/v2\/media?parent=25299"}],"wp:term":[{"taxonomy":"category","embeddable":true,"href":"https:\/\/semmelweis.hu\/aok\/wp-json\/wp\/v2\/categories?post=25299"},{"taxonomy":"post_tag","embeddable":true,"href":"https:\/\/semmelweis.hu\/aok\/wp-json\/wp\/v2\/tags?post=25299"}],"curies":[{"name":"wp","href":"https:\/\/api.w.org\/{rel}","templated":true}]}}