{"id":25247,"date":"2020-10-15T15:36:13","date_gmt":"2020-10-15T13:36:13","guid":{"rendered":"https:\/\/semmelweis.hu\/aok\/?page_id=25247"},"modified":"2021-01-14T10:43:52","modified_gmt":"2021-01-14T09:43:52","slug":"2020-oktober-13-i-hatarozatok","status":"publish","type":"page","link":"https:\/\/semmelweis.hu\/aok\/a-karrol\/kari-tanacs\/a-kari-tanacs-hatarozatai\/2020-oktober-13-i-hatarozatok\/","title":{"rendered":"2020. OKT\u00d3BER 13-I HAT\u00c1ROZATOK"},"content":{"rendered":"<p style=\"text-align: justify\"><strong><a href=\"https:\/\/semmelweis.hu\/aok\/files\/2020\/10\/9_hatarozat_igazgatoi_20201013.pdf\" target=\"_blank\" rel=\"noopener noreferrer\">9\/2020 (2020. okt\u00f3ber 13-i) sz\u00e1m\u00fa KT hat\u00e1rozat<\/a> <\/strong>a karon meghirdetett igazgat\u00f3i, tansz\u00e9kvezet\u0151i \u00e1ll\u00e1sokra p\u00e1ly\u00e1z\u00f3kr\u00f3l<\/p>\n<p style=\"text-align: justify\"><strong><a href=\"https:\/\/semmelweis.hu\/aok\/files\/2020\/10\/10_hatarozat_reumatologia_20201013.pdf\" target=\"_blank\" rel=\"noopener noreferrer\">10\/2020 (2020. okt\u00f3ber 13-i) sz\u00e1m\u00fa KT hat\u00e1rozat<\/a><\/strong>\u00a0a &#8222;Reumatol\u00f3gia \u00e9s klinikai immunol\u00f3gia&#8221; tant\u00e1rgy oktat\u00e1s\u00e1hoz kapcsol\u00f3d\u00f3 szervezeti v\u00e1ltoz\u00e1sokr\u00f3l<\/p>\n<p>&nbsp;<\/p>\n<p style=\"text-align: justify\">English version:<\/p>\n<p style=\"text-align: justify\"><strong><a href=\"https:\/\/semmelweis.hu\/aok\/files\/2021\/01\/1_hatarozat_igazgato\u0301i_English.pdf\" target=\"_blank\" rel=\"noopener noreferrer\">No 9\/2020 (13 October 2020) of the 2020\/2021 academic year<\/a> <\/strong><\/p>\n<p style=\"text-align: justify\"><strong><a href=\"https:\/\/semmelweis.hu\/aok\/files\/2021\/01\/10_hatarozat_reumatol\u00f3gia_English.pdf\" target=\"_blank\" rel=\"noopener noreferrer\">No 10\/2020 (13 October 2020) of the 2020\/2021 academic year<\/a><\/strong><\/p>\n","protected":false},"excerpt":{"rendered":"<p><a href=\"https:\/\/semmelweis.hu\/aok\/files\/2020\/10\/9_hatarozat_igazgatoi_20201013.pdf\" target=\"_blank\" rel=\"noopener noreferrer\">9\/2020 (2020. okt\u00f3ber 13-i) sz\u00e1m\u00fa KT hat\u00e1rozat<\/a> a karon meghirdetett igazgat\u00f3i, tansz\u00e9kvezet\u0151i \u00e1ll\u00e1sokra p\u00e1ly\u00e1z\u00f3kr\u00f3l<br \/>\n<a href=\"https:\/\/semmelweis.hu\/aok\/files\/2020\/10\/10_hatarozat_reumatologia_20201013.pdf\" target=\"_blank\" rel=\"noopener noreferrer\">10\/2020 (2020. okt\u00f3ber 13-i) sz\u00e1m\u00fa KT hat\u00e1rozat<\/a>\u00a0a &#8222;Reumatol\u00f3gia \u00e9s klinikai immunol\u00f3gia&#8221; tant\u00e1rgy oktat\u00e1s\u00e1hoz kapcsol\u00f3d\u00f3 szervezeti v\u00e1ltoz\u00e1sokr\u00f3l<br \/>\n&nbsp;<br \/>\nEnglish version:<br \/>\n<a href=\"https:\/\/semmelweis.hu\/aok\/files\/2021\/01\/1_hatarozat_igazgato\u0301i_English.pdf\" target=\"_blank\" rel=\"noopener noreferrer\">No 9\/2020 (13 October 2020) of the 2020\/2021 academic year<\/a><br \/>\n<a href=\"https:\/\/semmelweis.hu\/aok\/files\/2021\/01\/10_hatarozat_reumatol\u00f3gia_English.pdf\" target=\"_blank\" rel=\"noopener noreferrer\">No 10\/2020 (13 October 2020) of the 2020\/2021 academic year<\/a><\/p>\n","protected":false},"author":101136,"featured_media":0,"parent":1141,"menu_order":0,"comment_status":"closed","ping_status":"closed","template":"","meta":{"_acf_changed":false,"footnotes":""},"categories":[],"tags":[],"class_list":["post-25247","page","type-page","status-publish","hentry"],"acf":[],"publishpress_future_action":{"enabled":false,"date":"1970-01-01 01:00:00","action":"","terms":[],"taxonomy":"","browser_timezone_offset":0},"_links":{"self":[{"href":"https:\/\/semmelweis.hu\/aok\/wp-json\/wp\/v2\/pages\/25247","targetHints":{"allow":["GET"]}}],"collection":[{"href":"https:\/\/semmelweis.hu\/aok\/wp-json\/wp\/v2\/pages"}],"about":[{"href":"https:\/\/semmelweis.hu\/aok\/wp-json\/wp\/v2\/types\/page"}],"author":[{"embeddable":true,"href":"https:\/\/semmelweis.hu\/aok\/wp-json\/wp\/v2\/users\/101136"}],"replies":[{"embeddable":true,"href":"https:\/\/semmelweis.hu\/aok\/wp-json\/wp\/v2\/comments?post=25247"}],"version-history":[{"count":7,"href":"https:\/\/semmelweis.hu\/aok\/wp-json\/wp\/v2\/pages\/25247\/revisions"}],"predecessor-version":[{"id":25485,"href":"https:\/\/semmelweis.hu\/aok\/wp-json\/wp\/v2\/pages\/25247\/revisions\/25485"}],"up":[{"embeddable":true,"href":"https:\/\/semmelweis.hu\/aok\/wp-json\/wp\/v2\/pages\/1141"}],"wp:attachment":[{"href":"https:\/\/semmelweis.hu\/aok\/wp-json\/wp\/v2\/media?parent=25247"}],"wp:term":[{"taxonomy":"category","embeddable":true,"href":"https:\/\/semmelweis.hu\/aok\/wp-json\/wp\/v2\/categories?post=25247"},{"taxonomy":"post_tag","embeddable":true,"href":"https:\/\/semmelweis.hu\/aok\/wp-json\/wp\/v2\/tags?post=25247"}],"curies":[{"name":"wp","href":"https:\/\/api.w.org\/{rel}","templated":true}]}}