{"id":25110,"date":"2020-09-30T15:08:01","date_gmt":"2020-09-30T13:08:01","guid":{"rendered":"https:\/\/semmelweis.hu\/aok\/?page_id=25110"},"modified":"2020-10-19T10:57:11","modified_gmt":"2020-10-19T08:57:11","slug":"2020-szeptember-15-i-hatarozatok","status":"publish","type":"page","link":"https:\/\/semmelweis.hu\/aok\/a-karrol\/kari-tanacs\/a-kari-tanacs-hatarozatai\/2020-szeptember-15-i-hatarozatok\/","title":{"rendered":"2020. SZEPTEMBER 15-I HAT\u00c1ROZATOK"},"content":{"rendered":"<p style=\"text-align: justify\"><strong><a href=\"https:\/\/semmelweis.hu\/aok\/files\/2020\/09\/1_hatarozat_tanszekvezet.pdf\" target=\"_blank\" rel=\"noopener noreferrer\">1\/2020 (2020. szeptember 15-i) sz\u00e1m\u00fa KT hat\u00e1rozat<\/a> <\/strong>a karon meghirdetett tansz\u00e9kvezet\u0151i \u00e1ll\u00e1sra p\u00e1ly\u00e1z\u00f3r\u00f3l<\/p>\n<p style=\"text-align: justify\"><strong><a href=\"https:\/\/semmelweis.hu\/aok\/files\/2020\/09\/2_hatarozat_tudomanyos_fomunkatars.pdf\" target=\"_blank\" rel=\"noopener noreferrer\">2\/2020 (2020. szeptember 15-i) sz\u00e1m\u00fa KT hat\u00e1rozat<\/a> <\/strong>a karon meghirdetett tudom\u00e1nyos f\u0151munkat\u00e1rsi \u00e1ll\u00e1sra p\u00e1ly\u00e1z\u00f3r\u00f3l<\/p>\n<p style=\"text-align: justify\"><strong><a href=\"https:\/\/semmelweis.hu\/aok\/files\/2020\/09\/3_hatarozat_allami_kituntetes.pdf\" target=\"_blank\" rel=\"noopener noreferrer\">3\/2020 (2020. szeptember 15-i) sz\u00e1m\u00fa KT hat\u00e1rozat<\/a> <\/strong>a miniszteri szint\u0171 kit\u00fcntet\u00e9s adom\u00e1nyoz\u00e1s\u00e1r\u00f3l<\/p>\n<p style=\"text-align: justify\"><strong><a href=\"https:\/\/semmelweis.hu\/aok\/files\/2020\/10\/4_hatarozat_kari_bizottsagok.pdf\" target=\"_blank\" rel=\"noopener noreferrer\">4\/2020 (2020. szeptember 15-i) sz\u00e1m\u00fa KT hat\u00e1rozat<\/a> <\/strong>az \u00c1ltal\u00e1nos Orvostudom\u00e1nyi Kar \u00e1ltal l\u00e9trehozott karon m\u0171k\u00f6d\u0151 bizotts\u00e1gok (Oktat\u00e1si Bizotts\u00e1g, OMHV Bizotts\u00e1g, Tudom\u00e1nyos Bizotts\u00e1g) hallgat\u00f3i tagjainak megv\u00e1laszt\u00e1s\u00e1r\u00f3l<\/p>\n<p style=\"text-align: justify\"><strong><a href=\"https:\/\/semmelweis.hu\/aok\/files\/2020\/09\/5_hatarozat_szenatusi_bizottsagok.pdf\" target=\"_blank\" rel=\"noopener noreferrer\">5\/2020 (2020. szeptember 15-i) sz\u00e1m\u00fa KT hat\u00e1rozat<\/a> <\/strong>a Szen\u00e1tus \u00e1ltal l\u00e9trehozott \u00e9s az \u00c1ltal\u00e1nos Orvostudom\u00e1nyi Karon m\u0171k\u00f6d\u0151 \u00e1lland\u00f3 bizotts\u00e1gok (Tanulm\u00e1nyi \u00e9s Vizsgabizotts\u00e1g, Kredit\u00e1tviteli Bizotts\u00e1g, Etikai \u00e9s Fegyelmi Bizotts\u00e1g) hallgat\u00f3i tagjainak megv\u00e1laszt\u00e1s\u00e1r\u00f3l<\/p>\n<p style=\"text-align: justify\"><strong><a href=\"https:\/\/semmelweis.hu\/aok\/files\/2020\/09\/6_hatarozat_haynal_beznak.pdf\" target=\"_blank\" rel=\"noopener noreferrer\">6\/2020 (2020. szeptember 15-i) sz\u00e1m\u00fa KT hat\u00e1rozat<\/a> <\/strong>a Dr. Bezn\u00e1k Alad\u00e1r \u00e9s Dr. Haynal Imre Eml\u00e9k\u00e9rem \u00e9s Jutalomd\u00edj adom\u00e1nyoz\u00e1s\u00e1r\u00f3l<\/p>\n<p style=\"text-align: justify\"><strong><a href=\"https:\/\/semmelweis.hu\/aok\/files\/2020\/09\/7_hatarozat_kotelezo_tantargy.pdf\" target=\"_blank\" rel=\"noopener noreferrer\">7\/2020 (2020. szeptember 15-i) sz\u00e1m\u00fa KT hat\u00e1rozat<\/a> <\/strong>&#8222;A Koronav\u00edrus komprehenz\u00edv elm\u00e9lete \u00e9s a helyes fels\u0151l\u00e9g\u00fati mintav\u00e9tel gyakorlata&#8221; k\u00f6telez\u0151 tant\u00e1rgy bevezet\u00e9s\u00e9re az \u00c1ltal\u00e1nos Orvostudom\u00e1nyi Karon\u00a0<\/p>\n<p style=\"text-align: justify\"><strong><a href=\"https:\/\/semmelweis.hu\/aok\/files\/2020\/09\/8_hatarozat_szabalyzatok_modositasa.pdf\" target=\"_blank\" rel=\"noopener noreferrer\">8\/2020 (2020. szeptember 15-i) sz\u00e1m\u00fa KT hat\u00e1rozat<\/a> <\/strong>az &#8222;\u00c1OK Szab\u00e1lyzata Oktat\u00f3 Oszt\u00e1ly c\u00edm elnyer\u00e9s\u00e9re&#8221;, illetve az &#8222;\u00c1OK Szab\u00e1lyzata Gyakorl\u00f3 K\u00f3rh\u00e1z \u00e9s Gyakorl\u00f3 Oszt\u00e1ly c\u00edm elnyer\u00e9s\u00e9re&#8221; c\u00edm\u0171 szab\u00e1lyzatok m\u00f3dos\u00edt\u00e1s\u00e1r\u00f3l<\/p>\n<p style=\"text-align: justify\">\u00a0<\/p>\n<p>English version:<\/p>\n<p><a href=\"https:\/\/semmelweis.hu\/aok\/files\/2020\/10\/1_hatarozat_tansz\u00e9kvezet\u0151i_English.pdf\" target=\"_blank\" rel=\"noopener noreferrer\">No 1\/2020 (15 September 2020) of the 2020\/2021 academic year<\/a><\/p>\n<p><a href=\"https:\/\/semmelweis.hu\/aok\/files\/2020\/10\/2_hatarozat_tudom\u00e1nyos_fomunkatars_English.pdf\" target=\"_blank\" rel=\"noopener noreferrer\">No 2\/2020 (15 September 2020) of the 2020\/2021 academic year<\/a><\/p>\n<p><a href=\"https:\/\/semmelweis.hu\/aok\/files\/2020\/10\/3_KThat_allami_kituntetes_English.pdf\" target=\"_blank\" rel=\"noopener noreferrer\">No 3\/2020 (15 September 2020) of the 2020\/2021 academic year<\/a><\/p>\n<p><a href=\"https:\/\/semmelweis.hu\/aok\/files\/2020\/10\/4_kari-bizottsagok_English.pdf\" target=\"_blank\" rel=\"noopener noreferrer\">No 4\/2020 (15 September 2020) of the 2020\/2021 academic year<\/a><\/p>\n<p><a href=\"https:\/\/semmelweis.hu\/aok\/files\/2020\/10\/5_szen\u00e1tusi_bizottsagok_English.pdf\" target=\"_blank\" rel=\"noopener noreferrer\">No 5\/2020 (15 September 2020) of the 2020\/2021 academic year<\/a><\/p>\n<p><a href=\"https:\/\/semmelweis.hu\/aok\/files\/2020\/10\/6_hatarozat_haynal_bezn\u00e1k_English.pdf\" target=\"_blank\" rel=\"noopener noreferrer\">No 6\/2020 (15 September 2020) of the 2020\/2021 academic year<\/a><\/p>\n<p><a href=\"https:\/\/semmelweis.hu\/aok\/files\/2020\/10\/7_hatarozat_kotelezo_tant\u00e1rgy_English.pdf\" target=\"_blank\" rel=\"noopener noreferrer\">No 7\/2020 (15 September 2020) of the 2020\/2021 academic year<\/a><\/p>\n<p><a href=\"https:\/\/semmelweis.hu\/aok\/files\/2020\/10\/8_hatarozat_szabalyzatok_modositasa_English.pdf\" target=\"_blank\" rel=\"noopener noreferrer\">No 8\/2020 (15 September 2020) of the 2020\/2021 academic year<\/a><\/p>\n<p>&nbsp;<\/p>\n<p>&nbsp;<\/p>\n","protected":false},"excerpt":{"rendered":"<p><a href=\"https:\/\/semmelweis.hu\/aok\/files\/2020\/09\/1_hatarozat_tanszekvezet.pdf\" target=\"_blank\" rel=\"noopener noreferrer\">1\/2020 (2020. szeptember 15-i) sz\u00e1m\u00fa KT hat\u00e1rozat<\/a> a karon meghirdetett tansz\u00e9kvezet\u0151i \u00e1ll\u00e1sra p\u00e1ly\u00e1z\u00f3r\u00f3l <a href=\"https:\/\/semmelweis.hu\/aok\/files\/2020\/09\/2_hatarozat_tudomanyos_fomunkatars.pdf\" target=\"_blank\" rel=\"noopener noreferrer\">2\/2020 (2020. szeptember 15-i) sz\u00e1m\u00fa KT hat\u00e1rozat<\/a> a karon meghirdetett tudom\u00e1nyos f\u0151munkat\u00e1rsi \u00e1ll\u00e1sra p\u00e1ly\u00e1z\u00f3r\u00f3l <a href=\"https:\/\/semmelweis.hu\/aok\/files\/2020\/09\/3_hatarozat_allami_kituntetes.pdf\" target=\"_blank\" rel=\"noopener noreferrer\">3\/2020 (2020. szeptember 15-i) sz\u00e1m\u00fa KT hat\u00e1rozat<\/a> a miniszteri szint\u0171 kit\u00fcntet\u00e9s adom\u00e1nyoz\u00e1s\u00e1r\u00f3l <a href=\"https:\/\/semmelweis.hu\/aok\/files\/2020\/10\/4_hatarozat_kari_bizottsagok.pdf\" target=\"_blank\" rel=\"noopener noreferrer\">4\/2020 (2020. szeptember 15-i) sz\u00e1m\u00fa KT hat\u00e1rozat<\/a> az \u00c1ltal\u00e1nos Orvostudom\u00e1nyi Kar \u00e1ltal l\u00e9trehozott karon m\u0171k\u00f6d\u0151 bizotts\u00e1gok (Oktat\u00e1si Bizotts\u00e1g, OMHV Bizotts\u00e1g, Tudom\u00e1nyos Bizotts\u00e1g) hallgat\u00f3i tagjainak megv\u00e1laszt\u00e1s\u00e1r\u00f3l <a href=\"https:\/\/semmelweis.hu\/aok\/files\/2020\/09\/5_hatarozat_szenatusi_bizottsagok.pdf\" target=\"_blank\" rel=\"noopener noreferrer\">5\/2020 (2020. szeptember 15-i) sz\u00e1m\u00fa KT hat\u00e1rozat<\/a> a Szen\u00e1tus \u00e1ltal l\u00e9trehozott \u00e9s az \u00c1ltal\u00e1nos Orvostudom\u00e1nyi Karon m\u0171k\u00f6d\u0151 \u00e1lland\u00f3 bizotts\u00e1gok (Tanulm\u00e1nyi \u00e9s Vizsgabizotts\u00e1g, Kredit\u00e1tviteli Bizotts\u00e1g, Etikai \u00e9s &hellip;<\/p>\n","protected":false},"author":101136,"featured_media":0,"parent":1141,"menu_order":0,"comment_status":"closed","ping_status":"closed","template":"","meta":{"_acf_changed":false,"footnotes":""},"categories":[],"tags":[],"class_list":["post-25110","page","type-page","status-publish","hentry"],"acf":[],"publishpress_future_action":{"enabled":false,"date":"1970-01-01 01:00:00","action":"","terms":[],"taxonomy":"","browser_timezone_offset":0},"_links":{"self":[{"href":"https:\/\/semmelweis.hu\/aok\/wp-json\/wp\/v2\/pages\/25110","targetHints":{"allow":["GET"]}}],"collection":[{"href":"https:\/\/semmelweis.hu\/aok\/wp-json\/wp\/v2\/pages"}],"about":[{"href":"https:\/\/semmelweis.hu\/aok\/wp-json\/wp\/v2\/types\/page"}],"author":[{"embeddable":true,"href":"https:\/\/semmelweis.hu\/aok\/wp-json\/wp\/v2\/users\/101136"}],"replies":[{"embeddable":true,"href":"https:\/\/semmelweis.hu\/aok\/wp-json\/wp\/v2\/comments?post=25110"}],"version-history":[{"count":10,"href":"https:\/\/semmelweis.hu\/aok\/wp-json\/wp\/v2\/pages\/25110\/revisions"}],"predecessor-version":[{"id":25263,"href":"https:\/\/semmelweis.hu\/aok\/wp-json\/wp\/v2\/pages\/25110\/revisions\/25263"}],"up":[{"embeddable":true,"href":"https:\/\/semmelweis.hu\/aok\/wp-json\/wp\/v2\/pages\/1141"}],"wp:attachment":[{"href":"https:\/\/semmelweis.hu\/aok\/wp-json\/wp\/v2\/media?parent=25110"}],"wp:term":[{"taxonomy":"category","embeddable":true,"href":"https:\/\/semmelweis.hu\/aok\/wp-json\/wp\/v2\/categories?post=25110"},{"taxonomy":"post_tag","embeddable":true,"href":"https:\/\/semmelweis.hu\/aok\/wp-json\/wp\/v2\/tags?post=25110"}],"curies":[{"name":"wp","href":"https:\/\/api.w.org\/{rel}","templated":true}]}}