{"id":24683,"date":"2020-06-12T13:46:13","date_gmt":"2020-06-12T11:46:13","guid":{"rendered":"https:\/\/semmelweis.hu\/aok\/?page_id=24683"},"modified":"2020-07-09T13:33:17","modified_gmt":"2020-07-09T11:33:17","slug":"2020-junius-9-i-hatarozatok","status":"publish","type":"page","link":"https:\/\/semmelweis.hu\/aok\/a-karrol\/kari-tanacs\/a-kari-tanacs-hatarozatai\/2020-junius-9-i-hatarozatok\/","title":{"rendered":"2020. J\u00daNIUS 9-I HAT\u00c1ROZATOK"},"content":{"rendered":"<p style=\"text-align: justify\"><strong><a href=\"https:\/\/semmelweis.hu\/aok\/files\/2020\/06\/47_KThat_igazgatohelyettes.pdf\" target=\"_blank\" rel=\"noopener noreferrer\">47\/2020 (2020. j\u00fanius 9-i) sz\u00e1m\u00fa KT hat\u00e1rozat<\/a> <\/strong>a karon meghirdetett igazgat\u00f3helyettesi \u00e1ll\u00e1sokra p\u00e1ly\u00e1z\u00f3kr\u00f3l<\/p>\n<p style=\"text-align: justify\"><strong><a href=\"https:\/\/semmelweis.hu\/aok\/files\/2020\/06\/48_a_KThat_egyetemidocens.pdf\" target=\"_blank\" rel=\"noopener noreferrer\">48\/a\/2020 (2020. j\u00fanius 9-i) sz\u00e1m\u00fa KT hat\u00e1rozat<\/a> <\/strong>a karon meghirdetett egyetemi docensi \u00e1ll\u00e1sokra p\u00e1ly\u00e1z\u00f3kr\u00f3l<\/p>\n<p style=\"text-align: justify\"><strong><a href=\"https:\/\/semmelweis.hu\/aok\/files\/2020\/06\/48_b_KThat_kutatoprofesszor.pdf\" target=\"_blank\" rel=\"noopener noreferrer\">48\/b\/2020 (2020. j\u00fanius 9-i) sz\u00e1m\u00fa KT hat\u00e1rozat<\/a> <\/strong>a karon meghirdetett kutat\u00f3professzori \u00e1ll\u00e1sokra p\u00e1ly\u00e1z\u00f3kr\u00f3l<\/p>\n<p style=\"text-align: justify\"><strong><a href=\"https:\/\/semmelweis.hu\/aok\/files\/2020\/06\/48_c_KThat_tud_fomunkatars.pdf\" target=\"_blank\" rel=\"noopener noreferrer\">48\/c\/2020 (2020. j\u00fanius 9-i) sz\u00e1m\u00fa KT hat\u00e1rozat<\/a> <\/strong>a karon meghirdetett tudom\u00e1nyos f\u0151munkat\u00e1rsi \u00e1ll\u00e1sokra p\u00e1ly\u00e1z\u00f3kr\u00f3l<\/p>\n<p style=\"text-align: justify\"><strong><a href=\"https:\/\/semmelweis.hu\/aok\/files\/2020\/06\/49_KThat_allami_miniszterikituntetes.pdf\" target=\"_blank\" rel=\"noopener noreferrer\">49\/2020 (2020. j\u00fanius 9-i) sz\u00e1m\u00fa KT hat\u00e1rozat<\/a> <\/strong>az \u00e1llami \u00e9s miniszteri szint\u0171 kit\u00fcntet\u00e9sek adom\u00e1nyoz\u00e1s\u00e1r\u00f3l<\/p>\n<p style=\"text-align: justify\"><strong><a href=\"https:\/\/semmelweis.hu\/aok\/files\/2020\/06\/50_KThat_DHC.pdf\" target=\"_blank\" rel=\"noopener noreferrer\">50\/2020 (2020. j\u00fanius 9-i) sz\u00e1m\u00fa KT hat\u00e1rozat<\/a> <\/strong>a &#8222;Doctor Honoris Causa&#8221; kit\u00fcntet\u0151 c\u00edm adom\u00e1nyoz\u00e1s\u00e1ra vonatkoz\u00f3 javaslatr\u00f3l<\/p>\n<p style=\"text-align: justify\"><strong><a href=\"https:\/\/semmelweis.hu\/aok\/files\/2020\/06\/51_KThat_oraadooktato.pdf\" target=\"_blank\" rel=\"noopener noreferrer\">51\/2020 (2020. j\u00fanius 9-i) sz\u00e1m\u00fa KT hat\u00e1rozat<\/a> <\/strong>a c\u00edmzetes egyetemi tan\u00e1ri, valamint mag\u00e1ntan\u00e1ri c\u00edm adom\u00e1nyoz\u00e1s\u00e1r\u00f3l<\/p>\n<p style=\"text-align: justify\"><strong><a href=\"https:\/\/semmelweis.hu\/aok\/files\/2020\/06\/52_KThat_reumatologiai_tanszek.pdf\" target=\"_blank\" rel=\"noopener noreferrer\">52\/2020 (2020. j\u00fanius 9-i) sz\u00e1m\u00fa KT hat\u00e1rozat<\/a> <\/strong>a Reumatol\u00f3giai \u00e9s Klinikai Immunol\u00f3giai Tansz\u00e9k l\u00e9trehoz\u00e1s\u00e1r\u00f3l<\/p>\n<p style=\"text-align: justify\"><strong><a href=\"https:\/\/semmelweis.hu\/aok\/files\/2020\/06\/53_KThat_kiserletes_integracioja-1.pdf\" target=\"_blank\" rel=\"noopener noreferrer\">53\/2020 (2020. j\u00fanius 9-i) sz\u00e1m\u00fa KT hat\u00e1rozata<\/a><\/strong> K\u00eds\u00e9rletes \u00e9s Seb\u00e9szeti M\u0171t\u00e9ttani Int\u00e9zet V\u00e1rosmajori Sz\u00edv- \u00e9s \u00c9rgy\u00f3gy\u00e1szati Klinika al\u00e1 t\u00f6rt\u00e9n\u0151 integr\u00e1l\u00e1s\u00e1r\u00f3l<\/p>\n<p style=\"text-align: justify\"><strong><a href=\"https:\/\/semmelweis.hu\/aok\/files\/2020\/06\/54_KThat_kurrikulum.pdf\" target=\"_blank\" rel=\"noopener noreferrer\">54\/2020 (2020. j\u00fanius 9-i) sz\u00e1m\u00fa KT hat\u00e1rozat<\/a><\/strong>\u00a0a 2019\/2020-as tan\u00e9vt\u0151l bevezetett orvosk\u00e9pz\u00e9s kurrikulum\u00e1nak m\u00f3dos\u00edt\u00e1s\u00e1ra, korrekci\u00f3j\u00e1ra az \u00c1ltal\u00e1nos Orvostudom\u00e1nyi Karon<\/p>\n<p style=\"text-align: justify\"><strong><a href=\"https:\/\/semmelweis.hu\/aok\/files\/2020\/06\/55_KThat_KSzMr_modositas.pdf\" target=\"_blank\" rel=\"noopener noreferrer\">55\/2020 (2020. j\u00fanius 9-i) sz\u00e1m\u00fa KT hat\u00e1rozat<\/a> <\/strong>a kari Szervezeti \u00e9s M\u0171k\u00f6d\u00e9si Rend m\u00f3dos\u00edt\u00e1s\u00e1r\u00f3l<\/p>\n<p style=\"text-align: justify\"><strong><a href=\"https:\/\/semmelweis.hu\/aok\/files\/2020\/06\/56_KThat_ACH_eljrarasrend.pdf\" target=\"_blank\" rel=\"noopener noreferrer\">56\/2020 (2020. j\u00fanius 9-i) sz\u00e1m\u00fa KT hat\u00e1rozat<\/a> <\/strong>az Asklepios Campus Hamburg tant\u00e1rgyfelel\u0151seinek kinevez\u00e9s\u00e9t megel\u0151z\u0151 v\u00e9lem\u00e9nyez\u00e9si folyamatra vonatkoz\u00f3 elj\u00e1r\u00e1srend t\u00e1mogat\u00e1s\u00e1r\u00f3l<\/p>\n<p>&nbsp;<\/p>\n<p>English version:<\/p>\n<p><strong><a href=\"https:\/\/semmelweis.hu\/aok\/files\/2020\/07\/47_KThat_igazgat\u00f3helyettes_English.docx.pdf\" target=\"_blank\" rel=\"noopener noreferrer\">No 47\/2020 (9 June 2020) of the 2019\/2020 academic year<\/a><\/strong><\/p>\n<p style=\"text-align: justify\"><strong><a href=\"https:\/\/semmelweis.hu\/aok\/files\/2020\/07\/48__a_KThat_egyetemi-docens_English.pdf\" target=\"_blank\" rel=\"noopener noreferrer\">No 48\/a\/2020 (9 June 2020) of the 2019\/2020 academic year<\/a><\/strong><\/p>\n<p style=\"text-align: justify\"><strong><a href=\"https:\/\/semmelweis.hu\/aok\/files\/2020\/07\/48__b_KThat_kutatoprofesszor_English.docx.pdf\" target=\"_blank\" rel=\"noopener noreferrer\">No 48\/b\/2020 (9 June 2020) of the 2019\/2020 academic year<\/a><\/strong><\/p>\n<p style=\"text-align: justify\"><strong><a href=\"https:\/\/semmelweis.hu\/aok\/files\/2020\/07\/48__c_KThat_tud_fomunkatars_English.docx.pdf\" target=\"_blank\" rel=\"noopener noreferrer\">No 48\/c\/2020 (9 June 2020) of the 2019\/2020 academic year<\/a><\/strong><\/p>\n<p style=\"text-align: justify\"><strong><a href=\"https:\/\/semmelweis.hu\/aok\/files\/2020\/07\/49_KThat_allami_miniszterikituntetes_English.docx.pdf\" target=\"_blank\" rel=\"noopener noreferrer\">No 49\/2020 (9 June 2020) of the 2019\/2020 academic year<\/a><\/strong><\/p>\n<p style=\"text-align: justify\"><strong><a href=\"https:\/\/semmelweis.hu\/aok\/files\/2020\/07\/50_a_KThat_DHC_English.docx.pdf\" target=\"_blank\" rel=\"noopener noreferrer\">No 50\/2020 (9 June 2020) of the 2019\/2020 academic year<\/a><\/strong><\/p>\n<p style=\"text-align: justify\"><strong><a href=\"https:\/\/semmelweis.hu\/aok\/files\/2020\/07\/51_KThat_oradooktato_English.docx.pdf\" target=\"_blank\" rel=\"noopener noreferrer\">No 51\/2020 (9 June 2020) of the 2019\/2020 academic year<\/a><\/strong><\/p>\n<p style=\"text-align: justify\"><strong><a href=\"https:\/\/semmelweis.hu\/aok\/files\/2020\/07\/52_KThat_reumatologiai_tanszek_English.docx.pdf\" target=\"_blank\" rel=\"noopener noreferrer\">No 52\/2020 (9 June 2020) of the 2019\/2020 academic year<\/a><\/strong><\/p>\n<p style=\"text-align: justify\"><strong><a href=\"https:\/\/semmelweis.hu\/aok\/files\/2020\/07\/53_KThat_kiserletes_integracioja_English.pdf\" target=\"_blank\" rel=\"noopener noreferrer\">No 53\/2020 (9 June 2020) of the 2019\/2020 academic year<\/a><\/strong><\/p>\n<p style=\"text-align: justify\"><strong><a href=\"https:\/\/semmelweis.hu\/aok\/files\/2020\/07\/54_KThat_kurrikulum_English.docx.pdf\" target=\"_blank\" rel=\"noopener noreferrer\">No 54\/2020 (9 June 2020) of the 2019\/2020 academic year<\/a><\/strong><\/p>\n<p style=\"text-align: justify\"><strong><a href=\"https:\/\/semmelweis.hu\/aok\/files\/2020\/07\/55_KThat_KSzMr_modositas_English.docx.pdf\" target=\"_blank\" rel=\"noopener noreferrer\">No 55\/2020 (9 June 2020) of the 2019\/2020 academic year<\/a><\/strong><\/p>\n<p style=\"text-align: justify\"><strong><a href=\"https:\/\/semmelweis.hu\/aok\/files\/2020\/07\/56_KThat_ACH_eljarasrend_English.docx.pdf\" target=\"_blank\" rel=\"noopener noreferrer\">No 56\/2020 (9 June 2020) of the 2019\/2020 academic year<\/a><\/strong><\/p>\n","protected":false},"excerpt":{"rendered":"<p><a href=\"https:\/\/semmelweis.hu\/aok\/files\/2020\/06\/47_KThat_igazgatohelyettes.pdf\" target=\"_blank\" rel=\"noopener noreferrer\">47\/2020 (2020. j\u00fanius 9-i) sz\u00e1m\u00fa KT hat\u00e1rozat<\/a> a karon meghirdetett igazgat\u00f3helyettesi \u00e1ll\u00e1sokra p\u00e1ly\u00e1z\u00f3kr\u00f3l <a href=\"https:\/\/semmelweis.hu\/aok\/files\/2020\/06\/48_a_KThat_egyetemidocens.pdf\" target=\"_blank\" rel=\"noopener noreferrer\">48\/a\/2020 (2020. j\u00fanius 9-i) sz\u00e1m\u00fa KT hat\u00e1rozat<\/a> a karon meghirdetett egyetemi docensi \u00e1ll\u00e1sokra p\u00e1ly\u00e1z\u00f3kr\u00f3l <a href=\"https:\/\/semmelweis.hu\/aok\/files\/2020\/06\/48_b_KThat_kutatoprofesszor.pdf\" target=\"_blank\" rel=\"noopener noreferrer\">48\/b\/2020 (2020. j\u00fanius 9-i) sz\u00e1m\u00fa KT hat\u00e1rozat<\/a> a karon meghirdetett kutat\u00f3professzori \u00e1ll\u00e1sokra p\u00e1ly\u00e1z\u00f3kr\u00f3l <a href=\"https:\/\/semmelweis.hu\/aok\/files\/2020\/06\/48_c_KThat_tud_fomunkatars.pdf\" target=\"_blank\" rel=\"noopener noreferrer\">48\/c\/2020 (2020. j\u00fanius 9-i) sz\u00e1m\u00fa KT hat\u00e1rozat<\/a> a karon meghirdetett tudom\u00e1nyos f\u0151munkat\u00e1rsi \u00e1ll\u00e1sokra p\u00e1ly\u00e1z\u00f3kr\u00f3l <a href=\"https:\/\/semmelweis.hu\/aok\/files\/2020\/06\/49_KThat_allami_miniszterikituntetes.pdf\" target=\"_blank\" rel=\"noopener noreferrer\">49\/2020 (2020. j\u00fanius 9-i) sz\u00e1m\u00fa KT hat\u00e1rozat<\/a> az \u00e1llami \u00e9s miniszteri szint\u0171 kit\u00fcntet\u00e9sek adom\u00e1nyoz\u00e1s\u00e1r\u00f3l <a href=\"https:\/\/semmelweis.hu\/aok\/files\/2020\/06\/50_KThat_DHC.pdf\" target=\"_blank\" rel=\"noopener noreferrer\">50\/2020 (2020. j\u00fanius 9-i) sz\u00e1m\u00fa KT hat\u00e1rozat<\/a> a &#8222;Doctor Honoris Causa&#8221; kit\u00fcntet\u0151 c\u00edm adom\u00e1nyoz\u00e1s\u00e1ra vonatkoz\u00f3 javaslatr\u00f3l <a href=\"https:\/\/semmelweis.hu\/aok\/files\/2020\/06\/51_KThat_oraadooktato.pdf\" target=\"_blank\" rel=\"noopener noreferrer\">51\/2020 (2020. j\u00fanius 9-i) sz\u00e1m\u00fa KT hat\u00e1rozat<\/a> a c\u00edmzetes egyetemi tan\u00e1ri, valamint mag\u00e1ntan\u00e1ri c\u00edm adom\u00e1nyoz\u00e1s\u00e1r\u00f3l <a href=\"https:\/\/semmelweis.hu\/aok\/files\/2020\/06\/52_KThat_reumatologiai_tanszek.pdf\" target=\"_blank\" rel=\"noopener noreferrer\">52\/2020 (2020. j\u00fanius 9-i) sz\u00e1m\u00fa KT hat\u00e1rozat<\/a> a Reumatol\u00f3giai \u00e9s Klinikai Immunol\u00f3giai &hellip;<\/p>\n","protected":false},"author":101136,"featured_media":0,"parent":1141,"menu_order":0,"comment_status":"closed","ping_status":"closed","template":"","meta":{"_acf_changed":false,"footnotes":""},"categories":[],"tags":[],"class_list":["post-24683","page","type-page","status-publish","hentry"],"acf":[],"publishpress_future_action":{"enabled":false,"date":"1970-01-01 01:00:00","action":"","terms":[],"taxonomy":"","browser_timezone_offset":0},"_links":{"self":[{"href":"https:\/\/semmelweis.hu\/aok\/wp-json\/wp\/v2\/pages\/24683","targetHints":{"allow":["GET"]}}],"collection":[{"href":"https:\/\/semmelweis.hu\/aok\/wp-json\/wp\/v2\/pages"}],"about":[{"href":"https:\/\/semmelweis.hu\/aok\/wp-json\/wp\/v2\/types\/page"}],"author":[{"embeddable":true,"href":"https:\/\/semmelweis.hu\/aok\/wp-json\/wp\/v2\/users\/101136"}],"replies":[{"embeddable":true,"href":"https:\/\/semmelweis.hu\/aok\/wp-json\/wp\/v2\/comments?post=24683"}],"version-history":[{"count":10,"href":"https:\/\/semmelweis.hu\/aok\/wp-json\/wp\/v2\/pages\/24683\/revisions"}],"predecessor-version":[{"id":24830,"href":"https:\/\/semmelweis.hu\/aok\/wp-json\/wp\/v2\/pages\/24683\/revisions\/24830"}],"up":[{"embeddable":true,"href":"https:\/\/semmelweis.hu\/aok\/wp-json\/wp\/v2\/pages\/1141"}],"wp:attachment":[{"href":"https:\/\/semmelweis.hu\/aok\/wp-json\/wp\/v2\/media?parent=24683"}],"wp:term":[{"taxonomy":"category","embeddable":true,"href":"https:\/\/semmelweis.hu\/aok\/wp-json\/wp\/v2\/categories?post=24683"},{"taxonomy":"post_tag","embeddable":true,"href":"https:\/\/semmelweis.hu\/aok\/wp-json\/wp\/v2\/tags?post=24683"}],"curies":[{"name":"wp","href":"https:\/\/api.w.org\/{rel}","templated":true}]}}