{"id":24249,"date":"2020-05-14T14:42:17","date_gmt":"2020-05-14T12:42:17","guid":{"rendered":"https:\/\/semmelweis.hu\/aok\/?page_id=24249"},"modified":"2020-05-14T14:42:17","modified_gmt":"2020-05-14T12:42:17","slug":"2020-majus-12-i-hatarozatok","status":"publish","type":"page","link":"https:\/\/semmelweis.hu\/aok\/a-karrol\/kari-tanacs\/a-kari-tanacs-hatarozatai\/2020-majus-12-i-hatarozatok\/","title":{"rendered":"2020. M\u00c1JUS 12-I HAT\u00c1ROZATOK"},"content":{"rendered":"<p style=\"text-align: justify\"><strong><a href=\"https:\/\/semmelweis.hu\/aok\/files\/2020\/05\/42_kt_hat_igazgat\u00f3i.pdf\" target=\"_blank\" rel=\"noopener noreferrer\">42\/2020 (2020. m\u00e1jus 12-i) sz\u00e1m\u00fa KT hat\u00e1rozat<\/a> <\/strong><span style=\"float: none;background-color: #ffffff;color: #1e2326;cursor: text;font-family: 'PT serif',serif;font-size: 20px;font-style: normal;font-variant: normal;font-weight: 400;letter-spacing: normal;text-align: left;text-decoration: none;text-indent: 0px;text-transform: none\">a karon meghirdetett igazgat\u00f3i, tansz\u00e9kvezet\u0151i \u00e1ll\u00e1sokra p\u00e1ly\u00e1z\u00f3kr\u00f3l<\/span><\/p>\n<p style=\"text-align: justify\"><b><a href=\"https:\/\/semmelweis.hu\/aok\/files\/2020\/05\/43_kt_hat_tud_f\u0151munkatars.pdf\" target=\"_blank\" rel=\"noopener noreferrer\">43\/2020 (2020. m\u00e1jus 12-i) sz\u00e1m\u00fa KT hat\u00e1rozat<\/a> <\/b>a karon meghirdetett tudom\u00e1nyos f\u0151munkat\u00e1rsi \u00e1ll\u00e1sra p\u00e1ly\u00e1z\u00f3r\u00f3l<\/p>\n<p style=\"text-align: justify\"><b><a href=\"https:\/\/semmelweis.hu\/aok\/files\/2020\/05\/44_kt_hat_kivalooktato.pdf\" target=\"_blank\" rel=\"noopener noreferrer\">44\/2020 (2020. m\u00e1jus 12-i) sz\u00e1m\u00fa KT hat\u00e1rozat<\/a> <\/b>a &#8222;Semmelweis Egyetem Kiv\u00e1l\u00f3 Oktat\u00f3ja&#8221; kit\u00fcntet\u00e9s adom\u00e1nyoz\u00e1s\u00e1r\u00f3l<\/p>\n<p style=\"text-align: justify\"><b><a href=\"https:\/\/semmelweis.hu\/aok\/files\/2020\/05\/45_kt_hat_karibizottsagok_ugyrendek.pdf\" target=\"_blank\" rel=\"noopener noreferrer\">45\/2020 (2020. m\u00e1jus 12-i) sz\u00e1m\u00fa KT hat\u00e1rozat<\/a> <\/b>a kar \u00e1ltal l\u00e9trehozott karon m\u0171k\u00f6d\u0151 \u00e1lland\u00f3 bizotts\u00e1gok &#8211; Oktat\u00e1si Bizotts\u00e1g, OMHV Bizotts\u00e1g, Tudom\u00e1nyos Bizotts\u00e1g, Akkredit\u00e1ci\u00f3s Bizotts\u00e1g &#8211; \u00fcgyrendj\u00e9nek elfogad\u00e1s\u00e1r\u00f3l<\/p>\n<p style=\"text-align: justify\"><b><a href=\"https:\/\/semmelweis.hu\/aok\/files\/2020\/05\/46_kt_hat_jubileumilista.pdf\" target=\"_blank\" rel=\"noopener noreferrer\">46\/2020 (2020. m\u00e1jus 12-i) sz\u00e1m\u00fa KT hat\u00e1rozat<\/a> <\/b>a jubileumi d\u00edszoklevelek adom\u00e1nyoz\u00e1s\u00e1r\u00f3l<\/p>\n<p>&nbsp;<\/p>\n","protected":false},"excerpt":{"rendered":"<p><a href=\"https:\/\/semmelweis.hu\/aok\/files\/2020\/05\/42_kt_hat_igazgat\u00f3i.pdf\" target=\"_blank\" rel=\"noopener noreferrer\">42\/2020 (2020. m\u00e1jus 12-i) sz\u00e1m\u00fa KT hat\u00e1rozat<\/a> a karon meghirdetett igazgat\u00f3i, tansz\u00e9kvezet\u0151i \u00e1ll\u00e1sokra p\u00e1ly\u00e1z\u00f3kr\u00f3l<br \/>\n<a href=\"https:\/\/semmelweis.hu\/aok\/files\/2020\/05\/43_kt_hat_tud_f\u0151munkatars.pdf\" target=\"_blank\" rel=\"noopener noreferrer\">43\/2020 (2020. m\u00e1jus 12-i) sz\u00e1m\u00fa KT hat\u00e1rozat<\/a> a karon meghirdetett tudom\u00e1nyos f\u0151munkat\u00e1rsi \u00e1ll\u00e1sra p\u00e1ly\u00e1z\u00f3r\u00f3l<br \/>\n<a href=\"https:\/\/semmelweis.hu\/aok\/files\/2020\/05\/44_kt_hat_kivalooktato.pdf\" target=\"_blank\" rel=\"noopener noreferrer\">44\/2020 (2020. m\u00e1jus 12-i) sz\u00e1m\u00fa KT hat\u00e1rozat<\/a> a &#8222;Semmelweis Egyetem Kiv\u00e1l\u00f3 Oktat\u00f3ja&#8221; kit\u00fcntet\u00e9s adom\u00e1nyoz\u00e1s\u00e1r\u00f3l<br \/>\n<a href=\"https:\/\/semmelweis.hu\/aok\/files\/2020\/05\/45_kt_hat_karibizottsagok_ugyrendek.pdf\" target=\"_blank\" rel=\"noopener noreferrer\">45\/2020 (2020. m\u00e1jus 12-i) sz\u00e1m\u00fa KT hat\u00e1rozat<\/a> a kar \u00e1ltal l\u00e9trehozott karon m\u0171k\u00f6d\u0151 \u00e1lland\u00f3 bizotts\u00e1gok &#8211; Oktat\u00e1si Bizotts\u00e1g, OMHV Bizotts\u00e1g, Tudom\u00e1nyos Bizotts\u00e1g, Akkredit\u00e1ci\u00f3s Bizotts\u00e1g &#8211; \u00fcgyrendj\u00e9nek elfogad\u00e1s\u00e1r\u00f3l<br \/>\n<a href=\"https:\/\/semmelweis.hu\/aok\/files\/2020\/05\/46_kt_hat_jubileumilista.pdf\" target=\"_blank\" rel=\"noopener noreferrer\">46\/2020 (2020. m\u00e1jus 12-i) sz\u00e1m\u00fa KT hat\u00e1rozat<\/a> a jubileumi d\u00edszoklevelek adom\u00e1nyoz\u00e1s\u00e1r\u00f3l<br \/>\n&nbsp;<\/p>\n","protected":false},"author":101136,"featured_media":0,"parent":1141,"menu_order":0,"comment_status":"closed","ping_status":"closed","template":"","meta":{"_acf_changed":false,"footnotes":""},"categories":[],"tags":[],"class_list":["post-24249","page","type-page","status-publish","hentry"],"acf":[],"publishpress_future_action":{"enabled":false,"date":"1970-01-01 01:00:00","action":"","terms":[],"taxonomy":"","browser_timezone_offset":0},"_links":{"self":[{"href":"https:\/\/semmelweis.hu\/aok\/wp-json\/wp\/v2\/pages\/24249","targetHints":{"allow":["GET"]}}],"collection":[{"href":"https:\/\/semmelweis.hu\/aok\/wp-json\/wp\/v2\/pages"}],"about":[{"href":"https:\/\/semmelweis.hu\/aok\/wp-json\/wp\/v2\/types\/page"}],"author":[{"embeddable":true,"href":"https:\/\/semmelweis.hu\/aok\/wp-json\/wp\/v2\/users\/101136"}],"replies":[{"embeddable":true,"href":"https:\/\/semmelweis.hu\/aok\/wp-json\/wp\/v2\/comments?post=24249"}],"version-history":[{"count":3,"href":"https:\/\/semmelweis.hu\/aok\/wp-json\/wp\/v2\/pages\/24249\/revisions"}],"predecessor-version":[{"id":24257,"href":"https:\/\/semmelweis.hu\/aok\/wp-json\/wp\/v2\/pages\/24249\/revisions\/24257"}],"up":[{"embeddable":true,"href":"https:\/\/semmelweis.hu\/aok\/wp-json\/wp\/v2\/pages\/1141"}],"wp:attachment":[{"href":"https:\/\/semmelweis.hu\/aok\/wp-json\/wp\/v2\/media?parent=24249"}],"wp:term":[{"taxonomy":"category","embeddable":true,"href":"https:\/\/semmelweis.hu\/aok\/wp-json\/wp\/v2\/categories?post=24249"},{"taxonomy":"post_tag","embeddable":true,"href":"https:\/\/semmelweis.hu\/aok\/wp-json\/wp\/v2\/tags?post=24249"}],"curies":[{"name":"wp","href":"https:\/\/api.w.org\/{rel}","templated":true}]}}