{"id":24091,"date":"2020-04-20T13:50:59","date_gmt":"2020-04-20T11:50:59","guid":{"rendered":"http:\/\/semmelweis.hu\/aok\/?page_id=24091"},"modified":"2020-05-04T15:12:25","modified_gmt":"2020-05-04T13:12:25","slug":"2020-aprilis-14-i-hatarozatok","status":"publish","type":"page","link":"https:\/\/semmelweis.hu\/aok\/a-karrol\/kari-tanacs\/a-kari-tanacs-hatarozatai\/2020-aprilis-14-i-hatarozatok\/","title":{"rendered":"2020. \u00c1PRILIS 14-I HAT\u00c1ROZATOK"},"content":{"rendered":"<p style=\"text-align: justify\"><strong><a href=\"https:\/\/semmelweis.hu\/aok\/files\/2020\/04\/29_hatarozat_igazgat\u00f3i-tansz\u00e9kvezet\u0151i.pdf\" target=\"_blank\" rel=\"noopener noreferrer\">29\/2020 (2020. \u00e1prilis 14-i) sz\u00e1m\u00fa KT hat\u00e1rozat<\/a>\u00a0<\/strong><span style=\"float: none;background-color: #ffffff;color: #1e2326;cursor: text;font-family: 'PT serif',serif;font-size: 20px;font-style: normal;font-variant: normal;font-weight: 400;letter-spacing: normal;text-align: left;text-decoration: none;text-indent: 0px;text-transform: none\">a karon meghirdetett igazgat\u00f3i, tansz\u00e9kvezet\u0151i \u00e1ll\u00e1sokra p\u00e1ly\u00e1z\u00f3kr\u00f3l<\/span><\/p>\n<p style=\"text-align: justify\"><strong><a href=\"https:\/\/semmelweis.hu\/aok\/files\/2020\/04\/30_hatarozat_docensi.pdf\" target=\"_blank\" rel=\"noopener noreferrer\">30\/2020 (2020. \u00e1prilis 14-i) sz\u00e1m\u00fa KT hat\u00e1rozat<\/a><\/strong><b>\u00a0<\/b>a karon meghirdetett egyetemi docensi \u00e1ll\u00e1sokra p\u00e1ly\u00e1z\u00f3kr\u00f3l<\/p>\n<p style=\"text-align: justify\"><strong><a href=\"https:\/\/semmelweis.hu\/aok\/files\/2020\/04\/31_hatarozat_docensi_kinevez\u00e9sek_felt\u00e9telrendszere.pdf\" target=\"_blank\" rel=\"noopener noreferrer\">31\/2020 (2020. \u00e1prilis 14-i) sz\u00e1m\u00fa KT hat\u00e1rozat<\/a><\/strong><b>\u00a0<\/b><span style=\"float: none;background-color: #ffffff;color: #1e2326;cursor: text;font-family: 'PT serif',serif;font-size: 20px;font-style: normal;font-variant: normal;font-weight: 400;letter-spacing: normal;text-align: left;text-decoration: none;text-indent: 0px;text-transform: none\">az egyetemi docensi kinevez\u00e9sek minimum felt\u00e9telrendszer\u00e9r\u0151l az \u00c1OK-n<\/span><\/p>\n<p style=\"text-align: justify\"><strong><a href=\"https:\/\/semmelweis.hu\/aok\/files\/2020\/04\/32_hatarozat_zv_bizottsagok.pdf\" target=\"_blank\" rel=\"noopener noreferrer\">32\/2020 (2020. \u00e1prilis 14-i) sz\u00e1m\u00fa KT hat\u00e1rozat<\/a><\/strong><b>\u00a0<\/b>a 2020. \u00e9vi sz\u00f3beli z\u00e1r\u00f3vizsga-bizotts\u00e1gok eln\u00f6keire \u00e9s tagjaira vonatkoz\u00f3 javaslatr\u00f3l\u00a0<\/p>\n<p style=\"text-align: justify\"><strong><a href=\"https:\/\/semmelweis.hu\/aok\/files\/2020\/04\/33_hatarozat_kurrikulum-m\u00f3dos\u00edt\u00e1s\u00e1r\u00f3l.pdf\" target=\"_blank\" rel=\"noopener noreferrer\">33\/2020 (2020. \u00e1prilis 14-i) sz\u00e1m\u00fa KT hat\u00e1rozat<\/a><\/strong><b>\u00a0<\/b><span style=\"float: none;background-color: #ffffff;color: #1e2326;cursor: text;font-family: 'PT serif',serif;font-size: 20px;font-style: normal;font-variant: normal;font-weight: 400;letter-spacing: normal;text-align: left;text-decoration: none;text-indent: 0px;text-transform: none\">a 2019\/2020-as tan\u00e9vt\u0151l bevezetett magyar nyelv\u0171 k\u00e9pz\u00e9s kurrikulum m\u00f3dos\u00edt\u00e1s\u00e1r\u00f3l (benne a 2020\/2021-es tan\u00e9vet \u00e9rint\u0151 \u00e1tmeneti m\u00f3dos\u00edt\u00e1sokr\u00f3l)<\/span><\/p>\n<p style=\"text-align: justify\"><a href=\"https:\/\/semmelweis.hu\/aok\/files\/2020\/05\/34_hatarozat_endokrinol\u00f3giai_tansz\u00e9k_l\u00e9trehoz\u00e1sa-2.pdf\" target=\"_blank\" rel=\"noopener noreferrer\"><strong>34\/2020<\/strong> <strong>(2020. \u00e1prilis 14-i) sz\u00e1m\u00fa KT hat\u00e1rozat<\/strong><\/a> az Endokrinol\u00f3giai Tansz\u00e9k l\u00e9trehoz\u00e1s\u00e1r\u00f3l a Belgy\u00f3gy\u00e1szati \u00e9s Onkol\u00f3giai Klinik\u00e1n<\/p>\n<p style=\"text-align: justify\"><strong><a href=\"https:\/\/semmelweis.hu\/aok\/files\/2020\/05\/35_hatarozat_Biok\u00e9mia_\u00e9s-Molekul\u00e1ris_Biol\u00f3gia_Int\u00e9zet_l\u00e9trehoz\u00e1sa.pdf\" target=\"_blank\" rel=\"noopener noreferrer\">35\/2020 (2020. \u00e1prilis 14-i) sz\u00e1m\u00fa KT hat\u00e1rozat<\/a><\/strong> a <span style=\"float: none;background-color: #ffffff;color: #1e2326;cursor: text;font-family: 'PT serif',serif;font-size: 20px;font-style: normal;font-variant: normal;font-weight: 400;letter-spacing: normal;text-align: left;text-decoration: none;text-indent: 0px;text-transform: none\">Biok\u00e9miai \u00e9s Molekul\u00e1ris Biol\u00f3giai Int\u00e9zet l\u00e9trehoz\u00e1s\u00e1r\u00f3l az Orvosi Biok\u00e9miai Int\u00e9zet, valamint az Orvosi Vegytani, Molekul\u00e1ris Biol\u00f3giai \u00e9s Patobiok\u00e9miai Int\u00e9zet \u00f6sszevon\u00e1s\u00e1val<\/span><\/p>\n<p style=\"text-align: justify\"><strong><a href=\"https:\/\/semmelweis.hu\/aok\/files\/2020\/04\/36_hatarozat_onkoltseg.pdf\" target=\"_blank\" rel=\"noopener noreferrer\">36\/2020 (2020. \u00e1prilis 14-i) sz\u00e1m\u00fa KT hat\u00e1rozat<\/a><\/strong>\u00a0a 2021\/2022-es tan\u00e9v hallgat\u00f3i \u00f6nk\u00f6lts\u00e9g (k\u00e9pz\u00e9si) d\u00edjt\u00e9tel\u00e9re vonatkoz\u00f3 javaslatr\u00f3l<\/p>\n<p style=\"text-align: justify\"><strong><a href=\"https:\/\/semmelweis.hu\/aok\/files\/2020\/04\/37_hatarozat_szabval.pdf\" target=\"_blank\" rel=\"noopener noreferrer\">37\/2020 (2020. \u00e1prilis 14-i) sz\u00e1m\u00fa KT hat\u00e1rozat <\/a><\/strong><span style=\"float: none;background-color: #ffffff;color: #1e2326;cursor: text;font-family: 'PT serif',serif;font-size: 20px;font-style: normal;font-variant: normal;font-weight: 400;letter-spacing: normal;text-align: left;text-decoration: none;text-indent: 0px;text-transform: none\">a &#8222;Systems Neuroscience I-VII&#8221; szabadon v\u00e1laszthat\u00f3 tant\u00e1rgyak k\u00f6vetelm\u00e9nyrendszereinek m\u00f3dos\u00edt\u00e1s\u00e1ra vonatkoz\u00f3 javaslatr\u00f3l<\/span><\/p>\n<p style=\"text-align: justify\"><a href=\"https:\/\/semmelweis.hu\/aok\/files\/2020\/04\/38_hatarozat_SZMR.pdf\" target=\"_blank\" rel=\"noopener noreferrer\"><strong>38\/2020 (2020. \u00e1prilis 14-i) sz\u00e1m\u00fa KT hat\u00e1rozat<\/strong><\/a><strong>\u00a0<\/strong>a kari Szervezeti \u00e9s M\u0171k\u00f6d\u00e9si Rend m\u00f3dos\u00edt\u00e1s\u00e1r\u00f3l<\/p>\n<p style=\"text-align: justify\"><strong><a href=\"https:\/\/semmelweis.hu\/aok\/files\/2020\/04\/39_hatarozat_Professor_Emeritus_szab\u00e1lyzat_m\u00f3dos\u00edt\u00e1sa.pdf\" target=\"_blank\" rel=\"noopener noreferrer\">39\/2020 (2020. \u00e1prilis 14-i) sz\u00e1m\u00fa KT hat\u00e1rozat<\/a><\/strong>\u00a0a &#8222;Professor Emeritus&#8221; c\u00edm adom\u00e1nyoz\u00e1s\u00e1ra \u00e9s visel\u00e9s\u00e9re vonatkoz\u00f3 kari felt\u00e9telrendszer fel\u00fclvizsg\u00e1lat\u00e1r\u00f3l<\/p>\n<p style=\"text-align: justify\"><strong><a href=\"https:\/\/semmelweis.hu\/aok\/files\/2020\/04\/40_hatarozat_omhv.pdf\" target=\"_blank\" rel=\"noopener noreferrer\">40\/2020 (2020. \u00e1prilis 14-i) sz\u00e1m\u00fa KT hat\u00e1rozat<\/a><\/strong><b>\u00a0<\/b>a kari Oktat\u00f3i Munka Hallgat\u00f3i V\u00e9lem\u00e9nyez\u00e9s\u00e9nek Rendj\u00e9r\u0151l sz\u00f3l\u00f3 fel\u00fclvizsg\u00e1latr\u00f3l<\/p>\n<p style=\"text-align: justify\"><strong><a href=\"https:\/\/semmelweis.hu\/aok\/files\/2020\/04\/41_hatarozat_demonstrator.pdf\" target=\"_blank\" rel=\"noopener noreferrer\">41\/2020 (2020. \u00e1prilis 14-i) sz\u00e1m\u00fa KT hat\u00e1rozat<\/a><\/strong><b>\u00a0<\/b><span style=\"float: none;background-color: #ffffff;color: #1e2326;cursor: text;font-family: 'PT serif',serif;font-size: 20px;font-style: normal;font-variant: normal;font-weight: 400;letter-spacing: normal;text-align: left;text-decoration: none;text-indent: 0px;text-transform: none\">a kari Demonstr\u00e1tori Szab\u00e1lyzat hat\u00e1lyon k\u00edv\u00fcl helyez\u00e9s\u00e9r\u0151l<\/span><\/p>\n","protected":false},"excerpt":{"rendered":"<p><a href=\"https:\/\/semmelweis.hu\/aok\/files\/2020\/04\/29_hatarozat_igazgat\u00f3i-tansz\u00e9kvezet\u0151i.pdf\" target=\"_blank\" rel=\"noopener noreferrer\">29\/2020 (2020. \u00e1prilis 14-i) sz\u00e1m\u00fa KT hat\u00e1rozat<\/a> \u00a0a karon meghirdetett igazgat\u00f3i, tansz\u00e9kvezet\u0151i \u00e1ll\u00e1sokra p\u00e1ly\u00e1z\u00f3kr\u00f3l <a href=\"https:\/\/semmelweis.hu\/aok\/files\/2020\/04\/30_hatarozat_docensi.pdf\" target=\"_blank\" rel=\"noopener noreferrer\">30\/2020 (2020. \u00e1prilis 14-i) sz\u00e1m\u00fa KT hat\u00e1rozat<\/a> \u00a0a karon meghirdetett egyetemi docensi \u00e1ll\u00e1sokra p\u00e1ly\u00e1z\u00f3kr\u00f3l <a href=\"https:\/\/semmelweis.hu\/aok\/files\/2020\/04\/31_hatarozat_docensi_kinevez\u00e9sek_felt\u00e9telrendszere.pdf\" target=\"_blank\" rel=\"noopener noreferrer\">31\/2020 (2020. \u00e1prilis 14-i) sz\u00e1m\u00fa KT hat\u00e1rozat<\/a> \u00a0az egyetemi docensi kinevez\u00e9sek minimum felt\u00e9telrendszer\u00e9r\u0151l az \u00c1OK-n <a href=\"https:\/\/semmelweis.hu\/aok\/files\/2020\/04\/32_hatarozat_zv_bizottsagok.pdf\" target=\"_blank\" rel=\"noopener noreferrer\">32\/2020 (2020. \u00e1prilis 14-i) sz\u00e1m\u00fa KT hat\u00e1rozat<\/a> \u00a0a 2020. \u00e9vi sz\u00f3beli z\u00e1r\u00f3vizsga-bizotts\u00e1gok eln\u00f6keire \u00e9s tagjaira vonatkoz\u00f3 javaslatr\u00f3l\u00a0 <a href=\"https:\/\/semmelweis.hu\/aok\/files\/2020\/04\/33_hatarozat_kurrikulum-m\u00f3dos\u00edt\u00e1s\u00e1r\u00f3l.pdf\" target=\"_blank\" rel=\"noopener noreferrer\">33\/2020 (2020. \u00e1prilis 14-i) sz\u00e1m\u00fa KT hat\u00e1rozat<\/a> \u00a0a 2019\/2020-as tan\u00e9vt\u0151l bevezetett magyar nyelv\u0171 k\u00e9pz\u00e9s kurrikulum m\u00f3dos\u00edt\u00e1s\u00e1r\u00f3l (benne a 2020\/2021-es tan\u00e9vet \u00e9rint\u0151 \u00e1tmeneti m\u00f3dos\u00edt\u00e1sokr\u00f3l) <a href=\"https:\/\/semmelweis.hu\/aok\/files\/2020\/05\/34_hatarozat_endokrinol\u00f3giai_tansz\u00e9k_l\u00e9trehoz\u00e1sa-2.pdf\" target=\"_blank\" rel=\"noopener noreferrer\">34\/2020 (2020. \u00e1prilis 14-i) sz\u00e1m\u00fa KT hat\u00e1rozat<\/a> az Endokrinol\u00f3giai Tansz\u00e9k l\u00e9trehoz\u00e1s\u00e1r\u00f3l a Belgy\u00f3gy\u00e1szati \u00e9s &hellip;<\/p>\n","protected":false},"author":101136,"featured_media":0,"parent":1141,"menu_order":0,"comment_status":"closed","ping_status":"closed","template":"","meta":{"_acf_changed":false,"footnotes":""},"categories":[],"tags":[],"class_list":["post-24091","page","type-page","status-publish","hentry"],"acf":[],"publishpress_future_action":{"enabled":false,"date":"1970-01-01 01:00:00","action":"","terms":[],"taxonomy":"","browser_timezone_offset":0},"_links":{"self":[{"href":"https:\/\/semmelweis.hu\/aok\/wp-json\/wp\/v2\/pages\/24091","targetHints":{"allow":["GET"]}}],"collection":[{"href":"https:\/\/semmelweis.hu\/aok\/wp-json\/wp\/v2\/pages"}],"about":[{"href":"https:\/\/semmelweis.hu\/aok\/wp-json\/wp\/v2\/types\/page"}],"author":[{"embeddable":true,"href":"https:\/\/semmelweis.hu\/aok\/wp-json\/wp\/v2\/users\/101136"}],"replies":[{"embeddable":true,"href":"https:\/\/semmelweis.hu\/aok\/wp-json\/wp\/v2\/comments?post=24091"}],"version-history":[{"count":10,"href":"https:\/\/semmelweis.hu\/aok\/wp-json\/wp\/v2\/pages\/24091\/revisions"}],"predecessor-version":[{"id":24143,"href":"https:\/\/semmelweis.hu\/aok\/wp-json\/wp\/v2\/pages\/24091\/revisions\/24143"}],"up":[{"embeddable":true,"href":"https:\/\/semmelweis.hu\/aok\/wp-json\/wp\/v2\/pages\/1141"}],"wp:attachment":[{"href":"https:\/\/semmelweis.hu\/aok\/wp-json\/wp\/v2\/media?parent=24091"}],"wp:term":[{"taxonomy":"category","embeddable":true,"href":"https:\/\/semmelweis.hu\/aok\/wp-json\/wp\/v2\/categories?post=24091"},{"taxonomy":"post_tag","embeddable":true,"href":"https:\/\/semmelweis.hu\/aok\/wp-json\/wp\/v2\/tags?post=24091"}],"curies":[{"name":"wp","href":"https:\/\/api.w.org\/{rel}","templated":true}]}}