{"id":23791,"date":"2020-02-17T11:09:11","date_gmt":"2020-02-17T10:09:11","guid":{"rendered":"http:\/\/semmelweis.hu\/aok\/?page_id=23791"},"modified":"2020-02-17T11:09:11","modified_gmt":"2020-02-17T10:09:11","slug":"2020-februar-11-i-hatarozatok","status":"publish","type":"page","link":"https:\/\/semmelweis.hu\/aok\/a-karrol\/kari-tanacs\/a-kari-tanacs-hatarozatai\/2020-februar-11-i-hatarozatok\/","title":{"rendered":"2020. FEBRU\u00c1R 11-I HAT\u00c1ROZATOK"},"content":{"rendered":"<p style=\"text-align: justify\"><strong><a href=\"https:\/\/semmelweis.hu\/aok\/files\/2020\/02\/26_a_docensi_alairt_hat.pdf\" target=\"_blank\" rel=\"noopener noreferrer\">26\/a\/2020 (2020. febru\u00e1r 11-i) sz\u00e1m\u00fa KT hat\u00e1rozat<\/a> <\/strong>a karon meghirdetett egyetemi docensi \u00e1ll\u00e1sokra p\u00e1ly\u00e1z\u00f3kr\u00f3l<\/p>\n<p style=\"text-align: justify\"><strong><a href=\"https:\/\/semmelweis.hu\/aok\/files\/2020\/02\/26_b_kutatoprofesszori_ala\u00edrt_hat.pdf\" target=\"_blank\" rel=\"noopener noreferrer\">26\/b\/2020 (2020. febru\u00e1r 11-i) sz\u00e1m\u00fa KT hat\u00e1rozat<\/a><\/strong> a karon meghirdetett kutat\u00f3professzori \u00e1ll\u00e1sokra p\u00e1ly\u00e1z\u00f3kr\u00f3l<\/p>\n<p style=\"text-align: justify\"><strong><a href=\"https:\/\/semmelweis.hu\/aok\/files\/2020\/02\/26_c_tudomanyos_fomunkatarsi_alairt_hat.pdf\" target=\"_blank\" rel=\"noopener noreferrer\">26\/c\/2020 (2020. febru\u00e1r 11-i) sz\u00e1m\u00fa KT hat\u00e1rozat<\/a> <\/strong>a karon meghirdetett tudom\u00e1nyos f\u0151munkat\u00e1rsi \u00e1ll\u00e1sra p\u00e1ly\u00e1z\u00f3kr\u00f3l<\/p>\n<p style=\"text-align: justify\"><strong><a href=\"https:\/\/semmelweis.hu\/aok\/files\/2020\/02\/27_jubileumi_oklevel_alairt_hat.pdf\" target=\"_blank\" rel=\"noopener noreferrer\">27\/2020 (2020. febru\u00e1r 11-i) sz\u00e1m\u00fa KT hat\u00e1rozat<\/a> <\/strong>a jubileumi d\u00edszoklevelek adom\u00e1nyoz\u00e1s\u00e1ra hat\u00e1rid\u0151n t\u00fal be\u00e9rkezett k\u00e9relmek elb\u00edr\u00e1l\u00e1s\u00e1ra vonatkoz\u00f3 javaslatr\u00f3l<\/p>\n<p style=\"text-align: justify\"><strong><a href=\"https:\/\/semmelweis.hu\/aok\/files\/2020\/02\/28_nyari_gyak_apolastan_belgy_sebeszet_ala\u00edrt_hat.pdf\" target=\"_blank\" rel=\"noopener noreferrer\">28\/2020 (2020. febru\u00e1r 11-i) sz\u00e1m\u00fa KT hat\u00e1rozat<\/a> <\/strong>az \u00e1pol\u00e1stan, belgy\u00f3gy\u00e1szat, valamint seb\u00e9szet ny\u00e1ri gyakorlat k\u00f6vetelm\u00e9nyrendszereinek m\u00f3dos\u00edt\u00e1s\u00e1ra \u00e9s a t\u00e9telsorok elfogad\u00e1s\u00e1ra vonatkoz\u00f3 javaslatr\u00f3l<\/p>\n<p style=\"padding-left: 40px\">mell\u00e9klet (\u00e1pol\u00e1stan)<\/p>\n<p style=\"padding-left: 40px\"><a href=\"https:\/\/semmelweis.hu\/aok\/files\/2020\/02\/apolastan_alairt_kovetelmenyrendszer.pdf\" target=\"_blank\" rel=\"noopener noreferrer\">k\u00f6vetelm\u00e9nyrendszer<\/a>\u00a0\u00a0 \u00a0 \u00a0 \u00a0<a href=\"https:\/\/semmelweis.hu\/aok\/files\/2020\/02\/%C3%81POL%C3%81STAN-GYAKORLAT_t%C3%A9telsor.pdf\" target=\"_blank\" rel=\"noopener noreferrer\">\u00a0t\u00e9telsor<\/a><\/p>\n<p style=\"padding-left: 40px\">mell\u00e9klet (belgy\u00f3gy\u00e1szat)<\/p>\n<p style=\"padding-left: 40px\"><a href=\"https:\/\/semmelweis.hu\/aok\/files\/2020\/02\/belgyogyaszat_alairt_kovetelmenyrendszer.pdf\" target=\"_blank\" rel=\"noopener noreferrer\">k\u00f6vetelm\u00e9nyrendszer<\/a>\u00a0\u00a0 \u00a0 \u00a0 \u00a0<a href=\"https:\/\/semmelweis.hu\/aok\/files\/2020\/02\/BELGY%C3%93GY%C3%81SZAT-NY%C3%81RI-GYAKORLAT_t%C3%A9telsor.pdf\" target=\"_blank\" rel=\"noopener noreferrer\">t\u00e9telsor<\/a><\/p>\n<p style=\"padding-left: 40px\">mell\u00e9ket (seb\u00e9szet)<\/p>\n<p style=\"padding-left: 40px\"><a href=\"https:\/\/semmelweis.hu\/aok\/files\/2020\/02\/sebeszet_alairt_kovetelmenyrendszer.pdf\" target=\"_blank\" rel=\"noopener noreferrer\">k\u00f6vetelm\u00e9nyrendszer<\/a>\u00a0\u00a0 \u00a0 \u00a0 \u00a0<a href=\"https:\/\/semmelweis.hu\/aok\/files\/2020\/02\/SEB%C3%89SZET-NY%C3%81RI-GYAKORLAT_t%C3%A9telsor.pdf\" target=\"_blank\" rel=\"noopener noreferrer\">t\u00e9telsor<\/a><\/p>\n","protected":false},"excerpt":{"rendered":"<p><a href=\"https:\/\/semmelweis.hu\/aok\/files\/2020\/02\/26_a_docensi_alairt_hat.pdf\" target=\"_blank\" rel=\"noopener noreferrer\">26\/a\/2020 (2020. febru\u00e1r 11-i) sz\u00e1m\u00fa KT hat\u00e1rozat<\/a> a karon meghirdetett egyetemi docensi \u00e1ll\u00e1sokra p\u00e1ly\u00e1z\u00f3kr\u00f3l <a href=\"https:\/\/semmelweis.hu\/aok\/files\/2020\/02\/26_b_kutatoprofesszori_ala\u00edrt_hat.pdf\" target=\"_blank\" rel=\"noopener noreferrer\">26\/b\/2020 (2020. febru\u00e1r 11-i) sz\u00e1m\u00fa KT hat\u00e1rozat<\/a> a karon meghirdetett kutat\u00f3professzori \u00e1ll\u00e1sokra p\u00e1ly\u00e1z\u00f3kr\u00f3l <a href=\"https:\/\/semmelweis.hu\/aok\/files\/2020\/02\/26_c_tudomanyos_fomunkatarsi_alairt_hat.pdf\" target=\"_blank\" rel=\"noopener noreferrer\">26\/c\/2020 (2020. febru\u00e1r 11-i) sz\u00e1m\u00fa KT hat\u00e1rozat<\/a> a karon meghirdetett tudom\u00e1nyos f\u0151munkat\u00e1rsi \u00e1ll\u00e1sra p\u00e1ly\u00e1z\u00f3kr\u00f3l <a href=\"https:\/\/semmelweis.hu\/aok\/files\/2020\/02\/27_jubileumi_oklevel_alairt_hat.pdf\" target=\"_blank\" rel=\"noopener noreferrer\">27\/2020 (2020. febru\u00e1r 11-i) sz\u00e1m\u00fa KT hat\u00e1rozat<\/a> a jubileumi d\u00edszoklevelek adom\u00e1nyoz\u00e1s\u00e1ra hat\u00e1rid\u0151n t\u00fal be\u00e9rkezett k\u00e9relmek elb\u00edr\u00e1l\u00e1s\u00e1ra vonatkoz\u00f3 javaslatr\u00f3l <a href=\"https:\/\/semmelweis.hu\/aok\/files\/2020\/02\/28_nyari_gyak_apolastan_belgy_sebeszet_ala\u00edrt_hat.pdf\" target=\"_blank\" rel=\"noopener noreferrer\">28\/2020 (2020. febru\u00e1r 11-i) sz\u00e1m\u00fa KT hat\u00e1rozat<\/a> az \u00e1pol\u00e1stan, belgy\u00f3gy\u00e1szat, valamint seb\u00e9szet ny\u00e1ri gyakorlat k\u00f6vetelm\u00e9nyrendszereinek m\u00f3dos\u00edt\u00e1s\u00e1ra \u00e9s a t\u00e9telsorok elfogad\u00e1s\u00e1ra vonatkoz\u00f3 javaslatr\u00f3l mell\u00e9klet (\u00e1pol\u00e1stan) <a href=\"https:\/\/semmelweis.hu\/aok\/files\/2020\/02\/apolastan_alairt_kovetelmenyrendszer.pdf\" target=\"_blank\" rel=\"noopener noreferrer\">k\u00f6vetelm\u00e9nyrendszer<\/a> \u00a0\u00a0 \u00a0 \u00a0 \u00a0 <a href=\"https:\/\/semmelweis.hu\/aok\/files\/2020\/02\/%C3%81POL%C3%81STAN-GYAKORLAT_t%C3%A9telsor.pdf\" target=\"_blank\" rel=\"noopener noreferrer\">\u00a0t\u00e9telsor<\/a> mell\u00e9klet (belgy\u00f3gy\u00e1szat) <a href=\"https:\/\/semmelweis.hu\/aok\/files\/2020\/02\/belgyogyaszat_alairt_kovetelmenyrendszer.pdf\" target=\"_blank\" rel=\"noopener noreferrer\">k\u00f6vetelm\u00e9nyrendszer<\/a> \u00a0\u00a0 &hellip;<\/p>\n","protected":false},"author":101136,"featured_media":0,"parent":1141,"menu_order":0,"comment_status":"closed","ping_status":"closed","template":"","meta":{"_acf_changed":false,"footnotes":""},"categories":[],"tags":[],"class_list":["post-23791","page","type-page","status-publish","hentry"],"acf":[],"publishpress_future_action":{"enabled":false,"date":"1970-01-01 01:00:00","action":"","terms":[],"taxonomy":"","browser_timezone_offset":0},"_links":{"self":[{"href":"https:\/\/semmelweis.hu\/aok\/wp-json\/wp\/v2\/pages\/23791","targetHints":{"allow":["GET"]}}],"collection":[{"href":"https:\/\/semmelweis.hu\/aok\/wp-json\/wp\/v2\/pages"}],"about":[{"href":"https:\/\/semmelweis.hu\/aok\/wp-json\/wp\/v2\/types\/page"}],"author":[{"embeddable":true,"href":"https:\/\/semmelweis.hu\/aok\/wp-json\/wp\/v2\/users\/101136"}],"replies":[{"embeddable":true,"href":"https:\/\/semmelweis.hu\/aok\/wp-json\/wp\/v2\/comments?post=23791"}],"version-history":[{"count":8,"href":"https:\/\/semmelweis.hu\/aok\/wp-json\/wp\/v2\/pages\/23791\/revisions"}],"predecessor-version":[{"id":23804,"href":"https:\/\/semmelweis.hu\/aok\/wp-json\/wp\/v2\/pages\/23791\/revisions\/23804"}],"up":[{"embeddable":true,"href":"https:\/\/semmelweis.hu\/aok\/wp-json\/wp\/v2\/pages\/1141"}],"wp:attachment":[{"href":"https:\/\/semmelweis.hu\/aok\/wp-json\/wp\/v2\/media?parent=23791"}],"wp:term":[{"taxonomy":"category","embeddable":true,"href":"https:\/\/semmelweis.hu\/aok\/wp-json\/wp\/v2\/categories?post=23791"},{"taxonomy":"post_tag","embeddable":true,"href":"https:\/\/semmelweis.hu\/aok\/wp-json\/wp\/v2\/tags?post=23791"}],"curies":[{"name":"wp","href":"https:\/\/api.w.org\/{rel}","templated":true}]}}