{"id":23574,"date":"2020-01-30T08:56:22","date_gmt":"2020-01-30T07:56:22","guid":{"rendered":"http:\/\/semmelweis.hu\/aok\/?page_id=23574"},"modified":"2020-01-30T08:56:22","modified_gmt":"2020-01-30T07:56:22","slug":"2020-januar-28-i-hatarozatok-elektronikus-szavazas","status":"publish","type":"page","link":"https:\/\/semmelweis.hu\/aok\/a-karrol\/kari-tanacs\/a-kari-tanacs-hatarozatai\/2020-januar-28-i-hatarozatok-elektronikus-szavazas\/","title":{"rendered":"2020. JANU\u00c1R 28-I HAT\u00c1ROZATOK \u2013 ELEKTRONIKUS SZAVAZ\u00c1S"},"content":{"rendered":"<p><strong><a href=\"https:\/\/semmelweis.hu\/aok\/files\/2020\/01\/24_2020_hat_belklinikaosszeolvad\u00e1s.pdf\" target=\"_blank\" rel=\"noopener noreferrer\">24\/2020 (2020. janu\u00e1r 28-i) sz\u00e1m\u00fa hat\u00e1rozat a II. Sz. Belgy\u00f3gy\u00e1szati Klinika \u00e9s a III. Sz. Belgy\u00f3gy\u00e1szati Klinika \u00f6sszevon\u00e1s\u00e1r\u00f3l<\/a><\/strong><\/p>\n<p><strong><a href=\"https:\/\/semmelweis.hu\/aok\/files\/2020\/01\/25_2020_hat_szabval.pdf\" target=\"_blank\" rel=\"noopener noreferrer\">25\/2020 (2020. janu\u00e1r 28-i) sz\u00e1m\u00fa hat\u00e1rozat az &#8222;Adatok \u00e1br\u00e1zol\u00e1sa a bioinformatik\u00e1ban \u00e9s a rendszerbiol\u00f3gi\u00e1ban&#8221; c\u00edm\u0171 szabadon v\u00e1laszthat\u00f3 tant\u00e1rgy bevezet\u00e9s\u00e9re vonatkoz\u00f3 javaslatr\u00f3l<\/a><\/strong><\/p>\n<p style=\"padding-left: 40px\">\u00a0<\/p>\n","protected":false},"excerpt":{"rendered":"<p><a href=\"https:\/\/semmelweis.hu\/aok\/files\/2020\/01\/24_2020_hat_belklinikaosszeolvad\u00e1s.pdf\" target=\"_blank\" rel=\"noopener noreferrer\">24\/2020 (2020. janu\u00e1r 28-i) sz\u00e1m\u00fa hat\u00e1rozat a II. Sz. Belgy\u00f3gy\u00e1szati Klinika \u00e9s a III. Sz. Belgy\u00f3gy\u00e1szati Klinika \u00f6sszevon\u00e1s\u00e1r\u00f3l<\/a><br \/>\n<a href=\"https:\/\/semmelweis.hu\/aok\/files\/2020\/01\/25_2020_hat_szabval.pdf\" target=\"_blank\" rel=\"noopener noreferrer\">25\/2020 (2020. janu\u00e1r 28-i) sz\u00e1m\u00fa hat\u00e1rozat az &#8222;Adatok \u00e1br\u00e1zol\u00e1sa a bioinformatik\u00e1ban \u00e9s a rendszerbiol\u00f3gi\u00e1ban&#8221; c\u00edm\u0171 szabadon v\u00e1laszthat\u00f3 tant\u00e1rgy bevezet\u00e9s\u00e9re vonatkoz\u00f3 javaslatr\u00f3l<\/a><br \/>\n\u00a0<\/p>\n","protected":false},"author":101136,"featured_media":0,"parent":1141,"menu_order":0,"comment_status":"closed","ping_status":"closed","template":"","meta":{"_acf_changed":false,"footnotes":""},"categories":[],"tags":[],"class_list":["post-23574","page","type-page","status-publish","hentry"],"acf":[],"publishpress_future_action":{"enabled":false,"date":"1970-01-01 01:00:00","action":"","terms":[],"taxonomy":"","browser_timezone_offset":0},"_links":{"self":[{"href":"https:\/\/semmelweis.hu\/aok\/wp-json\/wp\/v2\/pages\/23574","targetHints":{"allow":["GET"]}}],"collection":[{"href":"https:\/\/semmelweis.hu\/aok\/wp-json\/wp\/v2\/pages"}],"about":[{"href":"https:\/\/semmelweis.hu\/aok\/wp-json\/wp\/v2\/types\/page"}],"author":[{"embeddable":true,"href":"https:\/\/semmelweis.hu\/aok\/wp-json\/wp\/v2\/users\/101136"}],"replies":[{"embeddable":true,"href":"https:\/\/semmelweis.hu\/aok\/wp-json\/wp\/v2\/comments?post=23574"}],"version-history":[{"count":1,"href":"https:\/\/semmelweis.hu\/aok\/wp-json\/wp\/v2\/pages\/23574\/revisions"}],"predecessor-version":[{"id":23577,"href":"https:\/\/semmelweis.hu\/aok\/wp-json\/wp\/v2\/pages\/23574\/revisions\/23577"}],"up":[{"embeddable":true,"href":"https:\/\/semmelweis.hu\/aok\/wp-json\/wp\/v2\/pages\/1141"}],"wp:attachment":[{"href":"https:\/\/semmelweis.hu\/aok\/wp-json\/wp\/v2\/media?parent=23574"}],"wp:term":[{"taxonomy":"category","embeddable":true,"href":"https:\/\/semmelweis.hu\/aok\/wp-json\/wp\/v2\/categories?post=23574"},{"taxonomy":"post_tag","embeddable":true,"href":"https:\/\/semmelweis.hu\/aok\/wp-json\/wp\/v2\/tags?post=23574"}],"curies":[{"name":"wp","href":"https:\/\/api.w.org\/{rel}","templated":true}]}}