{"id":23534,"date":"2020-01-20T12:29:11","date_gmt":"2020-01-20T11:29:11","guid":{"rendered":"http:\/\/semmelweis.hu\/aok\/?page_id=23534"},"modified":"2020-01-20T12:29:11","modified_gmt":"2020-01-20T11:29:11","slug":"2020-januar-16-i-hatarozatok-elektronikus-szavazas","status":"publish","type":"page","link":"https:\/\/semmelweis.hu\/aok\/a-karrol\/kari-tanacs\/a-kari-tanacs-hatarozatai\/2020-januar-16-i-hatarozatok-elektronikus-szavazas\/","title":{"rendered":"2020. JANU\u00c1R 16-I HAT\u00c1ROZATOK \u2013 ELEKTRONIKUS SZAVAZ\u00c1S"},"content":{"rendered":"<p><strong><a href=\"https:\/\/semmelweis.hu\/aok\/files\/2020\/01\/22_2020_hat_szabadonvalaszthatotargy.pdf\" target=\"_blank\" rel=\"noopener noreferrer\">22\/2020 (2020. janu\u00e1r 16-i) sz\u00e1m\u00fa hat\u00e1rozat a &#8222;Network, management, career building &#8211; conditions, support and batteries&#8221; c\u00edm\u0171 szabadon v\u00e1laszthat\u00f3 tant\u00e1rgy bevezet\u00e9s\u00e9re vonatkoz\u00f3 javaslatr\u00f3l<\/a><\/strong><\/p>\n<p><strong><a href=\"https:\/\/semmelweis.hu\/aok\/files\/2020\/01\/23_2020_hat_elektivtargyak.pdf\" target=\"_blank\" rel=\"noopener noreferrer\">23\/2020 (2020. janu\u00e1r 16-i) sz\u00e1m\u00fa hat\u00e1rozat a hathetes elekt\u00edv VI. \u00e9ves t\u00e1rgyak k\u00f6vetelm\u00e9nyrendszereinek kieg\u00e9sz\u00edt\u00e9s\u00e9r\u0151l<\/a><\/strong><\/p>\n<p style=\"padding-left: 40px\"><a href=\"https:\/\/semmelweis.hu\/aok\/files\/2020\/01\/23_2020_hat_melleklet.pdf\" target=\"_blank\" rel=\"noopener noreferrer\">mell\u00e9klet<\/a><\/p>\n","protected":false},"excerpt":{"rendered":"<p><a href=\"https:\/\/semmelweis.hu\/aok\/files\/2020\/01\/22_2020_hat_szabadonvalaszthatotargy.pdf\" target=\"_blank\" rel=\"noopener noreferrer\">22\/2020 (2020. janu\u00e1r 16-i) sz\u00e1m\u00fa hat\u00e1rozat a &#8222;Network, management, career building &#8211; conditions, support and batteries&#8221; c\u00edm\u0171 szabadon v\u00e1laszthat\u00f3 tant\u00e1rgy bevezet\u00e9s\u00e9re vonatkoz\u00f3 javaslatr\u00f3l<\/a><br \/>\n<a href=\"https:\/\/semmelweis.hu\/aok\/files\/2020\/01\/23_2020_hat_elektivtargyak.pdf\" target=\"_blank\" rel=\"noopener noreferrer\">23\/2020 (2020. janu\u00e1r 16-i) sz\u00e1m\u00fa hat\u00e1rozat a hathetes elekt\u00edv VI. \u00e9ves t\u00e1rgyak k\u00f6vetelm\u00e9nyrendszereinek kieg\u00e9sz\u00edt\u00e9s\u00e9r\u0151l<\/a><br \/>\n<a href=\"https:\/\/semmelweis.hu\/aok\/files\/2020\/01\/23_2020_hat_melleklet.pdf\" target=\"_blank\" rel=\"noopener noreferrer\">mell\u00e9klet<\/a><\/p>\n","protected":false},"author":101136,"featured_media":0,"parent":1141,"menu_order":0,"comment_status":"closed","ping_status":"closed","template":"","meta":{"_acf_changed":false,"footnotes":""},"categories":[],"tags":[],"class_list":["post-23534","page","type-page","status-publish","hentry"],"acf":[],"publishpress_future_action":{"enabled":false,"date":"1970-01-01 01:00:00","action":"","terms":[],"taxonomy":"","browser_timezone_offset":0},"_links":{"self":[{"href":"https:\/\/semmelweis.hu\/aok\/wp-json\/wp\/v2\/pages\/23534","targetHints":{"allow":["GET"]}}],"collection":[{"href":"https:\/\/semmelweis.hu\/aok\/wp-json\/wp\/v2\/pages"}],"about":[{"href":"https:\/\/semmelweis.hu\/aok\/wp-json\/wp\/v2\/types\/page"}],"author":[{"embeddable":true,"href":"https:\/\/semmelweis.hu\/aok\/wp-json\/wp\/v2\/users\/101136"}],"replies":[{"embeddable":true,"href":"https:\/\/semmelweis.hu\/aok\/wp-json\/wp\/v2\/comments?post=23534"}],"version-history":[{"count":3,"href":"https:\/\/semmelweis.hu\/aok\/wp-json\/wp\/v2\/pages\/23534\/revisions"}],"predecessor-version":[{"id":23540,"href":"https:\/\/semmelweis.hu\/aok\/wp-json\/wp\/v2\/pages\/23534\/revisions\/23540"}],"up":[{"embeddable":true,"href":"https:\/\/semmelweis.hu\/aok\/wp-json\/wp\/v2\/pages\/1141"}],"wp:attachment":[{"href":"https:\/\/semmelweis.hu\/aok\/wp-json\/wp\/v2\/media?parent=23534"}],"wp:term":[{"taxonomy":"category","embeddable":true,"href":"https:\/\/semmelweis.hu\/aok\/wp-json\/wp\/v2\/categories?post=23534"},{"taxonomy":"post_tag","embeddable":true,"href":"https:\/\/semmelweis.hu\/aok\/wp-json\/wp\/v2\/tags?post=23534"}],"curies":[{"name":"wp","href":"https:\/\/api.w.org\/{rel}","templated":true}]}}