{"id":23380,"date":"2019-12-13T10:06:52","date_gmt":"2019-12-13T09:06:52","guid":{"rendered":"http:\/\/semmelweis.hu\/aok\/?page_id=23380"},"modified":"2019-12-13T10:06:52","modified_gmt":"2019-12-13T09:06:52","slug":"2019-december-10-i-hatarozatok","status":"publish","type":"page","link":"https:\/\/semmelweis.hu\/aok\/a-karrol\/kari-tanacs\/a-kari-tanacs-hatarozatai\/2019-december-10-i-hatarozatok\/","title":{"rendered":"2019. DECEMBER 10-I HAT\u00c1ROZATOK"},"content":{"rendered":"<p style=\"text-align: justify\"><strong><a href=\"https:\/\/semmelweis.hu\/aok\/files\/2019\/12\/11_hat_igazgatoi_tanszekvezetoi.pdf\" target=\"_blank\" rel=\"noopener noreferrer\">11\/2019 (2019. december 10-i) sz\u00e1m\u00fa KT hat\u00e1rozat <\/a><\/strong>a karon meghirdetett igazgat\u00f3i \u00e9s tansz\u00e9kvezet\u0151i \u00e1ll\u00e1sokra p\u00e1ly\u00e1z\u00f3kr\u00f3l<\/p>\n<p style=\"text-align: justify\"><strong><a href=\"https:\/\/semmelweis.hu\/aok\/files\/2019\/12\/12_hat_egyetemi_tanari.pdf\" target=\"_blank\" rel=\"noopener noreferrer\">12\/2019 (2019. december 10-i) sz\u00e1m\u00fa KT hat\u00e1rozat<\/a><\/strong> a 2020. \u00e9vre karon meghirdetett egyetemi tan\u00e1ri \u00e1ll\u00e1sokra p\u00e1ly\u00e1z\u00f3kr\u00f3l<\/p>\n<p style=\"text-align: justify\"><strong><a href=\"https:\/\/semmelweis.hu\/aok\/files\/2019\/12\/13_hat_dekani_hivatal_ov_allas.pdf\" target=\"_blank\" rel=\"noopener noreferrer\">13\/2019 (2019. december 10-i) sz\u00e1m\u00fa KT hat\u00e1rozat <\/a><\/strong>az \u00c1ltal\u00e1nos Orvostudom\u00e1nyi Kar D\u00e9k\u00e1ni Hivatal,\u00a0 Tanulm\u00e1nyi Oszt\u00e1ly\u00e1n meghirdetett oszt\u00e1lyvezet\u0151i \u00e1ll\u00e1sra p\u00e1ly\u00e1z\u00f3r\u00f3l<\/p>\n<p style=\"text-align: justify\"><strong><a href=\"https:\/\/semmelweis.hu\/aok\/files\/2019\/12\/14_hat_kivalo_oktato.pdf\" target=\"_blank\" rel=\"noopener noreferrer\">14\/2019 (2019. december 10-i) sz\u00e1m\u00fa KT hat\u00e1rozat <\/a><\/strong>a &#8222;Semmelweis Egyetem Kiv\u00e1l\u00f3 Oktat\u00f3ja&#8221; kit\u00fcntet\u00e9s adom\u00e1nyoz\u00e1s\u00e1r\u00f3l<\/p>\n<p style=\"text-align: justify\"><strong><a href=\"https:\/\/semmelweis.hu\/aok\/files\/2019\/12\/15_hat_uj_kari_bizottsagok.pdf\" target=\"_blank\" rel=\"noopener noreferrer\">15\/2019 (2019. december 10-i) sz\u00e1m\u00fa KT hat\u00e1rozat <\/a><\/strong>a kar \u00e1ltal l\u00e9trehozott karon m\u0171k\u00f6d\u0151 \u00faj bizotts\u00e1gi strukt\u00fara kialak\u00edt\u00e1s\u00e1r\u00f3l, az Oktat\u00e1si Bizotts\u00e1g, OMVH Bizotts\u00e1g, Tudom\u00e1nyos Bizotts\u00e1g, Akkredit\u00e1ci\u00f3s Bizotts\u00e1g l\u00e9trehoz\u00e1s\u00e1r\u00f3l \u00e9s a kor\u00e1bbi bizotts\u00e1gok megsz\u00fcntet\u00e9s\u00e9r\u0151l<\/p>\n<p style=\"text-align: justify\"><strong><a href=\"https:\/\/semmelweis.hu\/aok\/files\/2019\/12\/16_a_hat_oktatasi_bizottsag.pdf\" target=\"_blank\" rel=\"noopener noreferrer\">16\/a\/2019 (2019. december 10-i) sz\u00e1m\u00fa KT hat\u00e1rozat <\/a><\/strong>az \u00c1ltal\u00e1nos Orvostudom\u00e1nyi Kar \u00e1ltal l\u00e9trehozott, karon m\u0171k\u00f6d\u0151 \u00e1lland\u00f3 bizotts\u00e1gok eln\u00f6k\u00e9r\u0151l \u00e9s tagjair\u00f3l &#8211; Oktat\u00e1si Bizotts\u00e1g<\/p>\n<p style=\"text-align: justify\"><strong><a href=\"https:\/\/semmelweis.hu\/aok\/files\/2019\/12\/16_b_hat_OMHV_bizottsag.pdf\" target=\"_blank\" rel=\"noopener noreferrer\">16\/b\/2019 (2019. december 10-i) sz\u00e1m\u00fa KT hat\u00e1rozat <\/a><\/strong>az \u00c1ltal\u00e1nos Orvostudom\u00e1nyi Kar \u00e1ltal l\u00e9trehozott, karon m\u0171k\u00f6d\u0151 \u00e1lland\u00f3 bizotts\u00e1gok eln\u00f6k\u00e9r\u0151l \u00e9s tagjair\u00f3l &#8211; OMHV Bizotts\u00e1g<\/p>\n<p style=\"text-align: justify\"><strong><a href=\"https:\/\/semmelweis.hu\/aok\/files\/2019\/12\/16_c_hat_tudom\u00e1nyos_bizottsag.pdf\" target=\"_blank\" rel=\"noopener noreferrer\">16\/c\/2019 (2019. december 10-i) sz\u00e1m\u00fa KT hat\u00e1rozat <\/a><\/strong>az \u00c1ltal\u00e1nos Orvostudom\u00e1nyi Kar \u00e1ltal l\u00e9trehozott, karon m\u0171k\u00f6d\u0151 \u00e1lland\u00f3 bizotts\u00e1gok eln\u00f6k\u00e9r\u0151l \u00e9s tagjair\u00f3l &#8211; Tudom\u00e1nyos Bizotts\u00e1g<\/p>\n<p style=\"text-align: justify\"><strong><a href=\"https:\/\/semmelweis.hu\/aok\/files\/2019\/12\/16_d_hat_akkreditacios_bizottsag.pdf\" target=\"_blank\" rel=\"noopener noreferrer\">16\/d\/2019 (2019. december 10-i) sz\u00e1m\u00fa KT hat\u00e1rozat <\/a><\/strong>az \u00c1ltal\u00e1nos Orvostudom\u00e1nyi Kar \u00e1ltal l\u00e9trehozott, karon m\u0171k\u00f6d\u0151 \u00e1lland\u00f3 bizotts\u00e1gok eln\u00f6k\u00e9r\u0151l \u00e9s tagjair\u00f3l &#8211; Akkredit\u00e1ci\u00f3s Bizotts\u00e1g<\/p>\n<p style=\"text-align: justify\"><strong><a href=\"https:\/\/semmelweis.hu\/aok\/files\/2019\/12\/17_hat_kari_szmr.pdf\" target=\"_blank\" rel=\"noopener noreferrer\">17\/2019 (2019. december 10-i) sz\u00e1m\u00fa KT hat\u00e1rozat <\/a><\/strong>a hat\u00e1lyos Kari Szervezeti \u00e9s M\u0171k\u00f6d\u00e9si Rend hat\u00e1lyon k\u00edv\u00fcl helyez\u00e9s\u00e9r\u0151l, \u00e9s az \u00faj Kari Szervezeti \u00e9s M\u0171k\u00f6d\u00e9si Rend elfogad\u00e1s\u00e1r\u00f3l<\/p>\n<p style=\"padding-left: 40px\"><a href=\"https:\/\/semmelweis.hu\/aok\/files\/2019\/12\/Kari-SzMR_20191211_v\u00e9gleges.pdf\" target=\"_blank\" rel=\"noopener noreferrer\">mell\u00e9klet 1<\/a> \u00a0 \u00a0 \u00a0 \u00a0 <a href=\"https:\/\/semmelweis.hu\/aok\/files\/2019\/12\/SE-\u00c1OK-SZMR-M01_v\u00e1laszt\u00e1si-rend-\u00e9s-mell\u00e9kletei_2.pdf\" target=\"_blank\" rel=\"noopener noreferrer\">mell\u00e9klet 2<\/a>\u00a0 \u00a0 \u00a0 \u00a0 \u00a0 <a href=\"https:\/\/semmelweis.hu\/aok\/files\/2019\/12\/SE-\u00c1OK-SZMR-M02_kari_el\u0151terjeszt\u00e9s-formanyomtatv\u00e1ny_1.pdf\" target=\"_blank\" rel=\"noopener noreferrer\">mell\u00e9klet 3<\/a>\u00a0 \u00a0 \u00a0 \u00a0 \u00a0 \u00a0<a href=\"https:\/\/semmelweis.hu\/aok\/files\/2019\/12\/SE-\u00c1OK-SZMR-M03-szervezeti-egys\u00e9g-fel\u00e9p\u00edt\u00e9s\u00e9nek-bemutat\u00e1sa_o.pdf\" target=\"_blank\" rel=\"noopener noreferrer\">mell\u00e9klet 4<\/a><\/p>\n<p style=\"padding-left: 40px\"><a href=\"https:\/\/semmelweis.hu\/aok\/files\/2019\/12\/SE-\u00c1OK-SZMR-M04_Ellen\u0151rz\u00e9si-nyomvonal_1.pdf\" target=\"_blank\" rel=\"noopener noreferrer\">mell\u00e9klet 5<\/a> \u00a0 \u00a0 \u00a0 \u00a0 <a href=\"https:\/\/semmelweis.hu\/aok\/files\/2019\/12\/SE-\u00c1OK-SZMR-M05_Kontrolldokument\u00e1ci\u00f3_2.pdf\" target=\"_blank\" rel=\"noopener noreferrer\">mell\u00e9klet 6<\/a>\u00a0 \u00a0 \u00a0 \u00a0 \u00a0 \u00a0 <a href=\"https:\/\/semmelweis.hu\/aok\/files\/2019\/12\/SE-\u00c1OK-SZMR-M06_szavaz\u00f3lap_1.pdf\" target=\"_blank\" rel=\"noopener noreferrer\">mell\u00e9klet 7<\/a> \u00a0 \u00a0 \u00a0 \u00a0 <a href=\"https:\/\/semmelweis.hu\/aok\/files\/2019\/12\/SE-\u00c1OK-SZMR-M08_szavaz\u00f3g\u00e9p-m\u0171k\u00f6d\u00e9s\u00e9nek-le\u00edr\u00e1sa_5.pdf\" target=\"_blank\" rel=\"noopener noreferrer\">mell\u00e9klet 8<\/a><\/p>\n<p><strong><a href=\"https:\/\/semmelweis.hu\/aok\/files\/2019\/12\/18_hat_kovetelmenyrendszer.pdf\" target=\"_blank\" rel=\"noopener noreferrer\">18\/2019 (2019. december 10-i) sz\u00e1m\u00fa KT hat\u00e1rozat <\/a><\/strong>a hathetes elekt\u00edv VI. \u00e9ves t\u00e1rgyak k\u00f6vetelm\u00e9nyrendszer\u00e9r\u0151l<\/p>\n<p style=\"padding-left: 40px\"><a href=\"https:\/\/semmelweis.hu\/aok\/files\/2019\/12\/elektiv_kov_rendsz.pdf\" target=\"_blank\" rel=\"noopener noreferrer\">mell\u00e9klet<\/a><\/p>\n<p><strong><a href=\"https:\/\/semmelweis.hu\/aok\/files\/2019\/12\/19_hat_szabadon_valaszthato.pdf\" target=\"_blank\" rel=\"noopener noreferrer\">19\/2019 (2019. december 10-i) sz\u00e1m\u00fa KT hat\u00e1rozat <\/a><\/strong>a szabadon v\u00e1laszthat\u00f3 tant\u00e1rgy bevezet\u00e9s\u00e9re vonatkoz\u00f3 javaslatr\u00f3l<\/p>\n<p style=\"text-align: justify\"><strong><a href=\"https:\/\/semmelweis.hu\/aok\/files\/2019\/12\/20_a_hat_ACH_radiologiai_tcs.pdf\" target=\"_blank\" rel=\"noopener noreferrer\">20\/a\/2019 (2019. december 10-i) sz\u00e1m\u00fa KT hat\u00e1rozat <\/a><\/strong>a Tansz\u00e9ki Csoportok l\u00e9trehoz\u00e1s\u00e1r\u00f3l a Semmelweis Egyetem Asklepios Campus Hamburg r\u00e9szleg\u00e9n &#8211; ACH Radiol\u00f3giai Tansz\u00e9ki Csoport<br \/>\n<strong><a href=\"https:\/\/semmelweis.hu\/aok\/files\/2019\/12\/20_b_hat_ACH_neurologiai_tcs.pdf\" target=\"_blank\" rel=\"noopener noreferrer\">20\/b\/2019 (2019. december 10-i) sz\u00e1m\u00fa KT hat\u00e1rozat <\/a><\/strong>a Tansz\u00e9ki Csoportok l\u00e9trehoz\u00e1s\u00e1r\u00f3l a Semmelweis Egyetem Asklepios Campus Hamburg r\u00e9szleg\u00e9n &#8211; ACH Neurol\u00f3giai Tansz\u00e9ki Csoport<\/p>\n<p style=\"padding-left: 40px\"><a href=\"https:\/\/semmelweis.hu\/aok\/files\/2019\/12\/ACH_TCS_kari_alairt_eloterjesztes.pdf\" target=\"_blank\" rel=\"noopener noreferrer\">mell\u00e9klet<\/a><\/p>\n<p><strong><a href=\"https:\/\/semmelweis.hu\/aok\/files\/2019\/12\/21_a_gyakorlo_osztaly.pdf\" target=\"_blank\" rel=\"noopener noreferrer\">21\/a\/2019 (2019. december 10-i) sz\u00e1m\u00fa KT hat\u00e1rozat <\/a><\/strong>az SE \u00c1OK Gyakorl\u00f3 Oszt\u00e1ly c\u00edm elnyer\u00e9s\u00e9re vonatkoz\u00f3 javaslatr\u00f3l<\/p>\n<p><strong><a href=\"https:\/\/semmelweis.hu\/aok\/files\/2019\/12\/21_b_hat_gyakorlo_korhaz.pdf\" target=\"_blank\" rel=\"noopener noreferrer\">21\/b\/2019 (2019. december 10-i) sz\u00e1m\u00fa KT hat\u00e1rozat <\/a><\/strong>az SE \u00c1OK Gyakorl\u00f3 K\u00f3rh\u00e1z c\u00edm elnyer\u00e9s\u00e9re vonatkoz\u00f3 javaslatr\u00f3l<\/p>\n<p><strong><a href=\"https:\/\/semmelweis.hu\/aok\/files\/2019\/12\/21_c_hat_oktato_osztaly.pdf\" target=\"_blank\" rel=\"noopener noreferrer\">21\/c\/2019 (2019. december 10-i) sz\u00e1m\u00fa KT hat\u00e1rozat <\/a><\/strong>az SE \u00c1OK Oktat\u00f3 Oszt\u00e1ly c\u00edm elnyer\u00e9s\u00e9re vonatkoz\u00f3 javaslatr\u00f3l<\/p>\n","protected":false},"excerpt":{"rendered":"<p><a href=\"https:\/\/semmelweis.hu\/aok\/files\/2019\/12\/11_hat_igazgatoi_tanszekvezetoi.pdf\" target=\"_blank\" rel=\"noopener noreferrer\">11\/2019 (2019. december 10-i) sz\u00e1m\u00fa KT hat\u00e1rozat <\/a> a karon meghirdetett igazgat\u00f3i \u00e9s tansz\u00e9kvezet\u0151i \u00e1ll\u00e1sokra p\u00e1ly\u00e1z\u00f3kr\u00f3l <a href=\"https:\/\/semmelweis.hu\/aok\/files\/2019\/12\/12_hat_egyetemi_tanari.pdf\" target=\"_blank\" rel=\"noopener noreferrer\">12\/2019 (2019. december 10-i) sz\u00e1m\u00fa KT hat\u00e1rozat<\/a> a 2020. \u00e9vre karon meghirdetett egyetemi tan\u00e1ri \u00e1ll\u00e1sokra p\u00e1ly\u00e1z\u00f3kr\u00f3l <a href=\"https:\/\/semmelweis.hu\/aok\/files\/2019\/12\/13_hat_dekani_hivatal_ov_allas.pdf\" target=\"_blank\" rel=\"noopener noreferrer\">13\/2019 (2019. december 10-i) sz\u00e1m\u00fa KT hat\u00e1rozat <\/a> az \u00c1ltal\u00e1nos Orvostudom\u00e1nyi Kar D\u00e9k\u00e1ni Hivatal,\u00a0 Tanulm\u00e1nyi Oszt\u00e1ly\u00e1n meghirdetett oszt\u00e1lyvezet\u0151i \u00e1ll\u00e1sra p\u00e1ly\u00e1z\u00f3r\u00f3l <a href=\"https:\/\/semmelweis.hu\/aok\/files\/2019\/12\/14_hat_kivalo_oktato.pdf\" target=\"_blank\" rel=\"noopener noreferrer\">14\/2019 (2019. december 10-i) sz\u00e1m\u00fa KT hat\u00e1rozat <\/a> a &#8222;Semmelweis Egyetem Kiv\u00e1l\u00f3 Oktat\u00f3ja&#8221; kit\u00fcntet\u00e9s adom\u00e1nyoz\u00e1s\u00e1r\u00f3l <a href=\"https:\/\/semmelweis.hu\/aok\/files\/2019\/12\/15_hat_uj_kari_bizottsagok.pdf\" target=\"_blank\" rel=\"noopener noreferrer\">15\/2019 (2019. december 10-i) sz\u00e1m\u00fa KT hat\u00e1rozat <\/a> a kar \u00e1ltal l\u00e9trehozott karon m\u0171k\u00f6d\u0151 \u00faj bizotts\u00e1gi strukt\u00fara kialak\u00edt\u00e1s\u00e1r\u00f3l, az Oktat\u00e1si Bizotts\u00e1g, OMVH Bizotts\u00e1g, Tudom\u00e1nyos Bizotts\u00e1g, Akkredit\u00e1ci\u00f3s Bizotts\u00e1g &hellip;<\/p>\n","protected":false},"author":101136,"featured_media":0,"parent":1141,"menu_order":0,"comment_status":"closed","ping_status":"closed","template":"","meta":{"_acf_changed":false,"footnotes":""},"categories":[],"tags":[],"class_list":["post-23380","page","type-page","status-publish","hentry"],"acf":[],"publishpress_future_action":{"enabled":false,"date":"1970-01-01 01:00:00","action":"","terms":[],"taxonomy":"","browser_timezone_offset":0},"_links":{"self":[{"href":"https:\/\/semmelweis.hu\/aok\/wp-json\/wp\/v2\/pages\/23380","targetHints":{"allow":["GET"]}}],"collection":[{"href":"https:\/\/semmelweis.hu\/aok\/wp-json\/wp\/v2\/pages"}],"about":[{"href":"https:\/\/semmelweis.hu\/aok\/wp-json\/wp\/v2\/types\/page"}],"author":[{"embeddable":true,"href":"https:\/\/semmelweis.hu\/aok\/wp-json\/wp\/v2\/users\/101136"}],"replies":[{"embeddable":true,"href":"https:\/\/semmelweis.hu\/aok\/wp-json\/wp\/v2\/comments?post=23380"}],"version-history":[{"count":10,"href":"https:\/\/semmelweis.hu\/aok\/wp-json\/wp\/v2\/pages\/23380\/revisions"}],"predecessor-version":[{"id":23429,"href":"https:\/\/semmelweis.hu\/aok\/wp-json\/wp\/v2\/pages\/23380\/revisions\/23429"}],"up":[{"embeddable":true,"href":"https:\/\/semmelweis.hu\/aok\/wp-json\/wp\/v2\/pages\/1141"}],"wp:attachment":[{"href":"https:\/\/semmelweis.hu\/aok\/wp-json\/wp\/v2\/media?parent=23380"}],"wp:term":[{"taxonomy":"category","embeddable":true,"href":"https:\/\/semmelweis.hu\/aok\/wp-json\/wp\/v2\/categories?post=23380"},{"taxonomy":"post_tag","embeddable":true,"href":"https:\/\/semmelweis.hu\/aok\/wp-json\/wp\/v2\/tags?post=23380"}],"curies":[{"name":"wp","href":"https:\/\/api.w.org\/{rel}","templated":true}]}}