{"id":23075,"date":"2019-11-22T13:25:23","date_gmt":"2019-11-22T12:25:23","guid":{"rendered":"http:\/\/semmelweis.hu\/aok\/?page_id=23075"},"modified":"2025-09-24T10:34:36","modified_gmt":"2025-09-24T08:34:36","slug":"hunyadi-janos-osztondijat-nyert-hallgatoknak-tajekoztato-a-beiratkozasrol","status":"publish","type":"page","link":"https:\/\/semmelweis.hu\/aok\/osztondij-palyazat\/hunyadi-janos-osztondijat-nyert-hallgatoknak-tajekoztato-a-beiratkozasrol\/","title":{"rendered":"Hunyadi J\u00e1nos \u00f6szt\u00f6nd\u00edj"},"content":{"rendered":"<p style=\"text-align: justify\">Magyarorsz\u00e1g Kultur\u00e1lis \u00e9s Innov\u00e1ci\u00f3s Miniszt\u00e9riuma \u00e9s a Tempus K\u00f6zalap\u00edtv\u00e1ny k\u00f6z\u00f6sen p\u00e1ly\u00e1zatot hirdet Hunyadi J\u00e1nos \u00d6szt\u00f6nd\u00edjra.<br \/>\nAz aktu\u00e1lis p\u00e1ly\u00e1zatokr\u00f3l a <a href=\"https:\/\/tka.hu\/palyazatok\/17551\/hunyadi-janos-osztondij\" target=\"_blank\" rel=\"noopener\">Tempus K\u00f6zalap\u00edtv\u00e1ny oldal\u00e1n t\u00e1j\u00e9koz\u00f3dhat<\/a>.\u00a0<\/p>\n<p style=\"text-align: justify\">\u00a0<\/p>\n","protected":false},"excerpt":{"rendered":"<p>Hat\u00e1ron t\u00fali magyar hallgat\u00f3k sz\u00e1m\u00e1ra<\/p>\n","protected":false},"author":101547,"featured_media":0,"parent":6018,"menu_order":6,"comment_status":"closed","ping_status":"closed","template":"","meta":{"_acf_changed":false,"footnotes":""},"categories":[],"tags":[],"class_list":["post-23075","page","type-page","status-publish","hentry"],"acf":[],"publishpress_future_action":{"enabled":false,"date":"1970-01-01 01:00:00","action":"","terms":[],"taxonomy":"","browser_timezone_offset":0},"_links":{"self":[{"href":"https:\/\/semmelweis.hu\/aok\/wp-json\/wp\/v2\/pages\/23075","targetHints":{"allow":["GET"]}}],"collection":[{"href":"https:\/\/semmelweis.hu\/aok\/wp-json\/wp\/v2\/pages"}],"about":[{"href":"https:\/\/semmelweis.hu\/aok\/wp-json\/wp\/v2\/types\/page"}],"author":[{"embeddable":true,"href":"https:\/\/semmelweis.hu\/aok\/wp-json\/wp\/v2\/users\/101547"}],"replies":[{"embeddable":true,"href":"https:\/\/semmelweis.hu\/aok\/wp-json\/wp\/v2\/comments?post=23075"}],"version-history":[{"count":13,"href":"https:\/\/semmelweis.hu\/aok\/wp-json\/wp\/v2\/pages\/23075\/revisions"}],"predecessor-version":[{"id":33853,"href":"https:\/\/semmelweis.hu\/aok\/wp-json\/wp\/v2\/pages\/23075\/revisions\/33853"}],"up":[{"embeddable":true,"href":"https:\/\/semmelweis.hu\/aok\/wp-json\/wp\/v2\/pages\/6018"}],"wp:attachment":[{"href":"https:\/\/semmelweis.hu\/aok\/wp-json\/wp\/v2\/media?parent=23075"}],"wp:term":[{"taxonomy":"category","embeddable":true,"href":"https:\/\/semmelweis.hu\/aok\/wp-json\/wp\/v2\/categories?post=23075"},{"taxonomy":"post_tag","embeddable":true,"href":"https:\/\/semmelweis.hu\/aok\/wp-json\/wp\/v2\/tags?post=23075"}],"curies":[{"name":"wp","href":"https:\/\/api.w.org\/{rel}","templated":true}]}}