{"id":23074,"date":"2019-11-22T10:57:12","date_gmt":"2019-11-22T09:57:12","guid":{"rendered":"http:\/\/semmelweis.hu\/aok\/?page_id=23074"},"modified":"2025-10-15T15:08:38","modified_gmt":"2025-10-15T13:08:38","slug":"minosegbiztositas","status":"publish","type":"page","link":"https:\/\/semmelweis.hu\/aok\/a-karrol\/minosegbiztositas\/","title":{"rendered":"Min\u0151s\u00e9gbiztos\u00edt\u00e1s"},"content":{"rendered":"<h4><strong>Kari szervezeti \u00e9s m\u0171k\u00f6d\u00e9si rend<\/strong><\/h4>\n<ul>\n<li><strong><a href=\"https:\/\/semmelweis.hu\/aok\/files\/2022\/11\/kariSzMR_hataly_2022_06_22.pdf\" target=\"_blank\" rel=\"noopener\">Kari szervezeti \u00e9s m\u0171k\u00f6d\u00e9si rend<\/a> <\/strong>(pdf) hat\u00e1lyos: 2022. j\u00fanius 22-t\u0151l\n<ul>\n<li><a href=\"https:\/\/semmelweis.hu\/aok\/files\/2019\/12\/SE-\u00c1OK-SZMR-M01_v\u00e1laszt\u00e1si-rend-\u00e9s-mell\u00e9kletei_2-1.pdf\" target=\"_blank\" rel=\"noopener noreferrer\">1. sz. mell\u00e9klet &#8211; V\u00e1laszt\u00e1si rend \u00e9s mell\u00e9kletei<\/a> (pdf)<\/li>\n<li><a href=\"https:\/\/semmelweis.hu\/aok\/files\/2021\/08\/SE-\u00c1OK-SZR-M02_el\u0151terjeszt\u00e9s.pdf\" target=\"_blank\" rel=\"noopener noreferrer\">2. sz. mell\u00e9klet &#8211; Kari el\u0151terjeszt\u00e9s formanyomtatv\u00e1ny<\/a> (pdf)<\/li>\n<li><a href=\"https:\/\/semmelweis.hu\/aok\/files\/2022\/02\/organogram2021_dec.xlsx\">3 sz. mell\u00e9klet &#8211; Szervezeti egys\u00e9gek fel\u00e9p\u00edt\u00e9s\u00e9nek bemutat\u00e1sa<\/a> (excel)<\/li>\n<li><a href=\"https:\/\/semmelweis.hu\/aok\/files\/2019\/12\/SE-\u00c1OK-SZMR-M04_Ellen\u0151rz\u00e9si-nyomvonal_1-1.pdf\" target=\"_blank\" rel=\"noopener noreferrer\">4. sz. mell\u00e9klet &#8211; Ellen\u0151rz\u00e9si nyomvonal<\/a> (pdf)<\/li>\n<li><a href=\"https:\/\/semmelweis.hu\/aok\/files\/2019\/12\/SE-\u00c1OK-SZMR-M05_Kontrolldokument\u00e1ci\u00f3_2-1.pdf\" target=\"_blank\" rel=\"noopener noreferrer\">5. sz. mell\u00e9klet -Kontrolldokument\u00e1ci\u00f3<\/a> (pdf)<\/li>\n<li><a href=\"https:\/\/semmelweis.hu\/aok\/files\/2019\/12\/SE-\u00c1OK-SZMR-M06_szavaz\u00f3lap_1-1.pdf\" target=\"_blank\" rel=\"noopener noreferrer\">6. sz. mell\u00e9klet &#8211; szavaz\u00f3lap<\/a><\/li>\n<li><a href=\"https:\/\/semmelweis.hu\/aok\/files\/2020\/06\/SE-\u00c1OK-SZMR-M07_bizotts\u00e1gi_\u00fcgyrendek.pdf\" target=\"_blank\" rel=\"noopener noreferrer\">7. sz. mell\u00e9klet &#8211; Kari tan\u00e1cs \u00e1ltal l\u00e9trehozott \u00e9s a karon m\u0171k\u00f6d\u0151 \u00e1lland\u00f3 bizotts\u00e1gok elj\u00e1r\u00e1si rendje<\/a><\/li>\n<\/ul>\n<\/li>\n<\/ul>\n<h4><strong>Kari szervezeti \u00e9s m\u0171k\u00f6d\u00e9si rend kor\u00e1bban hat\u00e1lyos v\u00e1ltozatai<\/strong><\/h4>\n<ul>\n<li>2021. december 15-t\u0151l &#8211; 2022. j\u00fanius 21-ig hat\u00e1lyos <a href=\"https:\/\/semmelweis.hu\/aok\/files\/2022\/11\/kariSzMR_2021_dec_15_tolhatalyos.pdf\" target=\"_blank\" rel=\"noopener\">szervezeti \u00e9s m\u0171k\u00f6d\u00e9si rend<\/a>\u00a0sz\u00f6vege mell\u00e9kletekkel (pdf)<\/li>\n<li>2021. augusztus 1-t\u0151l &#8211; 2021. december 14-ig hat\u00e1lyos <a href=\"https:\/\/semmelweis.hu\/aok\/files\/2022\/02\/2021aug1_2021dec14.pdf\" target=\"_blank\" rel=\"noopener\">szervezeti \u00e9s m\u0171k\u00f6d\u00e9si rend<\/a> sz\u00f6vege mell\u00e9kletekkel (pdf)<\/li>\n<li>2020. december 8-t\u00f3l &#8211; 2021. j\u00falius 30-ig hat\u00e1lyos <a href=\"https:\/\/semmelweis.hu\/aok\/files\/2021\/08\/kariszmr.pdf\" target=\"_blank\" rel=\"noopener noreferrer\">szervezeti \u00e9s m\u0171k\u00f6d\u00e9si rend<\/a> sz\u00f6vege mell\u00e9kletekkel (pdf)<\/li>\n<li>2020. j\u00fanius 10-t\u0151l 2020. december 08-ig hat\u00e1lyos <a href=\"https:\/\/semmelweis.hu\/aok\/files\/2021\/08\/kszmr-2.pdf\" target=\"_blank\" rel=\"noopener noreferrer\">szervezeti \u00e9s m\u0171k\u00f6d\u00e9si rend<\/a> sz\u00f6vege mell\u00e9kletekkel (pdf)<\/li>\n<li>A 2020. \u00e1prilis 16-t\u00f3l 2020. j\u00fanius 9-ig hat\u00e1lyos <a href=\"https:\/\/semmelweis.hu\/aok\/files\/2020\/06\/2020.04.15_2020.06.09_hat\u00e1lyos_szmr.pdf\" target=\"_blank\" rel=\"noopener noreferrer\">szervezeti \u00e9s m\u0171k\u00f6d\u00e9si rend<\/a>sz\u00f6vege mell\u00e9kletekkel (pdf)<\/li>\n<li>A 2020. janu\u00e1r 1-t\u0151l 2020. \u00e1prilis 15-ig hat\u00e1lyos <a href=\"https:\/\/semmelweis.hu\/aok\/files\/2020\/05\/KSZMR.pdf\">szervezeti \u00e9s m\u0171k\u00f6d\u00e9si rend<\/a> sz\u00f6vege mell\u00e9kletekkel (pdf)<\/li>\n<li>A 2019. december 13-t\u00f3l 2019. december 31-ig hat\u00e1lyos <a href=\"https:\/\/semmelweis.hu\/aok\/files\/2020\/05\/karimr.pdf\" target=\"_blank\" rel=\"noopener noreferrer\">szervezeti \u00e9s m\u0171k\u00f6d\u00e9si rend<\/a>\u00a0sz\u00f6vege mell\u00e9kletekkel (pdf)<\/li>\n<li>A 2019. m\u00e1jus 15-t\u0151l 2019. december 13-ig hat\u00e1lyos\u00a0<a href=\"https:\/\/semmelweis.hu\/aok\/files\/2019\/12\/KSZMR2019_majus15.pdf\" target=\"_blank\" rel=\"noopener noreferrer\">szervezeti \u00e9s m\u0171k\u00f6d\u00e9si rend<\/a>\u00a0sz\u00f6vege mell\u00e9kletekkel (pdf)<\/li>\n<li>A 2019. febru\u00e1r 1-t\u0151l 2019. m\u00e1jus 14-ig hat\u00e1lyos\u00a0<a href=\"https:\/\/semmelweis.hu\/aok\/files\/2019\/05\/Szervezeti_%C3%A9s_M%C5%B1k%C3%B6d%C3%A9si_Rend_2019.febr_.1-t%C5%91l_hat%C3%A1lyos.pdf\" target=\"_blank\" rel=\"noopener noreferrer\">szervezeti \u00e9s m\u0171k\u00f6d\u00e9si rend<\/a>\u00a0sz\u00f6vege mell\u00e9kletekkel (pdf)\u00a0<\/li>\n<li>A 2018. szeptember 21-t\u0151l 2019. janu\u00e1r 31-ig hat\u00e1lyos\u00a0<a href=\"https:\/\/semmelweis.hu\/aok\/files\/2019\/03\/Szervezeti_%C3%A9s_M%C5%B1k%C3%B6d%C3%A9si_Rend_2018.szeptember20-t%C3%B3l-hat%C3%A1lyos.pdf\" target=\"_blank\" rel=\"noopener noreferrer\">szervezeti \u00e9s m\u0171k\u00f6d\u00e9si rend<\/a>\u00a0sz\u00f6vege mell\u00e9kletekkel (pdf)<\/li>\n<li>A 2018. j\u00fanius 12-t\u0151l 2018. szeptember 20-ig hat\u00e1lyos\u00a0<a href=\"https:\/\/semmelweis.hu\/aok\/files\/2019\/03\/Szervezeti_%C3%A9s_M%C5%B1k%C3%B6d%C3%A9si_Rend_2018.j%C3%BAnius12-t%C5%91l-hat%C3%A1lyos.pdf\" target=\"_blank\" rel=\"noopener noreferrer\">szervezeti \u00e9s m\u0171k\u00f6d\u00e9si rend\u00a0<\/a>sz\u00f6vege mell\u00e9kletekkel (pdf)<\/li>\n<li>A 2017. febru\u00e1r 14-t\u0151l 2018. j\u00fanius 11-ig hat\u00e1lyos\u00a0<a href=\"https:\/\/semmelweis.hu\/aok\/files\/2019\/03\/Szervezeti_%C3%9Cgyrend_2017.febru%C3%A1r14-t%C5%91l-hat%C3%A1lyos.pdf\" target=\"_blank\" rel=\"noopener noreferrer\">szervezeti \u00fcgyrend<\/a> sz\u00f6vege mell\u00e9kletekkel (pdf)<\/li>\n<\/ul>\n<p><a href=\"https:\/\/semmelweis.hu\/minoseg\/files\/2007\/09\/SE-AOK-ME-01.doc\" rel=\"noopener\">SE-AOK-ME-01 \u2013 Az oktat\u00e1si tev\u00e9kenys\u00e9g fel\u00fcgyelete<\/a><\/p>\n<h4><strong>Szervezeti \u00dcgyrend<\/strong><\/h4>\n<ul style=\"list-style-type: circle\">\n<li><a href=\"https:\/\/semmelweis.hu\/aok\/files\/2025\/10\/Dekani-Hivatal-Ugyrend_20250707_alairt.pdf\" target=\"_blank\" rel=\"noopener\">SE-AOK-DH-SZR \u2013 Szervezeti \u00dcgyrend <\/a><\/li>\n<li><a href=\"https:\/\/semmelweis.hu\/minoseg\/files\/2019\/05\/SE-AOK-DH-SZR-M01.docx\">SE-AOK-DH-SZR-M01 \u2013 Organogram<\/a><br \/>\n<a href=\"https:\/\/semmelweis.hu\/minoseg\/files\/2019\/05\/SE-AOK-DH-SZR-M02.docx\">SE-AOK-DH-SZR-M02 \u2013 Munkautas\u00edt\u00e1sok list\u00e1ja<\/a><br \/>\n<a href=\"https:\/\/semmelweis.hu\/minoseg\/files\/2019\/05\/SE-AOK-DH-SZR-M03.docx\">SE-AOK-DH-SZR-M03 \u2013 A folyamatba \u00e9p\u00edtett \u00e9s vezet\u0151i ellen\u0151rz\u00e9s eszk\u00f6zei, m\u00f3dszerei, t\u00edpusa \u2013 Ellen\u0151rz\u00e9si nyomvonal<\/a><br \/>\n<a href=\"https:\/\/semmelweis.hu\/minoseg\/files\/2019\/05\/SE-AOK-DH-SZR-M04.docx\">SE-AOK-DH-SZR-M04 \u2013 Kontrolldokument\u00e1ci\u00f3<\/a><\/li>\n<\/ul>\n<hr \/>\n<h4><strong>Min\u0151s\u00e9g\u00fcgyi dokumentum \u2013 munkautas\u00edt\u00e1s<\/strong><\/h4>\n<p><a href=\"https:\/\/semmelweis.hu\/aok\/files\/2021\/12\/Alairt-fedlapok-sajat-honlapra.pdf\" target=\"_blank\" rel=\"noopener\">Fedlapok SE-AOK-DH-MU-01-02-03<\/a><\/p>\n<h4><strong>HALLGAT\u00d3I \u00c9RT\u00c9KEL\u00c9S a TANULM\u00c1NYI OSZT\u00c1LYR\u00d3L<\/strong><\/h4>\n<p><a href=\"https:\/\/semmelweis.hu\/aok\/files\/2024\/06\/felmeres-eredmenye-Tanulmanyi-Osztalyrol-2023-1.pdf\" target=\"_blank\" rel=\"noopener\">Hallgat\u00f3i \u00e9rt\u00e9kel\u00e9s a Tanulm\u00e1nyi Oszt\u00e1lyr\u00f3l &#8211; 2023<\/a><\/p>\n<p>Az al\u00e1bbi dokumentumok csak VPN kapcsolattal \u00e9rhet\u0151ek el:<\/p>\n<ul>\n<li><a href=\"https:\/\/semmelweis.hu\/aok\/files\/2021\/12\/SE-AOK-DH-MU-01-Dekani-hivatal-Titkarsag_2019.05.09.pdf\" target=\"_blank\" rel=\"noopener\">SE-AOK-DH-MU-01 \u2013 D\u00e9k\u00e1ni Hivatal Titk\u00e1rs\u00e1g<\/a><\/li>\n<li><a href=\"https:\/\/semmelweis.hu\/aok\/files\/2021\/12\/SE-AOK-DH-MU-02-Gradualis-kepzes-Tanulmanyi-Osztaly_20190509.pdf\" target=\"_blank\" rel=\"noopener\">SE-AOK-DH-MU-02 \u2013 Gradu\u00e1lis K\u00e9pz\u00e9s Tanulm\u00e1nyi Oszt\u00e1ly<\/a><\/li>\n<li><a href=\"https:\/\/semmelweis.hu\/aok\/files\/2021\/12\/SE-AOK-DH-MU-03-Gradualis-kepzes-Nyilvantartasi-Osztaly_20190509.pdf\" target=\"_blank\" rel=\"noopener\">SE-AOK-DH-MU-03 \u2013 Gradu\u00e1lis k\u00e9pz\u00e9s Nyilv\u00e1ntart\u00e1si Oszt\u00e1ly<\/a><\/li>\n<\/ul>\n","protected":false},"excerpt":{"rendered":"<p>Kari szervezeti \u00e9s m\u0171k\u00f6d\u00e9si rend <a href=\"https:\/\/semmelweis.hu\/aok\/files\/2022\/11\/kariSzMR_hataly_2022_06_22.pdf\" target=\"_blank\" rel=\"noopener\">Kari szervezeti \u00e9s m\u0171k\u00f6d\u00e9si rend<\/a> (pdf) hat\u00e1lyos: 2022. j\u00fanius 22-t\u0151l <a href=\"https:\/\/semmelweis.hu\/aok\/files\/2019\/12\/SE-\u00c1OK-SZMR-M01_v\u00e1laszt\u00e1si-rend-\u00e9s-mell\u00e9kletei_2-1.pdf\" target=\"_blank\" rel=\"noopener noreferrer\">1. sz. mell\u00e9klet &#8211; V\u00e1laszt\u00e1si rend \u00e9s mell\u00e9kletei<\/a> (pdf) <a href=\"https:\/\/semmelweis.hu\/aok\/files\/2021\/08\/SE-\u00c1OK-SZR-M02_el\u0151terjeszt\u00e9s.pdf\" target=\"_blank\" rel=\"noopener noreferrer\">2. sz. mell\u00e9klet &#8211; Kari el\u0151terjeszt\u00e9s formanyomtatv\u00e1ny<\/a> (pdf) <a href=\"https:\/\/semmelweis.hu\/aok\/files\/2022\/02\/organogram2021_dec.xlsx\">3 sz. mell\u00e9klet &#8211; Szervezeti egys\u00e9gek fel\u00e9p\u00edt\u00e9s\u00e9nek bemutat\u00e1sa<\/a> (excel) <a href=\"https:\/\/semmelweis.hu\/aok\/files\/2019\/12\/SE-\u00c1OK-SZMR-M04_Ellen\u0151rz\u00e9si-nyomvonal_1-1.pdf\" target=\"_blank\" rel=\"noopener noreferrer\">4. sz. mell\u00e9klet &#8211; Ellen\u0151rz\u00e9si nyomvonal<\/a> (pdf) <a href=\"https:\/\/semmelweis.hu\/aok\/files\/2019\/12\/SE-\u00c1OK-SZMR-M05_Kontrolldokument\u00e1ci\u00f3_2-1.pdf\" target=\"_blank\" rel=\"noopener noreferrer\">5. sz. mell\u00e9klet -Kontrolldokument\u00e1ci\u00f3<\/a> (pdf) <a href=\"https:\/\/semmelweis.hu\/aok\/files\/2019\/12\/SE-\u00c1OK-SZMR-M06_szavaz\u00f3lap_1-1.pdf\" target=\"_blank\" rel=\"noopener noreferrer\">6. sz. mell\u00e9klet &#8211; szavaz\u00f3lap<\/a> <a href=\"https:\/\/semmelweis.hu\/aok\/files\/2020\/06\/SE-\u00c1OK-SZMR-M07_bizotts\u00e1gi_\u00fcgyrendek.pdf\" target=\"_blank\" rel=\"noopener noreferrer\">7. sz. mell\u00e9klet &#8211; Kari tan\u00e1cs \u00e1ltal l\u00e9trehozott \u00e9s a karon m\u0171k\u00f6d\u0151 \u00e1lland\u00f3 bizotts\u00e1gok elj\u00e1r\u00e1si rendje<\/a> Kari szervezeti \u00e9s m\u0171k\u00f6d\u00e9si rend kor\u00e1bban hat\u00e1lyos v\u00e1ltozatai 2021. december 15-t\u0151l &#8211; 2022. j\u00fanius 21-ig hat\u00e1lyos <a href=\"https:\/\/semmelweis.hu\/aok\/files\/2022\/11\/kariSzMR_2021_dec_15_tolhatalyos.pdf\" target=\"_blank\" rel=\"noopener\">szervezeti \u00e9s m\u0171k\u00f6d\u00e9si rend<\/a> \u00a0sz\u00f6vege mell\u00e9kletekkel (pdf) 2021. augusztus 1-t\u0151l &#8211; 2021. december 14-ig hat\u00e1lyos <a href=\"https:\/\/semmelweis.hu\/aok\/files\/2022\/02\/2021aug1_2021dec14.pdf\" target=\"_blank\" rel=\"noopener\">szervezeti \u00e9s m\u0171k\u00f6d\u00e9si rend<\/a> sz\u00f6vege mell\u00e9kletekkel (pdf) 2020. december 8-t\u00f3l &#8211; 2021. j\u00falius 30-ig hat\u00e1lyos <a href=\"https:\/\/semmelweis.hu\/aok\/files\/2021\/08\/kariszmr.pdf\" target=\"_blank\" rel=\"noopener noreferrer\">szervezeti \u00e9s m\u0171k\u00f6d\u00e9si rend<\/a> sz\u00f6vege mell\u00e9kletekkel &hellip;<\/p>\n","protected":false},"author":101542,"featured_media":0,"parent":9067,"menu_order":12,"comment_status":"closed","ping_status":"closed","template":"","meta":{"_acf_changed":false,"footnotes":""},"categories":[],"tags":[],"class_list":["post-23074","page","type-page","status-publish","hentry"],"acf":[],"publishpress_future_action":{"enabled":false,"date":"1970-01-01 01:00:00","action":"","terms":[],"taxonomy":"","browser_timezone_offset":0},"_links":{"self":[{"href":"https:\/\/semmelweis.hu\/aok\/wp-json\/wp\/v2\/pages\/23074","targetHints":{"allow":["GET"]}}],"collection":[{"href":"https:\/\/semmelweis.hu\/aok\/wp-json\/wp\/v2\/pages"}],"about":[{"href":"https:\/\/semmelweis.hu\/aok\/wp-json\/wp\/v2\/types\/page"}],"author":[{"embeddable":true,"href":"https:\/\/semmelweis.hu\/aok\/wp-json\/wp\/v2\/users\/101542"}],"replies":[{"embeddable":true,"href":"https:\/\/semmelweis.hu\/aok\/wp-json\/wp\/v2\/comments?post=23074"}],"version-history":[{"count":10,"href":"https:\/\/semmelweis.hu\/aok\/wp-json\/wp\/v2\/pages\/23074\/revisions"}],"predecessor-version":[{"id":33891,"href":"https:\/\/semmelweis.hu\/aok\/wp-json\/wp\/v2\/pages\/23074\/revisions\/33891"}],"up":[{"embeddable":true,"href":"https:\/\/semmelweis.hu\/aok\/wp-json\/wp\/v2\/pages\/9067"}],"wp:attachment":[{"href":"https:\/\/semmelweis.hu\/aok\/wp-json\/wp\/v2\/media?parent=23074"}],"wp:term":[{"taxonomy":"category","embeddable":true,"href":"https:\/\/semmelweis.hu\/aok\/wp-json\/wp\/v2\/categories?post=23074"},{"taxonomy":"post_tag","embeddable":true,"href":"https:\/\/semmelweis.hu\/aok\/wp-json\/wp\/v2\/tags?post=23074"}],"curies":[{"name":"wp","href":"https:\/\/api.w.org\/{rel}","templated":true}]}}