{"id":23005,"date":"2019-10-14T09:22:43","date_gmt":"2019-10-14T07:22:43","guid":{"rendered":"http:\/\/semmelweis.hu\/aok\/?page_id=23005"},"modified":"2019-10-14T09:22:43","modified_gmt":"2019-10-14T07:22:43","slug":"2019-oktober-8-i-hatarozatok","status":"publish","type":"page","link":"https:\/\/semmelweis.hu\/aok\/a-karrol\/kari-tanacs\/a-kari-tanacs-hatarozatai\/2019-oktober-8-i-hatarozatok\/","title":{"rendered":"2019. OKT\u00d3BER 8-I HAT\u00c1ROZATOK"},"content":{"rendered":"<p><strong><a href=\"https:\/\/semmelweis.hu\/aok\/files\/2019\/10\/5_2019_hat_integrativ_med_tcs.pdf\" target=\"_blank\" rel=\"noopener noreferrer\">5\/2019 (2019. okt\u00f3ber 8-i) sz\u00e1m\u00fa KT hat\u00e1rozat az Integrat\u00edv Medicina Tansz\u00e9ki Csoport l\u00e9trehoz\u00e1s\u00e1r\u00f3l<\/a><\/strong><\/p>\n<p style=\"padding-left: 40px\"><a href=\"https:\/\/semmelweis.hu\/aok\/files\/2019\/10\/5_2019_melleklet_int_med_tcs.pdf\" target=\"_blank\" rel=\"noopener noreferrer\">mell\u00e9klet<\/a><\/p>\n<p><strong><a href=\"https:\/\/semmelweis.hu\/aok\/files\/2019\/10\/6_2019_hat_gerincgy\u00f3gy\u00e1szati_tcs.pdf\" target=\"_blank\" rel=\"noopener noreferrer\">6\/2019 (2019. okt\u00f3ber 8-i) sz\u00e1m\u00fa KT hat\u00e1rozat a Gerincgy\u00f3gy\u00e1szati Tansz\u00e9ki Csoport l\u00e9trehoz\u00e1s\u00e1r\u00f3l<\/a><\/strong><\/p>\n<p style=\"padding-left: 40px\"><a href=\"https:\/\/semmelweis.hu\/aok\/files\/2019\/10\/6_2019_mell\u00e9klet_gerincgy\u00f3gy\u00e1szati_tcs.pdf\" target=\"_blank\" rel=\"noopener noreferrer\">mell\u00e9klet<\/a><\/p>\n<p><strong><a href=\"https:\/\/semmelweis.hu\/aok\/files\/2019\/10\/7_2019_hat_demonstr\u00e1tori_szab.pdf\" target=\"_blank\" rel=\"noopener noreferrer\">7\/2019 (2019. okt\u00f3ber 8-i) sz\u00e1m\u00fa KT hat\u00e1rozat a kari Demonstr\u00e1tori Szab\u00e1lyzat m\u00f3dos\u00edt\u00e1s\u00e1r\u00f3l<\/a><\/strong><\/p>\n<p style=\"padding-left: 40px\"><a href=\"https:\/\/semmelweis.hu\/aok\/files\/2019\/10\/7_2019_mell\u00e9klet_demonstr\u00e1tori_szab.pdf\" target=\"_blank\" rel=\"noopener noreferrer\">mell\u00e9klet<\/a><\/p>\n<p><strong><a href=\"https:\/\/semmelweis.hu\/aok\/files\/2019\/10\/8_2019_hat_merit_d\u00edj_szab..pdf\" target=\"_blank\" rel=\"noopener noreferrer\">8\/2019 (2019. okt\u00f3ber 8-i) sz\u00e1m\u00fa KT hat\u00e1rozat a kari Merit D\u00edj Szab\u00e1lyzat m\u00f3dos\u00edt\u00e1s\u00e1r\u00f3l<\/a><\/strong><\/p>\n<p style=\"padding-left: 40px\"><a href=\"https:\/\/semmelweis.hu\/aok\/files\/2019\/10\/8_2019_mell\u00e9klet_merit_d\u00edj_szab.pdf\" target=\"_blank\" rel=\"noopener noreferrer\">mell\u00e9klet<\/a><\/p>\n<p><strong><a href=\"https:\/\/semmelweis.hu\/aok\/files\/2019\/10\/9_2019_hat_szabadvaltargy.pdf\" target=\"_blank\" rel=\"noopener noreferrer\">9\/2019 (2019. okt\u00f3ber 8-i) sz\u00e1m\u00fa KT hat\u00e1rozat szabadon v\u00e1laszthat\u00f3 t\u00e1rgy bevezet\u00e9s\u00e9re vonatkoz\u00f3 javaslatr\u00f3l<\/a><\/strong><\/p>\n<p><strong><a href=\"https:\/\/semmelweis.hu\/aok\/files\/2019\/10\/10_a_2019_hat_oktatoosztaly.pdf\" target=\"_blank\" rel=\"noopener noreferrer\">10\/a\/2019 (2019. okt\u00f3ber 8-i) sz\u00e1m\u00fa KT hat\u00e1rozat az &#8222;SE \u00c1OK Oktat\u00f3 Oszt\u00e1ly&#8221; c\u00edm elnyer\u00e9s\u00e9r\u0151l sz\u00f3l\u00f3 javaslatr\u00f3l<\/a><\/strong><\/p>\n<p><strong><a href=\"https:\/\/semmelweis.hu\/aok\/files\/2019\/10\/10_b_2019_hat_oktatoosztaly.pdf\" target=\"_blank\" rel=\"noopener noreferrer\">10\/b\/2019 (2019. okt\u00f3ber 8-i) sz\u00e1m\u00fa KT hat\u00e1rozat az &#8222;SE \u00c1OK Oktat\u00f3 Oszt\u00e1ly&#8221; c\u00edm elnyer\u00e9s\u00e9r\u0151l sz\u00f3l\u00f3 javaslatr\u00f3l<\/a><\/strong><\/p>\n","protected":false},"excerpt":{"rendered":"<p><a href=\"https:\/\/semmelweis.hu\/aok\/files\/2019\/10\/5_2019_hat_integrativ_med_tcs.pdf\" target=\"_blank\" rel=\"noopener noreferrer\">5\/2019 (2019. okt\u00f3ber 8-i) sz\u00e1m\u00fa KT hat\u00e1rozat az Integrat\u00edv Medicina Tansz\u00e9ki Csoport l\u00e9trehoz\u00e1s\u00e1r\u00f3l<\/a><br \/>\n<a href=\"https:\/\/semmelweis.hu\/aok\/files\/2019\/10\/5_2019_melleklet_int_med_tcs.pdf\" target=\"_blank\" rel=\"noopener noreferrer\">mell\u00e9klet<\/a><br \/>\n<a href=\"https:\/\/semmelweis.hu\/aok\/files\/2019\/10\/6_2019_hat_gerincgy\u00f3gy\u00e1szati_tcs.pdf\" target=\"_blank\" rel=\"noopener noreferrer\">6\/2019 (2019. okt\u00f3ber 8-i) sz\u00e1m\u00fa KT hat\u00e1rozat a Gerincgy\u00f3gy\u00e1szati Tansz\u00e9ki Csoport l\u00e9trehoz\u00e1s\u00e1r\u00f3l<\/a><br \/>\n<a href=\"https:\/\/semmelweis.hu\/aok\/files\/2019\/10\/6_2019_mell\u00e9klet_gerincgy\u00f3gy\u00e1szati_tcs.pdf\" target=\"_blank\" rel=\"noopener noreferrer\">mell\u00e9klet<\/a><br \/>\n<a href=\"https:\/\/semmelweis.hu\/aok\/files\/2019\/10\/7_2019_hat_demonstr\u00e1tori_szab.pdf\" target=\"_blank\" rel=\"noopener noreferrer\">7\/2019 (2019. okt\u00f3ber 8-i) sz\u00e1m\u00fa KT hat\u00e1rozat a kari Demonstr\u00e1tori Szab\u00e1lyzat m\u00f3dos\u00edt\u00e1s\u00e1r\u00f3l<\/a><br \/>\n<a href=\"https:\/\/semmelweis.hu\/aok\/files\/2019\/10\/7_2019_mell\u00e9klet_demonstr\u00e1tori_szab.pdf\" target=\"_blank\" rel=\"noopener noreferrer\">mell\u00e9klet<\/a><br \/>\n<a href=\"https:\/\/semmelweis.hu\/aok\/files\/2019\/10\/8_2019_hat_merit_d\u00edj_szab..pdf\" target=\"_blank\" rel=\"noopener noreferrer\">8\/2019 (2019. okt\u00f3ber 8-i) sz\u00e1m\u00fa KT hat\u00e1rozat a kari Merit D\u00edj Szab\u00e1lyzat m\u00f3dos\u00edt\u00e1s\u00e1r\u00f3l<\/a><br \/>\n<a href=\"https:\/\/semmelweis.hu\/aok\/files\/2019\/10\/8_2019_mell\u00e9klet_merit_d\u00edj_szab.pdf\" target=\"_blank\" rel=\"noopener noreferrer\">mell\u00e9klet<\/a><br \/>\n<a href=\"https:\/\/semmelweis.hu\/aok\/files\/2019\/10\/9_2019_hat_szabadvaltargy.pdf\" target=\"_blank\" rel=\"noopener noreferrer\">9\/2019 (2019. okt\u00f3ber 8-i) sz\u00e1m\u00fa KT hat\u00e1rozat szabadon v\u00e1laszthat\u00f3 t\u00e1rgy bevezet\u00e9s\u00e9re vonatkoz\u00f3 javaslatr\u00f3l<\/a><br \/>\n<a href=\"https:\/\/semmelweis.hu\/aok\/files\/2019\/10\/10_a_2019_hat_oktatoosztaly.pdf\" target=\"_blank\" rel=\"noopener noreferrer\">10\/a\/2019 (2019. okt\u00f3ber 8-i) sz\u00e1m\u00fa KT hat\u00e1rozat az &#8222;SE \u00c1OK Oktat\u00f3 Oszt\u00e1ly&#8221; c\u00edm elnyer\u00e9s\u00e9r\u0151l sz\u00f3l\u00f3 javaslatr\u00f3l<\/a><br \/>\n<a href=\"https:\/\/semmelweis.hu\/aok\/files\/2019\/10\/10_b_2019_hat_oktatoosztaly.pdf\" target=\"_blank\" rel=\"noopener noreferrer\">10\/b\/2019 (2019. okt\u00f3ber 8-i) sz\u00e1m\u00fa KT hat\u00e1rozat az &#8222;SE \u00c1OK Oktat\u00f3 Oszt\u00e1ly&#8221; c\u00edm elnyer\u00e9s\u00e9r\u0151l sz\u00f3l\u00f3 javaslatr\u00f3l<\/a><\/p>\n","protected":false},"author":101136,"featured_media":0,"parent":1141,"menu_order":0,"comment_status":"closed","ping_status":"closed","template":"","meta":{"_acf_changed":false,"footnotes":""},"categories":[],"tags":[],"class_list":["post-23005","page","type-page","status-publish","hentry"],"acf":[],"publishpress_future_action":{"enabled":false,"date":"1970-01-01 01:00:00","action":"","terms":[],"taxonomy":"","browser_timezone_offset":0},"_links":{"self":[{"href":"https:\/\/semmelweis.hu\/aok\/wp-json\/wp\/v2\/pages\/23005","targetHints":{"allow":["GET"]}}],"collection":[{"href":"https:\/\/semmelweis.hu\/aok\/wp-json\/wp\/v2\/pages"}],"about":[{"href":"https:\/\/semmelweis.hu\/aok\/wp-json\/wp\/v2\/types\/page"}],"author":[{"embeddable":true,"href":"https:\/\/semmelweis.hu\/aok\/wp-json\/wp\/v2\/users\/101136"}],"replies":[{"embeddable":true,"href":"https:\/\/semmelweis.hu\/aok\/wp-json\/wp\/v2\/comments?post=23005"}],"version-history":[{"count":6,"href":"https:\/\/semmelweis.hu\/aok\/wp-json\/wp\/v2\/pages\/23005\/revisions"}],"predecessor-version":[{"id":23023,"href":"https:\/\/semmelweis.hu\/aok\/wp-json\/wp\/v2\/pages\/23005\/revisions\/23023"}],"up":[{"embeddable":true,"href":"https:\/\/semmelweis.hu\/aok\/wp-json\/wp\/v2\/pages\/1141"}],"wp:attachment":[{"href":"https:\/\/semmelweis.hu\/aok\/wp-json\/wp\/v2\/media?parent=23005"}],"wp:term":[{"taxonomy":"category","embeddable":true,"href":"https:\/\/semmelweis.hu\/aok\/wp-json\/wp\/v2\/categories?post=23005"},{"taxonomy":"post_tag","embeddable":true,"href":"https:\/\/semmelweis.hu\/aok\/wp-json\/wp\/v2\/tags?post=23005"}],"curies":[{"name":"wp","href":"https:\/\/api.w.org\/{rel}","templated":true}]}}